{"id":25529,"date":"2024-12-12T13:08:05","date_gmt":"2024-12-12T12:08:05","guid":{"rendered":"https:\/\/old-vianden.digitalvision.lu\/?page_id=25529"},"modified":"2024-12-12T13:50:47","modified_gmt":"2024-12-12T12:50:47","slug":"reunion-du-conseil-communal-le-mercredi-11-decembre-2024","status":"publish","type":"page","link":"https:\/\/old-vianden.digitalvision.lu\/?page_id=25529","title":{"rendered":"R\u00e9union du Conseil Communal  le mercredi 11 d\u00e9cembre 2024"},"content":{"rendered":"<div class=\"wpb-content-wrapper\"><p>[vc_row][vc_column][vc_column_text]<strong>Pr\u00e9sents:<\/strong> M. Weyrich Fran\u00e7ois Bourgmestre, M. PETRY Paul, MAJERUS Henri, Echevins, M. KLASEN Jean-Marie, MME SCHAEFER Patty, Mme MARQUES CONSTANTINO Adela\u00efde, M. D\u00dcBBERS Andr\u00e9, M. VINANDY Jean-Claude, M. RODRIGUES TEIXEIRA Fernando Jos\u00e9 conseillers communaux<\/p>\n<p>M. Pol Schaus, secr\u00e9taire communal[\/vc_column_text][\/vc_column][\/vc_row][vc_row][vc_column][vc_column_text]<strong>Begr\u00e9issung<\/strong><\/p>\n<!--[if lt IE 9]><script>document.createElement('audio');<\/script><![endif]-->\n<audio class=\"wp-audio-shortcode\" id=\"audio-25529-1\" preload=\"none\" style=\"width: 100%;\" controls=\"controls\"><source type=\"audio\/wav\" src=\"https:\/\/old-vianden.digitalvision.lu\/wp-content\/uploads\/2024\/12\/Begreissung.wav?_=1\" \/><a href=\"https:\/\/old-vianden.digitalvision.lu\/wp-content\/uploads\/2024\/12\/Begreissung.wav\">https:\/\/old-vianden.digitalvision.lu\/wp-content\/uploads\/2024\/12\/Begreissung.wav<\/a><\/audio>\n<p>[\/vc_column_text][\/vc_column][\/vc_row][vc_row][vc_column][vc_column_text]1. Approbation du budget du RESONORD<\/p>\n<audio class=\"wp-audio-shortcode\" id=\"audio-25529-2\" preload=\"none\" style=\"width: 100%;\" controls=\"controls\"><source type=\"audio\/wav\" src=\"https:\/\/old-vianden.digitalvision.lu\/wp-content\/uploads\/2024\/12\/Punkt-1.wav?_=2\" \/><a href=\"https:\/\/old-vianden.digitalvision.lu\/wp-content\/uploads\/2024\/12\/Punkt-1.wav\">https:\/\/old-vianden.digitalvision.lu\/wp-content\/uploads\/2024\/12\/Punkt-1.wav<\/a><\/audio>\n<p>[\/vc_column_text][\/vc_column][\/vc_row][vc_row][vc_column][vc_column_text]2. Apport en capital de la DEA<\/p>\n<audio class=\"wp-audio-shortcode\" id=\"audio-25529-3\" preload=\"none\" style=\"width: 100%;\" controls=\"controls\"><source type=\"audio\/wav\" src=\"https:\/\/old-vianden.digitalvision.lu\/wp-content\/uploads\/2024\/12\/Punkt-2.wav?_=3\" \/><a href=\"https:\/\/old-vianden.digitalvision.lu\/wp-content\/uploads\/2024\/12\/Punkt-2.wav\">https:\/\/old-vianden.digitalvision.lu\/wp-content\/uploads\/2024\/12\/Punkt-2.wav<\/a><\/audio>\n<p>[\/vc_column_text][\/vc_column][\/vc_row][vc_row][vc_column][vc_column_text]3.Approbation de la taxe touristique<\/p>\n<audio class=\"wp-audio-shortcode\" id=\"audio-25529-4\" preload=\"none\" style=\"width: 100%;\" controls=\"controls\"><source type=\"audio\/mpeg\" src=\"https:\/\/old-vianden.digitalvision.lu\/wp-content\/uploads\/2024\/12\/Punkt-3-online-audio-converter.com-1.mp3?_=4\" \/><a href=\"https:\/\/old-vianden.digitalvision.lu\/wp-content\/uploads\/2024\/12\/Punkt-3-online-audio-converter.com-1.mp3\">https:\/\/old-vianden.digitalvision.lu\/wp-content\/uploads\/2024\/12\/Punkt-3-online-audio-converter.com-1.mp3<\/a><\/audio>\n<p>[\/vc_column_text][\/vc_column][\/vc_row][vc_row][vc_column][vc_column_text]4. Approbation du budget rectifi\u00e9 2024 &amp; 5. Approbation du budget 2025<\/p>\n<audio class=\"wp-audio-shortcode\" id=\"audio-25529-5\" preload=\"none\" style=\"width: 100%;\" controls=\"controls\"><source type=\"audio\/mpeg\" src=\"https:\/\/old-vianden.digitalvision.lu\/wp-content\/uploads\/2024\/12\/Punkten-4-5-online-audio-converter.com_.mp3?_=5\" \/><a href=\"https:\/\/old-vianden.digitalvision.lu\/wp-content\/uploads\/2024\/12\/Punkten-4-5-online-audio-converter.com_.mp3\">https:\/\/old-vianden.digitalvision.lu\/wp-content\/uploads\/2024\/12\/Punkten-4-5-online-audio-converter.com_.mp3<\/a><\/audio>\n<div id=\"wppdfemb-frame-container-2\"><iframe id=\"wppdf-emb-iframe-2\" scrolling=\"no\" data-pdf-index=\"2\" class=\"pdfembed-iframe nonfullscreen\" style=\"border: none; width:100%; max-width: 100%; min-height: 1000px;\" src=\"https:\/\/old-vianden.digitalvision.lu?url=https%3A%2F%2Fold-vianden.digitalvision.lu%2Fwp-content%2Fuploads%2F2024%2F12%2FBudget-24-25-1.pdf&title=Budget+24-25&pdfID=2&index=2\" ><\/iframe><\/div>[\/vc_column_text][\/vc_column][\/vc_row][vc_row][vc_column][vc_column_text]6. Approbation de dons et subsides<\/p>\n<audio class=\"wp-audio-shortcode\" id=\"audio-25529-6\" preload=\"none\" style=\"width: 100%;\" controls=\"controls\"><source type=\"audio\/mpeg\" src=\"https:\/\/old-vianden.digitalvision.lu\/wp-content\/uploads\/2024\/12\/Punkt-6-1.mp3?_=6\" \/><a href=\"https:\/\/old-vianden.digitalvision.lu\/wp-content\/uploads\/2024\/12\/Punkt-6-1.mp3\">https:\/\/old-vianden.digitalvision.lu\/wp-content\/uploads\/2024\/12\/Punkt-6-1.mp3<\/a><\/audio>\n<p>[\/vc_column_text][\/vc_column][\/vc_row][vc_row][vc_column][vc_column_text]7.\u00a0Approbation de devis\u00a0:<\/p>\n<p>a.Renouvellement de l\u2019\u00e9clairage du terrain de football I<\/p>\n<audio class=\"wp-audio-shortcode\" id=\"audio-25529-7\" preload=\"none\" style=\"width: 100%;\" controls=\"controls\"><source type=\"audio\/mpeg\" src=\"https:\/\/old-vianden.digitalvision.lu\/wp-content\/uploads\/2024\/12\/Punkt-7.mp3?_=7\" \/><a href=\"https:\/\/old-vianden.digitalvision.lu\/wp-content\/uploads\/2024\/12\/Punkt-7.mp3\">https:\/\/old-vianden.digitalvision.lu\/wp-content\/uploads\/2024\/12\/Punkt-7.mp3<\/a><\/audio>\n<p>[\/vc_column_text][\/vc_column][\/vc_row][vc_row][vc_column][vc_column_text]8. Approbation d\u2019un subside extraordinaire VIART<\/p>\n<audio class=\"wp-audio-shortcode\" id=\"audio-25529-8\" preload=\"none\" style=\"width: 100%;\" controls=\"controls\"><source type=\"audio\/mpeg\" src=\"https:\/\/old-vianden.digitalvision.lu\/wp-content\/uploads\/2024\/12\/Punkt-8.mp3?_=8\" \/><a href=\"https:\/\/old-vianden.digitalvision.lu\/wp-content\/uploads\/2024\/12\/Punkt-8.mp3\">https:\/\/old-vianden.digitalvision.lu\/wp-content\/uploads\/2024\/12\/Punkt-8.mp3<\/a><\/audio>\n<p>[\/vc_column_text][\/vc_column][\/vc_row][vc_row][vc_column][vc_column_text]9. Cr\u00e9ation de poste pour les besoins du service de r\u00e9gie<\/p>\n<audio class=\"wp-audio-shortcode\" id=\"audio-25529-9\" preload=\"none\" style=\"width: 100%;\" controls=\"controls\"><source type=\"audio\/mpeg\" src=\"https:\/\/old-vianden.digitalvision.lu\/wp-content\/uploads\/2024\/12\/Punkt-9.mp3?_=9\" \/><a href=\"https:\/\/old-vianden.digitalvision.lu\/wp-content\/uploads\/2024\/12\/Punkt-9.mp3\">https:\/\/old-vianden.digitalvision.lu\/wp-content\/uploads\/2024\/12\/Punkt-9.mp3<\/a><\/audio>\n<p>[\/vc_column_text][\/vc_column][\/vc_row][vc_row][vc_column][vc_column_text]10. Communication du coll\u00e8ge \u00e9chevinal<\/p>\n<audio class=\"wp-audio-shortcode\" id=\"audio-25529-10\" preload=\"none\" style=\"width: 100%;\" controls=\"controls\"><source type=\"audio\/mpeg\" src=\"https:\/\/old-vianden.digitalvision.lu\/wp-content\/uploads\/2024\/12\/Punkt-10.mp3?_=10\" \/><a href=\"https:\/\/old-vianden.digitalvision.lu\/wp-content\/uploads\/2024\/12\/Punkt-10.mp3\">https:\/\/old-vianden.digitalvision.lu\/wp-content\/uploads\/2024\/12\/Punkt-10.mp3<\/a><\/audio>\n<p>[\/vc_column_text][\/vc_column][\/vc_row][vc_row][vc_column][vc_column_text]11. Divers \u2013 Droit d\u2019initiative du conseiller communal, questions \u00e9crites et orales<\/p>\n<audio class=\"wp-audio-shortcode\" id=\"audio-25529-11\" preload=\"none\" style=\"width: 100%;\" controls=\"controls\"><source type=\"audio\/mpeg\" src=\"https:\/\/old-vianden.digitalvision.lu\/wp-content\/uploads\/2024\/12\/Punkt-11.mp3?_=11\" \/><a href=\"https:\/\/old-vianden.digitalvision.lu\/wp-content\/uploads\/2024\/12\/Punkt-11.mp3\">https:\/\/old-vianden.digitalvision.lu\/wp-content\/uploads\/2024\/12\/Punkt-11.mp3<\/a><\/audio>\n<p>[\/vc_column_text][\/vc_column][\/vc_row]<\/p>\n<\/div>","protected":false},"excerpt":{"rendered":"<p>[vc_row][vc_column][vc_column_text]Pr\u00e9sents: M. Weyrich Fran\u00e7ois Bourgmestre, M. PETRY Paul, MAJERUS Henri, Echevins, M. KLASEN Jean-Marie, MME SCHAEFER Patty, Mme MARQUES CONSTANTINO Adela\u00efde, M. D\u00dcBBERS Andr\u00e9, M. VINANDY Jean-Claude, M. RODRIGUES TEIXEIRA Fernando Jos\u00e9 conseillers communaux M. Pol Schaus, secr\u00e9taire communal[\/vc_column_text][\/vc_column][\/vc_row][vc_row][vc_column][vc_column_text]Begr\u00e9issung [\/vc_column_text][\/vc_column][\/vc_row][vc_row][vc_column][vc_column_text]1. Approbation du budget du RESONORD [\/vc_column_text][\/vc_column][\/vc_row][vc_row][vc_column][vc_column_text]2. Apport en capital de la DEA [\/vc_column_text][\/vc_column][\/vc_row][vc_row][vc_column][vc_column_text]3.Approbation de la&hellip;<\/p>\n","protected":false},"author":7,"featured_media":0,"parent":0,"menu_order":0,"comment_status":"closed","ping_status":"closed","template":"","meta":[],"class_list":["post-25529","page","type-page","status-publish","hentry","description-off"],"translation":{"provider":"WPGlobus","version":"2.12.2","language":"de","enabled_languages":["de","fr"],"languages":{"de":{"title":true,"content":true,"excerpt":false},"fr":{"title":false,"content":false,"excerpt":false}}},"publishpress_future_action":{"enabled":false,"date":"2026-04-14 22:45:40","action":"change-status","newStatus":"draft","terms":[],"taxonomy":""},"_links":{"self":[{"href":"https:\/\/old-vianden.digitalvision.lu\/index.php?rest_route=\/wp\/v2\/pages\/25529","targetHints":{"allow":["GET"]}}],"collection":[{"href":"https:\/\/old-vianden.digitalvision.lu\/index.php?rest_route=\/wp\/v2\/pages"}],"about":[{"href":"https:\/\/old-vianden.digitalvision.lu\/index.php?rest_route=\/wp\/v2\/types\/page"}],"author":[{"embeddable":true,"href":"https:\/\/old-vianden.digitalvision.lu\/index.php?rest_route=\/wp\/v2\/users\/7"}],"replies":[{"embeddable":true,"href":"https:\/\/old-vianden.digitalvision.lu\/index.php?rest_route=%2Fwp%2Fv2%2Fcomments&post=25529"}],"version-history":[{"count":8,"href":"https:\/\/old-vianden.digitalvision.lu\/index.php?rest_route=\/wp\/v2\/pages\/25529\/revisions"}],"predecessor-version":[{"id":25554,"href":"https:\/\/old-vianden.digitalvision.lu\/index.php?rest_route=\/wp\/v2\/pages\/25529\/revisions\/25554"}],"wp:attachment":[{"href":"https:\/\/old-vianden.digitalvision.lu\/index.php?rest_route=%2Fwp%2Fv2%2Fmedia&parent=25529"}],"curies":[{"name":"wp","href":"https:\/\/api.w.org\/{rel}","templated":true}]}}