{"id":25463,"date":"2024-11-26T12:23:39","date_gmt":"2024-11-26T11:23:39","guid":{"rendered":"https:\/\/old-vianden.digitalvision.lu\/?page_id=25463"},"modified":"2024-11-26T14:12:00","modified_gmt":"2024-11-26T13:12:00","slug":"reunion-du-conseil-communal-le-mercredi-20-novembre","status":"publish","type":"page","link":"https:\/\/old-vianden.digitalvision.lu\/?page_id=25463","title":{"rendered":"R\u00e9union du Conseil Communal le mercredi 20 novembre 2024"},"content":{"rendered":"<div class=\"wpb-content-wrapper\"><p>[vc_row][vc_column][vc_column_text]<strong>Pr\u00e9sents:<\/strong>\u00a0M. Weyrich Fran\u00e7ois Bourgmestre, M. PETRY Paul, MAJERUS Henri, Echevins, M. KLASEN Jean-Marie, MME SCHAEFER Patty, Mme MARQUES CONSTANTINO Adela\u00efde, M. D\u00dcBBERS Andr\u00e9<\/p>\n<p>Excus\u00e9: M. VINANDY Jean-Claude,M. RODRIGUES TEIXEIRA Fernando Jos\u00e9 conseillers communaux<\/p>\n<p>M. Pol Schaus, secr\u00e9taire communal[\/vc_column_text][\/vc_column][\/vc_row][vc_row][vc_column][vc_column_text]<strong>Begr\u00e9issung<\/strong><\/p>\n<!--[if lt IE 9]><script>document.createElement('audio');<\/script><![endif]-->\n<audio class=\"wp-audio-shortcode\" id=\"audio-25463-1\" preload=\"none\" style=\"width: 100%;\" controls=\"controls\"><source type=\"audio\/wav\" src=\"https:\/\/old-vianden.digitalvision.lu\/wp-content\/uploads\/2024\/11\/Begreissung.wav?_=1\" \/><a href=\"https:\/\/old-vianden.digitalvision.lu\/wp-content\/uploads\/2024\/11\/Begreissung.wav\">https:\/\/old-vianden.digitalvision.lu\/wp-content\/uploads\/2024\/11\/Begreissung.wav<\/a><\/audio>\n<p>[\/vc_column_text][\/vc_column][\/vc_row][vc_row][vc_column][vc_column_text]<strong>Modification ODJ<\/strong><\/p>\n<audio class=\"wp-audio-shortcode\" id=\"audio-25463-2\" preload=\"none\" style=\"width: 100%;\" controls=\"controls\"><source type=\"audio\/wav\" src=\"https:\/\/old-vianden.digitalvision.lu\/wp-content\/uploads\/2024\/11\/Modification-ODJ.wav?_=2\" \/><a href=\"https:\/\/old-vianden.digitalvision.lu\/wp-content\/uploads\/2024\/11\/Modification-ODJ.wav\">https:\/\/old-vianden.digitalvision.lu\/wp-content\/uploads\/2024\/11\/Modification-ODJ.wav<\/a><\/audio>\n<p>[\/vc_column_text][\/vc_column][\/vc_row][vc_row][vc_column][vc_column_text]<strong>1.Approbation du projet d\u00e9finitif pour la r\u00e9fection de la piscine (Phase 2)<br \/>\n<\/strong><\/p>\n<audio class=\"wp-audio-shortcode\" id=\"audio-25463-3\" preload=\"none\" style=\"width: 100%;\" controls=\"controls\"><source type=\"audio\/mpeg\" src=\"https:\/\/old-vianden.digitalvision.lu\/wp-content\/uploads\/2024\/11\/Punkt-1.mp3?_=3\" \/><a href=\"https:\/\/old-vianden.digitalvision.lu\/wp-content\/uploads\/2024\/11\/Punkt-1.mp3\">https:\/\/old-vianden.digitalvision.lu\/wp-content\/uploads\/2024\/11\/Punkt-1.mp3<\/a><\/audio>\n<p><strong>\u00a0<\/strong>[\/vc_column_text][\/vc_column][\/vc_row][vc_row][vc_column][vc_column_text]<strong>2.Approbation de l&#8217;avenant du r\u00e8glement de circulation<\/strong><\/p>\n<audio class=\"wp-audio-shortcode\" id=\"audio-25463-4\" preload=\"none\" style=\"width: 100%;\" controls=\"controls\"><source type=\"audio\/mpeg\" src=\"https:\/\/old-vianden.digitalvision.lu\/wp-content\/uploads\/2024\/11\/Punkt-2.mp3?_=4\" \/><a href=\"https:\/\/old-vianden.digitalvision.lu\/wp-content\/uploads\/2024\/11\/Punkt-2.mp3\">https:\/\/old-vianden.digitalvision.lu\/wp-content\/uploads\/2024\/11\/Punkt-2.mp3<\/a><\/audio>\n<p>[\/vc_column_text][\/vc_column][\/vc_row][vc_row][vc_column][vc_column_text]<strong>3.Approbation des r\u00e8glements-taxe :<\/strong><\/p>\n<p><strong>a-.Parking r\u00e9sidentiel<br \/>\n<\/strong><\/p>\n<audio class=\"wp-audio-shortcode\" id=\"audio-25463-5\" preload=\"none\" style=\"width: 100%;\" controls=\"controls\"><source type=\"audio\/mpeg\" src=\"https:\/\/old-vianden.digitalvision.lu\/wp-content\/uploads\/2024\/11\/Punkt-3-a.mp3?_=5\" \/><a href=\"https:\/\/old-vianden.digitalvision.lu\/wp-content\/uploads\/2024\/11\/Punkt-3-a.mp3\">https:\/\/old-vianden.digitalvision.lu\/wp-content\/uploads\/2024\/11\/Punkt-3-a.mp3<\/a><\/audio>\n<p><strong> a.Parking r\u00e9sidentiel<\/strong><\/p>\n<audio class=\"wp-audio-shortcode\" id=\"audio-25463-6\" preload=\"none\" style=\"width: 100%;\" controls=\"controls\"><source type=\"audio\/mpeg\" src=\"https:\/\/old-vianden.digitalvision.lu\/wp-content\/uploads\/2024\/11\/Punkt-3a.mp3?_=6\" \/><a href=\"https:\/\/old-vianden.digitalvision.lu\/wp-content\/uploads\/2024\/11\/Punkt-3a.mp3\">https:\/\/old-vianden.digitalvision.lu\/wp-content\/uploads\/2024\/11\/Punkt-3a.mp3<\/a><\/audio>\n<p><strong>b.Taxe de stationnement<\/strong><\/p>\n<audio class=\"wp-audio-shortcode\" id=\"audio-25463-7\" preload=\"none\" style=\"width: 100%;\" controls=\"controls\"><source type=\"audio\/mpeg\" src=\"https:\/\/old-vianden.digitalvision.lu\/wp-content\/uploads\/2024\/11\/Punkt-3b.mp3?_=7\" \/><a href=\"https:\/\/old-vianden.digitalvision.lu\/wp-content\/uploads\/2024\/11\/Punkt-3b.mp3\">https:\/\/old-vianden.digitalvision.lu\/wp-content\/uploads\/2024\/11\/Punkt-3b.mp3<\/a><\/audio>\n<p>[\/vc_column_text][\/vc_column][\/vc_row][vc_row][vc_column][vc_column_text]<strong>4.Cr\u00e9ation de poste pour les besoins du service de r\u00e9gie<\/strong><\/p>\n<audio class=\"wp-audio-shortcode\" id=\"audio-25463-8\" preload=\"none\" style=\"width: 100%;\" controls=\"controls\"><source type=\"audio\/mpeg\" src=\"https:\/\/old-vianden.digitalvision.lu\/wp-content\/uploads\/2024\/11\/Punkt-4.mp3?_=8\" \/><a href=\"https:\/\/old-vianden.digitalvision.lu\/wp-content\/uploads\/2024\/11\/Punkt-4.mp3\">https:\/\/old-vianden.digitalvision.lu\/wp-content\/uploads\/2024\/11\/Punkt-4.mp3<\/a><\/audio>\n<p>[\/vc_column_text][\/vc_column][\/vc_row][vc_row][vc_column][vc_column_text]<strong>5.Approbation du r\u00e8glement portant sur la Promotion de l&#8217;utilisation rationnelle de l&#8217;\u00e9nergie et la mise en valeur des \u00e9nergies renouvelables dans le domaine du logement et de l&#8217;am\u00e9nagement extensif des espaces verts priv\u00e9es : adaptation et extension des aides financi\u00e8res<\/strong><\/p>\n<audio class=\"wp-audio-shortcode\" id=\"audio-25463-9\" preload=\"none\" style=\"width: 100%;\" controls=\"controls\"><source type=\"audio\/mpeg\" src=\"https:\/\/old-vianden.digitalvision.lu\/wp-content\/uploads\/2024\/11\/Punkt-5.mp3?_=9\" \/><a href=\"https:\/\/old-vianden.digitalvision.lu\/wp-content\/uploads\/2024\/11\/Punkt-5.mp3\">https:\/\/old-vianden.digitalvision.lu\/wp-content\/uploads\/2024\/11\/Punkt-5.mp3<\/a><\/audio>\n<p>[\/vc_column_text][\/vc_column][\/vc_row][vc_row][vc_column][vc_column_text]<strong>6.Fixation des objectifs dans le cadre du pacte climat 0<\/strong><\/p>\n<audio class=\"wp-audio-shortcode\" id=\"audio-25463-10\" preload=\"none\" style=\"width: 100%;\" controls=\"controls\"><source type=\"audio\/mpeg\" src=\"https:\/\/old-vianden.digitalvision.lu\/wp-content\/uploads\/2024\/11\/Punkt-6.mp3?_=10\" \/><a href=\"https:\/\/old-vianden.digitalvision.lu\/wp-content\/uploads\/2024\/11\/Punkt-6.mp3\">https:\/\/old-vianden.digitalvision.lu\/wp-content\/uploads\/2024\/11\/Punkt-6.mp3<\/a><\/audio>\n<p>[\/vc_column_text][\/vc_column][\/vc_row][vc_row][vc_column][vc_column_text]<strong>7.Approbation de la \u00ab Klimaschutzstrategie 2030+ \u00bb<\/strong><\/p>\n<audio class=\"wp-audio-shortcode\" id=\"audio-25463-11\" preload=\"none\" style=\"width: 100%;\" controls=\"controls\"><source type=\"audio\/mpeg\" src=\"https:\/\/old-vianden.digitalvision.lu\/wp-content\/uploads\/2024\/11\/Punkt-7.mp3?_=11\" \/><a href=\"https:\/\/old-vianden.digitalvision.lu\/wp-content\/uploads\/2024\/11\/Punkt-7.mp3\">https:\/\/old-vianden.digitalvision.lu\/wp-content\/uploads\/2024\/11\/Punkt-7.mp3<\/a><\/audio>\n<p>[\/vc_column_text][\/vc_column][\/vc_row][vc_row][vc_column][vc_column_text]<strong>8.Alimentation durable de la commune de Vianden, dans le cadre du Pacte Nature, selon le point 6.5. du catalogue des mesures du Pacte Nature<\/strong><\/p>\n<audio class=\"wp-audio-shortcode\" id=\"audio-25463-12\" preload=\"none\" style=\"width: 100%;\" controls=\"controls\"><source type=\"audio\/mpeg\" src=\"https:\/\/old-vianden.digitalvision.lu\/wp-content\/uploads\/2024\/11\/Punkt-8.mp3?_=12\" \/><a href=\"https:\/\/old-vianden.digitalvision.lu\/wp-content\/uploads\/2024\/11\/Punkt-8.mp3\">https:\/\/old-vianden.digitalvision.lu\/wp-content\/uploads\/2024\/11\/Punkt-8.mp3<\/a><\/audio>\n<p>[\/vc_column_text][\/vc_column][\/vc_row][vc_row][vc_column][vc_column_text]<strong>9.Approbation de conventions et de contrats<\/strong><\/p>\n<p><strong>a. Minist\u00e8re de l&#8217;Environnement, du Climat et de la Biodiversit\u00e9<\/strong><\/p>\n<audio class=\"wp-audio-shortcode\" id=\"audio-25463-13\" preload=\"none\" style=\"width: 100%;\" controls=\"controls\"><source type=\"audio\/mpeg\" src=\"https:\/\/old-vianden.digitalvision.lu\/wp-content\/uploads\/2024\/11\/Punkt-9a.mp3?_=13\" \/><a href=\"https:\/\/old-vianden.digitalvision.lu\/wp-content\/uploads\/2024\/11\/Punkt-9a.mp3\">https:\/\/old-vianden.digitalvision.lu\/wp-content\/uploads\/2024\/11\/Punkt-9a.mp3<\/a><\/audio>\n<p><strong>b. Contrat de bail pour la pharmacie<\/strong><\/p>\n<audio class=\"wp-audio-shortcode\" id=\"audio-25463-14\" preload=\"none\" style=\"width: 100%;\" controls=\"controls\"><source type=\"audio\/mpeg\" src=\"https:\/\/old-vianden.digitalvision.lu\/wp-content\/uploads\/2024\/11\/Punkt-9b.mp3?_=14\" \/><a href=\"https:\/\/old-vianden.digitalvision.lu\/wp-content\/uploads\/2024\/11\/Punkt-9b.mp3\">https:\/\/old-vianden.digitalvision.lu\/wp-content\/uploads\/2024\/11\/Punkt-9b.mp3<\/a><\/audio>\n<p>[\/vc_column_text][\/vc_column][\/vc_row][vc_row][vc_column][vc_column_text]<strong>10.Approbation de la vente de mat\u00e9riel communal<\/strong><\/p>\n<audio class=\"wp-audio-shortcode\" id=\"audio-25463-15\" preload=\"none\" style=\"width: 100%;\" controls=\"controls\"><source type=\"audio\/mpeg\" src=\"https:\/\/old-vianden.digitalvision.lu\/wp-content\/uploads\/2024\/11\/Punkt-10.mp3?_=15\" \/><a href=\"https:\/\/old-vianden.digitalvision.lu\/wp-content\/uploads\/2024\/11\/Punkt-10.mp3\">https:\/\/old-vianden.digitalvision.lu\/wp-content\/uploads\/2024\/11\/Punkt-10.mp3<\/a><\/audio>\n<p>[\/vc_column_text][\/vc_column][\/vc_row][vc_row][vc_column][vc_column_text]<strong>11.Accord de principe pour la mise en ench\u00e8re de mat\u00e9riaux communaux<\/strong><\/p>\n<audio class=\"wp-audio-shortcode\" id=\"audio-25463-16\" preload=\"none\" style=\"width: 100%;\" controls=\"controls\"><source type=\"audio\/mpeg\" src=\"https:\/\/old-vianden.digitalvision.lu\/wp-content\/uploads\/2024\/11\/Punkt-11.mp3?_=16\" \/><a href=\"https:\/\/old-vianden.digitalvision.lu\/wp-content\/uploads\/2024\/11\/Punkt-11.mp3\">https:\/\/old-vianden.digitalvision.lu\/wp-content\/uploads\/2024\/11\/Punkt-11.mp3<\/a><\/audio>\n<p>[\/vc_column_text][\/vc_column][\/vc_row][vc_row][vc_column][vc_column_text]<strong>12.Approbation de d\u00e9comptes<\/strong><\/p>\n<p><strong>a.R\u00e9fection de la mont\u00e9e du ch\u00e2teau<\/strong><\/p>\n<audio class=\"wp-audio-shortcode\" id=\"audio-25463-17\" preload=\"none\" style=\"width: 100%;\" controls=\"controls\"><source type=\"audio\/mpeg\" src=\"https:\/\/old-vianden.digitalvision.lu\/wp-content\/uploads\/2024\/11\/Punkt-12a.mp3?_=17\" \/><a href=\"https:\/\/old-vianden.digitalvision.lu\/wp-content\/uploads\/2024\/11\/Punkt-12a.mp3\">https:\/\/old-vianden.digitalvision.lu\/wp-content\/uploads\/2024\/11\/Punkt-12a.mp3<\/a><\/audio>\n<p>[\/vc_column_text][\/vc_column][\/vc_row][vc_row][vc_column][vc_column_text]<strong>13.Communication du coll\u00e8ge \u00e9chevinal<\/strong><\/p>\n<audio class=\"wp-audio-shortcode\" id=\"audio-25463-18\" preload=\"none\" style=\"width: 100%;\" controls=\"controls\"><source type=\"audio\/mpeg\" src=\"https:\/\/old-vianden.digitalvision.lu\/wp-content\/uploads\/2024\/11\/Punkt-13.mp3?_=18\" \/><a href=\"https:\/\/old-vianden.digitalvision.lu\/wp-content\/uploads\/2024\/11\/Punkt-13.mp3\">https:\/\/old-vianden.digitalvision.lu\/wp-content\/uploads\/2024\/11\/Punkt-13.mp3<\/a><\/audio>\n<p>[\/vc_column_text][\/vc_column][\/vc_row][vc_row][vc_column][vc_column_text]<strong>14.Divers \u2014 Droit d&#8217;initiative du conseiller communal, questions \u00e9crites et orales<\/strong><\/p>\n<audio class=\"wp-audio-shortcode\" id=\"audio-25463-19\" preload=\"none\" style=\"width: 100%;\" controls=\"controls\"><source type=\"audio\/mpeg\" src=\"https:\/\/old-vianden.digitalvision.lu\/wp-content\/uploads\/2024\/11\/Punkt-14.mp3?_=19\" \/><a href=\"https:\/\/old-vianden.digitalvision.lu\/wp-content\/uploads\/2024\/11\/Punkt-14.mp3\">https:\/\/old-vianden.digitalvision.lu\/wp-content\/uploads\/2024\/11\/Punkt-14.mp3<\/a><\/audio>\n<p>[\/vc_column_text][\/vc_column][\/vc_row]<\/p>\n<\/div>","protected":false},"excerpt":{"rendered":"<p>[vc_row][vc_column][vc_column_text]Pr\u00e9sents:\u00a0M. Weyrich Fran\u00e7ois Bourgmestre, M. PETRY Paul, MAJERUS Henri, Echevins, M. KLASEN Jean-Marie, MME SCHAEFER Patty, Mme MARQUES CONSTANTINO Adela\u00efde, M. D\u00dcBBERS Andr\u00e9 Excus\u00e9: M. VINANDY Jean-Claude,M. RODRIGUES TEIXEIRA Fernando Jos\u00e9 conseillers communaux M. Pol Schaus, secr\u00e9taire communal[\/vc_column_text][\/vc_column][\/vc_row][vc_row][vc_column][vc_column_text]Begr\u00e9issung [\/vc_column_text][\/vc_column][\/vc_row][vc_row][vc_column][vc_column_text]Modification ODJ [\/vc_column_text][\/vc_column][\/vc_row][vc_row][vc_column][vc_column_text]1.Approbation du projet d\u00e9finitif pour la r\u00e9fection de la piscine (Phase 2) \u00a0[\/vc_column_text][\/vc_column][\/vc_row][vc_row][vc_column][vc_column_text]2.Approbation de l&#8217;avenant&hellip;<\/p>\n","protected":false},"author":7,"featured_media":0,"parent":0,"menu_order":0,"comment_status":"closed","ping_status":"closed","template":"","meta":[],"class_list":["post-25463","page","type-page","status-publish","hentry","description-off"],"translation":{"provider":"WPGlobus","version":"2.12.2","language":"de","enabled_languages":["de","fr"],"languages":{"de":{"title":true,"content":true,"excerpt":false},"fr":{"title":false,"content":false,"excerpt":false}}},"publishpress_future_action":{"enabled":false,"date":"2026-04-14 22:45:39","action":"change-status","newStatus":"draft","terms":[],"taxonomy":""},"_links":{"self":[{"href":"https:\/\/old-vianden.digitalvision.lu\/index.php?rest_route=\/wp\/v2\/pages\/25463","targetHints":{"allow":["GET"]}}],"collection":[{"href":"https:\/\/old-vianden.digitalvision.lu\/index.php?rest_route=\/wp\/v2\/pages"}],"about":[{"href":"https:\/\/old-vianden.digitalvision.lu\/index.php?rest_route=\/wp\/v2\/types\/page"}],"author":[{"embeddable":true,"href":"https:\/\/old-vianden.digitalvision.lu\/index.php?rest_route=\/wp\/v2\/users\/7"}],"replies":[{"embeddable":true,"href":"https:\/\/old-vianden.digitalvision.lu\/index.php?rest_route=%2Fwp%2Fv2%2Fcomments&post=25463"}],"version-history":[{"count":7,"href":"https:\/\/old-vianden.digitalvision.lu\/index.php?rest_route=\/wp\/v2\/pages\/25463\/revisions"}],"predecessor-version":[{"id":25475,"href":"https:\/\/old-vianden.digitalvision.lu\/index.php?rest_route=\/wp\/v2\/pages\/25463\/revisions\/25475"}],"wp:attachment":[{"href":"https:\/\/old-vianden.digitalvision.lu\/index.php?rest_route=%2Fwp%2Fv2%2Fmedia&parent=25463"}],"curies":[{"name":"wp","href":"https:\/\/api.w.org\/{rel}","templated":true}]}}