{"id":24910,"date":"2024-07-19T15:36:18","date_gmt":"2024-07-19T13:36:18","guid":{"rendered":"https:\/\/old-vianden.digitalvision.lu\/?page_id=24910"},"modified":"2024-07-19T15:40:38","modified_gmt":"2024-07-19T13:40:38","slug":"ligue-medico-sociale","status":"publish","type":"page","link":"https:\/\/old-vianden.digitalvision.lu\/?page_id=24910","title":{"rendered":"LIGUE M\u00c9DICO-SOCIALE"},"content":{"rendered":"<p><strong>Beratung f\u00fcr S\u00e4uglinge und Kleinkinder -Ligue M\u00e9dico-sociale<\/strong><\/p>\n<p><strong>1. und 3. Montag im Monat von 9:00 bis 11:30 Uhr<\/strong><\/p>\n<p><strong>1, place de la Gare<\/strong><br \/>\n<strong>L-9420 Vianden<\/strong><\/p>\n<p>&nbsp;<\/p>\n<div id=\"wppdfemb-frame-container-2\"><iframe id=\"wppdf-emb-iframe-2\" scrolling=\"no\" data-pdf-index=\"2\" class=\"pdfembed-iframe nonfullscreen\" style=\"border: none; width:100%; max-width: 100%; min-height: 1000px;\" src=\"https:\/\/old-vianden.digitalvision.lu?url=https%3A%2F%2Fold-vianden.digitalvision.lu%2Fwp-content%2Fuploads%2F2024%2F07%2FVianden-CNJE-A3-240306-V04-FR-048.pdf&title=Vianden+CNJE-A3-240306-V04-FR-048&pdfID=2&index=2\" ><\/iframe><\/div>\n","protected":false},"excerpt":{"rendered":"<p>Beratung f\u00fcr S\u00e4uglinge und Kleinkinder -Ligue M\u00e9dico-sociale 1. und 3. Montag im Monat von 9:00 bis 11:30 Uhr 1, place de la Gare L-9420 Vianden &nbsp;<\/p>\n","protected":false},"author":7,"featured_media":0,"parent":15357,"menu_order":0,"comment_status":"closed","ping_status":"closed","template":"","meta":[],"class_list":["post-24910","page","type-page","status-publish","hentry","description-off"],"translation":{"provider":"WPGlobus","version":"2.12.2","language":"de","enabled_languages":["de","fr"],"languages":{"de":{"title":true,"content":true,"excerpt":false},"fr":{"title":true,"content":true,"excerpt":false}}},"publishpress_future_action":{"enabled":false,"date":"2026-04-14 22:45:33","action":"change-status","newStatus":"draft","terms":[],"taxonomy":""},"_links":{"self":[{"href":"https:\/\/old-vianden.digitalvision.lu\/index.php?rest_route=\/wp\/v2\/pages\/24910","targetHints":{"allow":["GET"]}}],"collection":[{"href":"https:\/\/old-vianden.digitalvision.lu\/index.php?rest_route=\/wp\/v2\/pages"}],"about":[{"href":"https:\/\/old-vianden.digitalvision.lu\/index.php?rest_route=\/wp\/v2\/types\/page"}],"author":[{"embeddable":true,"href":"https:\/\/old-vianden.digitalvision.lu\/index.php?rest_route=\/wp\/v2\/users\/7"}],"replies":[{"embeddable":true,"href":"https:\/\/old-vianden.digitalvision.lu\/index.php?rest_route=%2Fwp%2Fv2%2Fcomments&post=24910"}],"version-history":[{"count":5,"href":"https:\/\/old-vianden.digitalvision.lu\/index.php?rest_route=\/wp\/v2\/pages\/24910\/revisions"}],"predecessor-version":[{"id":24917,"href":"https:\/\/old-vianden.digitalvision.lu\/index.php?rest_route=\/wp\/v2\/pages\/24910\/revisions\/24917"}],"up":[{"embeddable":true,"href":"https:\/\/old-vianden.digitalvision.lu\/index.php?rest_route=\/wp\/v2\/pages\/15357"}],"wp:attachment":[{"href":"https:\/\/old-vianden.digitalvision.lu\/index.php?rest_route=%2Fwp%2Fv2%2Fmedia&parent=24910"}],"curies":[{"name":"wp","href":"https:\/\/api.w.org\/{rel}","templated":true}]}}