{"id":24857,"date":"2024-07-16T08:51:08","date_gmt":"2024-07-16T06:51:08","guid":{"rendered":"https:\/\/old-vianden.digitalvision.lu\/?page_id=24857"},"modified":"2024-07-16T11:05:03","modified_gmt":"2024-07-16T09:05:03","slug":"reunion-du-conseil-communal-du-mercredi-10-juin-2024","status":"publish","type":"page","link":"https:\/\/old-vianden.digitalvision.lu\/?page_id=24857","title":{"rendered":"R\u00e9union du Conseil Communal du mercredi, 10 juillet 2024"},"content":{"rendered":"<div class=\"wpb-content-wrapper\"><p>[vc_row][vc_column][vc_column_text]<\/p>\n<h4>Conseil Communal du<b> mercredi, 10 juillet 2024 \u00e0 14.00 heures \u00e0 la mairie communale<br \/>\n<\/b><\/h4>\n<div class=\"page\" title=\"Page 1\">\n<div class=\"layoutArea\">\n<div class=\"column\">\n<p><strong>Pr\u00e9sents:<\/strong> M. Weyrich Fran\u00e7ois Bourgmestre, M. PETRY Paul, MAJERUS Henri, Echevins, M. KLASEN Jean-Marie, Mme MARQUES CONSTANTINO Adela\u00efde, M. D\u00dcBBERS Andr\u00e9, M. RODRIGUES TEIXEIRA Fernando Jos\u00e9, M. VINANDY Jean-Claude, MME SCHAEFER Patty, conseillers communaux<\/p>\n<p>M. Pol Schaus, secr\u00e9taire communal<\/p>\n<p>M. St\u00e9phane Werthessen, receveur communal<\/p>\n<\/div>\n<p>&nbsp;<\/p>\n<\/div>\n<\/div>\n<p>[\/vc_column_text][vc_column_text]Begr\u00e9issung<\/p>\n<!--[if lt IE 9]><script>document.createElement('audio');<\/script><![endif]-->\n<audio class=\"wp-audio-shortcode\" id=\"audio-24857-1\" preload=\"none\" style=\"width: 100%;\" controls=\"controls\"><source type=\"audio\/mpeg\" src=\"https:\/\/old-vianden.digitalvision.lu\/wp-content\/uploads\/2024\/07\/Begreissung.mp3?_=1\" \/><a href=\"https:\/\/old-vianden.digitalvision.lu\/wp-content\/uploads\/2024\/07\/Begreissung.mp3\">https:\/\/old-vianden.digitalvision.lu\/wp-content\/uploads\/2024\/07\/Begreissung.mp3<\/a><\/audio>\n<p>[\/vc_column_text][vc_column_text]<\/p>\n<ol>\n<li>Etat des restants 2023<audio class=\"wp-audio-shortcode\" id=\"audio-24857-2\" preload=\"none\" style=\"width: 100%;\" controls=\"controls\"><source type=\"audio\/mpeg\" src=\"https:\/\/old-vianden.digitalvision.lu\/wp-content\/uploads\/2024\/07\/Punkt-1.mp3?_=2\" \/><a href=\"https:\/\/old-vianden.digitalvision.lu\/wp-content\/uploads\/2024\/07\/Punkt-1.mp3\">https:\/\/old-vianden.digitalvision.lu\/wp-content\/uploads\/2024\/07\/Punkt-1.mp3<\/a><\/audio><\/li>\n<\/ol>\n<p>[\/vc_column_text][vc_column_text]2. Approbation du devis pour la surface d\u00e9di\u00e9e pour l\u2019am\u00e9nagement d\u2019un centre m\u00e9dical<\/p>\n<audio class=\"wp-audio-shortcode\" id=\"audio-24857-3\" preload=\"none\" style=\"width: 100%;\" controls=\"controls\"><source type=\"audio\/mpeg\" src=\"https:\/\/old-vianden.digitalvision.lu\/wp-content\/uploads\/2024\/07\/Punkt-2.mp3?_=3\" \/><a href=\"https:\/\/old-vianden.digitalvision.lu\/wp-content\/uploads\/2024\/07\/Punkt-2.mp3\">https:\/\/old-vianden.digitalvision.lu\/wp-content\/uploads\/2024\/07\/Punkt-2.mp3<\/a><\/audio>\n<p>[\/vc_column_text][vc_column_text]3. Approbation du r\u00e8glement portant sur les recettes des concerts au kiosque<\/p>\n<audio class=\"wp-audio-shortcode\" id=\"audio-24857-4\" preload=\"none\" style=\"width: 100%;\" controls=\"controls\"><source type=\"audio\/mpeg\" src=\"https:\/\/old-vianden.digitalvision.lu\/wp-content\/uploads\/2024\/07\/Punkt3.mp3?_=4\" \/><a href=\"https:\/\/old-vianden.digitalvision.lu\/wp-content\/uploads\/2024\/07\/Punkt3.mp3\">https:\/\/old-vianden.digitalvision.lu\/wp-content\/uploads\/2024\/07\/Punkt3.mp3<\/a><\/audio>\n<p>[\/vc_column_text][vc_column_text]4. Approbation des r\u00e8glements pour la piscine<\/p>\n<p>a) R\u00e8glement d\u2019utilisation<\/p>\n<p>b) Plan de s\u00e9curit\u00e9<\/p>\n<audio class=\"wp-audio-shortcode\" id=\"audio-24857-5\" preload=\"none\" style=\"width: 100%;\" controls=\"controls\"><source type=\"audio\/mpeg\" src=\"https:\/\/old-vianden.digitalvision.lu\/wp-content\/uploads\/2024\/07\/Punkt-4.mp3?_=5\" \/><a href=\"https:\/\/old-vianden.digitalvision.lu\/wp-content\/uploads\/2024\/07\/Punkt-4.mp3\">https:\/\/old-vianden.digitalvision.lu\/wp-content\/uploads\/2024\/07\/Punkt-4.mp3<\/a><\/audio>\n<p>[\/vc_column_text][vc_column_text]5. Approbation d\u2019un subside pour \u00ab Reech eng Hand \u00bb<\/p>\n<audio class=\"wp-audio-shortcode\" id=\"audio-24857-6\" preload=\"none\" style=\"width: 100%;\" controls=\"controls\"><source type=\"audio\/mpeg\" src=\"https:\/\/old-vianden.digitalvision.lu\/wp-content\/uploads\/2024\/07\/Punkt-5.mp3?_=6\" \/><a href=\"https:\/\/old-vianden.digitalvision.lu\/wp-content\/uploads\/2024\/07\/Punkt-5.mp3\">https:\/\/old-vianden.digitalvision.lu\/wp-content\/uploads\/2024\/07\/Punkt-5.mp3<\/a><\/audio>\n<p>[\/vc_column_text][vc_column_text]6. Approbation d\u2019un r\u00e8glement d\u2019organisation interne du comit\u00e9 local de s\u00e9curit\u00e9 de l\u2019\u00e9cole fondamentale<\/p>\n<audio class=\"wp-audio-shortcode\" id=\"audio-24857-7\" preload=\"none\" style=\"width: 100%;\" controls=\"controls\"><source type=\"audio\/mpeg\" src=\"https:\/\/old-vianden.digitalvision.lu\/wp-content\/uploads\/2024\/07\/Punkt-6.mp3?_=7\" \/><a href=\"https:\/\/old-vianden.digitalvision.lu\/wp-content\/uploads\/2024\/07\/Punkt-6.mp3\">https:\/\/old-vianden.digitalvision.lu\/wp-content\/uploads\/2024\/07\/Punkt-6.mp3<\/a><\/audio>\n<p>[\/vc_column_text][vc_column_text]7. Approbation de contrats et de conventions<\/p>\n<p>a) Contrat de Bail Orange<\/p>\n<p>b) Convention RESONORD- projet \u00ab Wunne bleiwen \u00bb<\/p>\n<audio class=\"wp-audio-shortcode\" id=\"audio-24857-8\" preload=\"none\" style=\"width: 100%;\" controls=\"controls\"><source type=\"audio\/mpeg\" src=\"https:\/\/old-vianden.digitalvision.lu\/wp-content\/uploads\/2024\/07\/Punkt-7.mp3?_=8\" \/><a href=\"https:\/\/old-vianden.digitalvision.lu\/wp-content\/uploads\/2024\/07\/Punkt-7.mp3\">https:\/\/old-vianden.digitalvision.lu\/wp-content\/uploads\/2024\/07\/Punkt-7.mp3<\/a><\/audio>\n<p>[\/vc_column_text][vc_column_text]8. Approbation de statut d\u2019associations locales<\/p>\n<p>a) Veiner Battien<\/p>\n<p>b) Hoolux<\/p>\n<audio class=\"wp-audio-shortcode\" id=\"audio-24857-9\" preload=\"none\" style=\"width: 100%;\" controls=\"controls\"><source type=\"audio\/mpeg\" src=\"https:\/\/old-vianden.digitalvision.lu\/wp-content\/uploads\/2024\/07\/Punkt-8.mp3?_=9\" \/><a href=\"https:\/\/old-vianden.digitalvision.lu\/wp-content\/uploads\/2024\/07\/Punkt-8.mp3\">https:\/\/old-vianden.digitalvision.lu\/wp-content\/uploads\/2024\/07\/Punkt-8.mp3<\/a><\/audio>\n<p>[\/vc_column_text][vc_column_text]9. Approbation des r\u00e8glements de circulation d\u2019urgence<\/p>\n<audio class=\"wp-audio-shortcode\" id=\"audio-24857-10\" preload=\"none\" style=\"width: 100%;\" controls=\"controls\"><source type=\"audio\/mpeg\" src=\"https:\/\/old-vianden.digitalvision.lu\/wp-content\/uploads\/2024\/07\/Punkt9.mp3?_=10\" \/><a href=\"https:\/\/old-vianden.digitalvision.lu\/wp-content\/uploads\/2024\/07\/Punkt9.mp3\">https:\/\/old-vianden.digitalvision.lu\/wp-content\/uploads\/2024\/07\/Punkt9.mp3<\/a><\/audio>\n<p>[\/vc_column_text][vc_column_text]10. Communication du coll\u00e8ge \u00e9chevinal<\/p>\n<audio class=\"wp-audio-shortcode\" id=\"audio-24857-11\" preload=\"none\" style=\"width: 100%;\" controls=\"controls\"><source type=\"audio\/mpeg\" src=\"https:\/\/old-vianden.digitalvision.lu\/wp-content\/uploads\/2024\/07\/Punkt-10.mp3?_=11\" \/><a href=\"https:\/\/old-vianden.digitalvision.lu\/wp-content\/uploads\/2024\/07\/Punkt-10.mp3\">https:\/\/old-vianden.digitalvision.lu\/wp-content\/uploads\/2024\/07\/Punkt-10.mp3<\/a><\/audio>\n<p>[\/vc_column_text][vc_column_text]11. Divers \u2013 Droit d\u2019initiative du conseiller communal, questions \u00e9crites et orales<\/p>\n<audio class=\"wp-audio-shortcode\" id=\"audio-24857-12\" preload=\"none\" style=\"width: 100%;\" controls=\"controls\"><source type=\"audio\/mpeg\" src=\"https:\/\/old-vianden.digitalvision.lu\/wp-content\/uploads\/2024\/07\/Punkt-11.mp3?_=12\" \/><a href=\"https:\/\/old-vianden.digitalvision.lu\/wp-content\/uploads\/2024\/07\/Punkt-11.mp3\">https:\/\/old-vianden.digitalvision.lu\/wp-content\/uploads\/2024\/07\/Punkt-11.mp3<\/a><\/audio>\n<p>[\/vc_column_text][\/vc_column][\/vc_row]<\/p>\n<\/div>","protected":false},"excerpt":{"rendered":"<p>[vc_row][vc_column][vc_column_text] Conseil Communal du mercredi, 10 juillet 2024 \u00e0 14.00 heures \u00e0 la mairie communale Pr\u00e9sents: M. Weyrich Fran\u00e7ois Bourgmestre, M. PETRY Paul, MAJERUS Henri, Echevins, M. KLASEN Jean-Marie, Mme MARQUES CONSTANTINO Adela\u00efde, M. D\u00dcBBERS Andr\u00e9, M. RODRIGUES TEIXEIRA Fernando Jos\u00e9, M. VINANDY Jean-Claude, MME SCHAEFER Patty, conseillers communaux M. Pol Schaus, secr\u00e9taire communal M.&hellip;<\/p>\n","protected":false},"author":8,"featured_media":24551,"parent":0,"menu_order":0,"comment_status":"closed","ping_status":"closed","template":"","meta":[],"class_list":["post-24857","page","type-page","status-publish","has-post-thumbnail","hentry","description-off"],"translation":{"provider":"WPGlobus","version":"2.12.2","language":"de","enabled_languages":["de","fr"],"languages":{"de":{"title":true,"content":true,"excerpt":false},"fr":{"title":false,"content":false,"excerpt":false}}},"publishpress_future_action":{"enabled":false,"date":"2026-04-14 21:23:32","action":"change-status","newStatus":"draft","terms":[],"taxonomy":""},"_links":{"self":[{"href":"https:\/\/old-vianden.digitalvision.lu\/index.php?rest_route=\/wp\/v2\/pages\/24857","targetHints":{"allow":["GET"]}}],"collection":[{"href":"https:\/\/old-vianden.digitalvision.lu\/index.php?rest_route=\/wp\/v2\/pages"}],"about":[{"href":"https:\/\/old-vianden.digitalvision.lu\/index.php?rest_route=\/wp\/v2\/types\/page"}],"author":[{"embeddable":true,"href":"https:\/\/old-vianden.digitalvision.lu\/index.php?rest_route=\/wp\/v2\/users\/8"}],"replies":[{"embeddable":true,"href":"https:\/\/old-vianden.digitalvision.lu\/index.php?rest_route=%2Fwp%2Fv2%2Fcomments&post=24857"}],"version-history":[{"count":4,"href":"https:\/\/old-vianden.digitalvision.lu\/index.php?rest_route=\/wp\/v2\/pages\/24857\/revisions"}],"predecessor-version":[{"id":24876,"href":"https:\/\/old-vianden.digitalvision.lu\/index.php?rest_route=\/wp\/v2\/pages\/24857\/revisions\/24876"}],"wp:featuredmedia":[{"embeddable":true,"href":"https:\/\/old-vianden.digitalvision.lu\/index.php?rest_route=\/wp\/v2\/media\/24551"}],"wp:attachment":[{"href":"https:\/\/old-vianden.digitalvision.lu\/index.php?rest_route=%2Fwp%2Fv2%2Fmedia&parent=24857"}],"curies":[{"name":"wp","href":"https:\/\/api.w.org\/{rel}","templated":true}]}}