{"id":24682,"date":"2024-06-06T12:44:39","date_gmt":"2024-06-06T10:44:39","guid":{"rendered":"https:\/\/old-vianden.digitalvision.lu\/?page_id=24682"},"modified":"2024-06-06T13:58:54","modified_gmt":"2024-06-06T11:58:54","slug":"reunion-du-conseil-communal-le-mercredi-05-juin-2024","status":"publish","type":"page","link":"https:\/\/old-vianden.digitalvision.lu\/?page_id=24682","title":{"rendered":"R\u00e9union du Conseil Communal le mercredi, 05 juin 2024"},"content":{"rendered":"<div class=\"wpb-content-wrapper\"><p>[vc_row][vc_column][vc_column_text]<\/p>\n<h4>Conseil Communal du<b> mercredi, <strong>05 juin<\/strong>2024 \u00e0 14.00 heures \u00e0 la mairie communale<\/b><\/h4>\n<p><strong>Pr\u00e9sents:<\/strong> M. Weyrich Fran\u00e7ois Bourgmestre, M. PETRY Paul, MAJERUS Henri, Echevins, M. VINANDY Jean-Claude, MME SCHAEFER Patty, Mme MARQUES CONSTANTINO Adela\u00efde, M. D\u00dcBBERS Andr\u00e9, M. RODRIGUES TEIXEIRA Fernando Jos\u00e9,\u00a0conseillers<\/p>\n<p><strong>Excus\u00e9:: <\/strong>M. KLASEN Jean-Marie , conseiller<\/p>\n<div class=\"page\" title=\"Page 1\">\n<div class=\"layoutArea\">\n<div class=\"column\">\n<p>M. Pol Schaus, secr\u00e9taire communal<\/p>\n<\/div>\n<\/div>\n<\/div>\n<p>[\/vc_column_text][vc_text_separator title=&#8221;Ordre du jour&#8221;][\/vc_column][\/vc_row][vc_row][vc_column][vc_column_text]Begr\u00e9issung<\/p>\n<!--[if lt IE 9]><script>document.createElement('audio');<\/script><![endif]-->\n<audio class=\"wp-audio-shortcode\" id=\"audio-24682-1\" preload=\"none\" style=\"width: 100%;\" controls=\"controls\"><source type=\"audio\/wav\" src=\"https:\/\/old-vianden.digitalvision.lu\/wp-content\/uploads\/2024\/06\/Begreissung.wav?_=1\" \/><a href=\"https:\/\/old-vianden.digitalvision.lu\/wp-content\/uploads\/2024\/06\/Begreissung.wav\">https:\/\/old-vianden.digitalvision.lu\/wp-content\/uploads\/2024\/06\/Begreissung.wav<\/a><\/audio>\n<p>[\/vc_column_text][\/vc_column][\/vc_row][vc_row][vc_column][vc_column_text]1. Organisation scolaire provisoire 2024\/2024<\/p>\n<audio class=\"wp-audio-shortcode\" id=\"audio-24682-2\" preload=\"none\" style=\"width: 100%;\" controls=\"controls\"><source type=\"audio\/mpeg\" src=\"https:\/\/old-vianden.digitalvision.lu\/wp-content\/uploads\/2024\/06\/Punkt-1.mp3?_=2\" \/><a href=\"https:\/\/old-vianden.digitalvision.lu\/wp-content\/uploads\/2024\/06\/Punkt-1.mp3\">https:\/\/old-vianden.digitalvision.lu\/wp-content\/uploads\/2024\/06\/Punkt-1.mp3<\/a><\/audio>\n<p>[\/vc_column_text][\/vc_column][\/vc_row][vc_row][vc_column][vc_column_text]2. Plan d\u2019encadrement p\u00e9riscolaire<\/p>\n<audio class=\"wp-audio-shortcode\" id=\"audio-24682-3\" preload=\"none\" style=\"width: 100%;\" controls=\"controls\"><source type=\"audio\/mpeg\" src=\"https:\/\/old-vianden.digitalvision.lu\/wp-content\/uploads\/2024\/06\/Punkt-2.mp3?_=3\" \/><a href=\"https:\/\/old-vianden.digitalvision.lu\/wp-content\/uploads\/2024\/06\/Punkt-2.mp3\">https:\/\/old-vianden.digitalvision.lu\/wp-content\/uploads\/2024\/06\/Punkt-2.mp3<\/a><\/audio>\n<p>[\/vc_column_text][\/vc_column][\/vc_row][vc_row][vc_column][vc_column_text]3. Plan de d\u00e9veloppement scolaire<\/p>\n<audio class=\"wp-audio-shortcode\" id=\"audio-24682-4\" preload=\"none\" style=\"width: 100%;\" controls=\"controls\"><source type=\"audio\/mpeg\" src=\"https:\/\/old-vianden.digitalvision.lu\/wp-content\/uploads\/2024\/06\/Punkt-3-1.mp3?_=4\" \/><a href=\"https:\/\/old-vianden.digitalvision.lu\/wp-content\/uploads\/2024\/06\/Punkt-3-1.mp3\">https:\/\/old-vianden.digitalvision.lu\/wp-content\/uploads\/2024\/06\/Punkt-3-1.mp3<\/a><\/audio>\n<p>[\/vc_column_text][\/vc_column][\/vc_row][vc_row][vc_column][vc_column_text]4. Approbation des sorties p\u00e9dagogiques<\/p>\n<audio class=\"wp-audio-shortcode\" id=\"audio-24682-5\" preload=\"none\" style=\"width: 100%;\" controls=\"controls\"><source type=\"audio\/mpeg\" src=\"https:\/\/old-vianden.digitalvision.lu\/wp-content\/uploads\/2024\/06\/Punkt-4.mp3?_=5\" \/><a href=\"https:\/\/old-vianden.digitalvision.lu\/wp-content\/uploads\/2024\/06\/Punkt-4.mp3\">https:\/\/old-vianden.digitalvision.lu\/wp-content\/uploads\/2024\/06\/Punkt-4.mp3<\/a><\/audio>\n<p>[\/vc_column_text][\/vc_column][\/vc_row][vc_row][vc_column][vc_column_text]5. Approbation de la d\u00e9lib\u00e9ration concordante pour la participation de l\u2019Etat aux frais de fonctionnement et frais de personnel de la \u00ab Gestion locative sociale du RESONORD \u00bb<\/p>\n<audio class=\"wp-audio-shortcode\" id=\"audio-24682-6\" preload=\"none\" style=\"width: 100%;\" controls=\"controls\"><source type=\"audio\/mpeg\" src=\"https:\/\/old-vianden.digitalvision.lu\/wp-content\/uploads\/2024\/06\/Punkt-5.mp3?_=6\" \/><a href=\"https:\/\/old-vianden.digitalvision.lu\/wp-content\/uploads\/2024\/06\/Punkt-5.mp3\">https:\/\/old-vianden.digitalvision.lu\/wp-content\/uploads\/2024\/06\/Punkt-5.mp3<\/a><\/audio>\n<p>[\/vc_column_text][\/vc_column][\/vc_row][vc_row][vc_column][vc_column_text]6. Fixation des indemnit\u00e9s revenant aux ma\u00eetres-nageurs<\/p>\n<audio class=\"wp-audio-shortcode\" id=\"audio-24682-7\" preload=\"none\" style=\"width: 100%;\" controls=\"controls\"><source type=\"audio\/mpeg\" src=\"https:\/\/old-vianden.digitalvision.lu\/wp-content\/uploads\/2024\/06\/Punkt-6.mp3?_=7\" \/><a href=\"https:\/\/old-vianden.digitalvision.lu\/wp-content\/uploads\/2024\/06\/Punkt-6.mp3\">https:\/\/old-vianden.digitalvision.lu\/wp-content\/uploads\/2024\/06\/Punkt-6.mp3<\/a><\/audio>\n<p>[\/vc_column_text][\/vc_column][\/vc_row][vc_row][vc_column][vc_column_text]7. D\u00e9comptes<\/p>\n<audio class=\"wp-audio-shortcode\" id=\"audio-24682-8\" preload=\"none\" style=\"width: 100%;\" controls=\"controls\"><source type=\"audio\/mpeg\" src=\"https:\/\/old-vianden.digitalvision.lu\/wp-content\/uploads\/2024\/06\/Punkt-7.mp3?_=8\" \/><a href=\"https:\/\/old-vianden.digitalvision.lu\/wp-content\/uploads\/2024\/06\/Punkt-7.mp3\">https:\/\/old-vianden.digitalvision.lu\/wp-content\/uploads\/2024\/06\/Punkt-7.mp3<\/a><\/audio>\n<p>[\/vc_column_text][\/vc_column][\/vc_row][vc_row][vc_column][vc_column_text]8. Approbation de r\u00e8glements-taxes &#8211; Piscine<\/p>\n<audio class=\"wp-audio-shortcode\" id=\"audio-24682-9\" preload=\"none\" style=\"width: 100%;\" controls=\"controls\"><source type=\"audio\/mpeg\" src=\"https:\/\/old-vianden.digitalvision.lu\/wp-content\/uploads\/2024\/06\/Punkt-8.mp3?_=9\" \/><a href=\"https:\/\/old-vianden.digitalvision.lu\/wp-content\/uploads\/2024\/06\/Punkt-8.mp3\">https:\/\/old-vianden.digitalvision.lu\/wp-content\/uploads\/2024\/06\/Punkt-8.mp3<\/a><\/audio>\n<p>[\/vc_column_text][\/vc_column][\/vc_row][vc_row][vc_column][vc_column_text]9. Nomination d\u2019un membre pour la commission de jeunesse et sport<\/p>\n<audio class=\"wp-audio-shortcode\" id=\"audio-24682-10\" preload=\"none\" style=\"width: 100%;\" controls=\"controls\"><source type=\"audio\/mpeg\" src=\"https:\/\/old-vianden.digitalvision.lu\/wp-content\/uploads\/2024\/06\/Punkt-9.mp3?_=10\" \/><a href=\"https:\/\/old-vianden.digitalvision.lu\/wp-content\/uploads\/2024\/06\/Punkt-9.mp3\">https:\/\/old-vianden.digitalvision.lu\/wp-content\/uploads\/2024\/06\/Punkt-9.mp3<\/a><\/audio>\n<p>[\/vc_column_text][\/vc_column][\/vc_row][vc_row][vc_column][vc_column_text]10. Approbation des r\u00e8glements de circulation d\u2019urgence<\/p>\n<audio class=\"wp-audio-shortcode\" id=\"audio-24682-11\" preload=\"none\" style=\"width: 100%;\" controls=\"controls\"><source type=\"audio\/mpeg\" src=\"https:\/\/old-vianden.digitalvision.lu\/wp-content\/uploads\/2024\/06\/Punkt-10.mp3?_=11\" \/><a href=\"https:\/\/old-vianden.digitalvision.lu\/wp-content\/uploads\/2024\/06\/Punkt-10.mp3\">https:\/\/old-vianden.digitalvision.lu\/wp-content\/uploads\/2024\/06\/Punkt-10.mp3<\/a><\/audio>\n<p>[\/vc_column_text][\/vc_column][\/vc_row][vc_row][vc_column][vc_column_text]11. Communication du coll\u00e8ge \u00e9chevinal<\/p>\n<audio class=\"wp-audio-shortcode\" id=\"audio-24682-12\" preload=\"none\" style=\"width: 100%;\" controls=\"controls\"><source type=\"audio\/mpeg\" src=\"https:\/\/old-vianden.digitalvision.lu\/wp-content\/uploads\/2024\/06\/Punkt-11.mp3?_=12\" \/><a href=\"https:\/\/old-vianden.digitalvision.lu\/wp-content\/uploads\/2024\/06\/Punkt-11.mp3\">https:\/\/old-vianden.digitalvision.lu\/wp-content\/uploads\/2024\/06\/Punkt-11.mp3<\/a><\/audio>\n<p>[\/vc_column_text][\/vc_column][\/vc_row][vc_row][vc_column][vc_column_text]12. Divers \u2013 Droit d\u2019initiative du conseiller communal, questions \u00e9crites et orales<\/p>\n<audio class=\"wp-audio-shortcode\" id=\"audio-24682-13\" preload=\"none\" style=\"width: 100%;\" controls=\"controls\"><source type=\"audio\/mpeg\" src=\"https:\/\/old-vianden.digitalvision.lu\/wp-content\/uploads\/2024\/06\/Punkt-12.mp3?_=13\" \/><a href=\"https:\/\/old-vianden.digitalvision.lu\/wp-content\/uploads\/2024\/06\/Punkt-12.mp3\">https:\/\/old-vianden.digitalvision.lu\/wp-content\/uploads\/2024\/06\/Punkt-12.mp3<\/a><\/audio>\n<p>[\/vc_column_text][\/vc_column][\/vc_row]<\/p>\n<\/div>","protected":false},"excerpt":{"rendered":"<p>[vc_row][vc_column][vc_column_text] Conseil Communal du mercredi, 05 juin2024 \u00e0 14.00 heures \u00e0 la mairie communale Pr\u00e9sents: M. Weyrich Fran\u00e7ois Bourgmestre, M. PETRY Paul, MAJERUS Henri, Echevins, M. VINANDY Jean-Claude, MME SCHAEFER Patty, Mme MARQUES CONSTANTINO Adela\u00efde, M. D\u00dcBBERS Andr\u00e9, M. RODRIGUES TEIXEIRA Fernando Jos\u00e9,\u00a0conseillers Excus\u00e9:: M. KLASEN Jean-Marie , conseiller M. Pol Schaus, secr\u00e9taire communal [\/vc_column_text][vc_text_separator&hellip;<\/p>\n","protected":false},"author":7,"featured_media":0,"parent":0,"menu_order":0,"comment_status":"closed","ping_status":"closed","template":"","meta":[],"class_list":["post-24682","page","type-page","status-publish","hentry","description-off"],"translation":{"provider":"WPGlobus","version":"2.12.2","language":"de","enabled_languages":["de","fr"],"languages":{"de":{"title":true,"content":true,"excerpt":false},"fr":{"title":false,"content":false,"excerpt":false}}},"publishpress_future_action":{"enabled":false,"date":"2026-04-14 22:45:39","action":"change-status","newStatus":"draft","terms":[],"taxonomy":""},"_links":{"self":[{"href":"https:\/\/old-vianden.digitalvision.lu\/index.php?rest_route=\/wp\/v2\/pages\/24682","targetHints":{"allow":["GET"]}}],"collection":[{"href":"https:\/\/old-vianden.digitalvision.lu\/index.php?rest_route=\/wp\/v2\/pages"}],"about":[{"href":"https:\/\/old-vianden.digitalvision.lu\/index.php?rest_route=\/wp\/v2\/types\/page"}],"author":[{"embeddable":true,"href":"https:\/\/old-vianden.digitalvision.lu\/index.php?rest_route=\/wp\/v2\/users\/7"}],"replies":[{"embeddable":true,"href":"https:\/\/old-vianden.digitalvision.lu\/index.php?rest_route=%2Fwp%2Fv2%2Fcomments&post=24682"}],"version-history":[{"count":5,"href":"https:\/\/old-vianden.digitalvision.lu\/index.php?rest_route=\/wp\/v2\/pages\/24682\/revisions"}],"predecessor-version":[{"id":24703,"href":"https:\/\/old-vianden.digitalvision.lu\/index.php?rest_route=\/wp\/v2\/pages\/24682\/revisions\/24703"}],"wp:attachment":[{"href":"https:\/\/old-vianden.digitalvision.lu\/index.php?rest_route=%2Fwp%2Fv2%2Fmedia&parent=24682"}],"curies":[{"name":"wp","href":"https:\/\/api.w.org\/{rel}","templated":true}]}}