{"id":23916,"date":"2023-12-27T16:03:21","date_gmt":"2023-12-27T15:03:21","guid":{"rendered":"https:\/\/old-vianden.digitalvision.lu\/?page_id=23916"},"modified":"2024-01-09T09:46:44","modified_gmt":"2024-01-09T08:46:44","slug":"reunion-du-conseil-communal-mercredi-20-decembre-2023","status":"publish","type":"page","link":"https:\/\/old-vianden.digitalvision.lu\/?page_id=23916","title":{"rendered":"R\u00e9union du Conseil Communal  mercredi, 20 d\u00e9cembre 2023"},"content":{"rendered":"<div class=\"wpb-content-wrapper\"><p>[vc_column][\/vc_column][vc_row][vc_column][vc_column_text]<\/p>\n<h4>Conseil Communal du<b> mercredi, 20 d\u00e9cembre 2023 \u00e0 14.00 heures \u00e0 la mairie communale<br \/>\n<\/b><\/h4>\n<div class=\"page\" title=\"Page 1\">\n<div class=\"layoutArea\">\n<div class=\"column\">\n<p><strong>Pr\u00e9sents:<\/strong> M. Weyrich Fran\u00e7ois Bourgmestre, M. PETRY Paul, MAJERUS Henri, Echevins, M. KLASEN Jean-Marie, MME SCHAEFER Patty, Mme MARQUES CONSTANTINO Adela\u00efde, M. D\u00dcBBERS Andr\u00e9, M. RODRIGUES TEIXEIRA Fernando Jos\u00e9,<\/p>\n<p>Excus\u00e9: M. VINANDY Jean-Claude, conseillers communaux<\/p>\n<p>M. Pol Schaus, secr\u00e9taire communal<\/p>\n<p>&nbsp;<\/p>\n<\/div>\n<\/div>\n<\/div>\n<p>[\/vc_column_text][\/vc_column][\/vc_row][vc_row][vc_column][vc_text_separator title=&#8221;Ordre du jour&#8221;][\/vc_column][\/vc_row][vc_row][vc_column][vc_column_text]Begr\u00e9issung<\/p>\n<!--[if lt IE 9]><script>document.createElement('audio');<\/script><![endif]-->\n<audio class=\"wp-audio-shortcode\" id=\"audio-23916-1\" preload=\"none\" style=\"width: 100%;\" controls=\"controls\"><source type=\"audio\/wav\" src=\"https:\/\/old-vianden.digitalvision.lu\/wp-content\/uploads\/2023\/12\/Begreissung.wav?_=1\" \/><a href=\"https:\/\/old-vianden.digitalvision.lu\/wp-content\/uploads\/2023\/12\/Begreissung.wav\">https:\/\/old-vianden.digitalvision.lu\/wp-content\/uploads\/2023\/12\/Begreissung.wav<\/a><\/audio>\n<p>[\/vc_column_text][\/vc_column][\/vc_row][vc_row][vc_column][vc_column_text]1. Pr\u00e9sentation du Programme d\u2019action local Logement<\/p>\n<audio class=\"wp-audio-shortcode\" id=\"audio-23916-2\" preload=\"none\" style=\"width: 100%;\" controls=\"controls\"><source type=\"audio\/mpeg\" src=\"https:\/\/old-vianden.digitalvision.lu\/wp-content\/uploads\/2023\/12\/Punkt-1-1.mp3?_=2\" \/><a href=\"https:\/\/old-vianden.digitalvision.lu\/wp-content\/uploads\/2023\/12\/Punkt-1-1.mp3\">https:\/\/old-vianden.digitalvision.lu\/wp-content\/uploads\/2023\/12\/Punkt-1-1.mp3<\/a><\/audio>\n<p>[\/vc_column_text][\/vc_column][\/vc_row][vc_row][vc_column][vc_column_text]2. Approbation du budget du RESONORD<\/p>\n<audio class=\"wp-audio-shortcode\" id=\"audio-23916-3\" preload=\"none\" style=\"width: 100%;\" controls=\"controls\"><source type=\"audio\/mpeg\" src=\"https:\/\/old-vianden.digitalvision.lu\/wp-content\/uploads\/2023\/12\/Punkt-2.mp3?_=3\" \/><a href=\"https:\/\/old-vianden.digitalvision.lu\/wp-content\/uploads\/2023\/12\/Punkt-2.mp3\">https:\/\/old-vianden.digitalvision.lu\/wp-content\/uploads\/2023\/12\/Punkt-2.mp3<\/a><\/audio>\n<p>[\/vc_column_text][\/vc_column][\/vc_row][vc_row][vc_column][vc_column_text]3. Apport en capital de la DEA<\/p>\n<audio class=\"wp-audio-shortcode\" id=\"audio-23916-4\" preload=\"none\" style=\"width: 100%;\" controls=\"controls\"><source type=\"audio\/mpeg\" src=\"https:\/\/old-vianden.digitalvision.lu\/wp-content\/uploads\/2023\/12\/Punkt-3.mp3?_=4\" \/><a href=\"https:\/\/old-vianden.digitalvision.lu\/wp-content\/uploads\/2023\/12\/Punkt-3.mp3\">https:\/\/old-vianden.digitalvision.lu\/wp-content\/uploads\/2023\/12\/Punkt-3.mp3<\/a><\/audio>\n<p>[\/vc_column_text][\/vc_column][\/vc_row][vc_row][vc_column][vc_column_text]4. Approbation du budget rectifi\u00e9 2023<\/p>\n<audio class=\"wp-audio-shortcode\" id=\"audio-23916-5\" preload=\"none\" style=\"width: 100%;\" controls=\"controls\"><source type=\"audio\/mpeg\" src=\"https:\/\/old-vianden.digitalvision.lu\/wp-content\/uploads\/2023\/12\/Punkt-4.mp3?_=5\" \/><a href=\"https:\/\/old-vianden.digitalvision.lu\/wp-content\/uploads\/2023\/12\/Punkt-4.mp3\">https:\/\/old-vianden.digitalvision.lu\/wp-content\/uploads\/2023\/12\/Punkt-4.mp3<\/a><\/audio>\n<p>[\/vc_column_text][\/vc_column][\/vc_row][vc_row][vc_column][vc_column_text]5. Approbation du budget 2024<\/p>\n<audio class=\"wp-audio-shortcode\" id=\"audio-23916-6\" preload=\"none\" style=\"width: 100%;\" controls=\"controls\"><source type=\"audio\/mpeg\" src=\"https:\/\/old-vianden.digitalvision.lu\/wp-content\/uploads\/2023\/12\/Punkt-5.1.mp3?_=6\" \/><a href=\"https:\/\/old-vianden.digitalvision.lu\/wp-content\/uploads\/2023\/12\/Punkt-5.1.mp3\">https:\/\/old-vianden.digitalvision.lu\/wp-content\/uploads\/2023\/12\/Punkt-5.1.mp3<\/a><\/audio>\n<audio class=\"wp-audio-shortcode\" id=\"audio-23916-7\" preload=\"none\" style=\"width: 100%;\" controls=\"controls\"><source type=\"audio\/mpeg\" src=\"https:\/\/old-vianden.digitalvision.lu\/wp-content\/uploads\/2023\/12\/Punkt-5.2.mp3?_=7\" \/><a href=\"https:\/\/old-vianden.digitalvision.lu\/wp-content\/uploads\/2023\/12\/Punkt-5.2.mp3\">https:\/\/old-vianden.digitalvision.lu\/wp-content\/uploads\/2023\/12\/Punkt-5.2.mp3<\/a><\/audio>\n<audio class=\"wp-audio-shortcode\" id=\"audio-23916-8\" preload=\"none\" style=\"width: 100%;\" controls=\"controls\"><source type=\"audio\/mpeg\" src=\"https:\/\/old-vianden.digitalvision.lu\/wp-content\/uploads\/2023\/12\/Punkt-5.3.mp3?_=8\" \/><a href=\"https:\/\/old-vianden.digitalvision.lu\/wp-content\/uploads\/2023\/12\/Punkt-5.3.mp3\">https:\/\/old-vianden.digitalvision.lu\/wp-content\/uploads\/2023\/12\/Punkt-5.3.mp3<\/a><\/audio>\n<audio class=\"wp-audio-shortcode\" id=\"audio-23916-9\" preload=\"none\" style=\"width: 100%;\" controls=\"controls\"><source type=\"audio\/mpeg\" src=\"https:\/\/old-vianden.digitalvision.lu\/wp-content\/uploads\/2023\/12\/Punkt-5.4.mp3?_=9\" \/><a href=\"https:\/\/old-vianden.digitalvision.lu\/wp-content\/uploads\/2023\/12\/Punkt-5.4.mp3\">https:\/\/old-vianden.digitalvision.lu\/wp-content\/uploads\/2023\/12\/Punkt-5.4.mp3<\/a><\/audio>\n<div id=\"wppdfemb-frame-container-2\"><iframe id=\"wppdf-emb-iframe-2\" scrolling=\"no\" data-pdf-index=\"2\" class=\"pdfembed-iframe nonfullscreen\" style=\"border: none; width:100%; max-width: 100%; min-height: 1000px;\" src=\"https:\/\/old-vianden.digitalvision.lu?url=https%3A%2F%2Fold-vianden.digitalvision.lu%2Fwp-content%2Fuploads%2F2024%2F01%2FBudget-definitif-2024.pdf&title=Budget+d%C3%A9finitif+2024&pdfID=2&index=2\" ><\/iframe><\/div>[\/vc_column_text][\/vc_column][\/vc_row][vc_row][vc_column][vc_column_text]6. Indemnit\u00e9 pour l\u2019assistance aux r\u00e9unions PAG<\/p>\n<audio class=\"wp-audio-shortcode\" id=\"audio-23916-10\" preload=\"none\" style=\"width: 100%;\" controls=\"controls\"><source type=\"audio\/mpeg\" src=\"https:\/\/old-vianden.digitalvision.lu\/wp-content\/uploads\/2023\/12\/Punkt-6.mp3?_=10\" \/><a href=\"https:\/\/old-vianden.digitalvision.lu\/wp-content\/uploads\/2023\/12\/Punkt-6.mp3\">https:\/\/old-vianden.digitalvision.lu\/wp-content\/uploads\/2023\/12\/Punkt-6.mp3<\/a><\/audio>\n<p>[\/vc_column_text][\/vc_column][\/vc_row][vc_row][vc_column][vc_column_text]7. Approbation d\u2019un acte notari\u00e9 pour \u00e9change de terrain<\/p>\n<audio class=\"wp-audio-shortcode\" id=\"audio-23916-11\" preload=\"none\" style=\"width: 100%;\" controls=\"controls\"><source type=\"audio\/mpeg\" src=\"https:\/\/old-vianden.digitalvision.lu\/wp-content\/uploads\/2023\/12\/Punkt-7.mp3?_=11\" \/><a href=\"https:\/\/old-vianden.digitalvision.lu\/wp-content\/uploads\/2023\/12\/Punkt-7.mp3\">https:\/\/old-vianden.digitalvision.lu\/wp-content\/uploads\/2023\/12\/Punkt-7.mp3<\/a><\/audio>\n<p>[\/vc_column_text][\/vc_column][\/vc_row][vc_row][vc_column][vc_column_text]8. Approbation de dons et subsides<\/p>\n<audio class=\"wp-audio-shortcode\" id=\"audio-23916-12\" preload=\"none\" style=\"width: 100%;\" controls=\"controls\"><source type=\"audio\/mpeg\" src=\"https:\/\/old-vianden.digitalvision.lu\/wp-content\/uploads\/2023\/12\/Punkt-8.mp3?_=12\" \/><a href=\"https:\/\/old-vianden.digitalvision.lu\/wp-content\/uploads\/2023\/12\/Punkt-8.mp3\">https:\/\/old-vianden.digitalvision.lu\/wp-content\/uploads\/2023\/12\/Punkt-8.mp3<\/a><\/audio>\n<p>[\/vc_column_text][\/vc_column][\/vc_row][vc_row][vc_column][vc_column_text]9. Approbation d\u2019un subside extraordinaire VIART<\/p>\n<audio class=\"wp-audio-shortcode\" id=\"audio-23916-13\" preload=\"none\" style=\"width: 100%;\" controls=\"controls\"><source type=\"audio\/mpeg\" src=\"https:\/\/old-vianden.digitalvision.lu\/wp-content\/uploads\/2023\/12\/Punkt-9.mp3?_=13\" \/><a href=\"https:\/\/old-vianden.digitalvision.lu\/wp-content\/uploads\/2023\/12\/Punkt-9.mp3\">https:\/\/old-vianden.digitalvision.lu\/wp-content\/uploads\/2023\/12\/Punkt-9.mp3<\/a><\/audio>\n<p>[\/vc_column_text][\/vc_column][\/vc_row][vc_row][vc_column][vc_column_text]10. Approbation du compte administratif 2021<\/p>\n<audio class=\"wp-audio-shortcode\" id=\"audio-23916-14\" preload=\"none\" style=\"width: 100%;\" controls=\"controls\"><source type=\"audio\/mpeg\" src=\"https:\/\/old-vianden.digitalvision.lu\/wp-content\/uploads\/2023\/12\/Punkt-10.mp3?_=14\" \/><a href=\"https:\/\/old-vianden.digitalvision.lu\/wp-content\/uploads\/2023\/12\/Punkt-10.mp3\">https:\/\/old-vianden.digitalvision.lu\/wp-content\/uploads\/2023\/12\/Punkt-10.mp3<\/a><\/audio>\n<p>[\/vc_column_text][\/vc_column][\/vc_row][vc_row][vc_column][vc_column_text]11. Approbation de contrats et de conventions<\/p>\n<p>a. Automation Center<\/p>\n<audio class=\"wp-audio-shortcode\" id=\"audio-23916-15\" preload=\"none\" style=\"width: 100%;\" controls=\"controls\"><source type=\"audio\/mpeg\" src=\"https:\/\/old-vianden.digitalvision.lu\/wp-content\/uploads\/2023\/12\/Punkt-11a.mp3?_=15\" \/><a href=\"https:\/\/old-vianden.digitalvision.lu\/wp-content\/uploads\/2023\/12\/Punkt-11a.mp3\">https:\/\/old-vianden.digitalvision.lu\/wp-content\/uploads\/2023\/12\/Punkt-11a.mp3<\/a><\/audio>\n<p>b. Wasserversorgung Eifelkreis Bitburg-Pr\u00fcm<\/p>\n<audio class=\"wp-audio-shortcode\" id=\"audio-23916-16\" preload=\"none\" style=\"width: 100%;\" controls=\"controls\"><source type=\"audio\/mpeg\" src=\"https:\/\/old-vianden.digitalvision.lu\/wp-content\/uploads\/2023\/12\/Punkt-11b.mp3?_=16\" \/><a href=\"https:\/\/old-vianden.digitalvision.lu\/wp-content\/uploads\/2023\/12\/Punkt-11b.mp3\">https:\/\/old-vianden.digitalvision.lu\/wp-content\/uploads\/2023\/12\/Punkt-11b.mp3<\/a><\/audio>\n<p>[\/vc_column_text][\/vc_column][\/vc_row][vc_row][vc_column][vc_column_text]12. Approbation de statuts de la \u00ab\u00a0Restoratiun vuam Veiner Bildchen\u00a0\u00bb a.s.b.l.<\/p>\n<audio class=\"wp-audio-shortcode\" id=\"audio-23916-17\" preload=\"none\" style=\"width: 100%;\" controls=\"controls\"><source type=\"audio\/mpeg\" src=\"https:\/\/old-vianden.digitalvision.lu\/wp-content\/uploads\/2023\/12\/Punkt-12.mp3?_=17\" \/><a href=\"https:\/\/old-vianden.digitalvision.lu\/wp-content\/uploads\/2023\/12\/Punkt-12.mp3\">https:\/\/old-vianden.digitalvision.lu\/wp-content\/uploads\/2023\/12\/Punkt-12.mp3<\/a><\/audio>\n<p>[\/vc_column_text][\/vc_column][\/vc_row][vc_row][vc_column][vc_column_text]13. Communication du coll\u00e8ge \u00e9chevinal<\/p>\n<audio class=\"wp-audio-shortcode\" id=\"audio-23916-18\" preload=\"none\" style=\"width: 100%;\" controls=\"controls\"><source type=\"audio\/mpeg\" src=\"https:\/\/old-vianden.digitalvision.lu\/wp-content\/uploads\/2023\/12\/Punkt-13.mp3?_=18\" \/><a href=\"https:\/\/old-vianden.digitalvision.lu\/wp-content\/uploads\/2023\/12\/Punkt-13.mp3\">https:\/\/old-vianden.digitalvision.lu\/wp-content\/uploads\/2023\/12\/Punkt-13.mp3<\/a><\/audio>\n<p>[\/vc_column_text][\/vc_column][\/vc_row][vc_row][vc_column][vc_column_text]14. Divers \u2013 Droit d\u2019initiative du conseiller communal, questions \u00e9crites et orales<\/p>\n<audio class=\"wp-audio-shortcode\" id=\"audio-23916-19\" preload=\"none\" style=\"width: 100%;\" controls=\"controls\"><source type=\"audio\/mpeg\" src=\"https:\/\/old-vianden.digitalvision.lu\/wp-content\/uploads\/2023\/12\/Punkt-14-1-1.mp3?_=19\" \/><a href=\"https:\/\/old-vianden.digitalvision.lu\/wp-content\/uploads\/2023\/12\/Punkt-14-1-1.mp3\">https:\/\/old-vianden.digitalvision.lu\/wp-content\/uploads\/2023\/12\/Punkt-14-1-1.mp3<\/a><\/audio>\n<p>[\/vc_column_text][\/vc_column][\/vc_row]<\/p>\n<\/div>","protected":false},"excerpt":{"rendered":"<p>[vc_column][\/vc_column][vc_row][vc_column][vc_column_text] Conseil Communal du mercredi, 20 d\u00e9cembre 2023 \u00e0 14.00 heures \u00e0 la mairie communale Pr\u00e9sents: M. Weyrich Fran\u00e7ois Bourgmestre, M. PETRY Paul, MAJERUS Henri, Echevins, M. KLASEN Jean-Marie, MME SCHAEFER Patty, Mme MARQUES CONSTANTINO Adela\u00efde, M. D\u00dcBBERS Andr\u00e9, M. RODRIGUES TEIXEIRA Fernando Jos\u00e9, Excus\u00e9: M. VINANDY Jean-Claude, conseillers communaux M. Pol Schaus, secr\u00e9taire communal&hellip;<\/p>\n","protected":false},"author":7,"featured_media":0,"parent":22561,"menu_order":0,"comment_status":"closed","ping_status":"closed","template":"","meta":[],"class_list":["post-23916","page","type-page","status-publish","hentry","description-off"],"translation":{"provider":"WPGlobus","version":"2.12.2","language":"de","enabled_languages":["de","fr"],"languages":{"de":{"title":true,"content":true,"excerpt":false},"fr":{"title":false,"content":false,"excerpt":false}}},"publishpress_future_action":{"enabled":false,"date":"2026-04-14 22:44:57","action":"change-status","newStatus":"draft","terms":[],"taxonomy":""},"_links":{"self":[{"href":"https:\/\/old-vianden.digitalvision.lu\/index.php?rest_route=\/wp\/v2\/pages\/23916","targetHints":{"allow":["GET"]}}],"collection":[{"href":"https:\/\/old-vianden.digitalvision.lu\/index.php?rest_route=\/wp\/v2\/pages"}],"about":[{"href":"https:\/\/old-vianden.digitalvision.lu\/index.php?rest_route=\/wp\/v2\/types\/page"}],"author":[{"embeddable":true,"href":"https:\/\/old-vianden.digitalvision.lu\/index.php?rest_route=\/wp\/v2\/users\/7"}],"replies":[{"embeddable":true,"href":"https:\/\/old-vianden.digitalvision.lu\/index.php?rest_route=%2Fwp%2Fv2%2Fcomments&post=23916"}],"version-history":[{"count":9,"href":"https:\/\/old-vianden.digitalvision.lu\/index.php?rest_route=\/wp\/v2\/pages\/23916\/revisions"}],"predecessor-version":[{"id":24105,"href":"https:\/\/old-vianden.digitalvision.lu\/index.php?rest_route=\/wp\/v2\/pages\/23916\/revisions\/24105"}],"up":[{"embeddable":true,"href":"https:\/\/old-vianden.digitalvision.lu\/index.php?rest_route=\/wp\/v2\/pages\/22561"}],"wp:attachment":[{"href":"https:\/\/old-vianden.digitalvision.lu\/index.php?rest_route=%2Fwp%2Fv2%2Fmedia&parent=23916"}],"curies":[{"name":"wp","href":"https:\/\/api.w.org\/{rel}","templated":true}]}}