{"id":23420,"date":"2023-09-29T14:17:05","date_gmt":"2023-09-29T12:17:05","guid":{"rendered":"https:\/\/old-vianden.digitalvision.lu\/?page_id=23420"},"modified":"2023-09-29T15:44:18","modified_gmt":"2023-09-29T13:44:18","slug":"resultats-analyses-deau-potable","status":"publish","type":"page","link":"https:\/\/old-vianden.digitalvision.lu\/?page_id=23420","title":{"rendered":"R\u00e9sultats analyses d&#8217;eau potable"},"content":{"rendered":"<div class=\"wpb-content-wrapper\"><p>[vc_row][vc_column][vc_column_text]Le <strong>e-Raider<\/strong> r\u00e9pertorie les avis officiels de la commune de Vianden, tels qu&#8217;ils sont affich\u00e9s dans le <strong>raider classique <\/strong>devant la mairie.<\/p>\n<p>Ceci constitue un service suppl\u00e9mentaire offert aux citoyens sans pour autant se baser sur une base l\u00e9gale. Par cons\u00e9quent, uniquement le raider classique fait foi (sauf disposition l\u00e9gale contraire).[\/vc_column_text][vc_column_text][\/vc_column_text][vc_column_text]<div class=\"mec-wrap mec-skin-list-container  \" id=\"mec_skin_23432\">\n\n    \n            <div class=\"mec-skin-list-events-container\" id=\"mec_skin_events_23432\">\n        <div class=\"mec-wrap colorskin-custom\">\n\t<div class=\"mec-event-list-classic\">\n\t\t\n                        <div class=\"mec-month-divider\" data-toggle-divider=\"mec-toggle-202310-23432\"><span>Oktober 2023<\/span><i class=\"mec-sl-arrow-down\"><\/i><\/div>\n            \n                        <article class=\"mec-event-article  mec-clear  mec-divider-toggle mec-toggle-202310-23432\" itemscope>\n                                    <div class=\"mec-event-image\"><a class=\"mec-color-hover\" data-event-id=\"23778\" href=\"https:\/\/old-vianden.digitalvision.lu\/?mec-events=analyse-spier-24-10-2023&#038;occurrence=2023-10-24\" target=\"_self\" rel=\"noopener\"><\/a><\/div>\n                                            <div class=\"mec-event-date mec-color\"><i class=\"mec-sl-calendar\"><\/i> <span class=\"mec-start-date-label\">Okt. 24 2023<\/span><span class=\"mec-end-date-label\" itemprop=\"endDate\"> - Nov. 18 2026<\/span><\/div>\n                        <div class=\"mec-event-time mec-color\"><\/div>\n                                                                                <h4 class=\"mec-event-title\"><a class=\"mec-color-hover\" data-event-id=\"23778\" href=\"https:\/\/old-vianden.digitalvision.lu\/?mec-events=analyse-spier-24-10-2023&#038;occurrence=2023-10-24\" target=\"_self\" rel=\"noopener\">Analyse Spier &#8211; 24.10.2023<\/a><\/h4>\n                                                                                                                                                    <\/article>\n                        <article class=\"mec-event-article  mec-clear  mec-divider-toggle mec-toggle-202310-23432\" itemscope>\n                                    <div class=\"mec-event-image\"><a class=\"mec-color-hover\" data-event-id=\"23781\" href=\"https:\/\/old-vianden.digitalvision.lu\/?mec-events=analyse-moalzbaach-reseau-local-24-10-2023&#038;occurrence=2023-10-24\" target=\"_self\" rel=\"noopener\"><\/a><\/div>\n                                            <div class=\"mec-event-date mec-color\"><i class=\"mec-sl-calendar\"><\/i> <span class=\"mec-start-date-label\">Okt. 24 2023<\/span><span class=\"mec-end-date-label\" itemprop=\"endDate\"> - Nov. 10 2027<\/span><\/div>\n                        <div class=\"mec-event-time mec-color\"><\/div>\n                                                                                <h4 class=\"mec-event-title\"><a class=\"mec-color-hover\" data-event-id=\"23781\" href=\"https:\/\/old-vianden.digitalvision.lu\/?mec-events=analyse-moalzbaach-reseau-local-24-10-2023&#038;occurrence=2023-10-24\" target=\"_self\" rel=\"noopener\">Analyse Moalzbaach r\u00e9seau local  &#8211; 24.10.2023<\/a><\/h4>\n                                                                                                                                                    <\/article>\n                        <article class=\"mec-event-article  mec-clear  mec-divider-toggle mec-toggle-202310-23432\" itemscope>\n                                    <div class=\"mec-event-image\"><a class=\"mec-color-hover\" data-event-id=\"23784\" href=\"https:\/\/old-vianden.digitalvision.lu\/?mec-events=analyse-moalzbaach-cuve-24-10-2023&#038;occurrence=2023-10-24\" target=\"_self\" rel=\"noopener\"><\/a><\/div>\n                                            <div class=\"mec-event-date mec-color\"><i class=\"mec-sl-calendar\"><\/i> <span class=\"mec-start-date-label\">Okt. 24 2023<\/span><span class=\"mec-end-date-label\" itemprop=\"endDate\"> - Nov. 19 2026<\/span><\/div>\n                        <div class=\"mec-event-time mec-color\"><\/div>\n                                                                                <h4 class=\"mec-event-title\"><a class=\"mec-color-hover\" data-event-id=\"23784\" href=\"https:\/\/old-vianden.digitalvision.lu\/?mec-events=analyse-moalzbaach-cuve-24-10-2023&#038;occurrence=2023-10-24\" target=\"_self\" rel=\"noopener\">Analyse  Moalzbaach (cuve) &#8211; 24.10.2023<\/a><\/h4>\n                                                                                                                                                    <\/article>\n                        <article class=\"mec-event-article  mec-clear  mec-divider-toggle mec-toggle-202310-23432\" itemscope>\n                                    <div class=\"mec-event-image\"><a class=\"mec-color-hover\" data-event-id=\"23790\" href=\"https:\/\/old-vianden.digitalvision.lu\/?mec-events=analyse-lokalscheier-cuve-24-10-2023&#038;occurrence=2023-10-24\" target=\"_self\" rel=\"noopener\"><\/a><\/div>\n                                            <div class=\"mec-event-date mec-color\"><i class=\"mec-sl-calendar\"><\/i> <span class=\"mec-start-date-label\">Okt. 24 2023<\/span><span class=\"mec-end-date-label\" itemprop=\"endDate\"> - Nov. 18 2026<\/span><\/div>\n                        <div class=\"mec-event-time mec-color\"><\/div>\n                                                                                <h4 class=\"mec-event-title\"><a class=\"mec-color-hover\" data-event-id=\"23790\" href=\"https:\/\/old-vianden.digitalvision.lu\/?mec-events=analyse-lokalscheier-cuve-24-10-2023&#038;occurrence=2023-10-24\" target=\"_self\" rel=\"noopener\">Analyse Lokalscheier (cuve) &#8211; 24.10.2023<\/a><\/h4>\n                                                                                                                                                    <\/article>\n            \t\t\t<\/div>\n<\/div>\n\n    <\/div>\n    <div class=\"mec-skin-list-no-events-container mec-util-hidden\" id=\"mec_skin_no_events_23432\">\n        Keine Veranstaltung gefunden    <\/div>\n    \n    \n<\/div>\n[\/vc_column_text][\/vc_column][\/vc_row]<\/p>\n<\/div>","protected":false},"excerpt":{"rendered":"<p>[vc_row][vc_column][vc_column_text]Le e-Raider r\u00e9pertorie les avis officiels de la commune de Vianden, tels qu&#8217;ils sont affich\u00e9s dans le raider classique devant la mairie. Ceci constitue un service suppl\u00e9mentaire offert aux citoyens sans pour autant se baser sur une base l\u00e9gale. Par cons\u00e9quent, uniquement le raider classique fait foi (sauf disposition l\u00e9gale contraire).[\/vc_column_text][vc_column_text][\/vc_column_text][vc_column_text][\/vc_column_text][\/vc_column][\/vc_row]<\/p>\n","protected":false},"author":7,"featured_media":0,"parent":21373,"menu_order":0,"comment_status":"closed","ping_status":"closed","template":"","meta":[],"class_list":["post-23420","page","type-page","status-publish","hentry","description-off"],"translation":{"provider":"WPGlobus","version":"2.12.2","language":"de","enabled_languages":["de","fr"],"languages":{"de":{"title":true,"content":true,"excerpt":false},"fr":{"title":false,"content":false,"excerpt":false}}},"publishpress_future_action":{"enabled":false,"date":"2026-04-14 21:25:12","action":"change-status","newStatus":"draft","terms":[],"taxonomy":""},"_links":{"self":[{"href":"https:\/\/old-vianden.digitalvision.lu\/index.php?rest_route=\/wp\/v2\/pages\/23420","targetHints":{"allow":["GET"]}}],"collection":[{"href":"https:\/\/old-vianden.digitalvision.lu\/index.php?rest_route=\/wp\/v2\/pages"}],"about":[{"href":"https:\/\/old-vianden.digitalvision.lu\/index.php?rest_route=\/wp\/v2\/types\/page"}],"author":[{"embeddable":true,"href":"https:\/\/old-vianden.digitalvision.lu\/index.php?rest_route=\/wp\/v2\/users\/7"}],"replies":[{"embeddable":true,"href":"https:\/\/old-vianden.digitalvision.lu\/index.php?rest_route=%2Fwp%2Fv2%2Fcomments&post=23420"}],"version-history":[{"count":5,"href":"https:\/\/old-vianden.digitalvision.lu\/index.php?rest_route=\/wp\/v2\/pages\/23420\/revisions"}],"predecessor-version":[{"id":23438,"href":"https:\/\/old-vianden.digitalvision.lu\/index.php?rest_route=\/wp\/v2\/pages\/23420\/revisions\/23438"}],"up":[{"embeddable":true,"href":"https:\/\/old-vianden.digitalvision.lu\/index.php?rest_route=\/wp\/v2\/pages\/21373"}],"wp:attachment":[{"href":"https:\/\/old-vianden.digitalvision.lu\/index.php?rest_route=%2Fwp%2Fv2%2Fmedia&parent=23420"}],"curies":[{"name":"wp","href":"https:\/\/api.w.org\/{rel}","templated":true}]}}