{"id":22924,"date":"2023-05-30T13:56:28","date_gmt":"2023-05-30T11:56:28","guid":{"rendered":"https:\/\/old-vianden.digitalvision.lu\/?page_id=22924"},"modified":"2023-07-24T14:04:19","modified_gmt":"2023-07-24T12:04:19","slug":"reunion-du-conseil-communal-le-vendredi-26-mai-2023","status":"publish","type":"page","link":"https:\/\/old-vianden.digitalvision.lu\/?page_id=22924","title":{"rendered":"R\u00e9union du Conseil Communal le vendredi 26 mai 2023"},"content":{"rendered":"<div class=\"wpb-content-wrapper\"><p>[vc_row][vc_column][vc_column_text]<strong>Conseil Communal \u00a0le vendredi 26 mai 2023 \u00e0 14h00 heures<span class=\"Apple-converted-space\"> Centre Culturel Larei en la salle Bessling<\/span><\/strong><\/p>\n<p>Pr\u00e9sents: TONINO Claude, bourgmestre, ESTEVES Kevin, \u00e9chevin \u2013 \u00a0KLASEN Jengel, \u00e9chevin \u2013 \u00a0 MAJERUS Henri, HEINTZEN Joe, DINIS ANDRADE C\u00e9sar, \u00a0MALERBA Paolo, \u00a0conseillers<\/p>\n<p>Excus\u00e9: LEONARDY Frank, conseiller<\/p>\n<p>Pol SCHAUS, secr\u00e9taire[\/vc_column_text][\/vc_column][\/vc_row][vc_row][vc_column][vc_empty_space][\/vc_column][\/vc_row][vc_row][vc_column][vc_text_separator title=&#8221;Ordre du jour&#8221; color=&#8221;juicy_pink&#8221;][\/vc_column][\/vc_row][vc_row][vc_column][vc_empty_space][\/vc_column][\/vc_row][vc_row][vc_column][vc_column_text]<strong>1. D\u00e9signation d\u2019un local pour les conseils communaux<\/strong><\/p>\n<!--[if lt IE 9]><script>document.createElement('audio');<\/script><![endif]-->\n<audio class=\"wp-audio-shortcode\" id=\"audio-22924-1\" preload=\"none\" style=\"width: 100%;\" controls=\"controls\"><source type=\"audio\/mpeg\" src=\"https:\/\/old-vianden.digitalvision.lu\/wp-content\/uploads\/2023\/05\/P1.mp3?_=1\" \/><a href=\"https:\/\/old-vianden.digitalvision.lu\/wp-content\/uploads\/2023\/05\/P1.mp3\">https:\/\/old-vianden.digitalvision.lu\/wp-content\/uploads\/2023\/05\/P1.mp3<\/a><\/audio>\n<p>[\/vc_column_text][vc_empty_space][\/vc_column][\/vc_row][vc_row][vc_column][vc_column_text]<strong>2. Communication des d\u00e9cisions prises \u00e0 huis clos<\/strong><\/p>\n<audio class=\"wp-audio-shortcode\" id=\"audio-22924-2\" preload=\"none\" style=\"width: 100%;\" controls=\"controls\"><source type=\"audio\/mpeg\" src=\"https:\/\/old-vianden.digitalvision.lu\/wp-content\/uploads\/2023\/05\/P2-huis-clos.mp3?_=2\" \/><a href=\"https:\/\/old-vianden.digitalvision.lu\/wp-content\/uploads\/2023\/05\/P2-huis-clos.mp3\">https:\/\/old-vianden.digitalvision.lu\/wp-content\/uploads\/2023\/05\/P2-huis-clos.mp3<\/a><\/audio>\n<p>[\/vc_column_text][\/vc_column][\/vc_row][vc_row][vc_column][vc_column_text]<strong>3. Communications du coll\u00e8ge \u00e9chevinal<\/strong><\/p>\n<audio class=\"wp-audio-shortcode\" id=\"audio-22924-3\" preload=\"none\" style=\"width: 100%;\" controls=\"controls\"><source type=\"audio\/mpeg\" src=\"https:\/\/old-vianden.digitalvision.lu\/wp-content\/uploads\/2023\/05\/P3communication.mp3?_=3\" \/><a href=\"https:\/\/old-vianden.digitalvision.lu\/wp-content\/uploads\/2023\/05\/P3communication.mp3\">https:\/\/old-vianden.digitalvision.lu\/wp-content\/uploads\/2023\/05\/P3communication.mp3<\/a><\/audio>\n<p>[\/vc_column_text][vc_empty_space][\/vc_column][\/vc_row][vc_row][vc_column][vc_column_text]<strong>4. Organisation scolaire provisoire 2023\/2024<\/strong>[\/vc_column_text][vc_column_text]<strong>5. Plan d\u2019encadrement p\u00e9riscolaire<\/strong>[\/vc_column_text][vc_column_text]<strong>6. Plan de d\u00e9veloppement scolaire<\/strong>[\/vc_column_text][vc_column_text]<strong>7. Approbation des sorties p\u00e9dagogiques<\/strong><\/p>\n<audio class=\"wp-audio-shortcode\" id=\"audio-22924-4\" preload=\"none\" style=\"width: 100%;\" controls=\"controls\"><source type=\"audio\/mpeg\" src=\"https:\/\/old-vianden.digitalvision.lu\/wp-content\/uploads\/2023\/05\/P4_5_6_7-Scolaires.mp3?_=4\" \/><a href=\"https:\/\/old-vianden.digitalvision.lu\/wp-content\/uploads\/2023\/05\/P4_5_6_7-Scolaires.mp3\">https:\/\/old-vianden.digitalvision.lu\/wp-content\/uploads\/2023\/05\/P4_5_6_7-Scolaires.mp3<\/a><\/audio>\n<p>[\/vc_column_text][\/vc_column][\/vc_row][vc_row][vc_column][vc_empty_space][\/vc_column][\/vc_row][vc_row][vc_column][vc_column_text]<strong>8. Approbation de l\u2019avant-projet d\u00e9finitif pour l\u2019am\u00e9nagement de la nouvelle maison relais<\/strong><\/p>\n<audio class=\"wp-audio-shortcode\" id=\"audio-22924-5\" preload=\"none\" style=\"width: 100%;\" controls=\"controls\"><source type=\"audio\/mpeg\" src=\"https:\/\/old-vianden.digitalvision.lu\/wp-content\/uploads\/2023\/05\/P8_avant_projet_detaille.mp3?_=5\" \/><a href=\"https:\/\/old-vianden.digitalvision.lu\/wp-content\/uploads\/2023\/05\/P8_avant_projet_detaille.mp3\">https:\/\/old-vianden.digitalvision.lu\/wp-content\/uploads\/2023\/05\/P8_avant_projet_detaille.mp3<\/a><\/audio>\n<p>[\/vc_column_text][vc_empty_space][\/vc_column][\/vc_row][vc_row][vc_column][vc_column_text]<strong>9.\u00a0<\/strong><strong>Pr\u00e9sentation des plans du centre m\u00e9dical<span class=\"Apple-converted-space\">\u00a0<\/span><\/strong><\/p>\n<audio class=\"wp-audio-shortcode\" id=\"audio-22924-6\" preload=\"none\" style=\"width: 100%;\" controls=\"controls\"><source type=\"audio\/mpeg\" src=\"https:\/\/old-vianden.digitalvision.lu\/wp-content\/uploads\/2023\/05\/p9_Centre_Med.mp3?_=6\" \/><a href=\"https:\/\/old-vianden.digitalvision.lu\/wp-content\/uploads\/2023\/05\/p9_Centre_Med.mp3\">https:\/\/old-vianden.digitalvision.lu\/wp-content\/uploads\/2023\/05\/p9_Centre_Med.mp3<\/a><\/audio>\n<p>[\/vc_column_text][vc_empty_space][\/vc_column][\/vc_row][vc_row][vc_column][vc_column_text]<b>1<\/b><strong>0. Modification du r\u00e8glement cadeau et don<\/strong><\/p>\n<audio class=\"wp-audio-shortcode\" id=\"audio-22924-7\" preload=\"none\" style=\"width: 100%;\" controls=\"controls\"><source type=\"audio\/mpeg\" src=\"https:\/\/old-vianden.digitalvision.lu\/wp-content\/uploads\/2023\/05\/p10_Don.mp3?_=7\" \/><a href=\"https:\/\/old-vianden.digitalvision.lu\/wp-content\/uploads\/2023\/05\/p10_Don.mp3\">https:\/\/old-vianden.digitalvision.lu\/wp-content\/uploads\/2023\/05\/p10_Don.mp3<\/a><\/audio>\n<p>[\/vc_column_text][vc_empty_space][\/vc_column][\/vc_row][vc_row][vc_column][vc_column_text]<strong>11. Fixation de l\u2019indemnit\u00e9 pour la distribution des lettres de convocation relatives aux \u00e9lections communales du 11 juin 2023<\/strong><\/p>\n<audio class=\"wp-audio-shortcode\" id=\"audio-22924-8\" preload=\"none\" style=\"width: 100%;\" controls=\"controls\"><source type=\"audio\/mpeg\" src=\"https:\/\/old-vianden.digitalvision.lu\/wp-content\/uploads\/2023\/05\/P11_lettres.mp3?_=8\" \/><a href=\"https:\/\/old-vianden.digitalvision.lu\/wp-content\/uploads\/2023\/05\/P11_lettres.mp3\">https:\/\/old-vianden.digitalvision.lu\/wp-content\/uploads\/2023\/05\/P11_lettres.mp3<\/a><\/audio>\n<p>[\/vc_column_text][vc_empty_space][\/vc_column][\/vc_row][vc_row][vc_column][vc_column_text]<strong>12. Modifications budg\u00e9taires<span class=\"Apple-converted-space\">\u00a0<\/span><\/strong><\/p>\n<audio class=\"wp-audio-shortcode\" id=\"audio-22924-9\" preload=\"none\" style=\"width: 100%;\" controls=\"controls\"><source type=\"audio\/mpeg\" src=\"https:\/\/old-vianden.digitalvision.lu\/wp-content\/uploads\/2023\/05\/p12_Modif_Budget.mp3?_=9\" \/><a href=\"https:\/\/old-vianden.digitalvision.lu\/wp-content\/uploads\/2023\/05\/p12_Modif_Budget.mp3\">https:\/\/old-vianden.digitalvision.lu\/wp-content\/uploads\/2023\/05\/p12_Modif_Budget.mp3<\/a><\/audio>\n<p>[\/vc_column_text][vc_empty_space][\/vc_column][\/vc_row][vc_row][vc_column][vc_column_text]<strong>13. Approbation d&#8217;un compromis de vente pour l&#8217;acquisition d&#8217;un immeuble<\/strong><\/p>\n<audio class=\"wp-audio-shortcode\" id=\"audio-22924-10\" preload=\"none\" style=\"width: 100%;\" controls=\"controls\"><source type=\"audio\/mpeg\" src=\"https:\/\/old-vianden.digitalvision.lu\/wp-content\/uploads\/2023\/05\/p13_compromis_de_vente.mp3?_=10\" \/><a href=\"https:\/\/old-vianden.digitalvision.lu\/wp-content\/uploads\/2023\/05\/p13_compromis_de_vente.mp3\">https:\/\/old-vianden.digitalvision.lu\/wp-content\/uploads\/2023\/05\/p13_compromis_de_vente.mp3<\/a><\/audio>\n<p>[\/vc_column_text][vc_empty_space][\/vc_column][\/vc_row][vc_row][vc_column][vc_column_text]<strong>14. Exercice d&#8217;un droit de pr\u00e9emption pour l&#8217;acquisition d&#8217;un immeuble<\/strong><\/p>\n<audio class=\"wp-audio-shortcode\" id=\"audio-22924-11\" preload=\"none\" style=\"width: 100%;\" controls=\"controls\"><source type=\"audio\/mpeg\" src=\"https:\/\/old-vianden.digitalvision.lu\/wp-content\/uploads\/2023\/05\/p14_preemption.mp3?_=11\" \/><a href=\"https:\/\/old-vianden.digitalvision.lu\/wp-content\/uploads\/2023\/05\/p14_preemption.mp3\">https:\/\/old-vianden.digitalvision.lu\/wp-content\/uploads\/2023\/05\/p14_preemption.mp3<\/a><\/audio>\n<p>[\/vc_column_text][vc_empty_space][\/vc_column][\/vc_row][vc_row][vc_column][vc_column_text]<strong>15. D\u00e9cision de principe de contracter un\u00a0emprunt\u00a0bancaire<\/strong><\/p>\n<audio class=\"wp-audio-shortcode\" id=\"audio-22924-12\" preload=\"none\" style=\"width: 100%;\" controls=\"controls\"><source type=\"audio\/mpeg\" src=\"https:\/\/old-vianden.digitalvision.lu\/wp-content\/uploads\/2023\/05\/p15_emprunt.mp3?_=12\" \/><a href=\"https:\/\/old-vianden.digitalvision.lu\/wp-content\/uploads\/2023\/05\/p15_emprunt.mp3\">https:\/\/old-vianden.digitalvision.lu\/wp-content\/uploads\/2023\/05\/p15_emprunt.mp3<\/a><\/audio>\n<p>[\/vc_column_text][vc_empty_space][\/vc_column][\/vc_row][vc_row][vc_column][vc_column_text]<strong>16. D\u00e9cision de principe de recourir \u00e0 un cr\u00e9dit-bail pour l\u2019acquisition d\u2019un camion<\/strong><\/p>\n<audio class=\"wp-audio-shortcode\" id=\"audio-22924-13\" preload=\"none\" style=\"width: 100%;\" controls=\"controls\"><source type=\"audio\/mpeg\" src=\"https:\/\/old-vianden.digitalvision.lu\/wp-content\/uploads\/2023\/05\/p16Camion.mp3?_=13\" \/><a href=\"https:\/\/old-vianden.digitalvision.lu\/wp-content\/uploads\/2023\/05\/p16Camion.mp3\">https:\/\/old-vianden.digitalvision.lu\/wp-content\/uploads\/2023\/05\/p16Camion.mp3<\/a><\/audio>\n<p>[\/vc_column_text][vc_empty_space][\/vc_column][\/vc_row][vc_row][vc_column][vc_column_text]<strong>17\u00a0Approbation d\u2019un subside extraordinaire pour l\u2019Entente Baachefest<\/strong><\/p>\n<audio class=\"wp-audio-shortcode\" id=\"audio-22924-14\" preload=\"none\" style=\"width: 100%;\" controls=\"controls\"><source type=\"audio\/mpeg\" src=\"https:\/\/old-vianden.digitalvision.lu\/wp-content\/uploads\/2023\/05\/p17_subside_baachefest.mp3?_=14\" \/><a href=\"https:\/\/old-vianden.digitalvision.lu\/wp-content\/uploads\/2023\/05\/p17_subside_baachefest.mp3\">https:\/\/old-vianden.digitalvision.lu\/wp-content\/uploads\/2023\/05\/p17_subside_baachefest.mp3<\/a><\/audio>\n<p>[\/vc_column_text][vc_empty_space][\/vc_column][\/vc_row][vc_row][vc_column][vc_column_text]<strong>18. Approbation d\u2019un subside extraordinaire pour la restauration des drapeaux<\/strong><\/p>\n<audio class=\"wp-audio-shortcode\" id=\"audio-22924-15\" preload=\"none\" style=\"width: 100%;\" controls=\"controls\"><source type=\"audio\/mpeg\" src=\"https:\/\/old-vianden.digitalvision.lu\/wp-content\/uploads\/2023\/05\/p18_subside_drapeau.mp3?_=15\" \/><a href=\"https:\/\/old-vianden.digitalvision.lu\/wp-content\/uploads\/2023\/05\/p18_subside_drapeau.mp3\">https:\/\/old-vianden.digitalvision.lu\/wp-content\/uploads\/2023\/05\/p18_subside_drapeau.mp3<\/a><\/audio>\n<p>[\/vc_column_text][vc_empty_space][\/vc_column][\/vc_row][vc_row][vc_column][vc_column_text]<strong>19. Modification r\u00e8glement et r\u00e8glement-taxe pour la mise \u00e0 disposition de v\u00e9hicules de service<\/strong><\/p>\n<audio class=\"wp-audio-shortcode\" id=\"audio-22924-16\" preload=\"none\" style=\"width: 100%;\" controls=\"controls\"><source type=\"audio\/mpeg\" src=\"https:\/\/old-vianden.digitalvision.lu\/wp-content\/uploads\/2023\/05\/p19taxe_mis_a_disposition_vehicules.mp3?_=16\" \/><a href=\"https:\/\/old-vianden.digitalvision.lu\/wp-content\/uploads\/2023\/05\/p19taxe_mis_a_disposition_vehicules.mp3\">https:\/\/old-vianden.digitalvision.lu\/wp-content\/uploads\/2023\/05\/p19taxe_mis_a_disposition_vehicules.mp3<\/a><\/audio>\n<p>[\/vc_column_text][vc_empty_space][\/vc_column][\/vc_row][vc_row][vc_column][vc_column_text]<strong>20. Approbation du r\u00e8glement interne des permanences du Service des R\u00e9gies<\/strong><\/p>\n<audio class=\"wp-audio-shortcode\" id=\"audio-22924-17\" preload=\"none\" style=\"width: 100%;\" controls=\"controls\"><source type=\"audio\/mpeg\" src=\"https:\/\/old-vianden.digitalvision.lu\/wp-content\/uploads\/2023\/05\/P20_permanences.mp3?_=17\" \/><a href=\"https:\/\/old-vianden.digitalvision.lu\/wp-content\/uploads\/2023\/05\/P20_permanences.mp3\">https:\/\/old-vianden.digitalvision.lu\/wp-content\/uploads\/2023\/05\/P20_permanences.mp3<\/a><\/audio>\n<p>[\/vc_column_text][vc_empty_space][\/vc_column][\/vc_row][vc_row][vc_column][vc_column_text]<strong>21. Projet de r\u00e9union parcellaires<\/strong><\/p>\n<audio class=\"wp-audio-shortcode\" id=\"audio-22924-18\" preload=\"none\" style=\"width: 100%;\" controls=\"controls\"><source type=\"audio\/mpeg\" src=\"https:\/\/old-vianden.digitalvision.lu\/wp-content\/uploads\/2023\/05\/P21parcellaires.mp3?_=18\" \/><a href=\"https:\/\/old-vianden.digitalvision.lu\/wp-content\/uploads\/2023\/05\/P21parcellaires.mp3\">https:\/\/old-vianden.digitalvision.lu\/wp-content\/uploads\/2023\/05\/P21parcellaires.mp3<\/a><\/audio>\n<p>[\/vc_column_text][vc_empty_space][\/vc_column][\/vc_row][vc_row][vc_column][vc_column_text]<strong>22. D\u00e9comptes<\/strong><\/p>\n<ol>\n<li style=\"list-style-type: none;\">\n<ol>\n<li>Agrandissement Maison relais<\/li>\n<li>Etude pour la construction d\u2019un chauffage par copeaux de bois<\/li>\n<li>Etude pour la construction d\u2019une pompe \u00e0 chaleur pour le r\u00e9chauffement de l\u2019eau de la piscine en plein air<\/li>\n<li>R\u00e9fection rue am Schank<\/li>\n<li>Construction d\u2019un r\u00e9servoir d\u2019eau au Schank<\/li>\n<li>Travaux de raccordement au r\u00e9servoir d\u2019eau potable Spier<\/li>\n<li>Travaux aux installations sanitaires au terrain de football \u00ab\u00a0am Komp\u00a0\u00bb<\/li>\n<li>Piscine\u00a0: divers travaux dans l\u2019int\u00e9r\u00eats des infrastructures<\/li>\n<li>Restauration Veianer Konstgalerie (ancien Hangars Dettweiler)<\/li>\n<\/ol>\n<\/li>\n<\/ol>\n<audio class=\"wp-audio-shortcode\" id=\"audio-22924-19\" preload=\"none\" style=\"width: 100%;\" controls=\"controls\"><source type=\"audio\/mpeg\" src=\"https:\/\/old-vianden.digitalvision.lu\/wp-content\/uploads\/2023\/05\/P22decomptes.mp3?_=19\" \/><a href=\"https:\/\/old-vianden.digitalvision.lu\/wp-content\/uploads\/2023\/05\/P22decomptes.mp3\">https:\/\/old-vianden.digitalvision.lu\/wp-content\/uploads\/2023\/05\/P22decomptes.mp3<\/a><\/audio>\n<p>[\/vc_column_text][vc_empty_space][\/vc_column][\/vc_row][vc_row][vc_column][vc_column_text]<strong>23. Accord de principe pour l\u2019apaisement rue du Vieux March\u00e9<\/strong><\/p>\n<audio class=\"wp-audio-shortcode\" id=\"audio-22924-20\" preload=\"none\" style=\"width: 100%;\" controls=\"controls\"><source type=\"audio\/mpeg\" src=\"https:\/\/old-vianden.digitalvision.lu\/wp-content\/uploads\/2023\/05\/P23apaisement.mp3?_=20\" \/><a href=\"https:\/\/old-vianden.digitalvision.lu\/wp-content\/uploads\/2023\/05\/P23apaisement.mp3\">https:\/\/old-vianden.digitalvision.lu\/wp-content\/uploads\/2023\/05\/P23apaisement.mp3<\/a><\/audio>\n<p>[\/vc_column_text][vc_empty_space][\/vc_column][\/vc_row][vc_row][vc_column][vc_column_text]<strong>24. Approbation de conventions<\/strong><\/p>\n<ol>\n<li>Insekteprojet<\/li>\n<li>Natur gen\u00e9issen<\/li>\n<\/ol>\n<audio class=\"wp-audio-shortcode\" id=\"audio-22924-21\" preload=\"none\" style=\"width: 100%;\" controls=\"controls\"><source type=\"audio\/mpeg\" src=\"https:\/\/old-vianden.digitalvision.lu\/wp-content\/uploads\/2023\/05\/P24convention.mp3?_=21\" \/><a href=\"https:\/\/old-vianden.digitalvision.lu\/wp-content\/uploads\/2023\/05\/P24convention.mp3\">https:\/\/old-vianden.digitalvision.lu\/wp-content\/uploads\/2023\/05\/P24convention.mp3<\/a><\/audio>\n<p>[\/vc_column_text][vc_empty_space][\/vc_column][\/vc_row][vc_row][vc_column][vc_column_text]<strong>25.\u00a0Approbation de contrats <\/strong><\/p>\n<ol>\n<li>Automation Center<\/li>\n<li>contrat de bail parking Victor Hugo<\/li>\n<li>contrat de travail Sofia<\/li>\n<li>contrat de service\u00a0: mesures de protection contre les inondations de l\u2019Our<\/li>\n<li>contrat de bail pour la location d\u2019un hall \u00e0 Walsdorf<\/li>\n<li>contrat de bail pour la location de parcelles au Camping Deich<\/li>\n<li>contrat de mise \u00e0 disposition pour la VIART A.S.B.L.<\/li>\n<\/ol>\n<audio class=\"wp-audio-shortcode\" id=\"audio-22924-22\" preload=\"none\" style=\"width: 100%;\" controls=\"controls\"><source type=\"audio\/mpeg\" src=\"https:\/\/old-vianden.digitalvision.lu\/wp-content\/uploads\/2023\/05\/P25contrats.mp3?_=22\" \/><a href=\"https:\/\/old-vianden.digitalvision.lu\/wp-content\/uploads\/2023\/05\/P25contrats.mp3\">https:\/\/old-vianden.digitalvision.lu\/wp-content\/uploads\/2023\/05\/P25contrats.mp3<\/a><\/audio>\n<p>[\/vc_column_text][vc_empty_space][\/vc_column][\/vc_row][vc_row][vc_column][vc_column_text]<strong>26. Approbation des r\u00e8glements de circulation<\/strong><\/p>\n<ol>\n<li>Organisation de la kermesse<\/li>\n<li>Vianden delighted<\/li>\n<li>Travaux \u00e0 une maison priv\u00e9e<\/li>\n<\/ol>\n<audio class=\"wp-audio-shortcode\" id=\"audio-22924-23\" preload=\"none\" style=\"width: 100%;\" controls=\"controls\"><source type=\"audio\/mpeg\" src=\"https:\/\/old-vianden.digitalvision.lu\/wp-content\/uploads\/2023\/05\/P26reglements_circulation.mp3?_=23\" \/><a href=\"https:\/\/old-vianden.digitalvision.lu\/wp-content\/uploads\/2023\/05\/P26reglements_circulation.mp3\">https:\/\/old-vianden.digitalvision.lu\/wp-content\/uploads\/2023\/05\/P26reglements_circulation.mp3<\/a><\/audio>\n<p>[\/vc_column_text][vc_empty_space][\/vc_column][\/vc_row][vc_row][vc_column][vc_column_text]<strong>27. Inauguration du terrain de football Jemp Rickal<\/strong><\/p>\n<audio class=\"wp-audio-shortcode\" id=\"audio-22924-24\" preload=\"none\" style=\"width: 100%;\" controls=\"controls\"><source type=\"audio\/mpeg\" src=\"https:\/\/old-vianden.digitalvision.lu\/wp-content\/uploads\/2023\/05\/P27_Terrain_Jemp_Rickal.mp3?_=24\" \/><a href=\"https:\/\/old-vianden.digitalvision.lu\/wp-content\/uploads\/2023\/05\/P27_Terrain_Jemp_Rickal.mp3\">https:\/\/old-vianden.digitalvision.lu\/wp-content\/uploads\/2023\/05\/P27_Terrain_Jemp_Rickal.mp3<\/a><\/audio>\n<p>[\/vc_column_text][vc_empty_space][\/vc_column][\/vc_row][vc_row][vc_column][vc_column_text]<strong>28. Divers \u2013 Droit d\u2019initiative du conseiller communal, questions \u00e9crites et orales<\/strong><\/p>\n<audio class=\"wp-audio-shortcode\" id=\"audio-22924-25\" preload=\"none\" style=\"width: 100%;\" controls=\"controls\"><source type=\"audio\/mpeg\" src=\"https:\/\/old-vianden.digitalvision.lu\/wp-content\/uploads\/2023\/05\/P28_questions.mp3?_=25\" \/><a href=\"https:\/\/old-vianden.digitalvision.lu\/wp-content\/uploads\/2023\/05\/P28_questions.mp3\">https:\/\/old-vianden.digitalvision.lu\/wp-content\/uploads\/2023\/05\/P28_questions.mp3<\/a><\/audio>\n<p>[\/vc_column_text][vc_empty_space][\/vc_column][\/vc_row]<\/p>\n<\/div>","protected":false},"excerpt":{"rendered":"<p>[vc_row][vc_column][vc_column_text]Conseil Communal \u00a0le vendredi 26 mai 2023 \u00e0 14h00 heures Centre Culturel Larei en la salle Bessling Pr\u00e9sents: TONINO Claude, bourgmestre, ESTEVES Kevin, \u00e9chevin \u2013 \u00a0KLASEN Jengel, \u00e9chevin \u2013 \u00a0 MAJERUS Henri, HEINTZEN Joe, DINIS ANDRADE C\u00e9sar, \u00a0MALERBA Paolo, \u00a0conseillers Excus\u00e9: LEONARDY Frank, conseiller Pol SCHAUS, secr\u00e9taire[\/vc_column_text][\/vc_column][\/vc_row][vc_row][vc_column][vc_empty_space][\/vc_column][\/vc_row][vc_row][vc_column][vc_text_separator title=&#8221;Ordre du jour&#8221; color=&#8221;juicy_pink&#8221;][\/vc_column][\/vc_row][vc_row][vc_column][vc_empty_space][\/vc_column][\/vc_row][vc_row][vc_column][vc_column_text]1. D\u00e9signation d\u2019un local pour&hellip;<\/p>\n","protected":false},"author":2,"featured_media":16953,"parent":0,"menu_order":0,"comment_status":"closed","ping_status":"closed","template":"","meta":[],"class_list":["post-22924","page","type-page","status-publish","has-post-thumbnail","hentry","description-off"],"translation":{"provider":"WPGlobus","version":"2.12.2","language":"de","enabled_languages":["de","fr"],"languages":{"de":{"title":true,"content":true,"excerpt":false},"fr":{"title":false,"content":false,"excerpt":false}}},"publishpress_future_action":{"enabled":false,"date":"2026-04-14 22:47:13","action":"change-status","newStatus":"draft","terms":[],"taxonomy":""},"_links":{"self":[{"href":"https:\/\/old-vianden.digitalvision.lu\/index.php?rest_route=\/wp\/v2\/pages\/22924","targetHints":{"allow":["GET"]}}],"collection":[{"href":"https:\/\/old-vianden.digitalvision.lu\/index.php?rest_route=\/wp\/v2\/pages"}],"about":[{"href":"https:\/\/old-vianden.digitalvision.lu\/index.php?rest_route=\/wp\/v2\/types\/page"}],"author":[{"embeddable":true,"href":"https:\/\/old-vianden.digitalvision.lu\/index.php?rest_route=\/wp\/v2\/users\/2"}],"replies":[{"embeddable":true,"href":"https:\/\/old-vianden.digitalvision.lu\/index.php?rest_route=%2Fwp%2Fv2%2Fcomments&post=22924"}],"version-history":[{"count":7,"href":"https:\/\/old-vianden.digitalvision.lu\/index.php?rest_route=\/wp\/v2\/pages\/22924\/revisions"}],"predecessor-version":[{"id":22967,"href":"https:\/\/old-vianden.digitalvision.lu\/index.php?rest_route=\/wp\/v2\/pages\/22924\/revisions\/22967"}],"wp:featuredmedia":[{"embeddable":true,"href":"https:\/\/old-vianden.digitalvision.lu\/index.php?rest_route=\/wp\/v2\/media\/16953"}],"wp:attachment":[{"href":"https:\/\/old-vianden.digitalvision.lu\/index.php?rest_route=%2Fwp%2Fv2%2Fmedia&parent=22924"}],"curies":[{"name":"wp","href":"https:\/\/api.w.org\/{rel}","templated":true}]}}