{"id":22780,"date":"2023-04-04T11:16:28","date_gmt":"2023-04-04T09:16:28","guid":{"rendered":"https:\/\/old-vianden.digitalvision.lu\/?page_id=22780"},"modified":"2023-04-04T11:25:09","modified_gmt":"2023-04-04T09:25:09","slug":"reunion-du-conseil-communal-le-vendredi-31-mars-2023","status":"publish","type":"page","link":"https:\/\/old-vianden.digitalvision.lu\/?page_id=22780","title":{"rendered":"R\u00e9union du Conseil Communal \u00a0le vendredi 31 mars 2023"},"content":{"rendered":"<div class=\"wpb-content-wrapper\"><p>[vc_row][vc_column][vc_column_text]<strong>Conseil Communal \u00a0le vendredi 31 mars 2023 \u00e0 14h00 heures<span class=\"Apple-converted-space\"> Centre Culturel Larei en la salle Bessling<\/span><\/strong><\/p>\n<p>Pr\u00e9sents: TONINO Claude, bourgmestre, ESTEVES Kevin, \u00e9chevin \u2013 \u00a0KLASEN Jengel, \u00e9chevin \u2013 \u00a0 MAJERUS Henri, HEINTZEN Joe, DINIS ANDRADE C\u00e9sar, LEONARDY Frank, \u00a0conseillers<\/p>\n<p>Excus\u00e9: \u00a0MALERBA Paolo, conseiller<\/p>\n<p>Pol SCHAUS, secr\u00e9taire[\/vc_column_text][\/vc_column][\/vc_row][vc_row][vc_column][vc_empty_space][\/vc_column][\/vc_row][vc_row][vc_column][vc_text_separator title=&#8221;ORDRE DU JOUR&#8221;][vc_empty_space][\/vc_column][\/vc_row][vc_row][vc_column][vc_column_text]<strong>Mot de bienvenue et modification de l\u2019ordre du jour<\/strong><\/p>\n<!--[if lt IE 9]><script>document.createElement('audio');<\/script><![endif]-->\n<audio class=\"wp-audio-shortcode\" id=\"audio-22780-1\" preload=\"none\" style=\"width: 100%;\" controls=\"controls\"><source type=\"audio\/mpeg\" src=\"https:\/\/old-vianden.digitalvision.lu\/wp-content\/uploads\/2023\/04\/Bienvenue_ODJ.mp3?_=1\" \/><a href=\"https:\/\/old-vianden.digitalvision.lu\/wp-content\/uploads\/2023\/04\/Bienvenue_ODJ.mp3\">https:\/\/old-vianden.digitalvision.lu\/wp-content\/uploads\/2023\/04\/Bienvenue_ODJ.mp3<\/a><\/audio>\n<p>[\/vc_column_text][vc_empty_space][\/vc_column][\/vc_row][vc_row][vc_column][vc_column_text]<strong>1. Communications du coll\u00e8ge \u00e9chevinal<\/strong><\/p>\n<audio class=\"wp-audio-shortcode\" id=\"audio-22780-2\" preload=\"none\" style=\"width: 100%;\" controls=\"controls\"><source type=\"audio\/mpeg\" src=\"https:\/\/old-vianden.digitalvision.lu\/wp-content\/uploads\/2023\/04\/1_Communications.mp3?_=2\" \/><a href=\"https:\/\/old-vianden.digitalvision.lu\/wp-content\/uploads\/2023\/04\/1_Communications.mp3\">https:\/\/old-vianden.digitalvision.lu\/wp-content\/uploads\/2023\/04\/1_Communications.mp3<\/a><\/audio>\n<p>[\/vc_column_text][vc_empty_space][\/vc_column][\/vc_row][vc_row][vc_column][vc_column_text]<strong>2. Communication des d\u00e9cisions prises \u00e0 huis clos<\/strong><\/p>\n<audio class=\"wp-audio-shortcode\" id=\"audio-22780-3\" preload=\"none\" style=\"width: 100%;\" controls=\"controls\"><source type=\"audio\/mpeg\" src=\"https:\/\/old-vianden.digitalvision.lu\/wp-content\/uploads\/2023\/04\/2-huis-clos.mp3?_=3\" \/><a href=\"https:\/\/old-vianden.digitalvision.lu\/wp-content\/uploads\/2023\/04\/2-huis-clos.mp3\">https:\/\/old-vianden.digitalvision.lu\/wp-content\/uploads\/2023\/04\/2-huis-clos.mp3<\/a><\/audio>\n<p>[\/vc_column_text][vc_empty_space][\/vc_column][\/vc_row][vc_row][vc_column][vc_column_text]<strong>3. Modifications ponctuelles du PAG<\/strong><\/p>\n<audio class=\"wp-audio-shortcode\" id=\"audio-22780-4\" preload=\"none\" style=\"width: 100%;\" controls=\"controls\"><source type=\"audio\/mpeg\" src=\"https:\/\/old-vianden.digitalvision.lu\/wp-content\/uploads\/2023\/04\/3-Modif-Ponc_PAG.mp3?_=4\" \/><a href=\"https:\/\/old-vianden.digitalvision.lu\/wp-content\/uploads\/2023\/04\/3-Modif-Ponc_PAG.mp3\">https:\/\/old-vianden.digitalvision.lu\/wp-content\/uploads\/2023\/04\/3-Modif-Ponc_PAG.mp3<\/a><\/audio>\n<p>[\/vc_column_text][vc_empty_space][\/vc_column][\/vc_row][vc_row][vc_column][vc_column_text]<strong>4. Pr\u00e9sentation du PPF<\/strong><\/p>\n<audio class=\"wp-audio-shortcode\" id=\"audio-22780-5\" preload=\"none\" style=\"width: 100%;\" controls=\"controls\"><source type=\"audio\/mpeg\" src=\"https:\/\/old-vianden.digitalvision.lu\/wp-content\/uploads\/2023\/04\/4-presentation-ppf.mp3?_=5\" \/><a href=\"https:\/\/old-vianden.digitalvision.lu\/wp-content\/uploads\/2023\/04\/4-presentation-ppf.mp3\">https:\/\/old-vianden.digitalvision.lu\/wp-content\/uploads\/2023\/04\/4-presentation-ppf.mp3<\/a><\/audio>\n<p>[\/vc_column_text][vc_column_text]<div id=\"wppdfemb-frame-container-2\"><iframe id=\"wppdf-emb-iframe-2\" scrolling=\"no\" data-pdf-index=\"2\" class=\"pdfembed-iframe nonfullscreen\" style=\"border: none; width:100%; max-width: 100%; min-height: 1000px;\" src=\"https:\/\/old-vianden.digitalvision.lu?url=https%3A%2F%2Fold-vianden.digitalvision.lu%2Fwp-content%2Fuploads%2F2023%2F04%2FImpact-Piscine-Vf_CC.pdf&title=Impact+Piscine+Vf_CC&pdfID=2&index=2\" ><\/iframe><\/div>[\/vc_column_text][vc_empty_space][\/vc_column][\/vc_row][vc_row][vc_column][vc_column_text]<strong>5. Approbation du prix du repas sur roues<\/strong><\/p>\n<audio class=\"wp-audio-shortcode\" id=\"audio-22780-6\" preload=\"none\" style=\"width: 100%;\" controls=\"controls\"><source type=\"audio\/mpeg\" src=\"https:\/\/old-vianden.digitalvision.lu\/wp-content\/uploads\/2023\/04\/5-approbation-prix-repas-sur-roues.mp3?_=6\" \/><a href=\"https:\/\/old-vianden.digitalvision.lu\/wp-content\/uploads\/2023\/04\/5-approbation-prix-repas-sur-roues.mp3\">https:\/\/old-vianden.digitalvision.lu\/wp-content\/uploads\/2023\/04\/5-approbation-prix-repas-sur-roues.mp3<\/a><\/audio>\n<p>[\/vc_column_text][vc_empty_space][\/vc_column][\/vc_row][vc_row][vc_column][vc_column_text]<strong>6. Approbation du r\u00e8glement-taxe du Camping Moulin<\/strong><\/p>\n<audio class=\"wp-audio-shortcode\" id=\"audio-22780-7\" preload=\"none\" style=\"width: 100%;\" controls=\"controls\"><source type=\"audio\/mpeg\" src=\"https:\/\/old-vianden.digitalvision.lu\/wp-content\/uploads\/2023\/04\/6-approbation-taxes-camping-moulin.mp3?_=7\" \/><a href=\"https:\/\/old-vianden.digitalvision.lu\/wp-content\/uploads\/2023\/04\/6-approbation-taxes-camping-moulin.mp3\">https:\/\/old-vianden.digitalvision.lu\/wp-content\/uploads\/2023\/04\/6-approbation-taxes-camping-moulin.mp3<\/a><\/audio>\n<p>[\/vc_column_text][vc_empty_space][\/vc_column][\/vc_row][vc_row][vc_column][vc_column_text]<strong>7. Approbation du r\u00e8glement-taxe du Camping Deich<\/strong><\/p>\n<audio class=\"wp-audio-shortcode\" id=\"audio-22780-8\" preload=\"none\" style=\"width: 100%;\" controls=\"controls\"><source type=\"audio\/mpeg\" src=\"https:\/\/old-vianden.digitalvision.lu\/wp-content\/uploads\/2023\/04\/7-approbation-reglement-taxes-camping-deich.mp3?_=8\" \/><a href=\"https:\/\/old-vianden.digitalvision.lu\/wp-content\/uploads\/2023\/04\/7-approbation-reglement-taxes-camping-deich.mp3\">https:\/\/old-vianden.digitalvision.lu\/wp-content\/uploads\/2023\/04\/7-approbation-reglement-taxes-camping-deich.mp3<\/a><\/audio>\n<p>[\/vc_column_text][vc_empty_space][\/vc_column][\/vc_row][vc_row][vc_column][vc_column_text]<strong>8. Aprobation de devis<\/strong><\/p>\n<ul>\n<li>a Mesures de stabilisation du mus\u00e9e de l&#8217;histoire de la ville de Vianden<\/li>\n<li>b Evacuation des eaux parking Neigoort<\/li>\n<li>c Mesure de stabilisation du Bildcheswee<\/li>\n<\/ul>\n<audio class=\"wp-audio-shortcode\" id=\"audio-22780-9\" preload=\"none\" style=\"width: 100%;\" controls=\"controls\"><source type=\"audio\/mpeg\" src=\"https:\/\/old-vianden.digitalvision.lu\/wp-content\/uploads\/2023\/04\/8-approbation-devis.mp3?_=9\" \/><a href=\"https:\/\/old-vianden.digitalvision.lu\/wp-content\/uploads\/2023\/04\/8-approbation-devis.mp3\">https:\/\/old-vianden.digitalvision.lu\/wp-content\/uploads\/2023\/04\/8-approbation-devis.mp3<\/a><\/audio>\n<p>[\/vc_column_text][vc_empty_space][\/vc_column][\/vc_row][vc_row][vc_column][vc_column_text]<strong>9. Modifications budg\u00e9taires<\/strong><\/p>\n<audio class=\"wp-audio-shortcode\" id=\"audio-22780-10\" preload=\"none\" style=\"width: 100%;\" controls=\"controls\"><source type=\"audio\/mpeg\" src=\"https:\/\/old-vianden.digitalvision.lu\/wp-content\/uploads\/2023\/04\/9-Modif-Budget.mp3?_=10\" \/><a href=\"https:\/\/old-vianden.digitalvision.lu\/wp-content\/uploads\/2023\/04\/9-Modif-Budget.mp3\">https:\/\/old-vianden.digitalvision.lu\/wp-content\/uploads\/2023\/04\/9-Modif-Budget.mp3<\/a><\/audio>\n<p>[\/vc_column_text][vc_empty_space][\/vc_column][\/vc_row][vc_row][vc_column][vc_column_text]<strong>10. Approbation d&#8217;un subside extraordinaires<\/strong><\/p>\n<p><strong>a. ACFL<\/strong><\/p>\n<audio class=\"wp-audio-shortcode\" id=\"audio-22780-11\" preload=\"none\" style=\"width: 100%;\" controls=\"controls\"><source type=\"audio\/mpeg\" src=\"https:\/\/old-vianden.digitalvision.lu\/wp-content\/uploads\/2023\/04\/10_a_subside-ACFL.mp3?_=11\" \/><a href=\"https:\/\/old-vianden.digitalvision.lu\/wp-content\/uploads\/2023\/04\/10_a_subside-ACFL.mp3\">https:\/\/old-vianden.digitalvision.lu\/wp-content\/uploads\/2023\/04\/10_a_subside-ACFL.mp3<\/a><\/audio>\n<p><strong>b. Harmonie municipale<\/strong><\/p>\n<audio class=\"wp-audio-shortcode\" id=\"audio-22780-12\" preload=\"none\" style=\"width: 100%;\" controls=\"controls\"><source type=\"audio\/mpeg\" src=\"https:\/\/old-vianden.digitalvision.lu\/wp-content\/uploads\/2023\/04\/10__b_subside-Veiner-Musik.mp3?_=12\" \/><a href=\"https:\/\/old-vianden.digitalvision.lu\/wp-content\/uploads\/2023\/04\/10__b_subside-Veiner-Musik.mp3\">https:\/\/old-vianden.digitalvision.lu\/wp-content\/uploads\/2023\/04\/10__b_subside-Veiner-Musik.mp3<\/a><\/audio>\n<p><strong>c. colonie de vacances<\/strong><\/p>\n<audio class=\"wp-audio-shortcode\" id=\"audio-22780-13\" preload=\"none\" style=\"width: 100%;\" controls=\"controls\"><source type=\"audio\/mpeg\" src=\"https:\/\/old-vianden.digitalvision.lu\/wp-content\/uploads\/2023\/04\/10_c_subside_colonie-de-vacances.mp3?_=13\" \/><a href=\"https:\/\/old-vianden.digitalvision.lu\/wp-content\/uploads\/2023\/04\/10_c_subside_colonie-de-vacances.mp3\">https:\/\/old-vianden.digitalvision.lu\/wp-content\/uploads\/2023\/04\/10_c_subside_colonie-de-vacances.mp3<\/a><\/audio>\n<p>[\/vc_column_text][vc_empty_space][\/vc_column][\/vc_row][vc_row][vc_column][vc_column_text]<strong>11. \u00a0Approbation de contrats<\/strong><\/p>\n<p>raccordements Creos, utilisation r\u00e9seau Creos<\/p>\n<audio class=\"wp-audio-shortcode\" id=\"audio-22780-14\" preload=\"none\" style=\"width: 100%;\" controls=\"controls\"><source type=\"audio\/mpeg\" src=\"https:\/\/old-vianden.digitalvision.lu\/wp-content\/uploads\/2023\/04\/11_contrat-creos.mp3?_=14\" \/><a href=\"https:\/\/old-vianden.digitalvision.lu\/wp-content\/uploads\/2023\/04\/11_contrat-creos.mp3\">https:\/\/old-vianden.digitalvision.lu\/wp-content\/uploads\/2023\/04\/11_contrat-creos.mp3<\/a><\/audio>\n<p>[\/vc_column_text][vc_empty_space][\/vc_column][\/vc_row][vc_row][vc_column][vc_column_text]<strong>12. Approbation de la convention<\/strong><br \/>\na. TDL Organisation<br \/>\nb. CROS<\/p>\n<audio class=\"wp-audio-shortcode\" id=\"audio-22780-15\" preload=\"none\" style=\"width: 100%;\" controls=\"controls\"><source type=\"audio\/mpeg\" src=\"https:\/\/old-vianden.digitalvision.lu\/wp-content\/uploads\/2023\/04\/12_convention-TDL_Creos.mp3?_=15\" \/><a href=\"https:\/\/old-vianden.digitalvision.lu\/wp-content\/uploads\/2023\/04\/12_convention-TDL_Creos.mp3\">https:\/\/old-vianden.digitalvision.lu\/wp-content\/uploads\/2023\/04\/12_convention-TDL_Creos.mp3<\/a><\/audio>\n<p>[\/vc_column_text][vc_empty_space][\/vc_column][\/vc_row][vc_row][vc_column][vc_column_text]<strong>13. D\u00e9cision de principe d&#8217;une mise en place d&#8217;une permanence du service des r\u00e9gis<\/strong><\/p>\n<audio class=\"wp-audio-shortcode\" id=\"audio-22780-16\" preload=\"none\" style=\"width: 100%;\" controls=\"controls\"><source type=\"audio\/mpeg\" src=\"https:\/\/old-vianden.digitalvision.lu\/wp-content\/uploads\/2023\/04\/13_decision-de-principe-service-regis.mp3?_=16\" \/><a href=\"https:\/\/old-vianden.digitalvision.lu\/wp-content\/uploads\/2023\/04\/13_decision-de-principe-service-regis.mp3\">https:\/\/old-vianden.digitalvision.lu\/wp-content\/uploads\/2023\/04\/13_decision-de-principe-service-regis.mp3<\/a><\/audio>\n<p>[\/vc_column_text][vc_empty_space][\/vc_column][\/vc_row][vc_row][vc_column][vc_column_text]<strong>14. Modification du r\u00e8glement d&#8217;utilisation du t\u00e9l\u00e9si\u00e8ge<\/strong><\/p>\n<audio class=\"wp-audio-shortcode\" id=\"audio-22780-17\" preload=\"none\" style=\"width: 100%;\" controls=\"controls\"><source type=\"audio\/mpeg\" src=\"https:\/\/old-vianden.digitalvision.lu\/wp-content\/uploads\/2023\/04\/14_modif_reglement-telesiege.mp3?_=17\" \/><a href=\"https:\/\/old-vianden.digitalvision.lu\/wp-content\/uploads\/2023\/04\/14_modif_reglement-telesiege.mp3\">https:\/\/old-vianden.digitalvision.lu\/wp-content\/uploads\/2023\/04\/14_modif_reglement-telesiege.mp3<\/a><\/audio>\n<p>[\/vc_column_text][vc_empty_space][\/vc_column][\/vc_row][vc_row][vc_column][vc_column_text]<strong>15. Modification du r\u00e8glement de circulation pour le Bildcheswee<\/strong><\/p>\n<audio class=\"wp-audio-shortcode\" id=\"audio-22780-18\" preload=\"none\" style=\"width: 100%;\" controls=\"controls\"><source type=\"audio\/mpeg\" src=\"https:\/\/old-vianden.digitalvision.lu\/wp-content\/uploads\/2023\/04\/15_reglemnet-de-circulation-Bildcheswee.mp3?_=18\" \/><a href=\"https:\/\/old-vianden.digitalvision.lu\/wp-content\/uploads\/2023\/04\/15_reglemnet-de-circulation-Bildcheswee.mp3\">https:\/\/old-vianden.digitalvision.lu\/wp-content\/uploads\/2023\/04\/15_reglemnet-de-circulation-Bildcheswee.mp3<\/a><\/audio>\n<p>[\/vc_column_text][vc_empty_space][\/vc_column][\/vc_row][vc_row][vc_column][vc_column_text]<strong>16. Approbation des r\u00e8glements de circulations du conseil \u00e9chevinal<\/strong><\/p>\n<audio class=\"wp-audio-shortcode\" id=\"audio-22780-19\" preload=\"none\" style=\"width: 100%;\" controls=\"controls\"><source type=\"audio\/mpeg\" src=\"https:\/\/old-vianden.digitalvision.lu\/wp-content\/uploads\/2023\/04\/16_reglemnet-de-circulations.mp3?_=19\" \/><a href=\"https:\/\/old-vianden.digitalvision.lu\/wp-content\/uploads\/2023\/04\/16_reglemnet-de-circulations.mp3\">https:\/\/old-vianden.digitalvision.lu\/wp-content\/uploads\/2023\/04\/16_reglemnet-de-circulations.mp3<\/a><\/audio>\n<p>[\/vc_column_text][vc_empty_space][\/vc_column][\/vc_row][vc_row][vc_column][vc_column_text]<strong>17. Approbation de modification de l\u2019organisation scolaire<\/strong><\/p>\n<audio class=\"wp-audio-shortcode\" id=\"audio-22780-20\" preload=\"none\" style=\"width: 100%;\" controls=\"controls\"><source type=\"audio\/mpeg\" src=\"https:\/\/old-vianden.digitalvision.lu\/wp-content\/uploads\/2023\/04\/17-Modification-org_scolaire.mp3?_=20\" \/><a href=\"https:\/\/old-vianden.digitalvision.lu\/wp-content\/uploads\/2023\/04\/17-Modification-org_scolaire.mp3\">https:\/\/old-vianden.digitalvision.lu\/wp-content\/uploads\/2023\/04\/17-Modification-org_scolaire.mp3<\/a><\/audio>\n<p>[\/vc_column_text][vc_empty_space][\/vc_column][\/vc_row][vc_row][vc_column][vc_column_text]<strong>18<\/strong>. <strong>Divers \u2013 Droit d\u2019initiative du conseiller communal, questions \u00e9crites et orales<\/strong><\/p>\n<audio class=\"wp-audio-shortcode\" id=\"audio-22780-21\" preload=\"none\" style=\"width: 100%;\" controls=\"controls\"><source type=\"audio\/mpeg\" src=\"https:\/\/old-vianden.digitalvision.lu\/wp-content\/uploads\/2023\/04\/18_questions.mp3?_=21\" \/><a href=\"https:\/\/old-vianden.digitalvision.lu\/wp-content\/uploads\/2023\/04\/18_questions.mp3\">https:\/\/old-vianden.digitalvision.lu\/wp-content\/uploads\/2023\/04\/18_questions.mp3<\/a><\/audio>\n<p>[\/vc_column_text][\/vc_column][\/vc_row]<\/p>\n<\/div>","protected":false},"excerpt":{"rendered":"<p>[vc_row][vc_column][vc_column_text]Conseil Communal \u00a0le vendredi 31 mars 2023 \u00e0 14h00 heures Centre Culturel Larei en la salle Bessling Pr\u00e9sents: TONINO Claude, bourgmestre, ESTEVES Kevin, \u00e9chevin \u2013 \u00a0KLASEN Jengel, \u00e9chevin \u2013 \u00a0 MAJERUS Henri, HEINTZEN Joe, DINIS ANDRADE C\u00e9sar, LEONARDY Frank, \u00a0conseillers Excus\u00e9: \u00a0MALERBA Paolo, conseiller Pol SCHAUS, secr\u00e9taire[\/vc_column_text][\/vc_column][\/vc_row][vc_row][vc_column][vc_empty_space][\/vc_column][\/vc_row][vc_row][vc_column][vc_text_separator title=&#8221;ORDRE DU JOUR&#8221;][vc_empty_space][\/vc_column][\/vc_row][vc_row][vc_column][vc_column_text]Mot de bienvenue et modification de&hellip;<\/p>\n","protected":false},"author":2,"featured_media":16953,"parent":0,"menu_order":0,"comment_status":"closed","ping_status":"closed","template":"","meta":[],"class_list":["post-22780","page","type-page","status-publish","has-post-thumbnail","hentry","description-off"],"translation":{"provider":"WPGlobus","version":"2.12.2","language":"de","enabled_languages":["de","fr"],"languages":{"de":{"title":true,"content":true,"excerpt":false},"fr":{"title":false,"content":false,"excerpt":false}}},"publishpress_future_action":{"enabled":false,"date":"2026-04-14 22:47:03","action":"change-status","newStatus":"draft","terms":[],"taxonomy":""},"_links":{"self":[{"href":"https:\/\/old-vianden.digitalvision.lu\/index.php?rest_route=\/wp\/v2\/pages\/22780","targetHints":{"allow":["GET"]}}],"collection":[{"href":"https:\/\/old-vianden.digitalvision.lu\/index.php?rest_route=\/wp\/v2\/pages"}],"about":[{"href":"https:\/\/old-vianden.digitalvision.lu\/index.php?rest_route=\/wp\/v2\/types\/page"}],"author":[{"embeddable":true,"href":"https:\/\/old-vianden.digitalvision.lu\/index.php?rest_route=\/wp\/v2\/users\/2"}],"replies":[{"embeddable":true,"href":"https:\/\/old-vianden.digitalvision.lu\/index.php?rest_route=%2Fwp%2Fv2%2Fcomments&post=22780"}],"version-history":[{"count":3,"href":"https:\/\/old-vianden.digitalvision.lu\/index.php?rest_route=\/wp\/v2\/pages\/22780\/revisions"}],"predecessor-version":[{"id":22805,"href":"https:\/\/old-vianden.digitalvision.lu\/index.php?rest_route=\/wp\/v2\/pages\/22780\/revisions\/22805"}],"wp:featuredmedia":[{"embeddable":true,"href":"https:\/\/old-vianden.digitalvision.lu\/index.php?rest_route=\/wp\/v2\/media\/16953"}],"wp:attachment":[{"href":"https:\/\/old-vianden.digitalvision.lu\/index.php?rest_route=%2Fwp%2Fv2%2Fmedia&parent=22780"}],"curies":[{"name":"wp","href":"https:\/\/api.w.org\/{rel}","templated":true}]}}