{"id":22197,"date":"2022-12-19T14:50:40","date_gmt":"2022-12-19T13:50:40","guid":{"rendered":"https:\/\/old-vianden.digitalvision.lu\/?page_id=22197"},"modified":"2022-12-19T16:49:08","modified_gmt":"2022-12-19T15:49:08","slug":"reunion-du-conseil-communal-le-mercredi-14-decembre-2022","status":"publish","type":"page","link":"https:\/\/old-vianden.digitalvision.lu\/?page_id=22197","title":{"rendered":"R\u00e9union du Conseil Communal le mercredi 14 d\u00e9cembre 2022"},"content":{"rendered":"<div class=\"wpb-content-wrapper\"><p>[vc_row][vc_column][vc_column_text]<\/p>\n<div class=\"wpb_text_column wpb_content_element \">\n<div class=\"wpb_wrapper\">\n<p><strong>Conseil Communal \u00a0le mercredi 14 d\u00e9cembre 2022 \u00e0 14h00 heures<span class=\"Apple-converted-space\"> Centre Culturel Larei en la salle Bessling<\/span><\/strong><\/p>\n<p>Pr\u00e9sents: TONINO Claude, bourgmestre, ESTEVES Kevin, \u00e9chevin \u2013 \u00a0KLASEN Jengel, \u00e9chevin \u2013 \u00a0 MAJERUS Henri, DINIS ANDRADE C\u00e9sar, LEONARDY Frank, \u00a0conseillers<\/p>\n<p>Excus\u00e9s: \u00a0Joe HEINTZEN, MALERBA Paolo, conseillers<\/p>\n<p>Pol SCHAUS, secr\u00e9taire<\/p>\n<\/div>\n<\/div>\n<div class=\"vc_separator wpb_content_element vc_separator_align_center vc_sep_width_100 vc_sep_border_width_2 vc_sep_pos_align_center vc_sep_color_grey vc_separator-has-text\"><\/div>\n<p>[\/vc_column_text][vc_text_separator title=&#8221;ORDRE DU JOUR&#8221;][vc_empty_space][\/vc_column][\/vc_row][vc_row][vc_column][vc_column_text]S\u00e9ance \u00e0 huis clos[\/vc_column_text][\/vc_column][\/vc_row][vc_row][vc_column][vc_empty_space][\/vc_column][\/vc_row][vc_row][vc_column][vc_column_text]<strong>1 \u00a0Communication des d\u00e9cisions prises \u00e0 huis clos<\/strong><\/p>\n<!--[if lt IE 9]><script>document.createElement('audio');<\/script><![endif]-->\n<audio class=\"wp-audio-shortcode\" id=\"audio-22197-1\" preload=\"none\" style=\"width: 100%;\" controls=\"controls\"><source type=\"audio\/mpeg\" src=\"https:\/\/old-vianden.digitalvision.lu\/wp-content\/uploads\/2022\/12\/1-decisions-huis-clos.mp3?_=1\" \/><a href=\"https:\/\/old-vianden.digitalvision.lu\/wp-content\/uploads\/2022\/12\/1-decisions-huis-clos.mp3\">https:\/\/old-vianden.digitalvision.lu\/wp-content\/uploads\/2022\/12\/1-decisions-huis-clos.mp3<\/a><\/audio>\n<p>[\/vc_column_text][vc_empty_space][\/vc_column][\/vc_row][vc_row][vc_column][vc_column_text]<strong>2 \u00a0Communication du coll\u00e8ge \u00e9chevinal<\/strong><\/p>\n<audio class=\"wp-audio-shortcode\" id=\"audio-22197-2\" preload=\"none\" style=\"width: 100%;\" controls=\"controls\"><source type=\"audio\/mpeg\" src=\"https:\/\/old-vianden.digitalvision.lu\/wp-content\/uploads\/2022\/12\/2_communication-CE.mp3?_=2\" \/><a href=\"https:\/\/old-vianden.digitalvision.lu\/wp-content\/uploads\/2022\/12\/2_communication-CE.mp3\">https:\/\/old-vianden.digitalvision.lu\/wp-content\/uploads\/2022\/12\/2_communication-CE.mp3<\/a><\/audio>\n<p>[\/vc_column_text][vc_empty_space][\/vc_column][\/vc_row][vc_row][vc_column][vc_column_text]<strong>3 Approbation du plan de gestion foresti\u00e8re<\/strong><\/p>\n<audio class=\"wp-audio-shortcode\" id=\"audio-22197-3\" preload=\"none\" style=\"width: 100%;\" controls=\"controls\"><source type=\"audio\/mpeg\" src=\"https:\/\/old-vianden.digitalvision.lu\/wp-content\/uploads\/2022\/12\/3_gestion-forestiere.mp3?_=3\" \/><a href=\"https:\/\/old-vianden.digitalvision.lu\/wp-content\/uploads\/2022\/12\/3_gestion-forestiere.mp3\">https:\/\/old-vianden.digitalvision.lu\/wp-content\/uploads\/2022\/12\/3_gestion-forestiere.mp3<\/a><\/audio>\n<p>[\/vc_column_text][vc_empty_space][\/vc_column][\/vc_row][vc_row][vc_column][vc_column_text]<strong>4 \u00a0Modification de l&#8217;organisation scolaire<\/strong><\/p>\n<audio class=\"wp-audio-shortcode\" id=\"audio-22197-4\" preload=\"none\" style=\"width: 100%;\" controls=\"controls\"><source type=\"audio\/mpeg\" src=\"https:\/\/old-vianden.digitalvision.lu\/wp-content\/uploads\/2022\/12\/4_modif_organisation-scolaire.mp3?_=4\" \/><a href=\"https:\/\/old-vianden.digitalvision.lu\/wp-content\/uploads\/2022\/12\/4_modif_organisation-scolaire.mp3\">https:\/\/old-vianden.digitalvision.lu\/wp-content\/uploads\/2022\/12\/4_modif_organisation-scolaire.mp3<\/a><\/audio>\n<p>[\/vc_column_text][vc_empty_space][\/vc_column][\/vc_row][vc_row][vc_column][vc_column_text]<strong>5 Approbation du budget RESONORD<\/strong><\/p>\n<audio class=\"wp-audio-shortcode\" id=\"audio-22197-5\" preload=\"none\" style=\"width: 100%;\" controls=\"controls\"><source type=\"audio\/mpeg\" src=\"https:\/\/old-vianden.digitalvision.lu\/wp-content\/uploads\/2022\/12\/5_-Budget-resonord.mp3?_=5\" \/><a href=\"https:\/\/old-vianden.digitalvision.lu\/wp-content\/uploads\/2022\/12\/5_-Budget-resonord.mp3\">https:\/\/old-vianden.digitalvision.lu\/wp-content\/uploads\/2022\/12\/5_-Budget-resonord.mp3<\/a><\/audio>\n<p>[\/vc_column_text][vc_empty_space][\/vc_column][\/vc_row][vc_row][vc_column][vc_column_text]<strong>6 Apport en capital DEA<\/strong><\/p>\n<audio class=\"wp-audio-shortcode\" id=\"audio-22197-6\" preload=\"none\" style=\"width: 100%;\" controls=\"controls\"><source type=\"audio\/mpeg\" src=\"https:\/\/old-vianden.digitalvision.lu\/wp-content\/uploads\/2022\/12\/6_apport-en-capital-DEA.mp3?_=6\" \/><a href=\"https:\/\/old-vianden.digitalvision.lu\/wp-content\/uploads\/2022\/12\/6_apport-en-capital-DEA.mp3\">https:\/\/old-vianden.digitalvision.lu\/wp-content\/uploads\/2022\/12\/6_apport-en-capital-DEA.mp3<\/a><\/audio>\n<p>[\/vc_column_text][vc_empty_space][\/vc_column][\/vc_row][vc_row][vc_column][vc_column_text]<strong>7 Introduction d&#8217;une taxe d&#8217;\u00e9quipement collectif<\/strong><\/p>\n<audio class=\"wp-audio-shortcode\" id=\"audio-22197-7\" preload=\"none\" style=\"width: 100%;\" controls=\"controls\"><source type=\"audio\/mpeg\" src=\"https:\/\/old-vianden.digitalvision.lu\/wp-content\/uploads\/2022\/12\/7_taxe_equipement.mp3?_=7\" \/><a href=\"https:\/\/old-vianden.digitalvision.lu\/wp-content\/uploads\/2022\/12\/7_taxe_equipement.mp3\">https:\/\/old-vianden.digitalvision.lu\/wp-content\/uploads\/2022\/12\/7_taxe_equipement.mp3<\/a><\/audio>\n<p>[\/vc_column_text][vc_column_text]<div id=\"wppdfemb-frame-container-2\"><iframe id=\"wppdf-emb-iframe-2\" scrolling=\"no\" data-pdf-index=\"2\" class=\"pdfembed-iframe nonfullscreen\" style=\"border: none; width:100%; max-width: 100%; min-height: 1000px;\" src=\"https:\/\/old-vianden.digitalvision.lu?url=https%3A%2F%2Fold-vianden.digitalvision.lu%2Fwp-content%2Fuploads%2F2022%2F12%2F2022_12_01_TEC_Presentation.pdf&title=2022_12_01_TEC_Pr%C3%A9sentation&pdfID=2&index=2\" ><\/iframe><\/div>[\/vc_column_text][vc_empty_space][\/vc_column][\/vc_row][vc_row][vc_column][vc_column_text]<strong>8 Approbation de l&#8217;acte notari\u00e9 pour l&#8217;acquisition d&#8217;un immeuble<\/strong><\/p>\n<audio class=\"wp-audio-shortcode\" id=\"audio-22197-8\" preload=\"none\" style=\"width: 100%;\" controls=\"controls\"><source type=\"audio\/mpeg\" src=\"https:\/\/old-vianden.digitalvision.lu\/wp-content\/uploads\/2022\/12\/8-acte-maison-thill.mp3?_=8\" \/><a href=\"https:\/\/old-vianden.digitalvision.lu\/wp-content\/uploads\/2022\/12\/8-acte-maison-thill.mp3\">https:\/\/old-vianden.digitalvision.lu\/wp-content\/uploads\/2022\/12\/8-acte-maison-thill.mp3<\/a><\/audio>\n<p>[\/vc_column_text][vc_empty_space][\/vc_column][\/vc_row][vc_row][vc_column][vc_column_text]<strong>9 \u00a0Approbation du budget rectifi\u00e9 2022<\/strong><\/p>\n<audio class=\"wp-audio-shortcode\" id=\"audio-22197-9\" preload=\"none\" style=\"width: 100%;\" controls=\"controls\"><source type=\"audio\/mpeg\" src=\"https:\/\/old-vianden.digitalvision.lu\/wp-content\/uploads\/2022\/12\/9-budget-rectifie.mp3?_=9\" \/><a href=\"https:\/\/old-vianden.digitalvision.lu\/wp-content\/uploads\/2022\/12\/9-budget-rectifie.mp3\">https:\/\/old-vianden.digitalvision.lu\/wp-content\/uploads\/2022\/12\/9-budget-rectifie.mp3<\/a><\/audio>\n<p>[\/vc_column_text][vc_empty_space][\/vc_column][\/vc_row][vc_row][vc_column][vc_column_text]<strong>10 Approbation Budget 2023<\/strong><\/p>\n<audio class=\"wp-audio-shortcode\" id=\"audio-22197-10\" preload=\"none\" style=\"width: 100%;\" controls=\"controls\"><source type=\"audio\/mpeg\" src=\"https:\/\/old-vianden.digitalvision.lu\/wp-content\/uploads\/2022\/12\/10-budget-2023.mp3?_=10\" \/><a href=\"https:\/\/old-vianden.digitalvision.lu\/wp-content\/uploads\/2022\/12\/10-budget-2023.mp3\">https:\/\/old-vianden.digitalvision.lu\/wp-content\/uploads\/2022\/12\/10-budget-2023.mp3<\/a><\/audio>\n<p>[\/vc_column_text][\/vc_column][\/vc_row][vc_row][vc_column][vc_column_text]<div id=\"wppdfemb-frame-container-3\"><iframe id=\"wppdf-emb-iframe-3\" scrolling=\"no\" data-pdf-index=\"3\" class=\"pdfembed-iframe nonfullscreen\" style=\"border: none; width:100%; max-width: 100%; min-height: 1000px;\" src=\"https:\/\/old-vianden.digitalvision.lu?url=https%3A%2F%2Fold-vianden.digitalvision.lu%2Fwp-content%2Fuploads%2F2022%2F12%2FBudget-2023.pdf&title=Budget+2023&pdfID=3&index=3\" ><\/iframe><\/div>[\/vc_column_text][vc_empty_space][\/vc_column][\/vc_row][vc_row][vc_column][vc_column_text]<\/p>\n<hr \/>\n<p><strong>11 Approbation de subsides<\/strong><\/p>\n<p>a. Subsides associations locales<\/p>\n<p>b. Demande de subside extraordinaire Mi-Cuit<\/p>\n<audio class=\"wp-audio-shortcode\" id=\"audio-22197-11\" preload=\"none\" style=\"width: 100%;\" controls=\"controls\"><source type=\"audio\/mpeg\" src=\"https:\/\/old-vianden.digitalvision.lu\/wp-content\/uploads\/2022\/12\/11-subsides.mp3?_=11\" \/><a href=\"https:\/\/old-vianden.digitalvision.lu\/wp-content\/uploads\/2022\/12\/11-subsides.mp3\">https:\/\/old-vianden.digitalvision.lu\/wp-content\/uploads\/2022\/12\/11-subsides.mp3<\/a><\/audio>\n<p>[\/vc_column_text][vc_empty_space][\/vc_column][\/vc_row][vc_row][vc_column][vc_column_text]<strong>12 Mise \u00e0 jour de la politique de vid\u00e9osurveillance<\/strong><\/p>\n<audio class=\"wp-audio-shortcode\" id=\"audio-22197-12\" preload=\"none\" style=\"width: 100%;\" controls=\"controls\"><source type=\"audio\/mpeg\" src=\"https:\/\/old-vianden.digitalvision.lu\/wp-content\/uploads\/2022\/12\/12-politique-videosurveillance.mp3?_=12\" \/><a href=\"https:\/\/old-vianden.digitalvision.lu\/wp-content\/uploads\/2022\/12\/12-politique-videosurveillance.mp3\">https:\/\/old-vianden.digitalvision.lu\/wp-content\/uploads\/2022\/12\/12-politique-videosurveillance.mp3<\/a><\/audio>\n<p>[\/vc_column_text][vc_empty_space][\/vc_column][\/vc_row][vc_row][vc_column][vc_column_text]<strong>13. Communiqu\u00e9 de presse au sujet de la piscine<\/strong><\/p>\n<audio class=\"wp-audio-shortcode\" id=\"audio-22197-13\" preload=\"none\" style=\"width: 100%;\" controls=\"controls\"><source type=\"audio\/mpeg\" src=\"https:\/\/old-vianden.digitalvision.lu\/wp-content\/uploads\/2022\/12\/13-Communique-de-presse-piscine.mp3?_=13\" \/><a href=\"https:\/\/old-vianden.digitalvision.lu\/wp-content\/uploads\/2022\/12\/13-Communique-de-presse-piscine.mp3\">https:\/\/old-vianden.digitalvision.lu\/wp-content\/uploads\/2022\/12\/13-Communique-de-presse-piscine.mp3<\/a><\/audio>\n<p>&nbsp;<\/p>\n<div id=\"wppdfemb-frame-container-4\"><iframe id=\"wppdf-emb-iframe-4\" scrolling=\"no\" data-pdf-index=\"4\" class=\"pdfembed-iframe nonfullscreen\" style=\"border: none; width:100%; max-width: 100%; min-height: 1000px;\" src=\"https:\/\/old-vianden.digitalvision.lu?url=https%3A%2F%2Fold-vianden.digitalvision.lu%2Fwp-content%2Fuploads%2F2022%2F12%2FCommun_presse_piscine-1.pdf&title=Commun_presse_piscine&pdfID=4&index=4\" ><\/iframe><\/div>[\/vc_column_text][vc_empty_space][\/vc_column][\/vc_row][vc_row][vc_column][vc_column_text]<strong>14 Approbation de contrats et convention<\/strong><\/p>\n<p>a. Contrat de travail<\/p>\n<p>b. Contrat de consultance Deloitte<\/p>\n<audio class=\"wp-audio-shortcode\" id=\"audio-22197-14\" preload=\"none\" style=\"width: 100%;\" controls=\"controls\"><source type=\"audio\/mpeg\" src=\"https:\/\/old-vianden.digitalvision.lu\/wp-content\/uploads\/2022\/12\/14-contrats-convention.mp3?_=14\" \/><a href=\"https:\/\/old-vianden.digitalvision.lu\/wp-content\/uploads\/2022\/12\/14-contrats-convention.mp3\">https:\/\/old-vianden.digitalvision.lu\/wp-content\/uploads\/2022\/12\/14-contrats-convention.mp3<\/a><\/audio>\n<p>[\/vc_column_text][vc_empty_space][\/vc_column][\/vc_row][vc_row][vc_column][vc_column_text]<strong>15 Traitements des jours de compensation<\/strong><\/p>\n<audio class=\"wp-audio-shortcode\" id=\"audio-22197-15\" preload=\"none\" style=\"width: 100%;\" controls=\"controls\"><source type=\"audio\/mpeg\" src=\"https:\/\/old-vianden.digitalvision.lu\/wp-content\/uploads\/2022\/12\/15-traitements-des-jours-de-compensation.mp3?_=15\" \/><a href=\"https:\/\/old-vianden.digitalvision.lu\/wp-content\/uploads\/2022\/12\/15-traitements-des-jours-de-compensation.mp3\">https:\/\/old-vianden.digitalvision.lu\/wp-content\/uploads\/2022\/12\/15-traitements-des-jours-de-compensation.mp3<\/a><\/audio>\n<p>[\/vc_column_text][vc_empty_space][\/vc_column][\/vc_row][vc_row][vc_column][vc_column_text]<strong>16 Divers \u2013 Droit d\u2019initiative du conseiller communal, questions e\u0301crites et orales<\/strong><\/p>\n<audio class=\"wp-audio-shortcode\" id=\"audio-22197-16\" preload=\"none\" style=\"width: 100%;\" controls=\"controls\"><source type=\"audio\/mpeg\" src=\"https:\/\/old-vianden.digitalvision.lu\/wp-content\/uploads\/2022\/12\/16-divers.mp3?_=16\" \/><a href=\"https:\/\/old-vianden.digitalvision.lu\/wp-content\/uploads\/2022\/12\/16-divers.mp3\">https:\/\/old-vianden.digitalvision.lu\/wp-content\/uploads\/2022\/12\/16-divers.mp3<\/a><\/audio>\n<p>[\/vc_column_text][\/vc_column][\/vc_row]<\/p>\n<\/div>","protected":false},"excerpt":{"rendered":"<p>[vc_row][vc_column][vc_column_text] Conseil Communal \u00a0le mercredi 14 d\u00e9cembre 2022 \u00e0 14h00 heures Centre Culturel Larei en la salle Bessling Pr\u00e9sents: TONINO Claude, bourgmestre, ESTEVES Kevin, \u00e9chevin \u2013 \u00a0KLASEN Jengel, \u00e9chevin \u2013 \u00a0 MAJERUS Henri, DINIS ANDRADE C\u00e9sar, LEONARDY Frank, \u00a0conseillers Excus\u00e9s: \u00a0Joe HEINTZEN, MALERBA Paolo, conseillers Pol SCHAUS, secr\u00e9taire [\/vc_column_text][vc_text_separator title=&#8221;ORDRE DU JOUR&#8221;][vc_empty_space][\/vc_column][\/vc_row][vc_row][vc_column][vc_column_text]S\u00e9ance \u00e0 huis clos[\/vc_column_text][\/vc_column][\/vc_row][vc_row][vc_column][vc_empty_space][\/vc_column][\/vc_row][vc_row][vc_column][vc_column_text]1&hellip;<\/p>\n","protected":false},"author":2,"featured_media":16953,"parent":0,"menu_order":0,"comment_status":"closed","ping_status":"closed","template":"","meta":[],"class_list":["post-22197","page","type-page","status-publish","has-post-thumbnail","hentry","description-off"],"translation":{"provider":"WPGlobus","version":"2.12.2","language":"de","enabled_languages":["de","fr"],"languages":{"de":{"title":true,"content":true,"excerpt":false},"fr":{"title":false,"content":false,"excerpt":false}}},"publishpress_future_action":{"enabled":false,"date":"2026-04-14 22:47:01","action":"change-status","newStatus":"draft","terms":[],"taxonomy":""},"_links":{"self":[{"href":"https:\/\/old-vianden.digitalvision.lu\/index.php?rest_route=\/wp\/v2\/pages\/22197","targetHints":{"allow":["GET"]}}],"collection":[{"href":"https:\/\/old-vianden.digitalvision.lu\/index.php?rest_route=\/wp\/v2\/pages"}],"about":[{"href":"https:\/\/old-vianden.digitalvision.lu\/index.php?rest_route=\/wp\/v2\/types\/page"}],"author":[{"embeddable":true,"href":"https:\/\/old-vianden.digitalvision.lu\/index.php?rest_route=\/wp\/v2\/users\/2"}],"replies":[{"embeddable":true,"href":"https:\/\/old-vianden.digitalvision.lu\/index.php?rest_route=%2Fwp%2Fv2%2Fcomments&post=22197"}],"version-history":[{"count":2,"href":"https:\/\/old-vianden.digitalvision.lu\/index.php?rest_route=\/wp\/v2\/pages\/22197\/revisions"}],"predecessor-version":[{"id":22217,"href":"https:\/\/old-vianden.digitalvision.lu\/index.php?rest_route=\/wp\/v2\/pages\/22197\/revisions\/22217"}],"wp:featuredmedia":[{"embeddable":true,"href":"https:\/\/old-vianden.digitalvision.lu\/index.php?rest_route=\/wp\/v2\/media\/16953"}],"wp:attachment":[{"href":"https:\/\/old-vianden.digitalvision.lu\/index.php?rest_route=%2Fwp%2Fv2%2Fmedia&parent=22197"}],"curies":[{"name":"wp","href":"https:\/\/api.w.org\/{rel}","templated":true}]}}