{"id":22129,"date":"2022-12-05T16:40:24","date_gmt":"2022-12-05T15:40:24","guid":{"rendered":"https:\/\/old-vianden.digitalvision.lu\/?page_id=22129"},"modified":"2022-12-07T09:30:52","modified_gmt":"2022-12-07T08:30:52","slug":"reunion-du-conseil-communal-le-jeudi-1-decembre-2022","status":"publish","type":"page","link":"https:\/\/old-vianden.digitalvision.lu\/?page_id=22129","title":{"rendered":"R\u00e9union du Conseil Communal le jeudi 1 d\u00e9cembre 2022"},"content":{"rendered":"<div class=\"wpb-content-wrapper\"><p>[vc_row][vc_column][vc_column_text]<strong>Conseil Communal \u00a0le jeudi 1 d\u00e9cembre 2022 \u00e0 14h00 heures<span class=\"Apple-converted-space\"> Centre Culturel Larei en la salle Bessling<\/span><\/strong><\/p>\n<p>Pr\u00e9sents: ESTEVES Kevin, bourgmestre ff \u2013 \u00a0KLASEN Jengel, \u00e9chevin \u2013 \u00a0 MAJERUS Henri, DINIS ANDRADE C\u00e9sar, HEINTZEN Joe, conseillers<\/p>\n<p>Excus\u00e9s: \u00a0TONINO Claude, bourgmestre, LEONARDY Frank, MALERBA Paolo, conseillers<\/p>\n<p>Pol SCHAUS, secr\u00e9taire[\/vc_column_text][vc_text_separator title=&#8221;ORDRE DU JOUR&#8221; border_width=&#8221;2&#8243;][\/vc_column][\/vc_row][vc_row][vc_column][vc_column_text]<strong>1. Approbation de r\u00e8glements temporaires de circulation<\/strong><\/p>\n<p>a. Rue Charles Mathias Andr\u00e9<\/p>\n<p>b. Veiner Kr\u00ebstmoort<\/p>\n<!--[if lt IE 9]><script>document.createElement('audio');<\/script><![endif]-->\n<audio class=\"wp-audio-shortcode\" id=\"audio-22129-1\" preload=\"none\" style=\"width: 100%;\" controls=\"controls\"><source type=\"audio\/mpeg\" src=\"https:\/\/old-vianden.digitalvision.lu\/wp-content\/uploads\/2022\/12\/welcome_P1.mp3?_=1\" \/><a href=\"https:\/\/old-vianden.digitalvision.lu\/wp-content\/uploads\/2022\/12\/welcome_P1.mp3\">https:\/\/old-vianden.digitalvision.lu\/wp-content\/uploads\/2022\/12\/welcome_P1.mp3<\/a><\/audio>\n<p>[\/vc_column_text][vc_empty_space][\/vc_column][\/vc_row][vc_row][vc_column][vc_column_text]<strong>2. Pr\u00e9sentation du concept pour la piscine<\/strong><\/p>\n<audio class=\"wp-audio-shortcode\" id=\"audio-22129-2\" preload=\"none\" style=\"width: 100%;\" controls=\"controls\"><source type=\"audio\/mpeg\" src=\"https:\/\/old-vianden.digitalvision.lu\/wp-content\/uploads\/2022\/12\/P2-presentation-piscine.mp3?_=2\" \/><a href=\"https:\/\/old-vianden.digitalvision.lu\/wp-content\/uploads\/2022\/12\/P2-presentation-piscine.mp3\">https:\/\/old-vianden.digitalvision.lu\/wp-content\/uploads\/2022\/12\/P2-presentation-piscine.mp3<\/a><\/audio>\n<p>[\/vc_column_text][\/vc_column][\/vc_row][vc_row][vc_column][vc_column_text]Projet piscine de Vianden<\/p>\n<div id=\"wppdfemb-frame-container-2\"><iframe id=\"wppdf-emb-iframe-2\" scrolling=\"no\" data-pdf-index=\"2\" class=\"pdfembed-iframe nonfullscreen\" style=\"border: none; width:100%; max-width: 100%; min-height: 1000px;\" src=\"https:\/\/old-vianden.digitalvision.lu?url=https%3A%2F%2Fold-vianden.digitalvision.lu%2Fwp-content%2Fuploads%2F2022%2F12%2F2022_12_01_Vianden-Schwimmbad_CC.pdf&title=2022_12_01_Vianden+Schwimmbad_CC&pdfID=2&index=2\" ><\/iframe><\/div>[\/vc_column_text][vc_empty_space][\/vc_column][\/vc_row][vc_row][vc_column][vc_column_text]<strong>3. Discussion relative au communiqu\u00e9 de presse au sujet de la piscine<\/strong><\/p>\n<audio class=\"wp-audio-shortcode\" id=\"audio-22129-3\" preload=\"none\" style=\"width: 100%;\" controls=\"controls\"><source type=\"audio\/mpeg\" src=\"https:\/\/old-vianden.digitalvision.lu\/wp-content\/uploads\/2022\/12\/P3.-communique-presse-piscine.mp3?_=3\" \/><a href=\"https:\/\/old-vianden.digitalvision.lu\/wp-content\/uploads\/2022\/12\/P3.-communique-presse-piscine.mp3\">https:\/\/old-vianden.digitalvision.lu\/wp-content\/uploads\/2022\/12\/P3.-communique-presse-piscine.mp3<\/a><\/audio>\n<p>[\/vc_column_text][vc_empty_space][\/vc_column][\/vc_row][vc_row][vc_column][vc_column_text]<strong>4. Approbation du projet d\u00e9finitif pour la r\u00e9fection de la Mont\u00e9e du Ch\u00e2teau<\/strong><\/p>\n<audio class=\"wp-audio-shortcode\" id=\"audio-22129-4\" preload=\"none\" style=\"width: 100%;\" controls=\"controls\"><source type=\"audio\/mpeg\" src=\"https:\/\/old-vianden.digitalvision.lu\/wp-content\/uploads\/2022\/12\/p4-devis-montee-du-chateau.mp3?_=4\" \/><a href=\"https:\/\/old-vianden.digitalvision.lu\/wp-content\/uploads\/2022\/12\/p4-devis-montee-du-chateau.mp3\">https:\/\/old-vianden.digitalvision.lu\/wp-content\/uploads\/2022\/12\/p4-devis-montee-du-chateau.mp3<\/a><\/audio>\n<p>[\/vc_column_text][vc_empty_space][vc_column_text]<div id=\"wppdfemb-frame-container-3\"><iframe id=\"wppdf-emb-iframe-3\" scrolling=\"no\" data-pdf-index=\"3\" class=\"pdfembed-iframe nonfullscreen\" style=\"border: none; width:100%; max-width: 100%; min-height: 1000px;\" src=\"https:\/\/old-vianden.digitalvision.lu?url=https%3A%2F%2Fold-vianden.digitalvision.lu%2Fwp-content%2Fuploads%2F2022%2F12%2Fmontee-du-chateau-plan_B_Rausch.pdf&title=mont%C3%A9e+du+ch%C3%A2teau+plan_B_Rausch&pdfID=3&index=3\" ><\/iframe><\/div>[\/vc_column_text][\/vc_column][\/vc_row][vc_row][vc_column][vc_column_text]<strong>Divers &#8211; Droit d\u2019initiative du conseiller communal, questions e\u0301crites et orales<\/strong><\/p>\n<audio class=\"wp-audio-shortcode\" id=\"audio-22129-5\" preload=\"none\" style=\"width: 100%;\" controls=\"controls\"><source type=\"audio\/mpeg\" src=\"https:\/\/old-vianden.digitalvision.lu\/wp-content\/uploads\/2022\/12\/P_5_divers.mp3?_=5\" \/><a href=\"https:\/\/old-vianden.digitalvision.lu\/wp-content\/uploads\/2022\/12\/P_5_divers.mp3\">https:\/\/old-vianden.digitalvision.lu\/wp-content\/uploads\/2022\/12\/P_5_divers.mp3<\/a><\/audio>\n<p>[\/vc_column_text][\/vc_column][\/vc_row]<\/p>\n<\/div>","protected":false},"excerpt":{"rendered":"<p>[vc_row][vc_column][vc_column_text]Conseil Communal \u00a0le jeudi 1 d\u00e9cembre 2022 \u00e0 14h00 heures Centre Culturel Larei en la salle Bessling Pr\u00e9sents: ESTEVES Kevin, bourgmestre ff \u2013 \u00a0KLASEN Jengel, \u00e9chevin \u2013 \u00a0 MAJERUS Henri, DINIS ANDRADE C\u00e9sar, HEINTZEN Joe, conseillers Excus\u00e9s: \u00a0TONINO Claude, bourgmestre, LEONARDY Frank, MALERBA Paolo, conseillers Pol SCHAUS, secr\u00e9taire[\/vc_column_text][vc_text_separator title=&#8221;ORDRE DU JOUR&#8221; border_width=&#8221;2&#8243;][\/vc_column][\/vc_row][vc_row][vc_column][vc_column_text]1. Approbation de r\u00e8glements&hellip;<\/p>\n","protected":false},"author":2,"featured_media":16953,"parent":0,"menu_order":0,"comment_status":"closed","ping_status":"closed","template":"","meta":[],"class_list":["post-22129","page","type-page","status-publish","has-post-thumbnail","hentry","description-off"],"translation":{"provider":"WPGlobus","version":"2.12.2","language":"de","enabled_languages":["de","fr"],"languages":{"de":{"title":true,"content":true,"excerpt":false},"fr":{"title":false,"content":false,"excerpt":false}}},"publishpress_future_action":{"enabled":false,"date":"2026-04-14 21:22:08","action":"change-status","newStatus":"draft","terms":[],"taxonomy":""},"_links":{"self":[{"href":"https:\/\/old-vianden.digitalvision.lu\/index.php?rest_route=\/wp\/v2\/pages\/22129","targetHints":{"allow":["GET"]}}],"collection":[{"href":"https:\/\/old-vianden.digitalvision.lu\/index.php?rest_route=\/wp\/v2\/pages"}],"about":[{"href":"https:\/\/old-vianden.digitalvision.lu\/index.php?rest_route=\/wp\/v2\/types\/page"}],"author":[{"embeddable":true,"href":"https:\/\/old-vianden.digitalvision.lu\/index.php?rest_route=\/wp\/v2\/users\/2"}],"replies":[{"embeddable":true,"href":"https:\/\/old-vianden.digitalvision.lu\/index.php?rest_route=%2Fwp%2Fv2%2Fcomments&post=22129"}],"version-history":[{"count":7,"href":"https:\/\/old-vianden.digitalvision.lu\/index.php?rest_route=\/wp\/v2\/pages\/22129\/revisions"}],"predecessor-version":[{"id":22151,"href":"https:\/\/old-vianden.digitalvision.lu\/index.php?rest_route=\/wp\/v2\/pages\/22129\/revisions\/22151"}],"wp:featuredmedia":[{"embeddable":true,"href":"https:\/\/old-vianden.digitalvision.lu\/index.php?rest_route=\/wp\/v2\/media\/16953"}],"wp:attachment":[{"href":"https:\/\/old-vianden.digitalvision.lu\/index.php?rest_route=%2Fwp%2Fv2%2Fmedia&parent=22129"}],"curies":[{"name":"wp","href":"https:\/\/api.w.org\/{rel}","templated":true}]}}