{"id":21637,"date":"2022-07-29T18:09:24","date_gmt":"2022-07-29T16:09:24","guid":{"rendered":"https:\/\/old-vianden.digitalvision.lu\/?page_id=21637"},"modified":"2022-07-29T18:09:24","modified_gmt":"2022-07-29T16:09:24","slug":"reunion-du-conseil-communal-le-jeudi-25-juillet-a-1400-heures","status":"publish","type":"page","link":"https:\/\/old-vianden.digitalvision.lu\/?page_id=21637","title":{"rendered":"R\u00e9union du Conseil Communal le jeudi 25 juillet \u00e0 14:00 heures"},"content":{"rendered":"<div class=\"wpb-content-wrapper\"><p>[vc_row][vc_column][vc_column_text]<\/p>\n<h4>Conseil Communal du jeudi, 25 juillet 2022 \u00e0 14:00 heures en la salle Bessling du\u00a0Centre Culturel Larei<\/h4>\n<p>Pr\u00e9sents: TONINO Claude, bourgmestre \u2013 \u00a0ESTEVES Kevin, \u00e9chevin &#8211; KLASEN Jengel, \u00e9chevin \u2013 \u00a0MAJERUS Henri, MALERBA Paolo, LEONARDY Frank, DINIS ANDRADE C\u00e9sar, HEINTZEN Joe , conseillers<\/p>\n<p>SCHAUS Pol, secr\u00e9taire<\/p>\n<p>[\/vc_column_text][vc_empty_space][\/vc_column][\/vc_row][vc_row][vc_column][vc_text_separator title=&#8221;ORDRE DU JOUR&#8221;][\/vc_column][\/vc_row][vc_row][vc_column][vc_column_text]<\/p>\n<h4><strong>S\u00e9ance \u00e0 huis clos<\/strong><\/h4>\n<ol>\n<li><strong>Affaires du personnel<\/strong><\/li>\n<\/ol>\n<p>[\/vc_column_text][vc_empty_space][\/vc_column][\/vc_row][vc_row][vc_column][vc_column_text]<strong>Modification ODJ<\/strong><\/p>\n<!--[if lt IE 9]><script>document.createElement('audio');<\/script><![endif]-->\n<audio class=\"wp-audio-shortcode\" id=\"audio-21637-1\" preload=\"none\" style=\"width: 100%;\" controls=\"controls\"><source type=\"audio\/mpeg\" src=\"https:\/\/old-vianden.digitalvision.lu\/wp-content\/uploads\/2022\/07\/P1_Begreissung.mp3?_=1\" \/><a href=\"https:\/\/old-vianden.digitalvision.lu\/wp-content\/uploads\/2022\/07\/P1_Begreissung.mp3\">https:\/\/old-vianden.digitalvision.lu\/wp-content\/uploads\/2022\/07\/P1_Begreissung.mp3<\/a><\/audio>\n<p>[\/vc_column_text][vc_empty_space][\/vc_column][\/vc_row][vc_row][vc_column][vc_column_text]<strong>2. Information du public des d\u00e9cisions de personnel prises \u00e0 huis clos<\/strong><\/p>\n<audio class=\"wp-audio-shortcode\" id=\"audio-21637-2\" preload=\"none\" style=\"width: 100%;\" controls=\"controls\"><source type=\"audio\/mpeg\" src=\"https:\/\/old-vianden.digitalvision.lu\/wp-content\/uploads\/2022\/07\/P2_Information_decisions_huis_clos.mp3?_=2\" \/><a href=\"https:\/\/old-vianden.digitalvision.lu\/wp-content\/uploads\/2022\/07\/P2_Information_decisions_huis_clos.mp3\">https:\/\/old-vianden.digitalvision.lu\/wp-content\/uploads\/2022\/07\/P2_Information_decisions_huis_clos.mp3<\/a><\/audio>\n<p>[\/vc_column_text][vc_empty_space][\/vc_column][\/vc_row][vc_row][vc_column][vc_column_text]<strong>3. Etat des restants 2021<\/strong><\/p>\n<audio class=\"wp-audio-shortcode\" id=\"audio-21637-3\" preload=\"none\" style=\"width: 100%;\" controls=\"controls\"><source type=\"audio\/mpeg\" src=\"https:\/\/old-vianden.digitalvision.lu\/wp-content\/uploads\/2022\/07\/P3_Etat_des_restants2021.mp3?_=3\" \/><a href=\"https:\/\/old-vianden.digitalvision.lu\/wp-content\/uploads\/2022\/07\/P3_Etat_des_restants2021.mp3\">https:\/\/old-vianden.digitalvision.lu\/wp-content\/uploads\/2022\/07\/P3_Etat_des_restants2021.mp3<\/a><\/audio>\n<p>[\/vc_column_text][vc_empty_space][\/vc_column][\/vc_row][vc_row][vc_column][vc_column_text]<strong>4. Organisation scolaire provisoire 2022\/2023<\/strong><\/p>\n<p><strong>5. Plan d&#8217;encadrement p\u00e9riscolaire<\/strong><\/p>\n<p><strong>6. Approbation des sorties p\u00e9dagogiques<\/strong><\/p>\n<audio class=\"wp-audio-shortcode\" id=\"audio-21637-4\" preload=\"none\" style=\"width: 100%;\" controls=\"controls\"><source type=\"audio\/mpeg\" src=\"https:\/\/old-vianden.digitalvision.lu\/wp-content\/uploads\/2022\/07\/P4_5_6__Org_Ecole_peri_sorties.mp3?_=4\" \/><a href=\"https:\/\/old-vianden.digitalvision.lu\/wp-content\/uploads\/2022\/07\/P4_5_6__Org_Ecole_peri_sorties.mp3\">https:\/\/old-vianden.digitalvision.lu\/wp-content\/uploads\/2022\/07\/P4_5_6__Org_Ecole_peri_sorties.mp3<\/a><\/audio>\n<p>[\/vc_column_text][vc_empty_space][\/vc_column][\/vc_row][vc_row][vc_column][vc_column_text]<strong>7. Pr\u00e9sentation du concept de gestion des risques pour crues subites<\/strong><\/p>\n<audio class=\"wp-audio-shortcode\" id=\"audio-21637-5\" preload=\"none\" style=\"width: 100%;\" controls=\"controls\"><source type=\"audio\/mpeg\" src=\"https:\/\/old-vianden.digitalvision.lu\/wp-content\/uploads\/2022\/07\/P7_concept_gestion-risques-pour-crues-subites.mp3?_=5\" \/><a href=\"https:\/\/old-vianden.digitalvision.lu\/wp-content\/uploads\/2022\/07\/P7_concept_gestion-risques-pour-crues-subites.mp3\">https:\/\/old-vianden.digitalvision.lu\/wp-content\/uploads\/2022\/07\/P7_concept_gestion-risques-pour-crues-subites.mp3<\/a><\/audio>\n<p>[\/vc_column_text][vc_empty_space][\/vc_column][\/vc_row][vc_row][vc_column][vc_column_text]<strong>8. D\u00e9cision de principe de r\u00e9aliser un concept de gestion des risques li\u00e9s aux inondations<\/strong><\/p>\n<audio class=\"wp-audio-shortcode\" id=\"audio-21637-6\" preload=\"none\" style=\"width: 100%;\" controls=\"controls\"><source type=\"audio\/mpeg\" src=\"https:\/\/old-vianden.digitalvision.lu\/wp-content\/uploads\/2022\/07\/P8_concept-des-risques_inondations.mp3?_=6\" \/><a href=\"https:\/\/old-vianden.digitalvision.lu\/wp-content\/uploads\/2022\/07\/P8_concept-des-risques_inondations.mp3\">https:\/\/old-vianden.digitalvision.lu\/wp-content\/uploads\/2022\/07\/P8_concept-des-risques_inondations.mp3<\/a><\/audio>\n<p>[\/vc_column_text][vc_empty_space][\/vc_column][\/vc_row][vc_row][vc_column][vc_column_text]<strong>9. Approbation de l&#8217;acte notari\u00e9 pour l&#8217;acquisition d&#8217;une surface pour l&#8217;am\u00e9nagement d&#8217;une maison relais<\/strong><\/p>\n<audio class=\"wp-audio-shortcode\" id=\"audio-21637-7\" preload=\"none\" style=\"width: 100%;\" controls=\"controls\"><source type=\"audio\/mpeg\" src=\"https:\/\/old-vianden.digitalvision.lu\/wp-content\/uploads\/2022\/07\/P9_Acte_maison-relais.mp3?_=7\" \/><a href=\"https:\/\/old-vianden.digitalvision.lu\/wp-content\/uploads\/2022\/07\/P9_Acte_maison-relais.mp3\">https:\/\/old-vianden.digitalvision.lu\/wp-content\/uploads\/2022\/07\/P9_Acte_maison-relais.mp3<\/a><\/audio>\n<p>[\/vc_column_text][vc_empty_space][\/vc_column][\/vc_row][vc_row][vc_column][vc_column_text]<strong>10. Approbation de l&#8217;acte notari\u00e9 pour l&#8217;acquisition d&#8217;une surface pour l&#8217;am\u00e9nagement d&#8217;un centre m\u00e9dical<\/strong><\/p>\n<audio class=\"wp-audio-shortcode\" id=\"audio-21637-8\" preload=\"none\" style=\"width: 100%;\" controls=\"controls\"><source type=\"audio\/mpeg\" src=\"https:\/\/old-vianden.digitalvision.lu\/wp-content\/uploads\/2022\/07\/P10_Acte_maisonMed.mp3?_=8\" \/><a href=\"https:\/\/old-vianden.digitalvision.lu\/wp-content\/uploads\/2022\/07\/P10_Acte_maisonMed.mp3\">https:\/\/old-vianden.digitalvision.lu\/wp-content\/uploads\/2022\/07\/P10_Acte_maisonMed.mp3<\/a><\/audio>\n<p>[\/vc_column_text][vc_empty_space][\/vc_column][\/vc_row][vc_row][vc_column][vc_column_text]<strong>11. Introduction d&#8217;une taxe de s\u00e9jour<\/strong><\/p>\n<audio class=\"wp-audio-shortcode\" id=\"audio-21637-9\" preload=\"none\" style=\"width: 100%;\" controls=\"controls\"><source type=\"audio\/mpeg\" src=\"https:\/\/old-vianden.digitalvision.lu\/wp-content\/uploads\/2022\/07\/P11_Taxe_de_sejour.mp3?_=9\" \/><a href=\"https:\/\/old-vianden.digitalvision.lu\/wp-content\/uploads\/2022\/07\/P11_Taxe_de_sejour.mp3\">https:\/\/old-vianden.digitalvision.lu\/wp-content\/uploads\/2022\/07\/P11_Taxe_de_sejour.mp3<\/a><\/audio>\n<p>[\/vc_column_text][vc_empty_space][\/vc_column][\/vc_row][vc_row][vc_column][vc_column_text]<strong>12. Approbation du r\u00e8glement-taxe relatif \u00e0 l&#8217;occupation temporaire du domain public<\/strong><\/p>\n<audio class=\"wp-audio-shortcode\" id=\"audio-21637-10\" preload=\"none\" style=\"width: 100%;\" controls=\"controls\"><source type=\"audio\/mpeg\" src=\"https:\/\/old-vianden.digitalvision.lu\/wp-content\/uploads\/2022\/07\/12-Taxe_occupation-domaine_public.mp3?_=10\" \/><a href=\"https:\/\/old-vianden.digitalvision.lu\/wp-content\/uploads\/2022\/07\/12-Taxe_occupation-domaine_public.mp3\">https:\/\/old-vianden.digitalvision.lu\/wp-content\/uploads\/2022\/07\/12-Taxe_occupation-domaine_public.mp3<\/a><\/audio>\n<p>[\/vc_column_text][vc_empty_space][\/vc_column][\/vc_row][vc_row][vc_column][vc_column_text]<strong>13. Approbation du r\u00e8glement-taxe relatif au blocage d&#8217;un emplacement de parking pour les besoins priv\u00e9<\/strong><\/p>\n<audio class=\"wp-audio-shortcode\" id=\"audio-21637-11\" preload=\"none\" style=\"width: 100%;\" controls=\"controls\"><source type=\"audio\/mpeg\" src=\"https:\/\/old-vianden.digitalvision.lu\/wp-content\/uploads\/2022\/07\/13-Taxe_Parking.mp3?_=11\" \/><a href=\"https:\/\/old-vianden.digitalvision.lu\/wp-content\/uploads\/2022\/07\/13-Taxe_Parking.mp3\">https:\/\/old-vianden.digitalvision.lu\/wp-content\/uploads\/2022\/07\/13-Taxe_Parking.mp3<\/a><\/audio>\n<p>[\/vc_column_text][vc_empty_space][\/vc_column][\/vc_row][vc_row][vc_column][vc_column_text]<strong>14. Approbation de la convention avec le Conservatoire de Musique du Nord<\/strong><\/p>\n<audio class=\"wp-audio-shortcode\" id=\"audio-21637-12\" preload=\"none\" style=\"width: 100%;\" controls=\"controls\"><source type=\"audio\/mpeg\" src=\"https:\/\/old-vianden.digitalvision.lu\/wp-content\/uploads\/2022\/07\/14-_concervatoire-du-nord.mp3?_=12\" \/><a href=\"https:\/\/old-vianden.digitalvision.lu\/wp-content\/uploads\/2022\/07\/14-_concervatoire-du-nord.mp3\">https:\/\/old-vianden.digitalvision.lu\/wp-content\/uploads\/2022\/07\/14-_concervatoire-du-nord.mp3<\/a><\/audio>\n<p>[\/vc_column_text][vc_empty_space][\/vc_column][\/vc_row][vc_row][vc_column][vc_column_text]<strong>15. Demande de subside extraordinaire pour la Veiner Nessknacker asbl<\/strong><\/p>\n<audio class=\"wp-audio-shortcode\" id=\"audio-21637-13\" preload=\"none\" style=\"width: 100%;\" controls=\"controls\"><source type=\"audio\/mpeg\" src=\"https:\/\/old-vianden.digitalvision.lu\/wp-content\/uploads\/2022\/07\/15_Suside_Extra_Nesskn.mp3?_=13\" \/><a href=\"https:\/\/old-vianden.digitalvision.lu\/wp-content\/uploads\/2022\/07\/15_Suside_Extra_Nesskn.mp3\">https:\/\/old-vianden.digitalvision.lu\/wp-content\/uploads\/2022\/07\/15_Suside_Extra_Nesskn.mp3<\/a><\/audio>\n<p>[\/vc_column_text][vc_empty_space][\/vc_column][\/vc_row][vc_row][vc_column][vc_column_text]<strong>16. Decision de principe pour subside extraordinaire pour abattage d&#8217;arbres au &#8220;Schloossb\u00e4rig&#8221;\u00a0<\/strong><\/p>\n<p><strong>retir\u00e9 de l&#8217;ordre du jour et report\u00e9 \u00e0 la prochaine s\u00e9ance<\/strong>[\/vc_column_text][vc_empty_space][\/vc_column][\/vc_row][vc_row][vc_column][vc_column_text]<strong>17. Modifications budg\u00e9taires ordinaire<\/strong><\/p>\n<p><strong>18. Modifications budg\u00e9taires extraordinaire<\/strong><\/p>\n<audio class=\"wp-audio-shortcode\" id=\"audio-21637-14\" preload=\"none\" style=\"width: 100%;\" controls=\"controls\"><source type=\"audio\/mpeg\" src=\"https:\/\/old-vianden.digitalvision.lu\/wp-content\/uploads\/2022\/07\/17_18_budget_ordi_extra_ordi_.mp3?_=14\" \/><a href=\"https:\/\/old-vianden.digitalvision.lu\/wp-content\/uploads\/2022\/07\/17_18_budget_ordi_extra_ordi_.mp3\">https:\/\/old-vianden.digitalvision.lu\/wp-content\/uploads\/2022\/07\/17_18_budget_ordi_extra_ordi_.mp3<\/a><\/audio>\n<p>[\/vc_column_text][vc_empty_space][\/vc_column][\/vc_row][vc_row][vc_column][vc_column_text]<strong>19. D\u00e9comptes des projets extraordinaires<\/strong><\/p>\n<p>a. Camping Deich: Am\u00e9nagement pour campingcars<\/p>\n<p>b. Promenade de l&#8217;Our<\/p>\n<audio class=\"wp-audio-shortcode\" id=\"audio-21637-15\" preload=\"none\" style=\"width: 100%;\" controls=\"controls\"><source type=\"audio\/mpeg\" src=\"https:\/\/old-vianden.digitalvision.lu\/wp-content\/uploads\/2022\/07\/19_decomptes_projets_extra_ordi.mp3?_=15\" \/><a href=\"https:\/\/old-vianden.digitalvision.lu\/wp-content\/uploads\/2022\/07\/19_decomptes_projets_extra_ordi.mp3\">https:\/\/old-vianden.digitalvision.lu\/wp-content\/uploads\/2022\/07\/19_decomptes_projets_extra_ordi.mp3<\/a><\/audio>\n<p>[\/vc_column_text][vc_empty_space][\/vc_column][\/vc_row][vc_row][vc_column][vc_column_text]<strong>20. R\u00e9alisation d&#8217;une installation photovolta\u00efque et d&#8217;une pompe \u00e0 chaleur pour la nouvelle maison des jeunes \u00e0 Vianden<\/strong><\/p>\n<audio class=\"wp-audio-shortcode\" id=\"audio-21637-16\" preload=\"none\" style=\"width: 100%;\" controls=\"controls\"><source type=\"audio\/mpeg\" src=\"https:\/\/old-vianden.digitalvision.lu\/wp-content\/uploads\/2022\/07\/20_realisation_photovoltaique.mp3?_=16\" \/><a href=\"https:\/\/old-vianden.digitalvision.lu\/wp-content\/uploads\/2022\/07\/20_realisation_photovoltaique.mp3\">https:\/\/old-vianden.digitalvision.lu\/wp-content\/uploads\/2022\/07\/20_realisation_photovoltaique.mp3<\/a><\/audio>\n<p>[\/vc_column_text][vc_empty_space][\/vc_column][\/vc_row][vc_row][vc_column][vc_column_text]<strong>21. Approbation du projet d\u00e9finitif da la maison des jeunes<\/strong><\/p>\n<audio class=\"wp-audio-shortcode\" id=\"audio-21637-17\" preload=\"none\" style=\"width: 100%;\" controls=\"controls\"><source type=\"audio\/mpeg\" src=\"https:\/\/old-vianden.digitalvision.lu\/wp-content\/uploads\/2022\/07\/21_projet_def_maison_jeunes.mp3?_=17\" \/><a href=\"https:\/\/old-vianden.digitalvision.lu\/wp-content\/uploads\/2022\/07\/21_projet_def_maison_jeunes.mp3\">https:\/\/old-vianden.digitalvision.lu\/wp-content\/uploads\/2022\/07\/21_projet_def_maison_jeunes.mp3<\/a><\/audio>\n<p>[\/vc_column_text][vc_empty_space][\/vc_column][\/vc_row][vc_row][vc_column][vc_column_text]<strong>22. Modification du r\u00e8glement du Camperpark Deich<\/strong><\/p>\n<p><strong>23. Modification du r\u00e8glement du Camperpark Moulin<\/strong><\/p>\n<audio class=\"wp-audio-shortcode\" id=\"audio-21637-18\" preload=\"none\" style=\"width: 100%;\" controls=\"controls\"><source type=\"audio\/mpeg\" src=\"https:\/\/old-vianden.digitalvision.lu\/wp-content\/uploads\/2022\/07\/2223_reglement_camperparks.mp3?_=18\" \/><a href=\"https:\/\/old-vianden.digitalvision.lu\/wp-content\/uploads\/2022\/07\/2223_reglement_camperparks.mp3\">https:\/\/old-vianden.digitalvision.lu\/wp-content\/uploads\/2022\/07\/2223_reglement_camperparks.mp3<\/a><\/audio>\n<p>[\/vc_column_text][vc_empty_space][\/vc_column][\/vc_row][vc_row][vc_column][vc_column_text]<strong>23. Nouveaux lieux de c\u00e9l\u00e9bration de mariages et de d\u00e9claration de partenariat civils<\/strong><\/p>\n<audio class=\"wp-audio-shortcode\" id=\"audio-21637-19\" preload=\"none\" style=\"width: 100%;\" controls=\"controls\"><source type=\"audio\/mpeg\" src=\"https:\/\/old-vianden.digitalvision.lu\/wp-content\/uploads\/2022\/07\/24_mariages.mp3?_=19\" \/><a href=\"https:\/\/old-vianden.digitalvision.lu\/wp-content\/uploads\/2022\/07\/24_mariages.mp3\">https:\/\/old-vianden.digitalvision.lu\/wp-content\/uploads\/2022\/07\/24_mariages.mp3<\/a><\/audio>\n<p>[\/vc_column_text][vc_empty_space][\/vc_column][\/vc_row][vc_row][vc_column][vc_column_text]<strong>25. Approbation du tarif pour l&#8217;utilisation des machines \u00e0 laver au camping Moulin<\/strong><\/p>\n<audio class=\"wp-audio-shortcode\" id=\"audio-21637-20\" preload=\"none\" style=\"width: 100%;\" controls=\"controls\"><source type=\"audio\/mpeg\" src=\"https:\/\/old-vianden.digitalvision.lu\/wp-content\/uploads\/2022\/07\/25_tarif_machine_a_laver.mp3?_=20\" \/><a href=\"https:\/\/old-vianden.digitalvision.lu\/wp-content\/uploads\/2022\/07\/25_tarif_machine_a_laver.mp3\">https:\/\/old-vianden.digitalvision.lu\/wp-content\/uploads\/2022\/07\/25_tarif_machine_a_laver.mp3<\/a><\/audio>\n<p>[\/vc_column_text][vc_empty_space][\/vc_column][\/vc_row][vc_row][vc_column][vc_column_text]<strong>26. Modification du r\u00e8glement de circulation<\/strong><\/p>\n<p>a. Passage pi\u00e9ton rue de la fronti\u00e8re<\/p>\n<p>b. Chantier Mont\u00e9e du Ch\u00e2teau<\/p>\n<audio class=\"wp-audio-shortcode\" id=\"audio-21637-21\" preload=\"none\" style=\"width: 100%;\" controls=\"controls\"><source type=\"audio\/mpeg\" src=\"https:\/\/old-vianden.digitalvision.lu\/wp-content\/uploads\/2022\/07\/26_reg_circulations.mp3?_=21\" \/><a href=\"https:\/\/old-vianden.digitalvision.lu\/wp-content\/uploads\/2022\/07\/26_reg_circulations.mp3\">https:\/\/old-vianden.digitalvision.lu\/wp-content\/uploads\/2022\/07\/26_reg_circulations.mp3<\/a><\/audio>\n<p>[\/vc_column_text][vc_empty_space][\/vc_column][\/vc_row][vc_row][vc_column][vc_column_text]<strong>27. Approbation de contrat de bail Viart-asbl_Camping Moulin<\/strong><\/p>\n<audio class=\"wp-audio-shortcode\" id=\"audio-21637-22\" preload=\"none\" style=\"width: 100%;\" controls=\"controls\"><source type=\"audio\/mpeg\" src=\"https:\/\/old-vianden.digitalvision.lu\/wp-content\/uploads\/2022\/07\/27_approbation_contrat.mp3?_=22\" \/><a href=\"https:\/\/old-vianden.digitalvision.lu\/wp-content\/uploads\/2022\/07\/27_approbation_contrat.mp3\">https:\/\/old-vianden.digitalvision.lu\/wp-content\/uploads\/2022\/07\/27_approbation_contrat.mp3<\/a><\/audio>\n<p>[\/vc_column_text][\/vc_column][\/vc_row][vc_row][vc_column][vc_column_text]<strong>28. Divers Droit d\u2019initiative du conseiller communal, questions \u00e9crites et orales<\/strong><\/p>\n<audio class=\"wp-audio-shortcode\" id=\"audio-21637-23\" preload=\"none\" style=\"width: 100%;\" controls=\"controls\"><source type=\"audio\/mpeg\" src=\"https:\/\/old-vianden.digitalvision.lu\/wp-content\/uploads\/2022\/07\/28_divers.mp3?_=23\" \/><a href=\"https:\/\/old-vianden.digitalvision.lu\/wp-content\/uploads\/2022\/07\/28_divers.mp3\">https:\/\/old-vianden.digitalvision.lu\/wp-content\/uploads\/2022\/07\/28_divers.mp3<\/a><\/audio>\n<p>[\/vc_column_text][\/vc_column][\/vc_row]<\/p>\n<\/div>","protected":false},"excerpt":{"rendered":"<p>[vc_row][vc_column][vc_column_text] Conseil Communal du jeudi, 25 juillet 2022 \u00e0 14:00 heures en la salle Bessling du\u00a0Centre Culturel Larei Pr\u00e9sents: TONINO Claude, bourgmestre \u2013 \u00a0ESTEVES Kevin, \u00e9chevin &#8211; KLASEN Jengel, \u00e9chevin \u2013 \u00a0MAJERUS Henri, MALERBA Paolo, LEONARDY Frank, DINIS ANDRADE C\u00e9sar, HEINTZEN Joe , conseillers SCHAUS Pol, secr\u00e9taire [\/vc_column_text][vc_empty_space][\/vc_column][\/vc_row][vc_row][vc_column][vc_text_separator title=&#8221;ORDRE DU JOUR&#8221;][\/vc_column][\/vc_row][vc_row][vc_column][vc_column_text] S\u00e9ance \u00e0 huis clos&hellip;<\/p>\n","protected":false},"author":2,"featured_media":16953,"parent":0,"menu_order":0,"comment_status":"closed","ping_status":"closed","template":"","meta":[],"class_list":["post-21637","page","type-page","status-publish","has-post-thumbnail","hentry","description-off"],"translation":{"provider":"WPGlobus","version":"2.12.2","language":"de","enabled_languages":["de","fr"],"languages":{"de":{"title":true,"content":true,"excerpt":false},"fr":{"title":false,"content":false,"excerpt":false}}},"publishpress_future_action":{"enabled":false,"date":"2026-04-14 22:47:12","action":"change-status","newStatus":"draft","terms":[],"taxonomy":""},"_links":{"self":[{"href":"https:\/\/old-vianden.digitalvision.lu\/index.php?rest_route=\/wp\/v2\/pages\/21637","targetHints":{"allow":["GET"]}}],"collection":[{"href":"https:\/\/old-vianden.digitalvision.lu\/index.php?rest_route=\/wp\/v2\/pages"}],"about":[{"href":"https:\/\/old-vianden.digitalvision.lu\/index.php?rest_route=\/wp\/v2\/types\/page"}],"author":[{"embeddable":true,"href":"https:\/\/old-vianden.digitalvision.lu\/index.php?rest_route=\/wp\/v2\/users\/2"}],"replies":[{"embeddable":true,"href":"https:\/\/old-vianden.digitalvision.lu\/index.php?rest_route=%2Fwp%2Fv2%2Fcomments&post=21637"}],"version-history":[{"count":4,"href":"https:\/\/old-vianden.digitalvision.lu\/index.php?rest_route=\/wp\/v2\/pages\/21637\/revisions"}],"predecessor-version":[{"id":21664,"href":"https:\/\/old-vianden.digitalvision.lu\/index.php?rest_route=\/wp\/v2\/pages\/21637\/revisions\/21664"}],"wp:featuredmedia":[{"embeddable":true,"href":"https:\/\/old-vianden.digitalvision.lu\/index.php?rest_route=\/wp\/v2\/media\/16953"}],"wp:attachment":[{"href":"https:\/\/old-vianden.digitalvision.lu\/index.php?rest_route=%2Fwp%2Fv2%2Fmedia&parent=21637"}],"curies":[{"name":"wp","href":"https:\/\/api.w.org\/{rel}","templated":true}]}}