{"id":21477,"date":"2022-06-25T20:36:49","date_gmt":"2022-06-25T18:36:49","guid":{"rendered":"https:\/\/old-vianden.digitalvision.lu\/?page_id=21477"},"modified":"2022-06-25T20:56:01","modified_gmt":"2022-06-25T18:56:01","slug":"sozialamt-resonord","status":"publish","type":"page","link":"https:\/\/old-vianden.digitalvision.lu\/?page_id=21477","title":{"rendered":"Sozialamt Resonord"},"content":{"rendered":"<div class=\"wpb-content-wrapper\"><p>[vc_row][vc_column][vc_column_text]<b>Sozialamt Resonord<\/b><\/p>\n<p>Das Sozialamt Resonord ist ein Ansprechpartner bei Fragen und Problemen unterschiedlichster Art. Die Sozialarbeiter k\u00f6nnen bei folgenden Themenschwerpunkten helfen:<\/p>\n<ul>\n<li>Wohnen<\/li>\n<li>Arbeit und Ausbildung<\/li>\n<li>Gesundheit und soziale Sicherheit<\/li>\n<li>Familie und Kinder<\/li>\n<li>\u2026<\/li>\n<\/ul>\n<p>Das Gesetz zur Sozialhilfe vom 9. Dezember 2009 legt den rechtlichen Rahmen der landesweit 30 Sozial\u00e4mter fest. Damit wurde auch das Recht auf Sozialhilfe gesetzlich verankert. Im Gegenzug verpflichten sich die Hilfesuchenden zur aktiven Mitarbeit an der Verbesserung ihrer Situation und der (Wieder-)Erlangung ihrer Autonomie.<\/p>\n<p>Zu den Hilfestellungen eines Sozialamtes geh\u00f6ren:<\/p>\n<ul>\n<li>Information, Beratung und Orientierung<\/li>\n<li>Soziop\u00e4dagogische\/psychosoziale Begleitung<\/li>\n<li>Administrative Hilfen<\/li>\n<li>Materielle Hilfen<\/li>\n<li>Finanzielle Hilfen<\/li>\n<\/ul>\n<p>Ziel der Sozialhilfe ist es, von Armut und Ausgrenzung bedrohten Personen ein menschenw\u00fcrdiges Leben zu erm\u00f6glichen. Das Sozialamt Resonord ist zust\u00e4ndig f\u00fcr die Einwohner der folgenden 9 n\u00f6rdlichen Gemeinden:<\/p>\n<ul>\n<li>Clerf<\/li>\n<li>Kiischpelt<\/li>\n<li>Parc Hosingen<\/li>\n<li>P\u00fctscheid<\/li>\n<li>Tandel<\/li>\n<li>Ulflingen<\/li>\n<li>Vianden<\/li>\n<li>Weiswampach<\/li>\n<li>Wintger<\/li>\n<\/ul>\n<p>Wenn Sie Ihren Hauptwohnsitz in einer dieser 9 Gemeinden haben, k\u00f6nnen Sie sich mit Ihren Fragen und Sorgen an Resonord wenden. Unsere diplomierten Sozialarbeiter helfen Ihnen gerne. Selbstverst\u00e4ndlich werden alle Anfragen vertraulich behandelt.<span class=\"Apple-converted-space\">\u00a0<\/span><\/p>\n<p>Das interkommunale Sozialamt Resonord arbeitet eng mit anderen Dienstleistern \u2013 vor allem aus dem Sozialbereich \u2013 zusammen. Auf diese Weise k\u00f6nnen die Hilfsma\u00dfnahmen koordiniert und komplement\u00e4r erfolgen. Der Kontakt zum Sozialamt erfolgt auf freiwilliger Basis.<\/p>\n<p>Der Hauptsitz des Resonord befindet sich in Hosingen; Zweigstellen sind in Wintger und Vianden. Des Weiteren geh\u00f6rt der Begegnungsort \u201eCli\u00e4rrwer Haus\u201c zum Resonord, in dem verschiedene Dienstleistungen zu sozialen Preisen (Lebensmittelladen, Fris\u00f6r, Waschsalon,\u2026) angeboten werden.<\/p>\n<p>Bei Fragen wenden Sie sich bitte an den Sozialarbeiter, der f\u00fcr Ihre Gemeinde zust\u00e4ndig ist.<\/p>\n<p><a href=\"http:\/\/www.resonord.lu\" target=\"_blank\" rel=\"noopener\">www.resonord.lu<\/a><span class=\"Apple-converted-space\">\u00a0<\/span>[\/vc_column_text][\/vc_column][\/vc_row][vc_row][vc_column][vc_single_image image=&#8221;21493&#8243; img_size=&#8221;large&#8221; alignment=&#8221;center&#8221; style=&#8221;vc_box_outline&#8221;][\/vc_column][\/vc_row]<\/p>\n<\/div>","protected":false},"excerpt":{"rendered":"<p>[vc_row][vc_column][vc_column_text]Sozialamt Resonord Das Sozialamt Resonord ist ein Ansprechpartner bei Fragen und Problemen unterschiedlichster Art. Die Sozialarbeiter k\u00f6nnen bei folgenden Themenschwerpunkten helfen: Wohnen Arbeit und Ausbildung Gesundheit und soziale Sicherheit Familie und Kinder \u2026 Das Gesetz zur Sozialhilfe vom 9. Dezember 2009 legt den rechtlichen Rahmen der landesweit 30 Sozial\u00e4mter fest. Damit wurde auch das Recht&hellip;<\/p>\n","protected":false},"author":2,"featured_media":0,"parent":0,"menu_order":0,"comment_status":"closed","ping_status":"closed","template":"","meta":[],"class_list":["post-21477","page","type-page","status-publish","hentry","description-off"],"translation":{"provider":"WPGlobus","version":"2.12.2","language":"de","enabled_languages":["de","fr"],"languages":{"de":{"title":true,"content":true,"excerpt":false},"fr":{"title":true,"content":true,"excerpt":false}}},"publishpress_future_action":{"enabled":false,"date":"2026-04-14 21:24:06","action":"change-status","newStatus":"draft","terms":[],"taxonomy":""},"_links":{"self":[{"href":"https:\/\/old-vianden.digitalvision.lu\/index.php?rest_route=\/wp\/v2\/pages\/21477","targetHints":{"allow":["GET"]}}],"collection":[{"href":"https:\/\/old-vianden.digitalvision.lu\/index.php?rest_route=\/wp\/v2\/pages"}],"about":[{"href":"https:\/\/old-vianden.digitalvision.lu\/index.php?rest_route=\/wp\/v2\/types\/page"}],"author":[{"embeddable":true,"href":"https:\/\/old-vianden.digitalvision.lu\/index.php?rest_route=\/wp\/v2\/users\/2"}],"replies":[{"embeddable":true,"href":"https:\/\/old-vianden.digitalvision.lu\/index.php?rest_route=%2Fwp%2Fv2%2Fcomments&post=21477"}],"version-history":[{"count":12,"href":"https:\/\/old-vianden.digitalvision.lu\/index.php?rest_route=\/wp\/v2\/pages\/21477\/revisions"}],"predecessor-version":[{"id":21497,"href":"https:\/\/old-vianden.digitalvision.lu\/index.php?rest_route=\/wp\/v2\/pages\/21477\/revisions\/21497"}],"wp:attachment":[{"href":"https:\/\/old-vianden.digitalvision.lu\/index.php?rest_route=%2Fwp%2Fv2%2Fmedia&parent=21477"}],"curies":[{"name":"wp","href":"https:\/\/api.w.org\/{rel}","templated":true}]}}