{"id":21352,"date":"2022-05-27T13:44:51","date_gmt":"2022-05-27T11:44:51","guid":{"rendered":"https:\/\/old-vianden.digitalvision.lu\/?page_id=21352"},"modified":"2022-05-27T13:55:03","modified_gmt":"2022-05-27T11:55:03","slug":"avis-reglement-de-circulation","status":"publish","type":"page","link":"https:\/\/old-vianden.digitalvision.lu\/?page_id=21352","title":{"rendered":"Avis &#8211; R\u00e8glement de circulation"},"content":{"rendered":"<div class=\"wpb-content-wrapper\"><p>[vc_row][vc_column][vc_column_text]Le <strong>e-Raider<\/strong> r\u00e9pertorie les avis officiels de la commune de Vianden, tels qu&#8217;ils sont affich\u00e9s dans le <strong>raider classique <\/strong>devant la mairie.<\/p>\n<p>Ceci constitue un service suppl\u00e9mentaire offert aux citoyens sans pour autant se baser sur une base l\u00e9gale. Par cons\u00e9quent, uniquement le raider classique fait foi (sauf disposition l\u00e9gale contraire).[\/vc_column_text][vc_empty_space][\/vc_column][\/vc_row][vc_row][vc_column][vc_column_text]<div class=\"mec-wrap mec-skin-list-container  \" id=\"mec_skin_21135\">\n\n    \n        <div class=\"mec-skin-list-events-container\" id=\"mec_skin_events_21135\">\n        Keine Veranstaltung gefunden    <\/div>\n    \n    \n<\/div>\n[\/vc_column_text][\/vc_column][\/vc_row]<\/p>\n<\/div>","protected":false},"excerpt":{"rendered":"<p>[vc_row][vc_column][vc_column_text]Le e-Raider r\u00e9pertorie les avis officiels de la commune de Vianden, tels qu&#8217;ils sont affich\u00e9s dans le raider classique devant la mairie. Ceci constitue un service suppl\u00e9mentaire offert aux citoyens sans pour autant se baser sur une base l\u00e9gale. Par cons\u00e9quent, uniquement le raider classique fait foi (sauf disposition l\u00e9gale contraire).[\/vc_column_text][vc_empty_space][\/vc_column][\/vc_row][vc_row][vc_column][vc_column_text][\/vc_column_text][\/vc_column][\/vc_row]<\/p>\n","protected":false},"author":2,"featured_media":0,"parent":0,"menu_order":0,"comment_status":"closed","ping_status":"closed","template":"","meta":[],"class_list":["post-21352","page","type-page","status-publish","hentry","description-off"],"translation":{"provider":"WPGlobus","version":"2.12.2","language":"de","enabled_languages":["de","fr"],"languages":{"de":{"title":true,"content":true,"excerpt":false},"fr":{"title":false,"content":false,"excerpt":false}}},"publishpress_future_action":{"enabled":false,"date":"2026-04-14 22:47:12","action":"change-status","newStatus":"draft","terms":[],"taxonomy":""},"_links":{"self":[{"href":"https:\/\/old-vianden.digitalvision.lu\/index.php?rest_route=\/wp\/v2\/pages\/21352","targetHints":{"allow":["GET"]}}],"collection":[{"href":"https:\/\/old-vianden.digitalvision.lu\/index.php?rest_route=\/wp\/v2\/pages"}],"about":[{"href":"https:\/\/old-vianden.digitalvision.lu\/index.php?rest_route=\/wp\/v2\/types\/page"}],"author":[{"embeddable":true,"href":"https:\/\/old-vianden.digitalvision.lu\/index.php?rest_route=\/wp\/v2\/users\/2"}],"replies":[{"embeddable":true,"href":"https:\/\/old-vianden.digitalvision.lu\/index.php?rest_route=%2Fwp%2Fv2%2Fcomments&post=21352"}],"version-history":[{"count":2,"href":"https:\/\/old-vianden.digitalvision.lu\/index.php?rest_route=\/wp\/v2\/pages\/21352\/revisions"}],"predecessor-version":[{"id":21355,"href":"https:\/\/old-vianden.digitalvision.lu\/index.php?rest_route=\/wp\/v2\/pages\/21352\/revisions\/21355"}],"wp:attachment":[{"href":"https:\/\/old-vianden.digitalvision.lu\/index.php?rest_route=%2Fwp%2Fv2%2Fmedia&parent=21352"}],"curies":[{"name":"wp","href":"https:\/\/api.w.org\/{rel}","templated":true}]}}