{"id":21258,"date":"2022-05-23T16:16:36","date_gmt":"2022-05-23T14:16:36","guid":{"rendered":"https:\/\/old-vianden.digitalvision.lu\/?page_id=21258"},"modified":"2022-05-23T16:23:36","modified_gmt":"2022-05-23T14:23:36","slug":"reunion-du-conseil-communal-le-vendredi-20-mai-a1400-heures","status":"publish","type":"page","link":"https:\/\/old-vianden.digitalvision.lu\/?page_id=21258","title":{"rendered":"R\u00e9union du Conseil Communal le vendredi 20 mai \u00e0 14:00 heures"},"content":{"rendered":"<div class=\"wpb-content-wrapper\"><p>[vc_row][vc_column][vc_column_text]<\/p>\n<h4>Conseil Communal du vendredi, 20 mai 2022 \u00e0 14:00 heures en la salle Bessling du\u00a0Centre Culturel Larei<\/h4>\n<p>Pr\u00e9sents: TONINO Claude, bourgmestre \u2013 \u00a0ESTEVES Kevin, \u00e9chevin &#8211; KLASEN Jengel, \u00e9chevin \u2013 \u00a0MAJERUS Henri, MALERBA Paolo, LEONARDY Frank, DINIS ANDRADE C\u00e9sar, \u00a0conseillers<\/p>\n<p>SCHAUS Pol, secr\u00e9taire<\/p>\n<p>Excus\u00e9: HEINTZEN Joe conseiller[\/vc_column_text][vc_empty_space][\/vc_column][\/vc_row][vc_row][vc_column][vc_text_separator title=&#8221;ORDRE DU JOUR&#8221;][\/vc_column][\/vc_row][vc_row][vc_column][vc_column_text]<\/p>\n<h4><strong>S\u00e9ance \u00e0 huis clos<\/strong><\/h4>\n<ol>\n<li><strong>Affaires du personnel<\/strong><\/li>\n<\/ol>\n<p>[\/vc_column_text][vc_empty_space][\/vc_column][\/vc_row][vc_row][vc_column][vc_column_text]<strong>Modification ODJ<\/strong><\/p>\n<!--[if lt IE 9]><script>document.createElement('audio');<\/script><![endif]-->\n<audio class=\"wp-audio-shortcode\" id=\"audio-21258-1\" preload=\"none\" style=\"width: 100%;\" controls=\"controls\"><source type=\"audio\/mpeg\" src=\"https:\/\/old-vianden.digitalvision.lu\/wp-content\/uploads\/2022\/05\/Bienvenue_ODJ_JRickal.mp3?_=1\" \/><a href=\"https:\/\/old-vianden.digitalvision.lu\/wp-content\/uploads\/2022\/05\/Bienvenue_ODJ_JRickal.mp3\">https:\/\/old-vianden.digitalvision.lu\/wp-content\/uploads\/2022\/05\/Bienvenue_ODJ_JRickal.mp3<\/a><\/audio>\n<p>[\/vc_column_text][vc_empty_space][\/vc_column][\/vc_row][vc_row][vc_column][vc_column_text]<strong>2. Information du public des d\u00e9cisions de personnel prises \u00e0 huis clos<\/strong><\/p>\n<audio class=\"wp-audio-shortcode\" id=\"audio-21258-2\" preload=\"none\" style=\"width: 100%;\" controls=\"controls\"><source type=\"audio\/mpeg\" src=\"https:\/\/old-vianden.digitalvision.lu\/wp-content\/uploads\/2022\/05\/P2_Info_au_public.mp3?_=2\" \/><a href=\"https:\/\/old-vianden.digitalvision.lu\/wp-content\/uploads\/2022\/05\/P2_Info_au_public.mp3\">https:\/\/old-vianden.digitalvision.lu\/wp-content\/uploads\/2022\/05\/P2_Info_au_public.mp3<\/a><\/audio>\n<p>[\/vc_column_text][vc_empty_space][\/vc_column][\/vc_row][vc_row][vc_column][vc_column_text]<strong>3. Avis sur nomination au poste de pr\u00e9pos\u00e9 au triage de Vianden<\/strong><\/p>\n<audio class=\"wp-audio-shortcode\" id=\"audio-21258-3\" preload=\"none\" style=\"width: 100%;\" controls=\"controls\"><source type=\"audio\/mpeg\" src=\"https:\/\/old-vianden.digitalvision.lu\/wp-content\/uploads\/2022\/05\/P_3_Nomination-prepose.mp3?_=3\" \/><a href=\"https:\/\/old-vianden.digitalvision.lu\/wp-content\/uploads\/2022\/05\/P_3_Nomination-prepose.mp3\">https:\/\/old-vianden.digitalvision.lu\/wp-content\/uploads\/2022\/05\/P_3_Nomination-prepose.mp3<\/a><\/audio>\n<p>[\/vc_column_text][vc_empty_space][\/vc_column][\/vc_row][vc_row][vc_column][vc_column_text]<strong>4. Cr\u00e9ation de deux postes d&#8217;ouvriers communal<\/strong><\/p>\n<audio class=\"wp-audio-shortcode\" id=\"audio-21258-4\" preload=\"none\" style=\"width: 100%;\" controls=\"controls\"><source type=\"audio\/mpeg\" src=\"https:\/\/old-vianden.digitalvision.lu\/wp-content\/uploads\/2022\/05\/P4_Creation-de-postes_ouvriers.mp3?_=4\" \/><a href=\"https:\/\/old-vianden.digitalvision.lu\/wp-content\/uploads\/2022\/05\/P4_Creation-de-postes_ouvriers.mp3\">https:\/\/old-vianden.digitalvision.lu\/wp-content\/uploads\/2022\/05\/P4_Creation-de-postes_ouvriers.mp3<\/a><\/audio>\n<p>[\/vc_column_text][vc_empty_space][\/vc_column][\/vc_row][vc_row][vc_column][vc_column_text]<strong>5. Accord de principe pour l&#8217;acquisition d&#8217;un immeuble en vue de l&#8217;am\u00e9nagement d&#8217;un centre m\u00e9dical<\/strong><\/p>\n<audio class=\"wp-audio-shortcode\" id=\"audio-21258-5\" preload=\"none\" style=\"width: 100%;\" controls=\"controls\"><source type=\"audio\/mpeg\" src=\"https:\/\/old-vianden.digitalvision.lu\/wp-content\/uploads\/2022\/05\/P5_accord-de-principe_CenMed.mp3?_=5\" \/><a href=\"https:\/\/old-vianden.digitalvision.lu\/wp-content\/uploads\/2022\/05\/P5_accord-de-principe_CenMed.mp3\">https:\/\/old-vianden.digitalvision.lu\/wp-content\/uploads\/2022\/05\/P5_accord-de-principe_CenMed.mp3<\/a><\/audio>\n<p>[\/vc_column_text][vc_empty_space][\/vc_column][\/vc_row][vc_row][vc_column][vc_column_text]<strong>6. D\u00e9cision de principe de contacter un emprunt bancaire<\/strong><\/p>\n<audio class=\"wp-audio-shortcode\" id=\"audio-21258-6\" preload=\"none\" style=\"width: 100%;\" controls=\"controls\"><source type=\"audio\/mpeg\" src=\"https:\/\/old-vianden.digitalvision.lu\/wp-content\/uploads\/2022\/05\/P6-Emprunt.mp3?_=6\" \/><a href=\"https:\/\/old-vianden.digitalvision.lu\/wp-content\/uploads\/2022\/05\/P6-Emprunt.mp3\">https:\/\/old-vianden.digitalvision.lu\/wp-content\/uploads\/2022\/05\/P6-Emprunt.mp3<\/a><\/audio>\n<p>[\/vc_column_text][vc_empty_space][\/vc_column][\/vc_row][vc_row][vc_column][vc_column_text]<strong>7. Modification budg\u00e9taire<\/strong><\/p>\n<audio class=\"wp-audio-shortcode\" id=\"audio-21258-7\" preload=\"none\" style=\"width: 100%;\" controls=\"controls\"><source type=\"audio\/mpeg\" src=\"https:\/\/old-vianden.digitalvision.lu\/wp-content\/uploads\/2022\/05\/P7-Modibu.mp3?_=7\" \/><a href=\"https:\/\/old-vianden.digitalvision.lu\/wp-content\/uploads\/2022\/05\/P7-Modibu.mp3\">https:\/\/old-vianden.digitalvision.lu\/wp-content\/uploads\/2022\/05\/P7-Modibu.mp3<\/a><\/audio>\n<p>[\/vc_column_text][vc_empty_space][\/vc_column][\/vc_row][vc_row][vc_column][vc_column_text]<strong>8.\u00a0Modification\u00a0du r\u00e8glement concernant la mise \u00e0 disponibilit\u00e9 de v\u00e9hicules de service de la commune de Vianden<\/strong><\/p>\n<audio class=\"wp-audio-shortcode\" id=\"audio-21258-8\" preload=\"none\" style=\"width: 100%;\" controls=\"controls\"><source type=\"audio\/mpeg\" src=\"https:\/\/old-vianden.digitalvision.lu\/wp-content\/uploads\/2022\/05\/P8-Modif_reglvehicules.mp3?_=8\" \/><a href=\"https:\/\/old-vianden.digitalvision.lu\/wp-content\/uploads\/2022\/05\/P8-Modif_reglvehicules.mp3\">https:\/\/old-vianden.digitalvision.lu\/wp-content\/uploads\/2022\/05\/P8-Modif_reglvehicules.mp3<\/a><\/audio>\n<p>[\/vc_column_text][vc_empty_space][\/vc_column][\/vc_row][vc_row][vc_column][vc_column_text]<strong>9. Fixation de la taxe relative au service &#8220;Repas sur roues&#8221;<\/strong><\/p>\n<audio class=\"wp-audio-shortcode\" id=\"audio-21258-9\" preload=\"none\" style=\"width: 100%;\" controls=\"controls\"><source type=\"audio\/mpeg\" src=\"https:\/\/old-vianden.digitalvision.lu\/wp-content\/uploads\/2022\/05\/P9-repas-sur-roues.mp3?_=9\" \/><a href=\"https:\/\/old-vianden.digitalvision.lu\/wp-content\/uploads\/2022\/05\/P9-repas-sur-roues.mp3\">https:\/\/old-vianden.digitalvision.lu\/wp-content\/uploads\/2022\/05\/P9-repas-sur-roues.mp3<\/a><\/audio>\n<p>[\/vc_column_text][vc_empty_space][\/vc_column][\/vc_row][vc_row][vc_column][vc_column_text]<strong>10. Fixation des taxes de stationnement au parking couvert &#8220;Victor Hugo&#8221;<\/strong><\/p>\n<audio class=\"wp-audio-shortcode\" id=\"audio-21258-10\" preload=\"none\" style=\"width: 100%;\" controls=\"controls\"><source type=\"audio\/mpeg\" src=\"https:\/\/old-vianden.digitalvision.lu\/wp-content\/uploads\/2022\/05\/P10-parking-VH.mp3?_=10\" \/><a href=\"https:\/\/old-vianden.digitalvision.lu\/wp-content\/uploads\/2022\/05\/P10-parking-VH.mp3\">https:\/\/old-vianden.digitalvision.lu\/wp-content\/uploads\/2022\/05\/P10-parking-VH.mp3<\/a><\/audio>\n<p>[\/vc_column_text][vc_empty_space][\/vc_column][\/vc_row][vc_row][vc_column][vc_column_text]<strong>11. Modification du r\u00e8glement du Camperpark Deich<\/strong><\/p>\n<audio class=\"wp-audio-shortcode\" id=\"audio-21258-11\" preload=\"none\" style=\"width: 100%;\" controls=\"controls\"><source type=\"audio\/mpeg\" src=\"https:\/\/old-vianden.digitalvision.lu\/wp-content\/uploads\/2022\/05\/P11-Reg_CamDeich.mp3?_=11\" \/><a href=\"https:\/\/old-vianden.digitalvision.lu\/wp-content\/uploads\/2022\/05\/P11-Reg_CamDeich.mp3\">https:\/\/old-vianden.digitalvision.lu\/wp-content\/uploads\/2022\/05\/P11-Reg_CamDeich.mp3<\/a><\/audio>\n<p>[\/vc_column_text][vc_empty_space][\/vc_column][\/vc_row][vc_row][vc_column][vc_column_text]<strong>12. Modification du r\u00e8glement du Camping du Moulin<\/strong><\/p>\n<audio class=\"wp-audio-shortcode\" id=\"audio-21258-12\" preload=\"none\" style=\"width: 100%;\" controls=\"controls\"><source type=\"audio\/mpeg\" src=\"https:\/\/old-vianden.digitalvision.lu\/wp-content\/uploads\/2022\/05\/P12_Reg_Camp_Moulin.mp3?_=12\" \/><a href=\"https:\/\/old-vianden.digitalvision.lu\/wp-content\/uploads\/2022\/05\/P12_Reg_Camp_Moulin.mp3\">https:\/\/old-vianden.digitalvision.lu\/wp-content\/uploads\/2022\/05\/P12_Reg_Camp_Moulin.mp3<\/a><\/audio>\n<p>[\/vc_column_text][vc_empty_space][\/vc_column][\/vc_row][vc_row][vc_column][vc_column_text]<strong>13. Modification des conditions de transport du t\u00e9l\u00e9si\u00e8ge<\/strong><\/p>\n<audio class=\"wp-audio-shortcode\" id=\"audio-21258-13\" preload=\"none\" style=\"width: 100%;\" controls=\"controls\"><source type=\"audio\/mpeg\" src=\"https:\/\/old-vianden.digitalvision.lu\/wp-content\/uploads\/2022\/05\/P13_Reg_Telesiege.mp3?_=13\" \/><a href=\"https:\/\/old-vianden.digitalvision.lu\/wp-content\/uploads\/2022\/05\/P13_Reg_Telesiege.mp3\">https:\/\/old-vianden.digitalvision.lu\/wp-content\/uploads\/2022\/05\/P13_Reg_Telesiege.mp3<\/a><\/audio>\n<p>[\/vc_column_text][vc_empty_space][\/vc_column][\/vc_row][vc_row][vc_column][vc_column_text]<strong>14. Permission d&#8217;ester en justice relatif aux infractions contre le\u00a0r\u00e8glement\u00a0des b\u00e2tisses<\/strong><\/p>\n<audio class=\"wp-audio-shortcode\" id=\"audio-21258-14\" preload=\"none\" style=\"width: 100%;\" controls=\"controls\"><source type=\"audio\/mpeg\" src=\"https:\/\/old-vianden.digitalvision.lu\/wp-content\/uploads\/2022\/05\/P14_ester-en-justice.mp3?_=14\" \/><a href=\"https:\/\/old-vianden.digitalvision.lu\/wp-content\/uploads\/2022\/05\/P14_ester-en-justice.mp3\">https:\/\/old-vianden.digitalvision.lu\/wp-content\/uploads\/2022\/05\/P14_ester-en-justice.mp3<\/a><\/audio>\n<p>[\/vc_column_text][vc_empty_space][\/vc_column][\/vc_row][vc_row][vc_column][vc_column_text]<strong>15. Approbations de devis<\/strong><\/p>\n<audio class=\"wp-audio-shortcode\" id=\"audio-21258-15\" preload=\"none\" style=\"width: 100%;\" controls=\"controls\"><source type=\"audio\/mpeg\" src=\"https:\/\/old-vianden.digitalvision.lu\/wp-content\/uploads\/2022\/05\/P15_Appro_devis.mp3?_=15\" \/><a href=\"https:\/\/old-vianden.digitalvision.lu\/wp-content\/uploads\/2022\/05\/P15_Appro_devis.mp3\">https:\/\/old-vianden.digitalvision.lu\/wp-content\/uploads\/2022\/05\/P15_Appro_devis.mp3<\/a><\/audio>\n<p>[\/vc_column_text][vc_empty_space][\/vc_column][\/vc_row][vc_row][vc_column][vc_column_text]<strong>16. Modification du r\u00e8glement de circulation<\/strong><\/p>\n<audio class=\"wp-audio-shortcode\" id=\"audio-21258-16\" preload=\"none\" style=\"width: 100%;\" controls=\"controls\"><source type=\"audio\/mpeg\" src=\"https:\/\/old-vianden.digitalvision.lu\/wp-content\/uploads\/2022\/05\/P16_reg_circulation.mp3?_=16\" \/><a href=\"https:\/\/old-vianden.digitalvision.lu\/wp-content\/uploads\/2022\/05\/P16_reg_circulation.mp3\">https:\/\/old-vianden.digitalvision.lu\/wp-content\/uploads\/2022\/05\/P16_reg_circulation.mp3<\/a><\/audio>\n<p>[\/vc_column_text][vc_empty_space][\/vc_column][\/vc_row][vc_row][vc_column][vc_column_text]<strong>17. Cadeaux et dons: Fixation des tarifs<\/strong><\/p>\n<audio class=\"wp-audio-shortcode\" id=\"audio-21258-17\" preload=\"none\" style=\"width: 100%;\" controls=\"controls\"><source type=\"audio\/mpeg\" src=\"https:\/\/old-vianden.digitalvision.lu\/wp-content\/uploads\/2022\/05\/P17_Cad_Dons.mp3?_=17\" \/><a href=\"https:\/\/old-vianden.digitalvision.lu\/wp-content\/uploads\/2022\/05\/P17_Cad_Dons.mp3\">https:\/\/old-vianden.digitalvision.lu\/wp-content\/uploads\/2022\/05\/P17_Cad_Dons.mp3<\/a><\/audio>\n<p>[\/vc_column_text][vc_empty_space][\/vc_column][\/vc_row][vc_row][vc_column][vc_column_text]<strong>18. Approbation du r\u00e8glement du transport scolaire<\/strong><\/p>\n<audio class=\"wp-audio-shortcode\" id=\"audio-21258-18\" preload=\"none\" style=\"width: 100%;\" controls=\"controls\"><source type=\"audio\/mpeg\" src=\"https:\/\/old-vianden.digitalvision.lu\/wp-content\/uploads\/2022\/05\/P18_Transport_scol.mp3?_=18\" \/><a href=\"https:\/\/old-vianden.digitalvision.lu\/wp-content\/uploads\/2022\/05\/P18_Transport_scol.mp3\">https:\/\/old-vianden.digitalvision.lu\/wp-content\/uploads\/2022\/05\/P18_Transport_scol.mp3<\/a><\/audio>\n<p>[\/vc_column_text][vc_empty_space][\/vc_column][\/vc_row][vc_row][vc_column][vc_column_text]<strong>19. Approbation de contrats<\/strong><\/p>\n<audio class=\"wp-audio-shortcode\" id=\"audio-21258-19\" preload=\"none\" style=\"width: 100%;\" controls=\"controls\"><source type=\"audio\/mpeg\" src=\"https:\/\/old-vianden.digitalvision.lu\/wp-content\/uploads\/2022\/05\/P19_Approbation_contrats.mp3?_=19\" \/><a href=\"https:\/\/old-vianden.digitalvision.lu\/wp-content\/uploads\/2022\/05\/P19_Approbation_contrats.mp3\">https:\/\/old-vianden.digitalvision.lu\/wp-content\/uploads\/2022\/05\/P19_Approbation_contrats.mp3<\/a><\/audio>\n<p>[\/vc_column_text][vc_empty_space][\/vc_column][\/vc_row][vc_row][vc_column][vc_column_text]<strong>20. Divers \u00a0Droit d\u2019initiative du conseiller communal, questions \u00e9crites et orales<\/strong><\/p>\n<audio class=\"wp-audio-shortcode\" id=\"audio-21258-20\" preload=\"none\" style=\"width: 100%;\" controls=\"controls\"><source type=\"audio\/mpeg\" src=\"https:\/\/old-vianden.digitalvision.lu\/wp-content\/uploads\/2022\/05\/P20_Divers.mp3?_=20\" \/><a href=\"https:\/\/old-vianden.digitalvision.lu\/wp-content\/uploads\/2022\/05\/P20_Divers.mp3\">https:\/\/old-vianden.digitalvision.lu\/wp-content\/uploads\/2022\/05\/P20_Divers.mp3<\/a><\/audio>\n<p>[\/vc_column_text][\/vc_column][\/vc_row]<\/p>\n<\/div>","protected":false},"excerpt":{"rendered":"<p>[vc_row][vc_column][vc_column_text] Conseil Communal du vendredi, 20 mai 2022 \u00e0 14:00 heures en la salle Bessling du\u00a0Centre Culturel Larei Pr\u00e9sents: TONINO Claude, bourgmestre \u2013 \u00a0ESTEVES Kevin, \u00e9chevin &#8211; KLASEN Jengel, \u00e9chevin \u2013 \u00a0MAJERUS Henri, MALERBA Paolo, LEONARDY Frank, DINIS ANDRADE C\u00e9sar, \u00a0conseillers SCHAUS Pol, secr\u00e9taire Excus\u00e9: HEINTZEN Joe conseiller[\/vc_column_text][vc_empty_space][\/vc_column][\/vc_row][vc_row][vc_column][vc_text_separator title=&#8221;ORDRE DU JOUR&#8221;][\/vc_column][\/vc_row][vc_row][vc_column][vc_column_text] S\u00e9ance \u00e0 huis clos&hellip;<\/p>\n","protected":false},"author":2,"featured_media":15190,"parent":0,"menu_order":0,"comment_status":"closed","ping_status":"closed","template":"","meta":[],"class_list":["post-21258","page","type-page","status-publish","has-post-thumbnail","hentry","description-off"],"translation":{"provider":"WPGlobus","version":"2.12.2","language":"de","enabled_languages":["de","fr"],"languages":{"de":{"title":true,"content":true,"excerpt":false},"fr":{"title":false,"content":false,"excerpt":false}}},"publishpress_future_action":{"enabled":false,"date":"2026-04-14 22:47:13","action":"change-status","newStatus":"draft","terms":[],"taxonomy":""},"_links":{"self":[{"href":"https:\/\/old-vianden.digitalvision.lu\/index.php?rest_route=\/wp\/v2\/pages\/21258","targetHints":{"allow":["GET"]}}],"collection":[{"href":"https:\/\/old-vianden.digitalvision.lu\/index.php?rest_route=\/wp\/v2\/pages"}],"about":[{"href":"https:\/\/old-vianden.digitalvision.lu\/index.php?rest_route=\/wp\/v2\/types\/page"}],"author":[{"embeddable":true,"href":"https:\/\/old-vianden.digitalvision.lu\/index.php?rest_route=\/wp\/v2\/users\/2"}],"replies":[{"embeddable":true,"href":"https:\/\/old-vianden.digitalvision.lu\/index.php?rest_route=%2Fwp%2Fv2%2Fcomments&post=21258"}],"version-history":[{"count":7,"href":"https:\/\/old-vianden.digitalvision.lu\/index.php?rest_route=\/wp\/v2\/pages\/21258\/revisions"}],"predecessor-version":[{"id":21292,"href":"https:\/\/old-vianden.digitalvision.lu\/index.php?rest_route=\/wp\/v2\/pages\/21258\/revisions\/21292"}],"wp:featuredmedia":[{"embeddable":true,"href":"https:\/\/old-vianden.digitalvision.lu\/index.php?rest_route=\/wp\/v2\/media\/15190"}],"wp:attachment":[{"href":"https:\/\/old-vianden.digitalvision.lu\/index.php?rest_route=%2Fwp%2Fv2%2Fmedia&parent=21258"}],"curies":[{"name":"wp","href":"https:\/\/api.w.org\/{rel}","templated":true}]}}