{"id":20654,"date":"2022-02-03T16:11:07","date_gmt":"2022-02-03T15:11:07","guid":{"rendered":"https:\/\/old-vianden.digitalvision.lu\/?page_id=20654"},"modified":"2022-05-27T14:33:11","modified_gmt":"2022-05-27T12:33:11","slug":"e-raider","status":"publish","type":"page","link":"https:\/\/old-vianden.digitalvision.lu\/?page_id=20654","title":{"rendered":"Autorisation de construire"},"content":{"rendered":"<div class=\"wpb-content-wrapper\"><p>[vc_row][vc_column][vc_column_text]<\/p>\n<div title=\"\">\n<p>Le <strong>e-Raider<\/strong> r\u00e9pertorie les avis officiels de la commune de Vianden, tels qu&#8217;ils sont affich\u00e9s dans le <strong>raider classique <\/strong>devant la mairie.<\/p>\n<p>Ceci constitue un service suppl\u00e9mentaire offert aux citoyens sans pour autant se baser sur une base l\u00e9gale. Par cons\u00e9quent, uniquement le raider classique fait foi (sauf disposition l\u00e9gale contraire).<\/p>\n<p>Les autorisations de b\u00e2tir d\u00e9livr\u00e9es par le bourgmestre sont publi\u00e9es sur notre site internet conform\u00e9ment \u00e0 la loi modifi\u00e9e du 19 juillet 2004 concernant l&#8217;am\u00e9nagement communal et le d\u00e9veloppement urbain.<\/p>\n<h3><\/h3>\n<\/div>\n<div id=\"MECCopyCode\" class=\"mec-calendar-metabox mec-shortcode\" title=\"\">\n<div id=\"MECCopyCode\" class=\"mec-calendar-metabox mec-shortcode\" title=\"\"><\/div>\n<\/div>\n<p>[\/vc_column_text][vc_separator][\/vc_column][\/vc_row][vc_row][vc_column css=&#8221;.vc_custom_1650462657650{background-color: #ededed !important;border-radius: 1px !important;}&#8221;][\/vc_column][\/vc_row][vc_row][vc_column][vc_column_text]<div class=\"mec-wrap mec-skin-list-container  \" id=\"mec_skin_20795\">\n\n    \n        <div class=\"mec-skin-list-events-container mec-toggle-month-divider\" id=\"mec_skin_events_20795\">\n        Keine Veranstaltung gefunden    <\/div>\n    \n    \n<\/div>\n[\/vc_column_text][\/vc_column][\/vc_row][vc_row el_id=&#8221;section-1&#8243;][vc_column][vc_separator][\/vc_column][\/vc_row]<\/p>\n<\/div>","protected":false},"excerpt":{"rendered":"<p>[vc_row][vc_column][vc_column_text] Le e-Raider r\u00e9pertorie les avis officiels de la commune de Vianden, tels qu&#8217;ils sont affich\u00e9s dans le raider classique devant la mairie. Ceci constitue un service suppl\u00e9mentaire offert aux citoyens sans pour autant se baser sur une base l\u00e9gale. Par cons\u00e9quent, uniquement le raider classique fait foi (sauf disposition l\u00e9gale contraire). Les autorisations de&hellip;<\/p>\n","protected":false},"author":2,"featured_media":0,"parent":0,"menu_order":0,"comment_status":"closed","ping_status":"closed","template":"","meta":[],"class_list":["post-20654","page","type-page","status-publish","hentry","description-off"],"translation":{"provider":"WPGlobus","version":"2.12.2","language":"de","enabled_languages":["de","fr"],"languages":{"de":{"title":true,"content":true,"excerpt":false},"fr":{"title":false,"content":false,"excerpt":false}}},"publishpress_future_action":{"enabled":false,"date":"2026-04-14 21:24:05","action":"change-status","newStatus":"draft","terms":[],"taxonomy":""},"_links":{"self":[{"href":"https:\/\/old-vianden.digitalvision.lu\/index.php?rest_route=\/wp\/v2\/pages\/20654","targetHints":{"allow":["GET"]}}],"collection":[{"href":"https:\/\/old-vianden.digitalvision.lu\/index.php?rest_route=\/wp\/v2\/pages"}],"about":[{"href":"https:\/\/old-vianden.digitalvision.lu\/index.php?rest_route=\/wp\/v2\/types\/page"}],"author":[{"embeddable":true,"href":"https:\/\/old-vianden.digitalvision.lu\/index.php?rest_route=\/wp\/v2\/users\/2"}],"replies":[{"embeddable":true,"href":"https:\/\/old-vianden.digitalvision.lu\/index.php?rest_route=%2Fwp%2Fv2%2Fcomments&post=20654"}],"version-history":[{"count":52,"href":"https:\/\/old-vianden.digitalvision.lu\/index.php?rest_route=\/wp\/v2\/pages\/20654\/revisions"}],"predecessor-version":[{"id":21385,"href":"https:\/\/old-vianden.digitalvision.lu\/index.php?rest_route=\/wp\/v2\/pages\/20654\/revisions\/21385"}],"wp:attachment":[{"href":"https:\/\/old-vianden.digitalvision.lu\/index.php?rest_route=%2Fwp%2Fv2%2Fmedia&parent=20654"}],"curies":[{"name":"wp","href":"https:\/\/api.w.org\/{rel}","templated":true}]}}