{"id":19524,"date":"2021-04-28T18:46:48","date_gmt":"2021-04-28T16:46:48","guid":{"rendered":"https:\/\/old-vianden.digitalvision.lu\/?page_id=19524"},"modified":"2021-04-28T18:46:48","modified_gmt":"2021-04-28T16:46:48","slug":"reunion-du-conseil-communal-le-mercredi-28-avril-2021","status":"publish","type":"page","link":"https:\/\/old-vianden.digitalvision.lu\/?page_id=19524","title":{"rendered":"R\u00e9union du Conseil Communal le mercredi, 28 avril 2021"},"content":{"rendered":"<div class=\"wpb-content-wrapper\"><p>[vc_row][vc_column][vc_column_text]<\/p>\n<h4>Conseil Communal du<b>\u00a0mercredi, 28 avril 2021 \u00e0 16.30 heures en la salle Bessling du\u00a0Centre Culturel Larei<\/b><\/h4>\n<div class=\"page\" title=\"Page 1\">\n<div class=\"layoutArea\">\n<div class=\"column\">\n<p>Pr\u00e9sents: TONINO Claude, bourgmestre \u2013 \u00a0ESTEVES Kevin, KLASEN Jengel, \u00e9chevins \u2013 \u00a0MAJERUS Henri, HEINTZEN Joe, MALERBA Paolo, LEONARDY Frank conseillers \u2013<\/p>\n<p>SCHAUS Pol, secr\u00e9taire<\/p>\n<p>Excuser: \u00a0DINIS ANDRADE C\u00e9sar, conseiller<\/p>\n<\/div>\n<\/div>\n<\/div>\n<p>[\/vc_column_text][vc_text_separator title=&#8221;Ordre du jour&#8221;][\/vc_column][\/vc_row][vc_row][vc_column][vc_column_text]Mandat pour adapter l&#8217;offre en vue de l&#8217;acquisition des terrains du Syndicat d&#8217;initiative ASBL et augmentation de cr\u00e9dit du poste budg\u00e9taire y aff\u00e9rent.<\/p>\n<!--[if lt IE 9]><script>document.createElement('audio');<\/script><![endif]-->\n<audio class=\"wp-audio-shortcode\" id=\"audio-19524-1\" preload=\"none\" style=\"width: 100%;\" controls=\"controls\"><source type=\"audio\/mpeg\" src=\"https:\/\/old-vianden.digitalvision.lu\/wp-content\/uploads\/2021\/04\/Point1_CC_28_4_2021.mp3?_=1\" \/><a href=\"https:\/\/old-vianden.digitalvision.lu\/wp-content\/uploads\/2021\/04\/Point1_CC_28_4_2021.mp3\">https:\/\/old-vianden.digitalvision.lu\/wp-content\/uploads\/2021\/04\/Point1_CC_28_4_2021.mp3<\/a><\/audio>\n<p>[\/vc_column_text][vc_empty_space][\/vc_column][\/vc_row][vc_row][vc_column][vc_column_text]Questions des conseillers LEONARDY Frank, HEINTZEN Joe<\/p>\n<audio class=\"wp-audio-shortcode\" id=\"audio-19524-2\" preload=\"none\" style=\"width: 100%;\" controls=\"controls\"><source type=\"audio\/mpeg\" src=\"https:\/\/old-vianden.digitalvision.lu\/wp-content\/uploads\/2021\/04\/Questions_Joe_Frank_CC_28_4_2021.mp3?_=2\" \/><a href=\"https:\/\/old-vianden.digitalvision.lu\/wp-content\/uploads\/2021\/04\/Questions_Joe_Frank_CC_28_4_2021.mp3\">https:\/\/old-vianden.digitalvision.lu\/wp-content\/uploads\/2021\/04\/Questions_Joe_Frank_CC_28_4_2021.mp3<\/a><\/audio>\n<p>[\/vc_column_text][\/vc_column][\/vc_row]<\/p>\n<\/div>","protected":false},"excerpt":{"rendered":"<p>[vc_row][vc_column][vc_column_text] Conseil Communal du\u00a0mercredi, 28 avril 2021 \u00e0 16.30 heures en la salle Bessling du\u00a0Centre Culturel Larei Pr\u00e9sents: TONINO Claude, bourgmestre \u2013 \u00a0ESTEVES Kevin, KLASEN Jengel, \u00e9chevins \u2013 \u00a0MAJERUS Henri, HEINTZEN Joe, MALERBA Paolo, LEONARDY Frank conseillers \u2013 SCHAUS Pol, secr\u00e9taire Excuser: \u00a0DINIS ANDRADE C\u00e9sar, conseiller [\/vc_column_text][vc_text_separator title=&#8221;Ordre du jour&#8221;][\/vc_column][\/vc_row][vc_row][vc_column][vc_column_text]Mandat pour adapter l&#8217;offre en vue&hellip;<\/p>\n","protected":false},"author":2,"featured_media":0,"parent":0,"menu_order":0,"comment_status":"closed","ping_status":"closed","template":"","meta":[],"class_list":["post-19524","page","type-page","status-publish","hentry","description-off"],"translation":{"provider":"WPGlobus","version":"2.12.2","language":"de","enabled_languages":["de","fr"],"languages":{"de":{"title":true,"content":true,"excerpt":false},"fr":{"title":false,"content":false,"excerpt":false}}},"publishpress_future_action":{"enabled":false,"date":"2026-04-14 22:48:32","action":"change-status","newStatus":"draft","terms":[],"taxonomy":""},"_links":{"self":[{"href":"https:\/\/old-vianden.digitalvision.lu\/index.php?rest_route=\/wp\/v2\/pages\/19524","targetHints":{"allow":["GET"]}}],"collection":[{"href":"https:\/\/old-vianden.digitalvision.lu\/index.php?rest_route=\/wp\/v2\/pages"}],"about":[{"href":"https:\/\/old-vianden.digitalvision.lu\/index.php?rest_route=\/wp\/v2\/types\/page"}],"author":[{"embeddable":true,"href":"https:\/\/old-vianden.digitalvision.lu\/index.php?rest_route=\/wp\/v2\/users\/2"}],"replies":[{"embeddable":true,"href":"https:\/\/old-vianden.digitalvision.lu\/index.php?rest_route=%2Fwp%2Fv2%2Fcomments&post=19524"}],"version-history":[{"count":3,"href":"https:\/\/old-vianden.digitalvision.lu\/index.php?rest_route=\/wp\/v2\/pages\/19524\/revisions"}],"predecessor-version":[{"id":19532,"href":"https:\/\/old-vianden.digitalvision.lu\/index.php?rest_route=\/wp\/v2\/pages\/19524\/revisions\/19532"}],"wp:attachment":[{"href":"https:\/\/old-vianden.digitalvision.lu\/index.php?rest_route=%2Fwp%2Fv2%2Fmedia&parent=19524"}],"curies":[{"name":"wp","href":"https:\/\/api.w.org\/{rel}","templated":true}]}}