{"id":19291,"date":"2021-01-19T19:14:38","date_gmt":"2021-01-19T18:14:38","guid":{"rendered":"https:\/\/old-vianden.digitalvision.lu\/?page_id=19291"},"modified":"2021-06-07T13:01:00","modified_gmt":"2021-06-07T11:01:00","slug":"reunion-du-conseil-communal-le-vendredi-15-janvier-2021","status":"publish","type":"page","link":"https:\/\/old-vianden.digitalvision.lu\/?page_id=19291","title":{"rendered":"R\u00e9union du conseil communal le vendredi, 15 janvier 2021"},"content":{"rendered":"<div class=\"wpb-content-wrapper\"><p>[vc_row][vc_column][\/vc_column][\/vc_row][vc_row][vc_column][vc_empty_space height=&#8221;52px&#8221;][vc_column_text]<\/p>\n<h4>Conseil Communal du<b>\u00a0vendredi, 15 janvier 2021 \u00e0 14.00 heures en la salle Bessling du\u00a0Centre Culturel Larei<\/b><\/h4>\n<div class=\"page\" title=\"Page 1\">\n<div class=\"layoutArea\">\n<div class=\"column\">\n<p>Pr\u00e9sents: TONINO Claude, bourgmestre &#8211; \u00a0ESTEVES Kevin, KLASEN Jengel, \u00e9chevins &#8211; \u00a0MAJERUS Henri, HEINTZEN Joe,\u00a0DINIS ANDRADE C\u00e9sar, MALERBA Paolo, LEONARDY Frank conseillers &#8211; SCHAUS Pol, secr\u00e9taire<\/p>\n<\/div>\n<\/div>\n<\/div>\n<p>[\/vc_column_text][vc_empty_space][vc_text_separator title=&#8221;Ordre du jour&#8221; color=&#8221;black&#8221;][vc_empty_space][vc_column_text]<strong>1. \u00a0Approbation du plan de gestion forestier<\/strong> (pr\u00e9sentation par Monsieur le Garde forestier\u00a0<span id=\"Contenu_ContenusMenuGauche1_Contacts_Label20_1\">Rodesch Fran\u00e7ois)<br \/>\n<\/span>Approuve unanimement le plan de gestion forestier<\/p>\n<div class=\"layoutArea\">\n<!--[if lt IE 9]><script>document.createElement('audio');<\/script><![endif]-->\n<audio class=\"wp-audio-shortcode\" id=\"audio-19291-1\" preload=\"none\" style=\"width: 100%;\" controls=\"controls\"><source type=\"audio\/mpeg\" src=\"https:\/\/old-vianden.digitalvision.lu\/wp-content\/uploads\/2021\/01\/1_ODJ_CC_15_1_2021.mp3?_=1\" \/><a href=\"https:\/\/old-vianden.digitalvision.lu\/wp-content\/uploads\/2021\/01\/1_ODJ_CC_15_1_2021.mp3\">https:\/\/old-vianden.digitalvision.lu\/wp-content\/uploads\/2021\/01\/1_ODJ_CC_15_1_2021.mp3<\/a><\/audio>\n<\/div>\n<p>[\/vc_column_text][vc_column_text]<strong>2. \u00a0Communications du Coll\u00e8ge \u00e9chevinal<\/strong><\/p>\n<audio class=\"wp-audio-shortcode\" id=\"audio-19291-2\" preload=\"none\" style=\"width: 100%;\" controls=\"controls\"><source type=\"audio\/mpeg\" src=\"https:\/\/old-vianden.digitalvision.lu\/wp-content\/uploads\/2021\/01\/2_ODJ_CC_15_1_2021.mp3?_=2\" \/><a href=\"https:\/\/old-vianden.digitalvision.lu\/wp-content\/uploads\/2021\/01\/2_ODJ_CC_15_1_2021.mp3\">https:\/\/old-vianden.digitalvision.lu\/wp-content\/uploads\/2021\/01\/2_ODJ_CC_15_1_2021.mp3<\/a><\/audio>\n<p>[\/vc_column_text][vc_column_text]<strong>3. \u00a0Compte administratif 2018<\/strong><\/p>\n<audio class=\"wp-audio-shortcode\" id=\"audio-19291-3\" preload=\"none\" style=\"width: 100%;\" controls=\"controls\"><source type=\"audio\/mpeg\" src=\"https:\/\/old-vianden.digitalvision.lu\/wp-content\/uploads\/2021\/01\/3_ODJ_CC_15_1_2021.mp3?_=3\" \/><a href=\"https:\/\/old-vianden.digitalvision.lu\/wp-content\/uploads\/2021\/01\/3_ODJ_CC_15_1_2021.mp3\">https:\/\/old-vianden.digitalvision.lu\/wp-content\/uploads\/2021\/01\/3_ODJ_CC_15_1_2021.mp3<\/a><\/audio>\n<p>[\/vc_column_text][vc_column_text]<strong>4. \u00a0Pr\u00e9sentation du Plan pluriannuel financier<\/strong><\/p>\n<div class=\"layoutArea\">\n<div class=\"column\">\n<audio class=\"wp-audio-shortcode\" id=\"audio-19291-4\" preload=\"none\" style=\"width: 100%;\" controls=\"controls\"><source type=\"audio\/mpeg\" src=\"https:\/\/old-vianden.digitalvision.lu\/wp-content\/uploads\/2021\/01\/4_ODJ_CC_15_1_2021.mp3?_=4\" \/><a href=\"https:\/\/old-vianden.digitalvision.lu\/wp-content\/uploads\/2021\/01\/4_ODJ_CC_15_1_2021.mp3\">https:\/\/old-vianden.digitalvision.lu\/wp-content\/uploads\/2021\/01\/4_ODJ_CC_15_1_2021.mp3<\/a><\/audio>\n<div id=\"wppdfemb-frame-container-2\"><iframe id=\"wppdf-emb-iframe-2\" scrolling=\"no\" data-pdf-index=\"2\" class=\"pdfembed-iframe nonfullscreen\" style=\"border: none; width:100%; max-width: 100%; min-height: 1000px;\" src=\"https:\/\/old-vianden.digitalvision.lu?url=https%3A%2F%2Fold-vianden.digitalvision.lu%2Fwp-content%2Fuploads%2F2021%2F06%2F2020_12_09_CC_PPF2025.pdf&pdfID=2&index=2\" ><\/iframe><\/div>\n<p>&nbsp;<\/p>\n<\/div>\n<\/div>\n<p>[\/vc_column_text][vc_column_text]<strong>5. \u00a0Approbation du plan d\u2019investissement CREOS<\/strong><br \/>\nApprouve unanimement le plan d&#8217;investissement CREOS<\/p>\n<div class=\"layoutArea\">\n<div class=\"column\">\n<audio class=\"wp-audio-shortcode\" id=\"audio-19291-5\" preload=\"none\" style=\"width: 100%;\" controls=\"controls\"><source type=\"audio\/mpeg\" src=\"https:\/\/old-vianden.digitalvision.lu\/wp-content\/uploads\/2021\/01\/5_ODJ_CC_15_1_2021.mp3?_=5\" \/><a href=\"https:\/\/old-vianden.digitalvision.lu\/wp-content\/uploads\/2021\/01\/5_ODJ_CC_15_1_2021.mp3\">https:\/\/old-vianden.digitalvision.lu\/wp-content\/uploads\/2021\/01\/5_ODJ_CC_15_1_2021.mp3<\/a><\/audio>\n<\/div>\n<\/div>\n<p>[\/vc_column_text][vc_column_text]<strong>6. \u00a0Approbation du budget Resonord<\/strong> (pr\u00e9sentation par Madame Marie-Jos\u00e9e Kerschen et Monsieur Rob Arendt)<br \/>\nApprouve unanimement le budget Resonord<\/p>\n<div class=\"layoutArea\">\n<div class=\"column\">\n<audio class=\"wp-audio-shortcode\" id=\"audio-19291-6\" preload=\"none\" style=\"width: 100%;\" controls=\"controls\"><source type=\"audio\/mpeg\" src=\"https:\/\/old-vianden.digitalvision.lu\/wp-content\/uploads\/2021\/01\/6_ODJ_CC_15_1_2021.mp3?_=6\" \/><a href=\"https:\/\/old-vianden.digitalvision.lu\/wp-content\/uploads\/2021\/01\/6_ODJ_CC_15_1_2021.mp3\">https:\/\/old-vianden.digitalvision.lu\/wp-content\/uploads\/2021\/01\/6_ODJ_CC_15_1_2021.mp3<\/a><\/audio>\n<\/div>\n<\/div>\n<p>[\/vc_column_text][vc_column_text]<strong>7. \u00a0Approbation du budget rectifi\u00e9 2020 et du budget 2021<\/strong><br \/>\nApprouve unanimement le budget rectifi\u00e9 2020 et du budget 2021<\/p>\n<div class=\"layoutArea\">\n<div class=\"column\">\n<audio class=\"wp-audio-shortcode\" id=\"audio-19291-7\" preload=\"none\" style=\"width: 100%;\" controls=\"controls\"><source type=\"audio\/mpeg\" src=\"https:\/\/old-vianden.digitalvision.lu\/wp-content\/uploads\/2021\/01\/7_ODJ_CC_15_1_2021-1.mp3?_=7\" \/><a href=\"https:\/\/old-vianden.digitalvision.lu\/wp-content\/uploads\/2021\/01\/7_ODJ_CC_15_1_2021-1.mp3\">https:\/\/old-vianden.digitalvision.lu\/wp-content\/uploads\/2021\/01\/7_ODJ_CC_15_1_2021-1.mp3<\/a><\/audio>\n<div id=\"wppdfemb-frame-container-3\"><iframe id=\"wppdf-emb-iframe-3\" scrolling=\"no\" data-pdf-index=\"3\" class=\"pdfembed-iframe nonfullscreen\" style=\"border: none; width:100%; max-width: 100%; min-height: 1000px;\" src=\"https:\/\/old-vianden.digitalvision.lu?url=https%3A%2F%2Fold-vianden.digitalvision.lu%2Fwp-content%2Fuploads%2F2021%2F01%2FBudget2021-Vf2.pdf&title=Budget2021+Vf2&pdfID=3&index=3\" ><\/iframe><\/div>\n<\/div>\n<\/div>\n<p>[\/vc_column_text][vc_column_text]<strong>8. \u00a0Cr\u00e9ation de trois postes pour les besoins du T\u00e9l\u00e9si\u00e8ge<\/strong><br \/>\nApprouve unanimement la cr\u00e9ation de trois postes pour les besoins du T\u00e9l\u00e9si\u00e8ge<\/p>\n<div class=\"layoutArea\">\n<div class=\"column\">\n<audio class=\"wp-audio-shortcode\" id=\"audio-19291-8\" preload=\"none\" style=\"width: 100%;\" controls=\"controls\"><source type=\"audio\/mpeg\" src=\"https:\/\/old-vianden.digitalvision.lu\/wp-content\/uploads\/2021\/01\/8_ODJ_CC_15_1_2021.mp3?_=8\" \/><a href=\"https:\/\/old-vianden.digitalvision.lu\/wp-content\/uploads\/2021\/01\/8_ODJ_CC_15_1_2021.mp3\">https:\/\/old-vianden.digitalvision.lu\/wp-content\/uploads\/2021\/01\/8_ODJ_CC_15_1_2021.mp3<\/a><\/audio>\n<\/div>\n<\/div>\n<p>[\/vc_column_text][vc_column_text]<strong>9. \u00a0Approbation des tarifs du Tourist-Info<\/strong><br \/>\nApprouve unanimement les tarifs du Tourist-Info<\/p>\n<div class=\"layoutArea\">\n<div class=\"column\">\n<audio class=\"wp-audio-shortcode\" id=\"audio-19291-9\" preload=\"none\" style=\"width: 100%;\" controls=\"controls\"><source type=\"audio\/mpeg\" src=\"https:\/\/old-vianden.digitalvision.lu\/wp-content\/uploads\/2021\/01\/9_ODJ_CC_15_1_2021.mp3?_=9\" \/><a href=\"https:\/\/old-vianden.digitalvision.lu\/wp-content\/uploads\/2021\/01\/9_ODJ_CC_15_1_2021.mp3\">https:\/\/old-vianden.digitalvision.lu\/wp-content\/uploads\/2021\/01\/9_ODJ_CC_15_1_2021.mp3<\/a><\/audio>\n<\/div>\n<\/div>\n<p>[\/vc_column_text][vc_column_text]<strong>10. \u00a0Modification temporaire du r\u00e8glement de circulation chantier Grand- Rue<\/strong><br \/>\nApprouve unanimement le r\u00e8glement de circulation chantier Grand-rue<\/p>\n<div class=\"layoutArea\">\n<div class=\"column\">\n<audio class=\"wp-audio-shortcode\" id=\"audio-19291-10\" preload=\"none\" style=\"width: 100%;\" controls=\"controls\"><source type=\"audio\/mpeg\" src=\"https:\/\/old-vianden.digitalvision.lu\/wp-content\/uploads\/2021\/01\/10_ODJ_CC_15_1_2021.mp3?_=10\" \/><a href=\"https:\/\/old-vianden.digitalvision.lu\/wp-content\/uploads\/2021\/01\/10_ODJ_CC_15_1_2021.mp3\">https:\/\/old-vianden.digitalvision.lu\/wp-content\/uploads\/2021\/01\/10_ODJ_CC_15_1_2021.mp3<\/a><\/audio>\n<\/div>\n<\/div>\n<p>[\/vc_column_text][vc_column_text]<strong>11. \u00a0Dons et Subsides<\/strong><br \/>\nApprouve unanimement les dons et subsides<\/p>\n<audio class=\"wp-audio-shortcode\" id=\"audio-19291-11\" preload=\"none\" style=\"width: 100%;\" controls=\"controls\"><source type=\"audio\/mpeg\" src=\"https:\/\/old-vianden.digitalvision.lu\/wp-content\/uploads\/2021\/01\/11_ODJ_CC_15_1_2021.mp3?_=11\" \/><a href=\"https:\/\/old-vianden.digitalvision.lu\/wp-content\/uploads\/2021\/01\/11_ODJ_CC_15_1_2021.mp3\">https:\/\/old-vianden.digitalvision.lu\/wp-content\/uploads\/2021\/01\/11_ODJ_CC_15_1_2021.mp3<\/a><\/audio>\n<p>[\/vc_column_text][vc_column_text]<strong>12. \u00a0Convention et contrats<\/strong><br \/>\na. Convention d\u2019attribution Label Jugendinfo<br \/>\nApprouve unanimement<br \/>\nb. Contrat de bail d\u2019une place Parking Victor Hugo<br \/>\nApprouve unanimement<br \/>\nc. Contrat Automation Center<br \/>\nApprouve unanimement<\/p>\n<div class=\"layoutArea\">\n<div class=\"column\">\n<audio class=\"wp-audio-shortcode\" id=\"audio-19291-12\" preload=\"none\" style=\"width: 100%;\" controls=\"controls\"><source type=\"audio\/mpeg\" src=\"https:\/\/old-vianden.digitalvision.lu\/wp-content\/uploads\/2021\/01\/12_ODJ_CC_15_1_2021.mp3?_=12\" \/><a href=\"https:\/\/old-vianden.digitalvision.lu\/wp-content\/uploads\/2021\/01\/12_ODJ_CC_15_1_2021.mp3\">https:\/\/old-vianden.digitalvision.lu\/wp-content\/uploads\/2021\/01\/12_ODJ_CC_15_1_2021.mp3<\/a><\/audio>\n<\/div>\n<\/div>\n<div class=\"layoutArea\">\n<div class=\"column\"><\/div>\n<\/div>\n<div class=\"layoutArea\">\n<div class=\"column\"><\/div>\n<\/div>\n<div class=\"layoutArea\">\n<div class=\"column\"><\/div>\n<\/div>\n<div class=\"layoutArea\">\n<div class=\"column\"><\/div>\n<\/div>\n<div class=\"layoutArea\">\n<div class=\"column\"><\/div>\n<\/div>\n<p>[\/vc_column_text][vc_column_text]<strong>13. \u00a0Divers &#8211; Droit d\u2019initiative du conseiller communal, questions \u00e9crites et orales<\/strong><\/p>\n<div class=\"layoutArea\">\n<div class=\"column\">\n<audio class=\"wp-audio-shortcode\" id=\"audio-19291-13\" preload=\"none\" style=\"width: 100%;\" controls=\"controls\"><source type=\"audio\/mpeg\" src=\"https:\/\/old-vianden.digitalvision.lu\/wp-content\/uploads\/2021\/01\/13_ODJ_CC_15_1_2021.mp3?_=13\" \/><a href=\"https:\/\/old-vianden.digitalvision.lu\/wp-content\/uploads\/2021\/01\/13_ODJ_CC_15_1_2021.mp3\">https:\/\/old-vianden.digitalvision.lu\/wp-content\/uploads\/2021\/01\/13_ODJ_CC_15_1_2021.mp3<\/a><\/audio>\n<\/div>\n<\/div>\n<div class=\"layoutArea\">\n<div class=\"column\"><\/div>\n<\/div>\n<div class=\"layoutArea\">\n<div class=\"column\"><\/div>\n<\/div>\n<div class=\"layoutArea\">\n<div class=\"column\"><\/div>\n<\/div>\n<div class=\"layoutArea\">\n<div class=\"column\"><\/div>\n<\/div>\n<div class=\"layoutArea\">\n<div class=\"column\"><\/div>\n<\/div>\n<p>[\/vc_column_text][vc_column_text]<\/p>\n<div class=\"layoutArea\">\n<div class=\"column\"><strong>14. \u00a0Affaires du personnel (s\u00e9ance secr\u00e8te)<\/strong><\/div>\n<\/div>\n<div class=\"layoutArea\">\n<div class=\"column\"><\/div>\n<\/div>\n<div class=\"layoutArea\">\n<div class=\"column\"><\/div>\n<\/div>\n<div class=\"layoutArea\">\n<div class=\"column\"><\/div>\n<\/div>\n<div class=\"layoutArea\">\n<div class=\"column\"><\/div>\n<\/div>\n<div class=\"layoutArea\">\n<div class=\"column\"><\/div>\n<\/div>\n<p>[\/vc_column_text][\/vc_column][\/vc_row][vc_row][vc_column][\/vc_column][\/vc_row]<\/p>\n<\/div>","protected":false},"excerpt":{"rendered":"<p>[vc_row][vc_column][\/vc_column][\/vc_row][vc_row][vc_column][vc_empty_space height=&#8221;52px&#8221;][vc_column_text] Conseil Communal du\u00a0vendredi, 15 janvier 2021 \u00e0 14.00 heures en la salle Bessling du\u00a0Centre Culturel Larei Pr\u00e9sents: TONINO Claude, bourgmestre &#8211; \u00a0ESTEVES Kevin, KLASEN Jengel, \u00e9chevins &#8211; \u00a0MAJERUS Henri, HEINTZEN Joe,\u00a0DINIS ANDRADE C\u00e9sar, MALERBA Paolo, LEONARDY Frank conseillers &#8211; SCHAUS Pol, secr\u00e9taire [\/vc_column_text][vc_empty_space][vc_text_separator title=&#8221;Ordre du jour&#8221; color=&#8221;black&#8221;][vc_empty_space][vc_column_text]1. \u00a0Approbation du plan de gestion forestier&hellip;<\/p>\n","protected":false},"author":2,"featured_media":16953,"parent":0,"menu_order":0,"comment_status":"closed","ping_status":"closed","template":"","meta":[],"class_list":["post-19291","page","type-page","status-publish","has-post-thumbnail","hentry","description-off"],"translation":{"provider":"WPGlobus","version":"2.12.2","language":"de","enabled_languages":["de","fr"],"languages":{"de":{"title":true,"content":true,"excerpt":false},"fr":{"title":false,"content":false,"excerpt":false}}},"publishpress_future_action":{"enabled":false,"date":"2026-04-14 21:23:04","action":"change-status","newStatus":"draft","terms":[],"taxonomy":""},"_links":{"self":[{"href":"https:\/\/old-vianden.digitalvision.lu\/index.php?rest_route=\/wp\/v2\/pages\/19291","targetHints":{"allow":["GET"]}}],"collection":[{"href":"https:\/\/old-vianden.digitalvision.lu\/index.php?rest_route=\/wp\/v2\/pages"}],"about":[{"href":"https:\/\/old-vianden.digitalvision.lu\/index.php?rest_route=\/wp\/v2\/types\/page"}],"author":[{"embeddable":true,"href":"https:\/\/old-vianden.digitalvision.lu\/index.php?rest_route=\/wp\/v2\/users\/2"}],"replies":[{"embeddable":true,"href":"https:\/\/old-vianden.digitalvision.lu\/index.php?rest_route=%2Fwp%2Fv2%2Fcomments&post=19291"}],"version-history":[{"count":30,"href":"https:\/\/old-vianden.digitalvision.lu\/index.php?rest_route=\/wp\/v2\/pages\/19291\/revisions"}],"predecessor-version":[{"id":19583,"href":"https:\/\/old-vianden.digitalvision.lu\/index.php?rest_route=\/wp\/v2\/pages\/19291\/revisions\/19583"}],"wp:featuredmedia":[{"embeddable":true,"href":"https:\/\/old-vianden.digitalvision.lu\/index.php?rest_route=\/wp\/v2\/media\/16953"}],"wp:attachment":[{"href":"https:\/\/old-vianden.digitalvision.lu\/index.php?rest_route=%2Fwp%2Fv2%2Fmedia&parent=19291"}],"curies":[{"name":"wp","href":"https:\/\/api.w.org\/{rel}","templated":true}]}}