{"id":16247,"date":"2018-01-11T09:49:43","date_gmt":"2018-01-11T08:49:43","guid":{"rendered":"https:\/\/old-vianden.digitalvision.lu\/?page_id=16247"},"modified":"2023-01-23T14:14:15","modified_gmt":"2023-01-23T13:14:15","slug":"camperpark-op-dem-deich","status":"publish","type":"page","link":"https:\/\/old-vianden.digitalvision.lu\/?page_id=16247","title":{"rendered":"Camperpark &#8220;op dem Deich&#8221;"},"content":{"rendered":"<div class=\"wpb-content-wrapper\"><p>[vc_row][vc_column width=&#8221;2\/3&#8243;][vc_column_text]<span style=\"font-size: 12pt;\"><strong>Camperpark Vianden<\/strong><\/span><br \/>\nDie 20 Stellpl\u00e4tze sind ganzj\u00e4hrig ge\u00f6ffnet.<\/p>\n<p>Am Ortsrand von Vianden gelegener geb\u00fchrenpflichtiger Stellplatz mit beleuchteten Stellpl\u00e4tzen, Frischwasser und\u00a0Strom.<br \/>\nPreis pro Nacht: 20 \u20ac \/ Strom: 2 \u20ac<br \/>\nEntsorgung Grauwasser, Entsorgung Chemie-WC, WC, Dusche, Hunde im \u00dcbernachtungspreis enthalten.<br \/>\nBezahlung: Parkscheinautomat<\/p>\n<p class=\"no-margin with-icon\"><b>Camperpark Um Deich<\/b><\/p>\n<p>2, Rue Neugarten<br \/>\nL-9422 Vianden<br \/>\nT : +352 83 42 57<br \/>\nE : <a href=\"mailto:touristinfo@old-vianden.digitalvision.lu\">touristinfo@old-vianden.digitalvision.lu<\/a>[\/vc_column_text][\/vc_column][vc_column width=&#8221;1\/3&#8243;][vc_single_image image=&#8221;16249&#8243; img_size=&#8221;medium&#8221; alignment=&#8221;center&#8221;][\/vc_column][\/vc_row][vc_row][vc_column][vc_text_separator title=&#8221;Camperpark Vianden&#8221; color=&#8221;orange&#8221;][\/vc_column][\/vc_row][vc_row][vc_column][vc_single_image image=&#8221;16250&#8243; img_size=&#8221;large&#8221; alignment=&#8221;center&#8221;][\/vc_column][\/vc_row][vc_row][vc_column][vc_gmaps link=&#8221;#E-8_JTNDaWZyYW1lJTIwc3JjJTNEJTIyaHR0cHMlM0ElMkYlMkZ3d3cuZ29vZ2xlLmNvbSUyRm1hcHMlMkZlbWJlZCUzRnBiJTNEJTIxMW0xOCUyMTFtMTIlMjExbTMlMjExZDE3MzYuMDkwODcwNDUyMjA0NiUyMTJkNi4yMTI5MDg1Nzc4NzM0MzQlMjEzZDQ5LjkyOTgyMDg0NTU2NTYzJTIxMm0zJTIxMWYwJTIxMmYwJTIxM2YwJTIxM20yJTIxMWkxMDI0JTIxMmk3NjglMjE0ZjEzLjElMjEzbTMlMjExbTIlMjExczB4MCUyNTNBMHg1OTg3OGIwMjI0Y2FmMDViJTIxMnNDYW1waW5nJTJCb3AlMkJkZW0lMkJEZWljaCUyMTVlMCUyMTNtMiUyMTFzZGUlMjEyc2x1JTIxNHYxNTE1NjU5NzkwMzU4JTIyJTIwd2lkdGglM0QlMjI2MDAlMjIlMjBoZWlnaHQlM0QlMjI0NTAlMjIlMjBmcmFtZWJvcmRlciUzRCUyMjAlMjIlMjBzdHlsZSUzRCUyMmJvcmRlciUzQTAlMjIlMjBhbGxvd2Z1bGxzY3JlZW4lM0UlM0MlMkZpZnJhbWUlM0U=&#8221;][\/vc_column][\/vc_row]<\/p>\n<\/div>","protected":false},"excerpt":{"rendered":"<p>[vc_row][vc_column width=&#8221;2\/3&#8243;][vc_column_text]Camperpark Vianden Die 20 Stellpl\u00e4tze sind ganzj\u00e4hrig ge\u00f6ffnet. Am Ortsrand von Vianden gelegener geb\u00fchrenpflichtiger Stellplatz mit beleuchteten Stellpl\u00e4tzen, Frischwasser und\u00a0Strom. Preis pro Nacht: 20 \u20ac \/ Strom: 2 \u20ac Entsorgung Grauwasser, Entsorgung Chemie-WC, WC, Dusche, Hunde im \u00dcbernachtungspreis enthalten. Bezahlung: Parkscheinautomat Camperpark Um Deich 2, Rue Neugarten L-9422 Vianden T : +352 83 42&hellip;<\/p>\n","protected":false},"author":3,"featured_media":0,"parent":0,"menu_order":0,"comment_status":"closed","ping_status":"closed","template":"","meta":[],"class_list":["post-16247","page","type-page","status-publish","hentry","description-off"],"translation":{"provider":"WPGlobus","version":"2.12.2","language":"de","enabled_languages":["de","fr"],"languages":{"de":{"title":true,"content":true,"excerpt":false},"fr":{"title":true,"content":true,"excerpt":false}}},"publishpress_future_action":{"enabled":false,"date":"2026-04-14 22:47:01","action":"change-status","newStatus":"draft","terms":[],"taxonomy":""},"_links":{"self":[{"href":"https:\/\/old-vianden.digitalvision.lu\/index.php?rest_route=\/wp\/v2\/pages\/16247","targetHints":{"allow":["GET"]}}],"collection":[{"href":"https:\/\/old-vianden.digitalvision.lu\/index.php?rest_route=\/wp\/v2\/pages"}],"about":[{"href":"https:\/\/old-vianden.digitalvision.lu\/index.php?rest_route=\/wp\/v2\/types\/page"}],"author":[{"embeddable":true,"href":"https:\/\/old-vianden.digitalvision.lu\/index.php?rest_route=\/wp\/v2\/users\/3"}],"replies":[{"embeddable":true,"href":"https:\/\/old-vianden.digitalvision.lu\/index.php?rest_route=%2Fwp%2Fv2%2Fcomments&post=16247"}],"version-history":[{"count":20,"href":"https:\/\/old-vianden.digitalvision.lu\/index.php?rest_route=\/wp\/v2\/pages\/16247\/revisions"}],"predecessor-version":[{"id":22378,"href":"https:\/\/old-vianden.digitalvision.lu\/index.php?rest_route=\/wp\/v2\/pages\/16247\/revisions\/22378"}],"wp:attachment":[{"href":"https:\/\/old-vianden.digitalvision.lu\/index.php?rest_route=%2Fwp%2Fv2%2Fmedia&parent=16247"}],"curies":[{"name":"wp","href":"https:\/\/api.w.org\/{rel}","templated":true}]}}