{"id":16055,"date":"2017-12-31T10:11:31","date_gmt":"2017-12-31T09:11:31","guid":{"rendered":"https:\/\/old-vianden.digitalvision.lu\/?page_id=16055"},"modified":"2024-07-12T13:52:47","modified_gmt":"2024-07-12T11:52:47","slug":"sportangebot","status":"publish","type":"page","link":"https:\/\/old-vianden.digitalvision.lu\/?page_id=16055","title":{"rendered":"Sportangebot"},"content":{"rendered":"<p><strong><span style=\"font-size: 14pt;\">Sportangebot<\/span><\/strong><\/p>\n<div class=\"wysiwygimg\">\n<div class=\"wysiwygimgtext\">\n<p style=\"text-align: justify;\">Ein langes Netz von Wanderwegen (150 km), die bestens unterhalten und gekennzeichnet sind, erlaubt es, die malerische Umgegend Viandens zu durchwandern, die dichten W\u00e4lder im Herzen des deutsch-luxemburgischen Naturparks zu durchstreifen und die romantischen Burgen und Schl\u00f6sser des Ourtales zu entdecken.<\/p>\n<ul>\n<li>Fischerei (vom 1.4. bis 31.12.) : Fischereierlaubnisscheine werden im Fremdenverkehrsb\u00fcro ausgestellt.<\/li>\n<li>Schwimmbad: Geheitztes Freibad &#8211; Ge\u00f6ffnet vom 15. Juli bis Anfang September t\u00e4glich von 10 Uhr bis 20 Uhr ge\u00f6ffnet.<\/li>\n<li>Mini-Golf: rue Victor Hugo &#8211; Tel: (+352) 32 98 88<\/li>\n<\/ul>\n<\/div>\n<div class=\"wysiwygimgclear\"><\/div>\n<\/div>\n<p><strong><span style=\"font-size: 14pt;\">Mountainbike in den Luxemburger Ardennen<\/span><\/strong><\/p>\n<div class=\"wysiwygimg\">\n<div class=\"wysiwygimgtext\">\n<p style=\"text-align: justify;\">Es gibt kaum eine Landschaft, die an Mountainbiker so abwechslungsreiche Anforderungen stellt wie die Luxemburger Ardennen, auch noch \u00d6sling genannt. Diese Gel\u00e4ndevielfalt eignete sich ideal zum Anlegen der ersten luxemburgischen Mountainbike-Pisten. 15 verschiedene, sorgf\u00e4ltigausgeschilderte Routen f\u00fchren \u00fcber insgesamt 300 km mitten durch dichte W\u00e4lder und tief eingekerbte Flusst\u00e4ler, und dies nicht selten in Sichtweite stolzer Burgen.<\/p>\n<p>Diverse Schwierigkeitsgrade, von leicht bis sehr herausfordernd, stellen sowohl durchtrainierte Biker zufrieden als auch Familien mit Kindern. S\u00e4mtliche Strecken zeichnen sich durch gro\u00dfe Naturverbundenheit aus.<\/p>\n<p>Die Ausgangspunkte dieser Strecken befinden sich in:<\/p>\n<ul>\n<li>Vianden<\/li>\n<li>Bettendorf<\/li>\n<li>Erpeldange<\/li>\n<li>Ingeldorf<\/li>\n<li>Hoscheid<\/li>\n<li>Reisdorf<\/li>\n<li>Rambrouch.<\/li>\n<\/ul>\n<p><a href=\"https:\/\/www.visit-eislek.lu\/de\" target=\"_blank\" rel=\"noopener noreferrer\">https:\/\/www.visit-eislek.lu\/de<\/a><\/p>\n<\/div>\n<\/div>\n<p><img loading=\"lazy\" decoding=\"async\" class=\"alignnone size-large wp-image-16130 aligncenter\" src=\"https:\/\/old-vianden.digitalvision.lu\/wp-content\/uploads\/2017\/12\/Fischen-1-von-1-1024x684.jpg\" alt=\"\" width=\"1024\" height=\"684\" srcset=\"https:\/\/old-vianden.digitalvision.lu\/wp-content\/uploads\/2017\/12\/Fischen-1-von-1-1024x684.jpg 1024w, https:\/\/old-vianden.digitalvision.lu\/wp-content\/uploads\/2017\/12\/Fischen-1-von-1-150x100.jpg 150w, https:\/\/old-vianden.digitalvision.lu\/wp-content\/uploads\/2017\/12\/Fischen-1-von-1-250x167.jpg 250w, https:\/\/old-vianden.digitalvision.lu\/wp-content\/uploads\/2017\/12\/Fischen-1-von-1-768x513.jpg 768w, https:\/\/old-vianden.digitalvision.lu\/wp-content\/uploads\/2017\/12\/Fischen-1-von-1.jpg 2000w\" sizes=\"auto, (max-width: 1024px) 100vw, 1024px\" \/><\/p>\n","protected":false},"excerpt":{"rendered":"<p>Sportangebot Ein langes Netz von Wanderwegen (150 km), die bestens unterhalten und gekennzeichnet sind, erlaubt es, die malerische Umgegend Viandens zu durchwandern, die dichten W\u00e4lder im Herzen des deutsch-luxemburgischen Naturparks zu durchstreifen und die romantischen Burgen und Schl\u00f6sser des Ourtales zu entdecken. Fischerei (vom 1.4. bis 31.12.) : Fischereierlaubnisscheine werden im Fremdenverkehrsb\u00fcro ausgestellt. Schwimmbad: Geheitztes&hellip;<\/p>\n","protected":false},"author":3,"featured_media":0,"parent":0,"menu_order":0,"comment_status":"closed","ping_status":"closed","template":"","meta":[],"class_list":["post-16055","page","type-page","status-publish","hentry","description-off"],"translation":{"provider":"WPGlobus","version":"2.12.2","language":"de","enabled_languages":["de","fr"],"languages":{"de":{"title":true,"content":true,"excerpt":false},"fr":{"title":true,"content":true,"excerpt":false}}},"publishpress_future_action":{"enabled":false,"date":"2026-04-14 21:26:22","action":"change-status","newStatus":"draft","terms":[],"taxonomy":""},"_links":{"self":[{"href":"https:\/\/old-vianden.digitalvision.lu\/index.php?rest_route=\/wp\/v2\/pages\/16055","targetHints":{"allow":["GET"]}}],"collection":[{"href":"https:\/\/old-vianden.digitalvision.lu\/index.php?rest_route=\/wp\/v2\/pages"}],"about":[{"href":"https:\/\/old-vianden.digitalvision.lu\/index.php?rest_route=\/wp\/v2\/types\/page"}],"author":[{"embeddable":true,"href":"https:\/\/old-vianden.digitalvision.lu\/index.php?rest_route=\/wp\/v2\/users\/3"}],"replies":[{"embeddable":true,"href":"https:\/\/old-vianden.digitalvision.lu\/index.php?rest_route=%2Fwp%2Fv2%2Fcomments&post=16055"}],"version-history":[{"count":18,"href":"https:\/\/old-vianden.digitalvision.lu\/index.php?rest_route=\/wp\/v2\/pages\/16055\/revisions"}],"predecessor-version":[{"id":24856,"href":"https:\/\/old-vianden.digitalvision.lu\/index.php?rest_route=\/wp\/v2\/pages\/16055\/revisions\/24856"}],"wp:attachment":[{"href":"https:\/\/old-vianden.digitalvision.lu\/index.php?rest_route=%2Fwp%2Fv2%2Fmedia&parent=16055"}],"curies":[{"name":"wp","href":"https:\/\/api.w.org\/{rel}","templated":true}]}}