{"id":16052,"date":"2017-12-31T10:11:09","date_gmt":"2017-12-31T09:11:09","guid":{"rendered":"https:\/\/old-vianden.digitalvision.lu\/?page_id=16052"},"modified":"2024-07-16T13:29:09","modified_gmt":"2024-07-16T11:29:09","slug":"schwimmbad","status":"publish","type":"page","link":"https:\/\/old-vianden.digitalvision.lu\/?page_id=16052","title":{"rendered":"Schwimmbad"},"content":{"rendered":"<p>Das Schwimmbad in Vianden, eingebettet in die herrliche Landschaft der Ardennen, bietet Spa\u00df und Erholung f\u00fcr die ganze Familie. Ein besonderes Highlight ist die aufregende Rutschbahn, die sich in sanften Kurven ins erfrischende Wasser schl\u00e4ngelt und f\u00fcr gro\u00dfe Begeisterung sorgt. Umgeben von gr\u00fcnen Liegewiesen und schattigen Pl\u00e4tzen, ist das Schwimmbad der perfekte Ort, um warme Sommertage zu genie\u00dfen und inmitten der Natur zu entspannen.<\/p>\n<p><a href=\"https:\/\/ticketshop.vianden.lu\/de\/eintrittskarten-2\">Kaufen Sie Ihr Ticket<\/a><\/p>\n<p><strong>Freibad<\/strong><br \/>\nrue du Sanatorium<br \/>\nL-9425 Vianden<br \/>\nTel: (00352) 83 42 57<\/p>\n<p style=\"text-align: right;\"><iframe loading=\"lazy\" style=\"border: 0;\" src=\"https:\/\/www.google.com\/maps\/embed?pb=!1m18!1m12!1m3!1d2567.974632659444!2d6.205852428778647!3d49.93681725794151!2m3!1f0!2f0!3f0!3m2!1i1024!2i768!4f13.1!3m3!1m2!1s0x0%3A0x68cf8cb21e9a290c!2sFreibad!5e0!3m2!1sde!2slu!4v1514800515540\" width=\"400\" height=\"300\" frameborder=\"0\" allowfullscreen=\"allowfullscreen\"><\/iframe><\/p>\n","protected":false},"excerpt":{"rendered":"<p>Das Schwimmbad in Vianden, eingebettet in die herrliche Landschaft der Ardennen, bietet Spa\u00df und Erholung f\u00fcr die ganze Familie. Ein besonderes Highlight ist die aufregende Rutschbahn, die sich in sanften Kurven ins erfrischende Wasser schl\u00e4ngelt und f\u00fcr gro\u00dfe Begeisterung sorgt. Umgeben von gr\u00fcnen Liegewiesen und schattigen Pl\u00e4tzen, ist das Schwimmbad der perfekte Ort, um warme&hellip;<\/p>\n","protected":false},"author":3,"featured_media":0,"parent":0,"menu_order":0,"comment_status":"closed","ping_status":"closed","template":"template-media.php","meta":[],"class_list":["post-16052","page","type-page","status-publish","hentry","description-off"],"translation":{"provider":"WPGlobus","version":"2.12.2","language":"de","enabled_languages":["de","fr"],"languages":{"de":{"title":true,"content":true,"excerpt":false},"fr":{"title":true,"content":true,"excerpt":false}}},"publishpress_future_action":{"enabled":false,"date":"2026-04-14 22:47:01","action":"change-status","newStatus":"draft","terms":[],"taxonomy":""},"_links":{"self":[{"href":"https:\/\/old-vianden.digitalvision.lu\/index.php?rest_route=\/wp\/v2\/pages\/16052","targetHints":{"allow":["GET"]}}],"collection":[{"href":"https:\/\/old-vianden.digitalvision.lu\/index.php?rest_route=\/wp\/v2\/pages"}],"about":[{"href":"https:\/\/old-vianden.digitalvision.lu\/index.php?rest_route=\/wp\/v2\/types\/page"}],"author":[{"embeddable":true,"href":"https:\/\/old-vianden.digitalvision.lu\/index.php?rest_route=\/wp\/v2\/users\/3"}],"replies":[{"embeddable":true,"href":"https:\/\/old-vianden.digitalvision.lu\/index.php?rest_route=%2Fwp%2Fv2%2Fcomments&post=16052"}],"version-history":[{"count":35,"href":"https:\/\/old-vianden.digitalvision.lu\/index.php?rest_route=\/wp\/v2\/pages\/16052\/revisions"}],"predecessor-version":[{"id":24882,"href":"https:\/\/old-vianden.digitalvision.lu\/index.php?rest_route=\/wp\/v2\/pages\/16052\/revisions\/24882"}],"wp:attachment":[{"href":"https:\/\/old-vianden.digitalvision.lu\/index.php?rest_route=%2Fwp%2Fv2%2Fmedia&parent=16052"}],"curies":[{"name":"wp","href":"https:\/\/api.w.org\/{rel}","templated":true}]}}