{"id":16044,"date":"2017-12-31T09:44:02","date_gmt":"2017-12-31T08:44:02","guid":{"rendered":"https:\/\/old-vianden.digitalvision.lu\/?page_id=16044"},"modified":"2024-03-05T13:33:25","modified_gmt":"2024-03-05T12:33:25","slug":"sessellift","status":"publish","type":"page","link":"https:\/\/old-vianden.digitalvision.lu\/?page_id=16044","title":{"rendered":"Sessellift"},"content":{"rendered":"<div class=\"wpb-content-wrapper\"><p>[vc_row][vc_column][vc_column_text]<strong><span style=\"font-size: 12pt;\">Sessellift<\/span><\/strong><!--more--><\/p>\n<p>Die einzige Seilbahn Luxemburgs befindet sich in Vianden. Der Sessellift f\u00fchrt aus dem in 220m gelegenem Tal in eine H\u00f6he von 440m. Von dort aus profitiert man von einem wundersch\u00f6nen Panoramablick \u00fcber die gesamte Stadt, einschlie\u00dflich des Schlosses und des Staudamms. Man hat au\u00dferdem die M\u00f6glichkeit, sich im Gasthaus f\u00fcr einen eventuellen Abmarsch zu Fu\u00df entlang des Berghangs zu st\u00e4rken, oder aber wieder mit dem Sessellift ins Tal zu fahren..<\/p>\n<p>Adresse:<br \/>\n<strong>T\u00e9l\u00e9si\u00e8ge<\/strong><br \/>\n39, rue du Sanatorium<br \/>\nL-9425 Vianden<br \/>\nTel: (+352) 83 43 23<\/p>\n<div><span style=\"font-family: Calibri,sans-serif; font-size: small;\">\u00a0<\/span><\/div>\n<div>\n<p><strong>\u00d6ffnungszeiten 2024 :<\/strong><\/p>\n<p>vom 29 M\u00e4rz bis 20 Oktober<\/p>\n<p>____________________________________________________<\/p>\n<\/div>\n<h5><em>Kinder unter 12 Jahren d\u00fcrfen die Seilbahn <strong>nur<\/strong> benutzen, wenn sie in Begleitung einer Aufsichtsperson bef\u00f6rdert werden. Diese muss dann unmittelbar neben dem Kind sitzen.<span class=\"Apple-converted-space\">\u00a0<\/span><\/em><\/h5>\n<h5><em>Alternativ darf auch ein einzelnes Kind unter 12 Jahren auf dem Scho\u00df einer Aufsichtsperson bef\u00f6rdert werden, wenn sich der Sesselb\u00fcgel richtig schlie\u00dfen l\u00e4sst.<span class=\"Apple-converted-space\">\u00a0<\/span><\/em><\/h5>\n<pre>________________________________________________\r\n\r\n<\/pre>\n<div><\/div>\n<div><\/div>\n<div>\n<div><\/div>\n<div><\/div>\n<\/div>\n<p><img loading=\"lazy\" decoding=\"async\" class=\"alignnone size-full wp-image-16142\" src=\"https:\/\/old-vianden.digitalvision.lu\/wp-content\/uploads\/2017\/12\/telesiege_.jpg\" alt=\"\" width=\"1600\" height=\"500\" srcset=\"https:\/\/old-vianden.digitalvision.lu\/wp-content\/uploads\/2017\/12\/telesiege_.jpg 1600w, https:\/\/old-vianden.digitalvision.lu\/wp-content\/uploads\/2017\/12\/telesiege_-150x47.jpg 150w, https:\/\/old-vianden.digitalvision.lu\/wp-content\/uploads\/2017\/12\/telesiege_-250x78.jpg 250w, https:\/\/old-vianden.digitalvision.lu\/wp-content\/uploads\/2017\/12\/telesiege_-768x240.jpg 768w, https:\/\/old-vianden.digitalvision.lu\/wp-content\/uploads\/2017\/12\/telesiege_-1024x320.jpg 1024w\" sizes=\"auto, (max-width: 1600px) 100vw, 1600px\" \/><\/p>\n<div id=\"wppdfemb-frame-container-2\"><iframe id=\"wppdf-emb-iframe-2\" scrolling=\"no\" data-pdf-index=\"2\" class=\"pdfembed-iframe nonfullscreen\" style=\"border: none; width:100%; max-width: 100%; min-height: 1000px;\" src=\"https:\/\/old-vianden.digitalvision.lu?url=https%3A%2F%2Fold-vianden.digitalvision.lu%2Fwp-content%2Fuploads%2F2021%2F06%2FBefoerderungsbedingungen-und-Hausordnung.pdf&title=Bef%C3%B6rderungsbedingungen+und+Hausordnung&pdfID=2&index=2\" ><\/iframe><\/div>[\/vc_column_text][\/vc_column][\/vc_row][vc_row][vc_column][vc_pricing_table]<\/p>\n<ul class=\"wpb-plan-features\">\n<li>All premium features<\/li>\n<li>Online support<\/li>\n<li>Regular updates<\/li>\n<li>Personal training<\/li>\n<\/ul>\n<p>[\/vc_pricing_table][\/vc_column][\/vc_row]<\/p>\n<\/div>","protected":false},"excerpt":{"rendered":"<p>[vc_row][vc_column][vc_column_text]Sessellift<\/p>\n","protected":false},"author":3,"featured_media":0,"parent":0,"menu_order":0,"comment_status":"closed","ping_status":"closed","template":"","meta":[],"class_list":["post-16044","page","type-page","status-publish","hentry","description-off"],"translation":{"provider":"WPGlobus","version":"2.12.2","language":"de","enabled_languages":["de","fr"],"languages":{"de":{"title":true,"content":true,"excerpt":false},"fr":{"title":true,"content":true,"excerpt":false}}},"publishpress_future_action":{"enabled":false,"date":"2026-04-14 22:47:04","action":"change-status","newStatus":"draft","terms":[],"taxonomy":""},"_links":{"self":[{"href":"https:\/\/old-vianden.digitalvision.lu\/index.php?rest_route=\/wp\/v2\/pages\/16044","targetHints":{"allow":["GET"]}}],"collection":[{"href":"https:\/\/old-vianden.digitalvision.lu\/index.php?rest_route=\/wp\/v2\/pages"}],"about":[{"href":"https:\/\/old-vianden.digitalvision.lu\/index.php?rest_route=\/wp\/v2\/types\/page"}],"author":[{"embeddable":true,"href":"https:\/\/old-vianden.digitalvision.lu\/index.php?rest_route=\/wp\/v2\/users\/3"}],"replies":[{"embeddable":true,"href":"https:\/\/old-vianden.digitalvision.lu\/index.php?rest_route=%2Fwp%2Fv2%2Fcomments&post=16044"}],"version-history":[{"count":34,"href":"https:\/\/old-vianden.digitalvision.lu\/index.php?rest_route=\/wp\/v2\/pages\/16044\/revisions"}],"predecessor-version":[{"id":24390,"href":"https:\/\/old-vianden.digitalvision.lu\/index.php?rest_route=\/wp\/v2\/pages\/16044\/revisions\/24390"}],"wp:attachment":[{"href":"https:\/\/old-vianden.digitalvision.lu\/index.php?rest_route=%2Fwp%2Fv2%2Fmedia&parent=16044"}],"curies":[{"name":"wp","href":"https:\/\/api.w.org\/{rel}","templated":true}]}}