{"id":16037,"date":"2017-12-31T09:32:12","date_gmt":"2017-12-31T08:32:12","guid":{"rendered":"https:\/\/old-vianden.digitalvision.lu\/?page_id=16037"},"modified":"2018-01-10T11:49:08","modified_gmt":"2018-01-10T10:49:08","slug":"ourdallpromenade","status":"publish","type":"page","link":"https:\/\/old-vianden.digitalvision.lu\/?page_id=16037","title":{"rendered":"Ourdallpromenade"},"content":{"rendered":"<p><strong><span style=\"font-size: 14pt;\">Die \u201dOurdallpromenade\u201d Vianden &#8211; Stolzemburg<\/span><\/strong><\/p>\n<div id=\"C_T_DefaultRegion_M6230_repEntries_ctl03_ctl00_pnlSummary\" class=\"rawtext\">\n<div id=\"etRichtext1\">\n<p style=\"text-align: justify;\">Im Zusammenhang mit dem Bau der neuen Maschine 11, und auf Initiative der SEO haben die Gemeinden P\u00fctscheid und Vianden zusammen mit der SEO die Erstellung eines ufernahen Rad- und Wanderweges entlang des Unterbeckens des Pumpspeicherkraftwerks zwischen Vianden und Stolzemburg realisiert. Zweck dieser neuen Infrastruktur ist die Weiterentwicklung der vorhandenen Erholungs- und Freizeiteinrichtungen dieses Abschnittes des Ourtals sowie die F\u00f6rderung der sanften Mobilit\u00e4t zwischen den Ortschaften Stolzemburg, Bivels, Vianden und Bettel.<\/p>\n<p style=\"text-align: justify;\">Partner des Projektes sind, neben den oben erwa\u0308hnten Gemeinden, die Naturparke Our und S\u00fcdeifel. Weiterhin basiert das Projekt auf der Unterst\u00fctzung der Ponts et Chauss\u00e9es und der Forstverwaltung. Der geplante zentrale durchgehende Weg erm\u00f6glicht die Aufwertung der vorhandenen Wanderwege, Erlebnisrouten und sonstigen interessanten Einrichtungen, wie Ausstellungen, Museen, historischen Geb\u00e4uden und Pl\u00e4tzen, usw. Das Projekt erm\u00f6glicht ein neues, anderes Erlebnis der faszinierenden Natur zwischen Stolzemburg und Vianden und stellt eine weitere touristische Attraktion dar.<\/p>\n<\/div>\n<\/div>\n","protected":false},"excerpt":{"rendered":"<p>Die \u201dOurdallpromenade\u201d Vianden &#8211; Stolzemburg Im Zusammenhang mit dem Bau der neuen Maschine 11, und auf Initiative der SEO haben die Gemeinden P\u00fctscheid und Vianden zusammen mit der SEO die Erstellung eines ufernahen Rad- und Wanderweges entlang des Unterbeckens des Pumpspeicherkraftwerks zwischen Vianden und Stolzemburg realisiert. Zweck dieser neuen Infrastruktur ist die Weiterentwicklung der vorhandenen&hellip;<\/p>\n","protected":false},"author":3,"featured_media":0,"parent":0,"menu_order":0,"comment_status":"closed","ping_status":"closed","template":"template-media.php","meta":[],"class_list":["post-16037","page","type-page","status-publish","hentry","description-off"],"translation":{"provider":"WPGlobus","version":"2.12.2","language":"de","enabled_languages":["de","fr"],"languages":{"de":{"title":true,"content":true,"excerpt":false},"fr":{"title":true,"content":true,"excerpt":false}}},"publishpress_future_action":{"enabled":false,"date":"2026-04-14 22:47:02","action":"change-status","newStatus":"draft","terms":[],"taxonomy":""},"_links":{"self":[{"href":"https:\/\/old-vianden.digitalvision.lu\/index.php?rest_route=\/wp\/v2\/pages\/16037","targetHints":{"allow":["GET"]}}],"collection":[{"href":"https:\/\/old-vianden.digitalvision.lu\/index.php?rest_route=\/wp\/v2\/pages"}],"about":[{"href":"https:\/\/old-vianden.digitalvision.lu\/index.php?rest_route=\/wp\/v2\/types\/page"}],"author":[{"embeddable":true,"href":"https:\/\/old-vianden.digitalvision.lu\/index.php?rest_route=\/wp\/v2\/users\/3"}],"replies":[{"embeddable":true,"href":"https:\/\/old-vianden.digitalvision.lu\/index.php?rest_route=%2Fwp%2Fv2%2Fcomments&post=16037"}],"version-history":[{"count":8,"href":"https:\/\/old-vianden.digitalvision.lu\/index.php?rest_route=\/wp\/v2\/pages\/16037\/revisions"}],"predecessor-version":[{"id":16298,"href":"https:\/\/old-vianden.digitalvision.lu\/index.php?rest_route=\/wp\/v2\/pages\/16037\/revisions\/16298"}],"wp:attachment":[{"href":"https:\/\/old-vianden.digitalvision.lu\/index.php?rest_route=%2Fwp%2Fv2%2Fmedia&parent=16037"}],"curies":[{"name":"wp","href":"https:\/\/api.w.org\/{rel}","templated":true}]}}