{"id":16016,"date":"2017-12-30T16:50:00","date_gmt":"2017-12-30T15:50:00","guid":{"rendered":"https:\/\/old-vianden.digitalvision.lu\/?page_id=16016"},"modified":"2022-01-07T12:46:34","modified_gmt":"2022-01-07T11:46:34","slug":"tourismus","status":"publish","type":"page","link":"https:\/\/old-vianden.digitalvision.lu\/?page_id=16016","title":{"rendered":"Tourismus"},"content":{"rendered":"<p style=\"text-align: justify;\">Eingebettet in die herrliche Landschaft der Ardennen, blickt Vianden auf eine mehr als hundertj\u00e4hrige Fremdenverkehrstradition zur\u00fcck. Im Gefolge des gro\u00dfen franz\u00f6sischen Romantikers Victor Hugo, locken die engen Gassen, die gotischen Kirchen, die Ringmauer mit ihren Wehrt\u00fcrmen, allj\u00e4hrlich Tausende Besucher in das schmucke, am Fu\u00dfe der m\u00e4chtigen, restaurierten Burg gelegene, mittelalterliche St\u00e4dtchen. Gleichzeitig laden die sorgf\u00e4ltig angelegten Wanderwege, mit ihren zahlreichen atemberaubenden Panoramas, den begeisterten Naturfreund ein zu einer eindrucksvollen Begegnung.<\/p>\n<p style=\"text-align: justify;\">Office de Tourisme Vianden<br \/>\n<span class=\"text-blue-light\">18, Grand Rue<br \/>\nL-9410\u00a0Vianden<\/span><br \/>\n<span class=\"text-blue-light\">Luxembourg<br \/>\nTel.: +352 83 42 57<\/span><br \/>\nEmail : <a href=\"mailto:Touristinfo@old-vianden.digitalvision.lu\">Touristinfo@old-vianden.digitalvision.lu<\/a><\/p>\n<p>Webseite: <a href=\"http:\/\/www.visit-vianden.lu\" target=\"_blank\" rel=\"noopener noreferrer\"><span style=\"font-size: small;\"><b><span style=\"color: #0563c1;\">www.visit-vianden.lu<\/span><\/b><\/span><\/a><\/p>\n","protected":false},"excerpt":{"rendered":"<p>Eingebettet in die herrliche Landschaft der Ardennen, blickt Vianden auf eine mehr als hundertj\u00e4hrige Fremdenverkehrstradition zur\u00fcck. Im Gefolge des gro\u00dfen franz\u00f6sischen Romantikers Victor Hugo, locken die engen Gassen, die gotischen Kirchen, die Ringmauer mit ihren Wehrt\u00fcrmen, allj\u00e4hrlich Tausende Besucher in das schmucke, am Fu\u00dfe der m\u00e4chtigen, restaurierten Burg gelegene, mittelalterliche St\u00e4dtchen. Gleichzeitig laden die sorgf\u00e4ltig&hellip;<\/p>\n","protected":false},"author":3,"featured_media":0,"parent":0,"menu_order":0,"comment_status":"closed","ping_status":"closed","template":"template-media.php","meta":[],"class_list":["post-16016","page","type-page","status-publish","hentry","description-off"],"translation":{"provider":"WPGlobus","version":"2.12.2","language":"de","enabled_languages":["de","fr"],"languages":{"de":{"title":true,"content":true,"excerpt":false},"fr":{"title":true,"content":true,"excerpt":false}}},"publishpress_future_action":{"enabled":false,"date":"2026-04-14 22:45:39","action":"change-status","newStatus":"draft","terms":[],"taxonomy":""},"_links":{"self":[{"href":"https:\/\/old-vianden.digitalvision.lu\/index.php?rest_route=\/wp\/v2\/pages\/16016","targetHints":{"allow":["GET"]}}],"collection":[{"href":"https:\/\/old-vianden.digitalvision.lu\/index.php?rest_route=\/wp\/v2\/pages"}],"about":[{"href":"https:\/\/old-vianden.digitalvision.lu\/index.php?rest_route=\/wp\/v2\/types\/page"}],"author":[{"embeddable":true,"href":"https:\/\/old-vianden.digitalvision.lu\/index.php?rest_route=\/wp\/v2\/users\/3"}],"replies":[{"embeddable":true,"href":"https:\/\/old-vianden.digitalvision.lu\/index.php?rest_route=%2Fwp%2Fv2%2Fcomments&post=16016"}],"version-history":[{"count":13,"href":"https:\/\/old-vianden.digitalvision.lu\/index.php?rest_route=\/wp\/v2\/pages\/16016\/revisions"}],"predecessor-version":[{"id":19812,"href":"https:\/\/old-vianden.digitalvision.lu\/index.php?rest_route=\/wp\/v2\/pages\/16016\/revisions\/19812"}],"wp:attachment":[{"href":"https:\/\/old-vianden.digitalvision.lu\/index.php?rest_route=%2Fwp%2Fv2%2Fmedia&parent=16016"}],"curies":[{"name":"wp","href":"https:\/\/api.w.org\/{rel}","templated":true}]}}