{"id":15994,"date":"2017-12-30T16:41:33","date_gmt":"2017-12-30T15:41:33","guid":{"rendered":"https:\/\/old-vianden.digitalvision.lu\/?page_id=15994"},"modified":"2021-02-08T14:20:24","modified_gmt":"2021-02-08T13:20:24","slug":"informationen","status":"publish","type":"page","link":"https:\/\/old-vianden.digitalvision.lu\/?page_id=15994","title":{"rendered":"Informationen"},"content":{"rendered":"<div class=\"paragraph\">\n<h4>Informationen<\/h4>\n<p><strong>Kontakt<\/strong><br \/>\nTel.: (+352) 83 41 08-1<br \/>\nMail:\u00a0<a href=\"mailto:caisse@castle-vianden.lu\" target=\"_blank\" rel=\"noopener noreferrer\">caisse@castle-vianden.lu<\/a><br \/>\nInternetseite: <a href=\"http:\/\/www.castle-vianden.lu\/index.php\" target=\"_blank\" rel=\"noopener noreferrer\">www.castle-vianden.lu<\/a><\/p>\n<p><strong>\u00d6ffnungszeiten:<\/strong><\/p>\n<p>Wir haben jeden Tag ge\u00f6ffnet ab 10.00 Uhr *<\/p>\n<\/div>\n<div class=\"paragraph\">\n<table class=\"cells\" width=\"100%\">\n<tbody>\n<tr>\n<td class=\"cell\" align=\"left\" valign=\"top\" width=\"50%\">vom 02.01 &#8211; 28.02<\/td>\n<td class=\"cell\" align=\"left\" valign=\"top\" width=\"50%\">von 10.00 bis 16.00 Uhr<\/td>\n<\/tr>\n<tr>\n<td class=\"cell\" align=\"left\" valign=\"top\" width=\"50%\">vom 01.03 &#8211; 31.03<\/td>\n<td class=\"cell\" align=\"left\" valign=\"top\" width=\"50%\">von 10.00 bis 17.00 Uhr<\/td>\n<\/tr>\n<tr>\n<td class=\"cell\" align=\"left\" valign=\"top\" width=\"50%\">vom 01.04 &#8211; 30.09<\/td>\n<td class=\"cell\" align=\"left\" valign=\"top\" width=\"50%\">von 10.00 bis 18.00 Uhr<\/td>\n<\/tr>\n<tr>\n<td class=\"cell\" align=\"left\" valign=\"top\" width=\"50%\">vom 01.10 &#8211; 31.10<\/td>\n<td class=\"cell\" align=\"left\" valign=\"top\" width=\"50%\">von 10.00 bis 17.00 Uhr<\/td>\n<\/tr>\n<tr>\n<td class=\"cell\" align=\"left\" valign=\"top\" width=\"50%\">vom 01.11 &#8211; 31.12<\/td>\n<td class=\"cell\" align=\"left\" valign=\"top\" width=\"50%\">von 10.00 bis 16.00 Uhr<\/td>\n<\/tr>\n<\/tbody>\n<\/table>\n<\/div>\n<div class=\"paragraph\">\n<p>* <b>Achtung <\/b>Die Burg ist geschlossen: am 01.01 und am 25.12<\/p>\n<hr \/>\n<\/div>\n<div class=\"paragraph\">\n<p class=\"emphasizeleft\"><span style=\"font-size: 10pt;\"><strong>AUDIOGUIDE: 2 \u20ac, AN DER KASSE ERH\u00c4LTLICH<\/strong><\/span><\/p>\n<hr \/>\n<\/div>\n<p><strong><a name=\"501841937a0ea861d\"><\/a>* EINTRITTSPREISE<\/strong><\/p>\n<div class=\"paragraph\">\n<table class=\"cells\" width=\"100%\">\n<tbody>\n<tr>\n<td class=\"cell\" align=\"left\" valign=\"top\" width=\"50%\">Erwachsene:<\/td>\n<td class=\"cell\" align=\"left\" valign=\"top\" width=\"50%\">10 \u20ac<\/td>\n<\/tr>\n<tr>\n<td class=\"cell\" align=\"left\" valign=\"top\" width=\"50%\">Kinder: (6-12 Jahre)<\/td>\n<td class=\"cell\" align=\"left\" valign=\"top\" width=\"50%\">2,5 \u20ac<\/td>\n<\/tr>\n<tr>\n<td class=\"cell\" align=\"left\" valign=\"top\" width=\"50%\">Studenten: (13-25 Jahre) mit Studentenausweis<\/td>\n<td class=\"cell\" align=\"left\" valign=\"top\" width=\"50%\">5,00 \u20ac<\/td>\n<\/tr>\n<tr>\n<td class=\"cell\" align=\"left\" valign=\"top\" width=\"50%\"><\/td>\n<td class=\"cell\" align=\"left\" valign=\"top\" width=\"50%\"><\/td>\n<\/tr>\n<\/tbody>\n<\/table>\n<\/div>\n<p><a name=\"501841937a0f03420\"><\/a><strong>* GRUPPEN MIN. 15 PERSONEN<\/strong><\/p>\n<div class=\"paragraph\">\n<table class=\"cells\" width=\"100%\">\n<tbody>\n<tr>\n<td class=\"cell\" align=\"left\" valign=\"top\" width=\"50%\">Erwachsene:<\/td>\n<td class=\"cell\" align=\"left\" valign=\"top\" width=\"50%\">8 \u20ac<\/td>\n<\/tr>\n<tr>\n<td class=\"cell\" align=\"left\" valign=\"top\" width=\"50%\">Kinder: (6-12 Jahre)<\/td>\n<td class=\"cell\" align=\"left\" valign=\"top\" width=\"50%\">2 \u20ac<\/td>\n<\/tr>\n<tr>\n<td class=\"cell\" align=\"left\" valign=\"top\" width=\"50%\">Studenten: (13-25 Jahre) mit Studentenausweis<\/td>\n<td class=\"cell\" align=\"left\" valign=\"top\" width=\"50%\">4 \u20ac<\/td>\n<\/tr>\n<tr>\n<td class=\"cell\" align=\"left\" valign=\"top\" width=\"50%\"><\/td>\n<td class=\"cell\" align=\"left\" valign=\"top\" width=\"50%\"><\/td>\n<\/tr>\n<\/tbody>\n<\/table>\n<\/div>\n<p><a name=\"501841937a0ec251e\"><\/a><strong>* EINTRITTSPREISE MIT F\u00dcHRUNG<\/strong><\/p>\n<div class=\"paragraph\">\n<table class=\"cells\" width=\"100%\">\n<tbody>\n<tr>\n<td class=\"cell\" align=\"left\" valign=\"top\" width=\"50%\">Erwachsene:<\/td>\n<td class=\"cell\" align=\"left\" valign=\"top\" width=\"50%\">8 \u20ac pro Person + Zuzahlung F\u00fchrung 85 \u20ac (maximal 40\u00a0Personen)<\/td>\n<\/tr>\n<tr>\n<td class=\"cell\" align=\"left\" valign=\"top\" width=\"50%\">Kinder: (6-12 Jahre)<\/td>\n<td class=\"cell\" align=\"left\" valign=\"top\" width=\"50%\">2 \u20ac pro Person + Zuzahlung F\u00fchrung 85 \u20ac (maximal 40\u00a0Personen)<\/td>\n<\/tr>\n<tr>\n<td class=\"cell\" align=\"left\" valign=\"top\" width=\"50%\">Studenten: (13-25 Jahre)<\/td>\n<td class=\"cell\" align=\"left\" valign=\"top\" width=\"50%\">4 \u20ac pro Person + Zuzahlung F\u00fchrung 85 \u20ac (maximal 40 Personen)<\/td>\n<\/tr>\n<tr>\n<td class=\"cell\" align=\"left\" valign=\"top\" width=\"50%\"><\/td>\n<td class=\"cell\" align=\"left\" valign=\"top\" width=\"50%\"><\/td>\n<\/tr>\n<\/tbody>\n<\/table>\n<\/div>\n<div class=\"paragraph\">\n<p><b>Kreditkarten werden angenommen (ab 10 Euro)<\/b><\/p>\n<p>VISA<br \/>\nMASTERCARD<br \/>\nVPAY<br \/>\nMAESTRO<\/p>\n<\/div>\n<p><b>Die Besucher, die eine F\u00fchrung w\u00fcnschen, m\u00fcssen sich schriftlich an die Schlossverwaltung wenden. E-Mail: <\/b><a title=\"\" href=\"mailto:caisse@castle-vianden.lu\" target=\"_blank\" rel=\"noopener noreferrer\">caisse@castle-vianden.lu<\/a><b> \/ Fax: (00352) 84 92 84<\/b><\/p>\n<p>W\u00e4hrend dem Mittelalterfest sind leider keine F\u00fchrungen m\u00f6glich.<\/p>\n<p><strong>*Diese Eintrittspreise sind das ganze Jahr g\u00fcltig mit Ausnahme vom Mittelalterfest<\/strong><\/p>\n<hr \/>\n<p style=\"text-align: center;\"><iframe loading=\"lazy\" style=\"border: 0;\" src=\"https:\/\/www.google.com\/maps\/embed?pb=!1m18!1m12!1m3!1d2568.06945964574!2d6.20052835164689!3d49.93503793214719!2m3!1f0!2f0!3f0!3m2!1i1024!2i768!4f13.1!3m3!1m2!1s0x47bffb7ded995801%3A0xc3f3ef9783b2bd22!2sBurg+Vianden!5e0!3m2!1sde!2slu!4v1514648739956\" width=\"800\" height=\"600\" frameborder=\"0\" allowfullscreen=\"allowfullscreen\"><\/iframe><\/p>\n","protected":false},"excerpt":{"rendered":"<p>Informationen Kontakt Tel.: (+352) 83 41 08-1 Mail:\u00a0caisse@castle-vianden.lu Internetseite: www.castle-vianden.lu \u00d6ffnungszeiten: Wir haben jeden Tag ge\u00f6ffnet ab 10.00 Uhr * vom 02.01 &#8211; 28.02 von 10.00 bis 16.00 Uhr vom 01.03 &#8211; 31.03 von 10.00 bis 17.00 Uhr vom 01.04 &#8211; 30.09 von 10.00 bis 18.00 Uhr vom 01.10 &#8211; 31.10 von 10.00 bis 17.00&hellip;<\/p>\n","protected":false},"author":3,"featured_media":0,"parent":0,"menu_order":0,"comment_status":"closed","ping_status":"closed","template":"","meta":[],"class_list":["post-15994","page","type-page","status-publish","hentry","description-off"],"translation":{"provider":"WPGlobus","version":"2.12.2","language":"de","enabled_languages":["de","fr"],"languages":{"de":{"title":true,"content":true,"excerpt":false},"fr":{"title":true,"content":true,"excerpt":false}}},"publishpress_future_action":{"enabled":false,"date":"2026-04-14 21:24:03","action":"change-status","newStatus":"draft","terms":[],"taxonomy":""},"_links":{"self":[{"href":"https:\/\/old-vianden.digitalvision.lu\/index.php?rest_route=\/wp\/v2\/pages\/15994","targetHints":{"allow":["GET"]}}],"collection":[{"href":"https:\/\/old-vianden.digitalvision.lu\/index.php?rest_route=\/wp\/v2\/pages"}],"about":[{"href":"https:\/\/old-vianden.digitalvision.lu\/index.php?rest_route=\/wp\/v2\/types\/page"}],"author":[{"embeddable":true,"href":"https:\/\/old-vianden.digitalvision.lu\/index.php?rest_route=\/wp\/v2\/users\/3"}],"replies":[{"embeddable":true,"href":"https:\/\/old-vianden.digitalvision.lu\/index.php?rest_route=%2Fwp%2Fv2%2Fcomments&post=15994"}],"version-history":[{"count":25,"href":"https:\/\/old-vianden.digitalvision.lu\/index.php?rest_route=\/wp\/v2\/pages\/15994\/revisions"}],"predecessor-version":[{"id":19353,"href":"https:\/\/old-vianden.digitalvision.lu\/index.php?rest_route=\/wp\/v2\/pages\/15994\/revisions\/19353"}],"wp:attachment":[{"href":"https:\/\/old-vianden.digitalvision.lu\/index.php?rest_route=%2Fwp%2Fv2%2Fmedia&parent=15994"}],"curies":[{"name":"wp","href":"https:\/\/api.w.org\/{rel}","templated":true}]}}