{"id":15985,"date":"2017-12-30T15:49:16","date_gmt":"2017-12-30T14:49:16","guid":{"rendered":"https:\/\/old-vianden.digitalvision.lu\/?page_id=15985"},"modified":"2018-01-10T14:31:38","modified_gmt":"2018-01-10T13:31:38","slug":"besucherzentrum","status":"publish","type":"page","link":"https:\/\/old-vianden.digitalvision.lu\/?page_id=15985","title":{"rendered":"Besucherzentrum"},"content":{"rendered":"<p style=\"text-align: justify;\">Das Besucherzentrum wurde als Herzst\u00fcck der didaktischen Ann\u00e4herung an die Burg Vianden entwickelt. Es ist in besonderem Ma\u00dfe durch die Schichtung und das Offenlegen unterschiedlicher Bau- und Nutzungsepochen gepr\u00e4gt. Die Besucher haben die M\u00f6glichkeit auf einem \u201ePfad\u201c die Jahrhunderte zu durchlaufen und in die unterschiedlichen geschichtlichen Abschnitte einzutauchen. Vorhandene Fragmente von Wehrgang und Fundamenten werden hervorgehoben, altes Mauerwerk wird mit Hilfe grafischer Mittel und durch Lichtinszenierungen herausgearbeitet.<\/p>\n<p>Die Adelsgeschichte und Baugeschichte der Burg Vianden wurden von Historikern, Architekten, Arch\u00e4ologen und Bauforschern erforscht und dokumentiert. Auf der Basis dieser Arbeiten konnte sich das Projekt entwickeln.<\/p>\n<p>Mit Hilfe der 3D-Laserscanning und der virtuellen 3D Bildgestaltung entstand ein Film \u00fcber die verschiedenen Bauphasen der Burg und ist auf einer gro\u00dfen Leinwand zu sehen<\/p>\n","protected":false},"excerpt":{"rendered":"<p>Das Besucherzentrum wurde als Herzst\u00fcck der didaktischen Ann\u00e4herung an die Burg Vianden entwickelt. Es ist in besonderem Ma\u00dfe durch die Schichtung und das Offenlegen unterschiedlicher Bau- und Nutzungsepochen gepr\u00e4gt. Die Besucher haben die M\u00f6glichkeit auf einem \u201ePfad\u201c die Jahrhunderte zu durchlaufen und in die unterschiedlichen geschichtlichen Abschnitte einzutauchen. Vorhandene Fragmente von Wehrgang und Fundamenten werden&hellip;<\/p>\n","protected":false},"author":3,"featured_media":0,"parent":0,"menu_order":0,"comment_status":"closed","ping_status":"closed","template":"template-media-jgrid.php","meta":[],"class_list":["post-15985","page","type-page","status-publish","hentry","description-off"],"translation":{"provider":"WPGlobus","version":"2.12.2","language":"de","enabled_languages":["de","fr"],"languages":{"de":{"title":true,"content":true,"excerpt":false},"fr":{"title":true,"content":true,"excerpt":false}}},"publishpress_future_action":{"enabled":false,"date":"2026-04-14 21:21:58","action":"change-status","newStatus":"draft","terms":[],"taxonomy":""},"_links":{"self":[{"href":"https:\/\/old-vianden.digitalvision.lu\/index.php?rest_route=\/wp\/v2\/pages\/15985","targetHints":{"allow":["GET"]}}],"collection":[{"href":"https:\/\/old-vianden.digitalvision.lu\/index.php?rest_route=\/wp\/v2\/pages"}],"about":[{"href":"https:\/\/old-vianden.digitalvision.lu\/index.php?rest_route=\/wp\/v2\/types\/page"}],"author":[{"embeddable":true,"href":"https:\/\/old-vianden.digitalvision.lu\/index.php?rest_route=\/wp\/v2\/users\/3"}],"replies":[{"embeddable":true,"href":"https:\/\/old-vianden.digitalvision.lu\/index.php?rest_route=%2Fwp%2Fv2%2Fcomments&post=15985"}],"version-history":[{"count":7,"href":"https:\/\/old-vianden.digitalvision.lu\/index.php?rest_route=\/wp\/v2\/pages\/15985\/revisions"}],"predecessor-version":[{"id":19518,"href":"https:\/\/old-vianden.digitalvision.lu\/index.php?rest_route=\/wp\/v2\/pages\/15985\/revisions\/19518"}],"wp:attachment":[{"href":"https:\/\/old-vianden.digitalvision.lu\/index.php?rest_route=%2Fwp%2Fv2%2Fmedia&parent=15985"}],"curies":[{"name":"wp","href":"https:\/\/api.w.org\/{rel}","templated":true}]}}