{"id":15736,"date":"2017-12-27T14:48:55","date_gmt":"2017-12-27T13:48:55","guid":{"rendered":"https:\/\/old-vianden.digitalvision.lu\/?page_id=15736"},"modified":"2024-01-06T13:13:53","modified_gmt":"2024-01-06T12:13:53","slug":"commissions-consultatives","status":"publish","type":"page","link":"https:\/\/old-vianden.digitalvision.lu\/?page_id=15736","title":{"rendered":"Commissions consultatives"},"content":{"rendered":"<p><strong>Les commissions consultatives de la Ville de Vianden<\/strong><\/p>\n<table style=\"width: 532px; height: 3022px;\">\n<tbody>\n<tr>\n<td style=\"width: 202px; vertical-align: top;\"><strong>B\u00e2tisses et Environnement<\/strong><\/td>\n<td style=\"width: 202px;\"><strong>France Klasen Pr\u00e9sident<\/strong><br \/>\n<strong>Jos Coremans Secr\u00e9taire<br \/>\n<\/strong>Frank Leonardy<br \/>\nCarlo Eydt<br \/>\nFlorian Bylow<br \/>\nRaymond Decker<br \/>\nJean-Paul Nagel<br \/>\n<span style=\"font-family: inherit; font-size: inherit;\">Charles Bassing<br \/>\n<\/span><span style=\"font-family: inherit; font-size: inherit;\">Percy Rauchs<br \/>\n<\/span><span style=\"font-family: inherit; font-size: inherit;\">Claude Bassing<br \/>\n<\/span><span style=\"font-family: inherit; font-size: inherit;\">Jean-Claude -Vinandy<br \/>\n<\/span><span style=\"font-family: inherit; font-size: inherit;\">Pol Petry<\/span><\/td>\n<\/tr>\n<tr>\n<td style=\"width: 202px; vertical-align: top;\"><\/td>\n<td style=\"width: 202px;\"><\/td>\n<\/tr>\n<tr>\n<td style=\"width: 202px; vertical-align: top;\"><strong>Commission scolaire<\/strong><\/td>\n<td style=\"width: 202px;\"><strong>Fran\u00e7ois Weyrich Pr\u00e9sident<br \/>\n<\/strong><strong style=\"font-family: inherit; font-size: inherit;\">Pol Schaus Secr\u00e9taire<br \/>\n<\/strong><span style=\"font-family: inherit; font-size: inherit;\">Jengel Klasen<br \/>\n<\/span><span style=\"font-family: inherit; font-size: inherit;\">Adela\u00efde Marques<br \/>\n<\/span><span style=\"font-family: inherit; font-size: inherit;\">Patty Schaefer<br \/>\n<\/span><span style=\"font-family: inherit; font-size: inherit;\">Claudine Roettgers<br \/>\n<\/span><span style=\"font-family: inherit; font-size: inherit;\">Philippe Herman<br \/>\n<\/span><span style=\"font-family: inherit; font-size: inherit;\">Marlene Oliveira\u00a0<\/span><\/td>\n<\/tr>\n<tr>\n<td style=\"width: 202px; vertical-align: top;\"><\/td>\n<td style=\"width: 202px;\"><\/td>\n<\/tr>\n<tr>\n<td style=\"width: 202px; vertical-align: top;\"><strong>Commission R\u00e9fection de la piscine<\/strong><\/td>\n<td style=\"width: 202px;\"><strong>Pol Petry Pr\u00e9sident<\/strong><br \/>\n<span style=\"font-family: inherit; font-size: inherit;\"><strong>Claude Bassing Secr\u00e9taire<\/strong><br \/>\n<\/span><span style=\"font-family: inherit; font-size: inherit;\">Claudine Hansen<br \/>\n<\/span><span style=\"font-family: inherit; font-size: inherit;\">Laurence Schaefer<br \/>\n<\/span><span style=\"font-family: inherit; font-size: inherit;\">Jean-Marie Werthessen<br \/>\n<\/span><span style=\"font-family: inherit; font-size: inherit;\">Jean-Paul Nagel<br \/>\n<\/span><span style=\"font-family: inherit; font-size: inherit;\">Diana Stiegler Diana<br \/>\n<\/span><span style=\"font-family: inherit; font-size: inherit;\">Anne-Marie Holweck<br \/>\n<\/span><span style=\"font-family: inherit; font-size: inherit;\">Guy Martin Guy<br \/>\n<\/span><span style=\"font-family: inherit; font-size: inherit;\">Danielle Wirtz Danielle<br \/>\n<\/span><span style=\"font-family: inherit; font-size: inherit;\">Sylvio Plein<br \/>\n<\/span><span style=\"font-family: inherit; font-size: inherit;\">Jean-Claude Vinandy\u00a0<\/span>&nbsp;<\/td>\n<\/tr>\n<tr>\n<td style=\"width: 202px; vertical-align: top;\"><\/td>\n<td style=\"width: 202px;\"><\/td>\n<\/tr>\n<tr>\n<td style=\"width: 202px; vertical-align: top;\"><strong>Culture<\/strong><\/td>\n<td style=\"width: 202px;\"><strong>Fran\u00e7ois Weyrich Pr\u00e9sident<br \/>\n<span style=\"font-family: inherit; font-size: inherit;\">Nic Scheidweiler Secr\u00e9taire<br \/>\n<\/span><\/strong><span style=\"font-family: inherit; font-size: inherit;\">Pascale Geraets<br \/>\n<\/span><span style=\"font-family: inherit; font-size: inherit;\">Frank Leonardy<br \/>\n<\/span><span style=\"font-family: inherit; font-size: inherit;\">Claudine Hansen<br \/>\n<\/span><span style=\"font-family: inherit; font-size: inherit;\">Anita Eydt-Schmit<br \/>\n<\/span><span style=\"font-family: inherit; font-size: inherit;\">Michaela Simoes<br \/>\n<\/span><span style=\"font-family: inherit; font-size: inherit;\">Gaby Heger<br \/>\n<\/span><span style=\"font-family: inherit; font-size: inherit;\">Kimberely Hardt<br \/>\n<\/span><span style=\"font-family: inherit; font-size: inherit;\">Ania Martin-Polfer<br \/>\n<\/span><span style=\"font-family: inherit; font-size: inherit;\">Christiane Schmalen<br \/>\n<\/span><span style=\"font-family: inherit; font-size: inherit;\">Zahr\u00e9e Veerman<br \/>\n<\/span><span style=\"font-family: inherit; font-size: inherit;\">Marie-Jos\u00e9e Kerschen<br \/>\n<\/span><span style=\"font-family: inherit; font-size: inherit;\">Jengel Klasen<\/span><\/td>\n<\/tr>\n<tr>\n<td style=\"width: 202px; vertical-align: top;\"><\/td>\n<td style=\"width: 202px;\"><\/td>\n<\/tr>\n<tr>\n<td style=\"width: 202px; vertical-align: top;\"><strong>Tourisme<\/strong><\/td>\n<td style=\"width: 202px;\"><strong>Andr\u00e9 Duebbers Pr\u00e9sident<\/strong><br \/>\n<strong>Steve Warnier<\/strong> <strong><span style=\"font-family: inherit; font-size: inherit;\">Secr\u00e9taire<\/span><\/strong><br \/>\nCarole Ewert<br \/>\nPascale Geraets<br \/>\nFrank Leonardy<br \/>\nJean-Paul Nagel<br \/>\n<span style=\"font-family: inherit; font-size: inherit;\">Kimberely Hardt<br \/>\n<\/span>Claudine Hansen<br \/>\nCharles Bassing<br \/>\nChristiane Schmalen<br \/>\n<span style=\"font-family: inherit; font-size: inherit;\">Zahr\u00e9e Veerman<\/span><br \/>\nCharles Eydt<br \/>\n<span style=\"font-family: inherit; font-size: inherit;\">Constantino Teixeira<br \/>\nPol Hoffmann<\/span><\/td>\n<\/tr>\n<tr>\n<td style=\"width: 202px; vertical-align: top;\"><\/td>\n<td style=\"width: 202px;\"><\/td>\n<\/tr>\n<tr>\n<td style=\"width: 202px; vertical-align: top;\"><strong>Troisi\u00e8me Age<\/strong><\/td>\n<td style=\"width: 202px;\"><strong>Henri Majerus Pr\u00e9sident<\/strong><br \/>\n<span style=\"font-family: inherit; font-size: inherit;\"><strong>Diane Storn Secr\u00e9taire<\/strong><br \/>\n<\/span><span style=\"font-family: inherit; font-size: inherit;\">Danielle Wirtz<br \/>\n<\/span><span style=\"font-family: inherit; font-size: inherit;\">Claudine Hansen<\/span><\/td>\n<\/tr>\n<tr>\n<td style=\"width: 202px; vertical-align: top;\"><\/td>\n<td style=\"width: 202px;\"><\/td>\n<\/tr>\n<tr>\n<td style=\"width: 202px; vertical-align: top;\"><strong>Commission de l\u2019Int\u00e9gration<\/strong><\/td>\n<td style=\"width: 202px;\"><strong>Fernando Rodrigues Pr\u00e9sident<\/strong><br \/>\n<strong>Lynn Arend Secr\u00e9taire<\/strong><br \/>\nUdo Reuter<br \/>\nJo\u00e2o Manuel Carvalho Carneiro<br \/>\nTiago Miguel Das Neves Mota<br \/>\nGaby Heger<\/td>\n<\/tr>\n<tr>\n<td style=\"width: 202px; vertical-align: top;\"><\/td>\n<td style=\"width: 202px;\"><\/td>\n<\/tr>\n<tr>\n<td style=\"width: 202px; vertical-align: top;\"><strong>Jeunesse et Sport<\/strong><\/td>\n<td style=\"width: 202px;\"><strong>Patty Schaefer Pr\u00e9sident<\/strong><br \/>\n<strong>Adela\u00efde Marques Secr\u00e9taire<br \/>\n<\/strong><span style=\"font-family: inherit; font-size: inherit;\">Frank Leonardy<br \/>\n<\/span><span style=\"font-family: inherit; font-size: inherit;\">Michaela Simoes<br \/>\n<\/span><span style=\"font-family: inherit; font-size: inherit;\">Marc Mossong<br \/>\n<\/span><span style=\"font-family: inherit; font-size: inherit;\">Jules Nagel<br \/>\n<\/span><span style=\"font-family: inherit; font-size: inherit;\">Paulo Bastos<br \/>\n<\/span><span style=\"font-family: inherit; font-size: inherit;\">Diana Stiegler<\/span><\/td>\n<\/tr>\n<tr>\n<td style=\"width: 202px; vertical-align: top;\"><\/td>\n<td style=\"width: 202px;\"><\/td>\n<\/tr>\n<tr>\n<td style=\"width: 202px; vertical-align: top;\"><\/td>\n<td style=\"width: 202px;\"><\/td>\n<\/tr>\n<\/tbody>\n<\/table>\n","protected":false},"excerpt":{"rendered":"<p>Les commissions consultatives de la Ville de Vianden B\u00e2tisses et Environnement France Klasen Pr\u00e9sident Jos Coremans Secr\u00e9taire Frank Leonardy Carlo Eydt Florian Bylow Raymond Decker Jean-Paul Nagel Charles Bassing Percy Rauchs Claude Bassing Jean-Claude -Vinandy Pol Petry Commission scolaire Fran\u00e7ois Weyrich Pr\u00e9sident Pol Schaus Secr\u00e9taire Jengel Klasen Adela\u00efde Marques Patty Schaefer Claudine Roettgers Philippe Herman&hellip;<\/p>\n","protected":false},"author":3,"featured_media":0,"parent":0,"menu_order":0,"comment_status":"closed","ping_status":"closed","template":"","meta":[],"class_list":["post-15736","page","type-page","status-publish","hentry","description-off"],"translation":{"provider":"WPGlobus","version":"2.12.2","language":"de","enabled_languages":["de","fr"],"languages":{"de":{"title":true,"content":true,"excerpt":false},"fr":{"title":true,"content":false,"excerpt":false}}},"publishpress_future_action":{"enabled":false,"date":"2026-04-14 22:47:13","action":"change-status","newStatus":"draft","terms":[],"taxonomy":""},"_links":{"self":[{"href":"https:\/\/old-vianden.digitalvision.lu\/index.php?rest_route=\/wp\/v2\/pages\/15736","targetHints":{"allow":["GET"]}}],"collection":[{"href":"https:\/\/old-vianden.digitalvision.lu\/index.php?rest_route=\/wp\/v2\/pages"}],"about":[{"href":"https:\/\/old-vianden.digitalvision.lu\/index.php?rest_route=\/wp\/v2\/types\/page"}],"author":[{"embeddable":true,"href":"https:\/\/old-vianden.digitalvision.lu\/index.php?rest_route=\/wp\/v2\/users\/3"}],"replies":[{"embeddable":true,"href":"https:\/\/old-vianden.digitalvision.lu\/index.php?rest_route=%2Fwp%2Fv2%2Fcomments&post=15736"}],"version-history":[{"count":34,"href":"https:\/\/old-vianden.digitalvision.lu\/index.php?rest_route=\/wp\/v2\/pages\/15736\/revisions"}],"predecessor-version":[{"id":24094,"href":"https:\/\/old-vianden.digitalvision.lu\/index.php?rest_route=\/wp\/v2\/pages\/15736\/revisions\/24094"}],"wp:attachment":[{"href":"https:\/\/old-vianden.digitalvision.lu\/index.php?rest_route=%2Fwp%2Fv2%2Fmedia&parent=15736"}],"curies":[{"name":"wp","href":"https:\/\/api.w.org\/{rel}","templated":true}]}}