{"id":15724,"date":"2017-12-27T14:22:11","date_gmt":"2017-12-27T13:22:11","guid":{"rendered":"https:\/\/old-vianden.digitalvision.lu\/?page_id=15724"},"modified":"2018-01-10T11:55:30","modified_gmt":"2018-01-10T10:55:30","slug":"festungsmauer","status":"publish","type":"page","link":"https:\/\/old-vianden.digitalvision.lu\/?page_id=15724","title":{"rendered":"Festungsmauer"},"content":{"rendered":"<div>\n<div>\n<h4><img loading=\"lazy\" decoding=\"async\" class=\"size-large wp-image-15730 aligncenter\" src=\"https:\/\/old-vianden.digitalvision.lu\/wp-content\/uploads\/2017\/12\/Ringmauer_Pano_Drone_2017-1-von-1-1024x227.jpg\" alt=\"\" width=\"1024\" height=\"227\" srcset=\"https:\/\/old-vianden.digitalvision.lu\/wp-content\/uploads\/2017\/12\/Ringmauer_Pano_Drone_2017-1-von-1-1024x227.jpg 1024w, https:\/\/old-vianden.digitalvision.lu\/wp-content\/uploads\/2017\/12\/Ringmauer_Pano_Drone_2017-1-von-1-150x33.jpg 150w, https:\/\/old-vianden.digitalvision.lu\/wp-content\/uploads\/2017\/12\/Ringmauer_Pano_Drone_2017-1-von-1-300x67.jpg 300w, https:\/\/old-vianden.digitalvision.lu\/wp-content\/uploads\/2017\/12\/Ringmauer_Pano_Drone_2017-1-von-1-768x170.jpg 768w, https:\/\/old-vianden.digitalvision.lu\/wp-content\/uploads\/2017\/12\/Ringmauer_Pano_Drone_2017-1-von-1.jpg 2000w\" sizes=\"auto, (max-width: 1024px) 100vw, 1024px\" \/><\/h4>\n<h3>Die Festungsmauer<\/h3>\n<p style=\"text-align: justify;\">Die befestigte Schutzmauer umfasst ganz Vianden, bis hin zum imposanten, mittelalterlichen Schloss, und bietet an manchen Stellen nicht nur beeindruckende Ausblicke \u00fcber die Stadt, sondern auch \u00fcber die Gesamtheit der Festungsmauer.<\/p>\n<p style=\"text-align: justify;\">Die seit Ende der Antike bestehende Mauer wird seit 1960 mithilfe von Restaurationen und Rekonstruktionen vor dem Verfall gesch\u00fctzt.<\/p>\n<p style=\"text-align: justify;\">Jahrhundertelang hat dieses majest\u00e4tische Denkmal den Bewohnern der Stadt Vianden Schutz gew\u00e4hrt. Im Gegenzug sorgten die B\u00fcrger f\u00fcr eine st\u00e4ndige \u00dcberwachung, Verteidigung, Wartung und Verhinderung einer Vergr\u00f6\u00dferung der Festungsmauer.<\/p>\n<p style=\"text-align: justify;\">Heutzutage erm\u00f6glicht ein Kulturweg den Besuchern und Einwohnern die Stadtmauer\u00a0 auf uralten Pfaden entlangzugehen. Die Pfade ihrerseits sind ges\u00e4umt von Informationstafeln.<\/p>\n<\/div>\n<div style=\"text-align: justify;\">\n<p><strong>Die Festungsstadt<\/strong><strong>\u00a0<\/strong><\/p>\n<p>Die Stadt Vianden entwickelte sich ab dem hohen Mittelalter am Fu\u00dfe der Burg, und ist seit der hohen Antike von einer Festungsmauer umgeben. Im 13.Jahrhundert, nach dem Bau eines Hospitals, eines Oratoriums, einem Friedhof, einer Kirche und einem Kloster, wurde die anf\u00e4ngliche Siedlung dann zur Stadt.<\/p>\n<p>Heute zeugen nur noch die \u00dcberreste eines bewohnten Turms neben dem damaligen Krankenhaus und ein parallel zum Wasserlauf verlaufender Weg, der dank arch\u00e4ologischer Ausgrabungen freigelegt werden konnte, von jenen Baukonstruktionen. Ansonsten kann man die erste Befestigung der Stadt nur auf damals schriftlich festgehaltenen Dokumenten nachlesen. Die genaue Route der Festungsanlagen ist zwar nicht definierbar aber es besteht durchaus die M\u00f6glichkeit, dass die den rezenten Mauern zwischen der Our und dem Marktplatz entsprechen.<\/p>\n<p>Die Festungsmauer hatte 2 Tore, eines am unteren Stadtteil, das die \u00dcberquerung des Flusses von \u00f6stlicher Seite her erlaubte, und eines am oberen Stadtteil, das den westlichen Eingang der Stadt kontrollierte. Au\u00dferdem sorgte ein Wachturm f\u00fcr ein schnelles Erkennen eines eventuellen Angriffs. Die restlichen T\u00fcrme der Mauer waren Schalent\u00fcrme, ein typisches Merkmal des 13. Jahrhunderts.<\/p>\n<\/div>\n<div style=\"text-align: justify;\"><\/div>\n<p><strong>Von der Festung zum Kulturerbe <\/strong><\/p>\n<div style=\"text-align: justify;\">Auch im Jahre 1744 versuchten die B\u00fcrger des Stadt Vianden weiterhin, die Befestigungsmauer der Stadt zu unterhalten. Dieses Vorhaben scheiterte jedoch recht schnell; 2 Jahre sp\u00e4ter wurden die ersten T\u00fcrme der Mauer schlicht an den Meistbietendem verkauft. Die Einnahmen der 1453 eingef\u00fchrten Weinsteuer dienten bis 1787 jedoch noch immer der Finanzierung der Wartungsarbeiten der Mauer.<\/div>\n<p style=\"text-align: justify;\">Zwischen 1835 und 1850 wurden dann schlussendlich auch beide Stadttore, die mittlerweile zum Verkehrshindernis geworden waren, abgerissen.<\/p>\n<div style=\"text-align: justify;\">Seit der Zunahme des Tourismus und der Restaurierung des Schlosses im 19. Jahrhundert gewinnen die \u00dcberreste der Stadtmauer wieder an Interesse; tragen seit 1938 sogar den Titel \u201eKulturerbe\u201c.<\/div>\n<div style=\"text-align: justify;\"><\/div>\n<\/div>\n<div class=\"print\">\u00a0<img loading=\"lazy\" decoding=\"async\" class=\"size-large wp-image-16124 aligncenter\" src=\"https:\/\/old-vianden.digitalvision.lu\/wp-content\/uploads\/2017\/12\/remparts-1-von-1-1024x575.jpg\" alt=\"\" width=\"1024\" height=\"575\" srcset=\"https:\/\/old-vianden.digitalvision.lu\/wp-content\/uploads\/2017\/12\/remparts-1-von-1-1024x575.jpg 1024w, https:\/\/old-vianden.digitalvision.lu\/wp-content\/uploads\/2017\/12\/remparts-1-von-1-150x84.jpg 150w, https:\/\/old-vianden.digitalvision.lu\/wp-content\/uploads\/2017\/12\/remparts-1-von-1-250x141.jpg 250w, https:\/\/old-vianden.digitalvision.lu\/wp-content\/uploads\/2017\/12\/remparts-1-von-1-768x432.jpg 768w, https:\/\/old-vianden.digitalvision.lu\/wp-content\/uploads\/2017\/12\/remparts-1-von-1.jpg 2000w\" sizes=\"auto, (max-width: 1024px) 100vw, 1024px\" \/><\/div>\n","protected":false},"excerpt":{"rendered":"<p>Die Festungsmauer Die befestigte Schutzmauer umfasst ganz Vianden, bis hin zum imposanten, mittelalterlichen Schloss, und bietet an manchen Stellen nicht nur beeindruckende Ausblicke \u00fcber die Stadt, sondern auch \u00fcber die Gesamtheit der Festungsmauer. Die seit Ende der Antike bestehende Mauer wird seit 1960 mithilfe von Restaurationen und Rekonstruktionen vor dem Verfall gesch\u00fctzt. Jahrhundertelang hat dieses&hellip;<\/p>\n","protected":false},"author":3,"featured_media":0,"parent":0,"menu_order":0,"comment_status":"closed","ping_status":"closed","template":"","meta":[],"class_list":["post-15724","page","type-page","status-publish","hentry","description-off"],"translation":{"provider":"WPGlobus","version":"2.12.2","language":"de","enabled_languages":["de","fr"],"languages":{"de":{"title":true,"content":true,"excerpt":false},"fr":{"title":true,"content":true,"excerpt":false}}},"publishpress_future_action":{"enabled":false,"date":"2026-04-14 21:23:18","action":"change-status","newStatus":"draft","terms":[],"taxonomy":""},"_links":{"self":[{"href":"https:\/\/old-vianden.digitalvision.lu\/index.php?rest_route=\/wp\/v2\/pages\/15724","targetHints":{"allow":["GET"]}}],"collection":[{"href":"https:\/\/old-vianden.digitalvision.lu\/index.php?rest_route=\/wp\/v2\/pages"}],"about":[{"href":"https:\/\/old-vianden.digitalvision.lu\/index.php?rest_route=\/wp\/v2\/types\/page"}],"author":[{"embeddable":true,"href":"https:\/\/old-vianden.digitalvision.lu\/index.php?rest_route=\/wp\/v2\/users\/3"}],"replies":[{"embeddable":true,"href":"https:\/\/old-vianden.digitalvision.lu\/index.php?rest_route=%2Fwp%2Fv2%2Fcomments&post=15724"}],"version-history":[{"count":13,"href":"https:\/\/old-vianden.digitalvision.lu\/index.php?rest_route=\/wp\/v2\/pages\/15724\/revisions"}],"predecessor-version":[{"id":16300,"href":"https:\/\/old-vianden.digitalvision.lu\/index.php?rest_route=\/wp\/v2\/pages\/15724\/revisions\/16300"}],"wp:attachment":[{"href":"https:\/\/old-vianden.digitalvision.lu\/index.php?rest_route=%2Fwp%2Fv2%2Fmedia&parent=15724"}],"curies":[{"name":"wp","href":"https:\/\/api.w.org\/{rel}","templated":true}]}}