{"id":15651,"date":"2017-12-27T11:44:01","date_gmt":"2017-12-27T10:44:01","guid":{"rendered":"https:\/\/old-vianden.digitalvision.lu\/?page_id=15651"},"modified":"2019-11-27T17:08:39","modified_gmt":"2019-11-27T16:08:39","slug":"art-kultur","status":"publish","type":"page","link":"https:\/\/old-vianden.digitalvision.lu\/?page_id=15651","title":{"rendered":"Art &#038; Kultur"},"content":{"rendered":"<table style=\"width: 0px;\" border=\"0\" cellspacing=\"5\" cellpadding=\"2\">\n<tbody>\n<tr>\n<td style=\"width: 500px;\">\n<h3>Veiner\u00a0Konstgalerie<\/h3>\n<p style=\"text-align: justify;\">Die &#8220;Veiner Konstgalerie&#8221; ist die Kunstgalerie der Gemeinde Vianden.<\/p>\n<p style=\"text-align: justify;\">Die seit 2013 von lokalen K\u00fcnstlern benutzten Schuppen wurden 2017 von der Gemeinde fachgerecht restauriert und eine neue Kunstgalerie steht allen Interessierten zur Verf\u00fcgung. \u00a0<a href=\"https:\/\/konschtour.wixsite.com\/viart\" target=\"_blank\" rel=\"noopener noreferrer\">Veiner Konstgalerie<\/a><\/p>\n<\/td>\n<td style=\"width: 250px;\">\n<h3><img loading=\"lazy\" decoding=\"async\" class=\"alignnone size-medium wp-image-15656\" src=\"https:\/\/old-vianden.digitalvision.lu\/wp-content\/uploads\/2017\/12\/konstgalerie_2017-300x270.jpg\" alt=\"\" width=\"300\" height=\"270\" srcset=\"https:\/\/old-vianden.digitalvision.lu\/wp-content\/uploads\/2017\/12\/konstgalerie_2017-300x270.jpg 300w, https:\/\/old-vianden.digitalvision.lu\/wp-content\/uploads\/2017\/12\/konstgalerie_2017-150x135.jpg 150w, https:\/\/old-vianden.digitalvision.lu\/wp-content\/uploads\/2017\/12\/konstgalerie_2017-768x692.jpg 768w, https:\/\/old-vianden.digitalvision.lu\/wp-content\/uploads\/2017\/12\/konstgalerie_2017.jpg 948w\" sizes=\"auto, (max-width: 300px) 100vw, 300px\" \/><\/h3>\n<\/td>\n<\/tr>\n<tr>\n<td style=\"width: 500px;\"><a href=\"https:\/\/old-vianden.digitalvision.lu\/wp-content\/uploads\/2019\/11\/Brochure-Viart-2019_20.jpg\" target=\"_blank\" rel=\"noopener noreferrer\"><img loading=\"lazy\" decoding=\"async\" class=\"alignnone wp-image-18195 size-full\" src=\"https:\/\/old-vianden.digitalvision.lu\/wp-content\/uploads\/2019\/11\/Brochure-Viart-2019_20.jpg\" alt=\"\" width=\"1960\" height=\"690\" srcset=\"https:\/\/old-vianden.digitalvision.lu\/wp-content\/uploads\/2019\/11\/Brochure-Viart-2019_20.jpg 1960w, https:\/\/old-vianden.digitalvision.lu\/wp-content\/uploads\/2019\/11\/Brochure-Viart-2019_20-250x88.jpg 250w, https:\/\/old-vianden.digitalvision.lu\/wp-content\/uploads\/2019\/11\/Brochure-Viart-2019_20-1024x360.jpg 1024w, https:\/\/old-vianden.digitalvision.lu\/wp-content\/uploads\/2019\/11\/Brochure-Viart-2019_20-150x53.jpg 150w, https:\/\/old-vianden.digitalvision.lu\/wp-content\/uploads\/2019\/11\/Brochure-Viart-2019_20-768x270.jpg 768w, https:\/\/old-vianden.digitalvision.lu\/wp-content\/uploads\/2019\/11\/Brochure-Viart-2019_20-1536x541.jpg 1536w\" sizes=\"auto, (max-width: 1960px) 100vw, 1960px\" \/><\/a><\/td>\n<td style=\"width: 250px;\">\n<h3><\/h3>\n<\/td>\n<\/tr>\n<tr>\n<td style=\"width: 500px;\">\n<h3>Historisches Museum der Stadt Vianden<br \/>\nB\u00e4ckerei Museum<br \/>\nDickshaus<\/h3>\n<p style=\"text-align: justify;\">Das alte Herrenhaus aus dem 18. Jahrhundert beherbergt das Historische Museum der Stadt Vianden, welches vielf\u00e4ltige der sch\u00f6nsten historischen M\u00f6bel und Gegenst\u00e4nde des t\u00e4glichen Lebens ausstellt. Au\u00dferdem gibt es ein B\u00e4ckereimuseum und eine Ausstellung um den Luxemburger Nationaldichter Edmond de la Fontaine, genannt &#8220;Dicks&#8221;.<\/p>\n<p><span id=\"Contenu_ContenusMenuGauche1_Contacts_Label6_1\">96-98, Grand-Rue<br \/>\nL-9411 Vianden<\/span><br \/>\n<b>Tel:<\/b>\u00a0(+352)\u00a0<span id=\"Contenu_ContenusMenuGauche1_Contacts_Label7_1\">83 45 91<\/span><\/p>\n<p>\u00d6ffnungszeiten:<\/p>\n<p>Von Ostern bis Mitte Oktober von 11:00 &#8211; 17:00 Uhr<br \/>\nMontags Geschlossen ausser Juli und August<\/p>\n<p><strong>Eintrittspreis<br \/>\n<\/strong>Erwachsene: 4,00 \u20ac<br \/>\nKinder: 1,50 \u20ac<br \/>\n<span style=\"font-family: inherit; font-size: inherit;\">Erwachsenen Gruppe: 2,00 \u20ac pro Person<br \/>\n<\/span><span style=\"font-family: arial, helvetica, sans-serif;\">Kinder Gruppe: 1,00 \u20ac pro Person<\/span><\/p>\n<h3><\/h3>\n<\/td>\n<td style=\"width: 250px;\">\n<h3>\u00a0<img loading=\"lazy\" decoding=\"async\" class=\"alignnone size-medium wp-image-15657\" src=\"https:\/\/old-vianden.digitalvision.lu\/wp-content\/uploads\/2017\/12\/Maison_Dicks-225x300.jpg\" alt=\"\" width=\"225\" height=\"300\" srcset=\"https:\/\/old-vianden.digitalvision.lu\/wp-content\/uploads\/2017\/12\/Maison_Dicks-225x300.jpg 225w, https:\/\/old-vianden.digitalvision.lu\/wp-content\/uploads\/2017\/12\/Maison_Dicks-113x150.jpg 113w, https:\/\/old-vianden.digitalvision.lu\/wp-content\/uploads\/2017\/12\/Maison_Dicks-768x1024.jpg 768w, https:\/\/old-vianden.digitalvision.lu\/wp-content\/uploads\/2017\/12\/Maison_Dicks.jpg 903w\" sizes=\"auto, (max-width: 225px) 100vw, 225px\" \/><\/h3>\n<\/td>\n<\/tr>\n<tr>\n<td style=\"width: 500px;\">\n<h3><\/h3>\n<\/td>\n<td style=\"width: 250px;\">\n<h3><\/h3>\n<\/td>\n<\/tr>\n<tr>\n<td style=\"width: 500px;\">\n<h3>&#8220;Dicksg\u00e4rtchen&#8221;<\/h3>\n<p style=\"text-align: justify;\">Der Dicksg\u00e4rtchen erinnert an den Luxemburger Nationaldichter Edmond de la Fontaine (1823-1891), der in Vianden starb, wo er von 1881 bis 1891 Friedensrichter gewesen war. Er schrieb die ersten luxemburgischen Kom\u00f6dien unter dem Pseudonym &#8220;Dicks&#8221;.<\/p>\n<\/td>\n<td style=\"width: 250px;\">\n<h3>\u00a0<img loading=\"lazy\" decoding=\"async\" class=\"alignnone size-medium wp-image-15679\" src=\"https:\/\/old-vianden.digitalvision.lu\/wp-content\/uploads\/2017\/12\/Dicksgaertchen_Vianden-180x300.jpg\" alt=\"\" width=\"180\" height=\"300\" srcset=\"https:\/\/old-vianden.digitalvision.lu\/wp-content\/uploads\/2017\/12\/Dicksgaertchen_Vianden-180x300.jpg 180w, https:\/\/old-vianden.digitalvision.lu\/wp-content\/uploads\/2017\/12\/Dicksgaertchen_Vianden-90x150.jpg 90w, https:\/\/old-vianden.digitalvision.lu\/wp-content\/uploads\/2017\/12\/Dicksgaertchen_Vianden.jpg 549w\" sizes=\"auto, (max-width: 180px) 100vw, 180px\" \/><\/h3>\n<\/td>\n<\/tr>\n<tr>\n<td style=\"width: 500px;\">\n<h3><\/h3>\n<\/td>\n<td style=\"width: 250px;\">\n<h3><\/h3>\n<\/td>\n<\/tr>\n<tr>\n<td style=\"width: 500px;\">\n<h3>Amis de l&#8217;histoire de Vianden<br \/>\n&#8220;Veiner Geschichtsfr\u00ebnn&#8221;<\/h3>\n<p style=\"text-align: justify;\">D\u2019Veiner Geschichtsfr\u00ebnn sen am Hierst 1973 vua f\u00ebnef Veiner (Victor Abens, Pierre Bassing, Josy Kremer, Jean Milmeister a Jos Schaul) gegr\u00ebnnt g\u00e4\u00e4n.<br \/>\nE b\u00ebsse mi spitt s\u00ebn siewenz\u00e9in weider Membere derb\u00e9i komm, d\u00ebst ous der Erkeentnis erous dass \u00e4n D\u00e4\u00e4l vuam \u201cAttrait\u201d vua Veinen an seiner Geschicht wuorzelt an dass\u00a0 viel historisch \u00c4nzelh\u00e4ten \u201couszegruawe\u201d an ze verwerte bleiwen.<br \/>\nD\u00e9i ischt Statuten droen den Datum vuam 17. Dezember 1973.<\/p>\n<p style=\"text-align: justify;\">Veinen ass n\u00ebt \u201cStad\u201d weenst seinen 2000 Awuaner, m\u00e4 verdankt d\u00ebsen Titel \u00e4nzig an el\u00e4n seiner ggrusser\u00a0 Vergangenh\u00e4t.<\/p>\n<p style=\"text-align: justify;\">Su ass den Zweck vuan d\u00ebsem Ver\u00e9in, d\u2019Erfuerschung vuan der Vergangenh\u00e4t, d\u2019Inventarisierung vuan \u00e9ise Konstscheetz an d\u2019Sammelen vuan Dokum\u00ebnter, Biller, St\u00ebch a Fotoen.<\/p>\n<p style=\"text-align: justify;\">Mat dem Erousginn vua B\u00e9icher a Schr\u00ebften, mat der Organisatiun vuan Ousteelungen , Konfer\u00ebnzen asw. gi mer d\u2019Resultat vuan \u00e9iser Uabicht uan Veiner an d\u2019Interessente weider.<\/p>\n<p>Beseicht den Internetsite vuan de <a href=\"http:\/\/www.veinergeschicht.lu\" target=\"_blank\" rel=\"noopener noreferrer\">Veiner Geschichtsfr\u00ebnn<\/a><\/td>\n<td style=\"width: 250px;\"><\/td>\n<\/tr>\n<tr>\n<td style=\"width: 500px;\"><\/td>\n<td style=\"width: 250px;\"><\/td>\n<\/tr>\n<tr>\n<td style=\"width: 500px;\">\n<h3>Literatur Museum Victor Hugo<\/h3>\n<p><span id=\"Contenu_ContenusMenuGauche1_Contacts_Label6_0\" style=\"font-family: arial, helvetica, sans-serif;\">37, rue de la Gare<br \/>\nL-9420 Vianden<\/span><br \/>\n<span style=\"font-family: arial, helvetica, sans-serif;\">Tel:\u00a0<\/span><span style=\"font-family: arial, helvetica, sans-serif;\">(+352)\u00a0<span id=\"Contenu_ContenusMenuGauche1_Contacts_Label7_0\">26 87 40 88<\/span><\/span><\/p>\n<ul>\n<li><span id=\"result_box\" lang=\"de\" style=\"font-family: arial, helvetica, sans-serif;\"><span class=\"hps\">Das Zimmer von<\/span> <span class=\"hps\">Victor<\/span> <span class=\"hps\">Hugo<\/span> <span class=\"hps atn\">mit den Original <\/span>M\u00f6beln, <\/span><\/li>\n<li><span id=\"result_box\" lang=\"de\" style=\"font-family: arial, helvetica, sans-serif;\"><span class=\"hps\">Holografische Projektion<\/span>en und Modellen<\/span><\/li>\n<li><span id=\"result_box\" lang=\"de\" style=\"font-family: arial, helvetica, sans-serif;\"><span class=\"hps\">Original<\/span>-Teile<\/span><\/li>\n<li><span id=\"result_box\" lang=\"de\" style=\"font-family: arial, helvetica, sans-serif;\"><span class=\"hps\">70<\/span> <span class=\"hps\">Abbildungs- Tafeln<\/span><\/span><\/li>\n<li><span id=\"result_box\" lang=\"de\" style=\"font-family: arial, helvetica, sans-serif;\"><span class=\"hps\">Multimedia<\/span> <span class=\"hps\">Raum mit<\/span> <span class=\"hps\">Computer-Terminals<\/span> <span class=\"hps\">und Internet-Zugang<\/span><\/span><\/li>\n<li><span id=\"result_box\" lang=\"de\" style=\"font-family: arial, helvetica, sans-serif;\"><span class=\"hps\">Museum Shop<\/span><\/span><\/li>\n<\/ul>\n<p><span style=\"font-family: arial, helvetica, sans-serif;\">\u00d6ffnungszeiten siehe <a href=\"http:\/\/victor-hugo.lu\" target=\"_blank\" rel=\"noopener noreferrer\">victor.hugo.lu<\/a><\/span><\/p>\n<div class=\"wysiwygimgtext\">\n<p style=\"text-align: justify;\"><span style=\"font-family: arial, helvetica, sans-serif;\">VICTOR HUGO, der gro\u00dfe franz\u00f6sische Dichter, kam viermal nach Vianden. Im August 1862 entdeckte er bei einer Reise durch die Ardennen die grandiose Landschaft Viandens. Er kehrte 1863 zur\u00fcck und die Viandener Musikgesellschaft brachte ihm ein St\u00e4ndchen dar. Nach einer kurzen Durchreise im Jahre 1865, suchte Victor Hugo Asyl in Vianden, nachdem er am 30. Mai 1871 aus Belgien ausgewiesen worden war. W\u00e4hrend sein Gefolge im Hotel Koch abstieg, das eher einer Herberge als einem Hotel glich, richtete sich Victor Hugo im ersten Stock des Nachbarhauses, neben der Br\u00fccke, ein. Hier schrieb der Dichter einen Teil von &#8220;l&#8217;Ann\u00e9e Terrible&#8221;, von seinem Fenster aus beobachtete er die m\u00e4chtige Silhouette der Burgruine und das bunte Treiben der Viandener Bev\u00f6lkerung; &#8221; Vianden, in dieser herrlichen Landschaft gelegen, die einst ganz Europa besuchen wird, besteht aus zweierlei, gleicherma\u00dfen ermutigend und eindrucksvoll; eine unheimliche Ruine und eine heitere Bev\u00f6lkerung &#8220;<\/span><\/p>\n<\/div>\n<div class=\"wysiwygimgtext\">\n<p style=\"text-align: justify;\"><span style=\"font-family: arial, helvetica, sans-serif;\">Am 14. Juli 1871 leitete Victor Hugo die L\u00f6scharbeiten zur Bek\u00e4mpfung eines Gro\u00dfbrandes, der in einer mit Stroh gedeckten H\u00e4userreihe in der Unterstadt ausgebrochen war. In Abwesenheit des B\u00fcrgermeisters, stellte der Dichter eine Eimerkette bis zum Fluss auf und reichte Selbst Eimer weiter von Mitternacht bis zwei Uhr fr\u00fch.<\/span><\/p>\n<p style=\"text-align: justify;\">In Vianden hatte Victor Hugo eine neue Liebesgeschichte mit einer achtzehnj\u00e4hrigen Frau, Marie Mercier, der Gef\u00e4hrtin des Schlossers Maurice Garreau, der unter der Kommune Direktor des Gef\u00e4ngnisses von Mazas war.<\/p>\n<p style=\"text-align: justify;\">Am 11. August 1871 lie\u00df sich Victor Hugo in Vianden seinen ersten Zahn ziehen.<br \/>\nDas Haus an der Br\u00fccke, das der Dichter bewohnt hatte, wurde 1935 als Victor-Hugo-Museum eingerichtet.<\/p>\n<\/div>\n<\/td>\n<td style=\"width: 250px; vertical-align: top;\">\n<h3>\u00a0<img loading=\"lazy\" decoding=\"async\" class=\"alignnone size-medium wp-image-15672\" src=\"https:\/\/old-vianden.digitalvision.lu\/wp-content\/uploads\/2017\/12\/MaisonVictorHugo_2017-1-von-1-300x199.jpg\" alt=\"\" width=\"300\" height=\"199\" srcset=\"https:\/\/old-vianden.digitalvision.lu\/wp-content\/uploads\/2017\/12\/MaisonVictorHugo_2017-1-von-1-300x199.jpg 300w, https:\/\/old-vianden.digitalvision.lu\/wp-content\/uploads\/2017\/12\/MaisonVictorHugo_2017-1-von-1-150x100.jpg 150w, https:\/\/old-vianden.digitalvision.lu\/wp-content\/uploads\/2017\/12\/MaisonVictorHugo_2017-1-von-1-768x511.jpg 768w, https:\/\/old-vianden.digitalvision.lu\/wp-content\/uploads\/2017\/12\/MaisonVictorHugo_2017-1-von-1-1024x681.jpg 1024w, https:\/\/old-vianden.digitalvision.lu\/wp-content\/uploads\/2017\/12\/MaisonVictorHugo_2017-1-von-1.jpg 1250w\" sizes=\"auto, (max-width: 300px) 100vw, 300px\" \/><\/h3>\n<\/td>\n<\/tr>\n<\/tbody>\n<\/table>\n<p style=\"text-align: justify;\">\n","protected":false},"excerpt":{"rendered":"<p>Veiner\u00a0Konstgalerie Die &#8220;Veiner Konstgalerie&#8221; ist die Kunstgalerie der Gemeinde Vianden. Die seit 2013 von lokalen K\u00fcnstlern benutzten Schuppen wurden 2017 von der Gemeinde fachgerecht restauriert und eine neue Kunstgalerie steht allen Interessierten zur Verf\u00fcgung. \u00a0Veiner Konstgalerie Historisches Museum der Stadt Vianden B\u00e4ckerei Museum Dickshaus Das alte Herrenhaus aus dem 18. Jahrhundert beherbergt das Historische Museum&hellip;<\/p>\n","protected":false},"author":3,"featured_media":0,"parent":0,"menu_order":0,"comment_status":"closed","ping_status":"closed","template":"","meta":[],"class_list":["post-15651","page","type-page","status-publish","hentry","description-off"],"translation":{"provider":"WPGlobus","version":"2.12.2","language":"de","enabled_languages":["de","fr"],"languages":{"de":{"title":true,"content":true,"excerpt":false},"fr":{"title":true,"content":true,"excerpt":false}}},"publishpress_future_action":{"enabled":false,"date":"2026-04-14 21:26:21","action":"change-status","newStatus":"draft","terms":[],"taxonomy":""},"_links":{"self":[{"href":"https:\/\/old-vianden.digitalvision.lu\/index.php?rest_route=\/wp\/v2\/pages\/15651","targetHints":{"allow":["GET"]}}],"collection":[{"href":"https:\/\/old-vianden.digitalvision.lu\/index.php?rest_route=\/wp\/v2\/pages"}],"about":[{"href":"https:\/\/old-vianden.digitalvision.lu\/index.php?rest_route=\/wp\/v2\/types\/page"}],"author":[{"embeddable":true,"href":"https:\/\/old-vianden.digitalvision.lu\/index.php?rest_route=\/wp\/v2\/users\/3"}],"replies":[{"embeddable":true,"href":"https:\/\/old-vianden.digitalvision.lu\/index.php?rest_route=%2Fwp%2Fv2%2Fcomments&post=15651"}],"version-history":[{"count":46,"href":"https:\/\/old-vianden.digitalvision.lu\/index.php?rest_route=\/wp\/v2\/pages\/15651\/revisions"}],"predecessor-version":[{"id":18199,"href":"https:\/\/old-vianden.digitalvision.lu\/index.php?rest_route=\/wp\/v2\/pages\/15651\/revisions\/18199"}],"wp:attachment":[{"href":"https:\/\/old-vianden.digitalvision.lu\/index.php?rest_route=%2Fwp%2Fv2%2Fmedia&parent=15651"}],"curies":[{"name":"wp","href":"https:\/\/api.w.org\/{rel}","templated":true}]}}