{"id":15566,"date":"2017-12-26T15:57:51","date_gmt":"2017-12-26T14:57:51","guid":{"rendered":"https:\/\/old-vianden.digitalvision.lu\/?page_id=15566"},"modified":"2022-05-19T19:01:26","modified_gmt":"2022-05-19T17:01:26","slug":"jugendhaus","status":"publish","type":"page","link":"https:\/\/old-vianden.digitalvision.lu\/?page_id=15566","title":{"rendered":"Jugendhaus"},"content":{"rendered":"<table style=\"width: 800px;\" cellspacing=\"15\" cellpadding=\"50\">\n<tbody>\n<tr>\n<td style=\"width: 1000px; vertical-align: top;\">\n<h3>JUGENDHAUS IN VIANDEN<\/h3>\n<p style=\"text-align: justify;\">Das Jugendhaus Vianden ist der Treffpunkt f\u00fcr Jugendliche zwischen 12 und 26 Jahren aus der Gemeinde Vianden. Hier haben sie die M\u00f6glichkeit in ihrer Freizeit auf jede Menge sportliche und kulturelle Aktivit\u00e4ten zur\u00fcckzugreifen. Zudem wird eine Hausaufgabenhilfe angeboten sowie jede Menge an Informationen f\u00fcr Schule, Beruf und Freizeit weitergegeben.<\/p>\n<p><strong>DAS HAUS<\/strong><\/p>\n<p style=\"text-align: justify;\">Die Jugendlichen haben im neurenovierten Jugendhaus die M\u00f6glichkeit in ihrer Freizeit auf jede Menge sportliche und kulturelle Aktivit\u00e4ten zur\u00fcckzugreifen. Zudem wird eine w\u00f6chenltliche Hausaufgabenhilfe angeboten. Gleichzeitig erhalten die Jugendlichen Zugang zu jeglicher Art von Informationen. Projekte sowie Aktivit\u00e4ten werden ebenfalls in Kooperation mit den Jugendlichen geplant und ausgearbeitet.<\/p>\n<p style=\"text-align: justify;\">Das Jugendhaus bietet den Jugendlichen Hilfe bei administrativen Angelegenheiten an. Dies bedeutet, die Jugendlichen haben die M\u00f6glichkeit sich an das Jugendhaus zu wenden, um Starthilfe zu kriegen im Hinblick auf den Eintritt in die Arbeitswelt, d.h. hier werden Lebensl\u00e4ufe sowie Bewerbungen erstellt.<\/p>\n<p style=\"text-align: justify;\">\n<\/td>\n<td style=\"width: 520px; border-color: #050505; background-color: #ededed; vertical-align: top;\"><strong>Kontakt:<\/strong><\/p>\n<p><span style=\"font-size: 12pt;\">Jugendhaus Vianden<\/span><br \/>\n16, rue de Huy<br \/>\nL-9415 Vianden<br \/>\nT\u00e9l : 26 87 41 00<br \/>\nGsm: 661 26 87 41<br \/>\n<a href=\"mailto:mjvianden@youthhostels.lu\">mjvianden@youthhostels.lu<\/a><\/p>\n<hr \/>\n<p><strong>VERANTWORTLICHE<\/strong><br \/>\n<strong>Fabienne Madree, \u00c9ducatrice dipl\u00f4m\u00e9\u200b<\/strong><\/p>\n<hr \/>\n<p>Mehr Infos zum Jugendhaus :<br \/>\n<a href=\"http:\/\/youthhostels.lu\/de\/soziale-dienste\/jugendhaus-vianden\" target=\"_blank\" rel=\"noopener\">Jugendhaus-vianden<\/a><\/p>\n<p>Facebook:\u00a0<a href=\"https:\/\/www.facebook.com\/VeinerJugendhous?fref=ts\" target=\"_blank\" rel=\"noopener\">Facebook<\/a><\/p>\n<hr \/>\n<\/td>\n<\/tr>\n<tr>\n<td style=\"width: 1000px; vertical-align: top;\">\n<p style=\"text-align: justify;\"><strong>Ausstattung und was das Haus sonst noch bietet:<\/strong><\/p>\n<ul>\n<li style=\"list-style-type: none;\">\n<ul>\n<li>Freier\u00a0Internetzugang und Computerraum f\u00fcr Administratives, Schule,\u00a0uvm.<\/li>\n<li>Gro\u00dfer Aufenthaltsraum mit:\u00a0Leseecke, \u201eJugendinfo\u201c Tablet , Billard, Dart, Kicker<\/li>\n<li>K\u00fcche zum gemeinsamen Kochen<\/li>\n<li>Gro\u00dfe Wiese f\u00fcr Fu\u00dfball, Gemeinschaftsspiele<\/li>\n<li>Sportmaterial ( Tennis, Baseball, Slackline, &#8230;)<\/li>\n<li>Raum f\u00fcr\u00a0Fitness und Tonstudio<\/li>\n<li>Fernseher mit DVD-Player und Playstation<\/li>\n<li>Stereoanlage<\/li>\n<li>Gesellschaftsspiele<\/li>\n<li>Bar mit Softdrinks und diversen Snacks<\/li>\n<li>Regelm\u00e4\u00dfige Workshops<\/li>\n<li>Eigener\u00a0Garten (urban gardening)<\/li>\n<li>Loungeterasse<\/li>\n<li>B\u00fcro<\/li>\n<\/ul>\n<\/li>\n<\/ul>\n<\/td>\n<td style=\"width: 520px; border-color: #050505; background-color: #ededed; vertical-align: top;\">\u00a0<iframe loading=\"lazy\" style=\"border: 0;\" src=\"https:\/\/www.google.com\/maps\/embed?pb=!1m18!1m12!1m3!1d2568.273145389697!2d6.219761651646767!3d49.931215832420364!2m3!1f0!2f0!3f0!3m2!1i1024!2i768!4f13.1!3m3!1m2!1s0x47bffca10506ead1%3A0x9141a9268fb4d46!2s16+Rue+de+Huy%2C+9415+Vianden!5e0!3m2!1sde!2slu!4v1514298993113\" width=\"300\" height=\"400\" frameborder=\"0\" allowfullscreen=\"allowfullscreen\"><\/iframe><\/td>\n<\/tr>\n<\/tbody>\n<\/table>\n","protected":false},"excerpt":{"rendered":"<p>JUGENDHAUS IN VIANDEN Das Jugendhaus Vianden ist der Treffpunkt f\u00fcr Jugendliche zwischen 12 und 26 Jahren aus der Gemeinde Vianden. Hier haben sie die M\u00f6glichkeit in ihrer Freizeit auf jede Menge sportliche und kulturelle Aktivit\u00e4ten zur\u00fcckzugreifen. Zudem wird eine Hausaufgabenhilfe angeboten sowie jede Menge an Informationen f\u00fcr Schule, Beruf und Freizeit weitergegeben. DAS HAUS Die&hellip;<\/p>\n","protected":false},"author":3,"featured_media":0,"parent":0,"menu_order":0,"comment_status":"closed","ping_status":"closed","template":"","meta":[],"class_list":["post-15566","page","type-page","status-publish","hentry","description-off"],"translation":{"provider":"WPGlobus","version":"2.12.2","language":"de","enabled_languages":["de","fr"],"languages":{"de":{"title":true,"content":true,"excerpt":false},"fr":{"title":true,"content":true,"excerpt":false}}},"publishpress_future_action":{"enabled":false,"date":"2026-04-14 21:23:15","action":"change-status","newStatus":"draft","terms":[],"taxonomy":""},"_links":{"self":[{"href":"https:\/\/old-vianden.digitalvision.lu\/index.php?rest_route=\/wp\/v2\/pages\/15566","targetHints":{"allow":["GET"]}}],"collection":[{"href":"https:\/\/old-vianden.digitalvision.lu\/index.php?rest_route=\/wp\/v2\/pages"}],"about":[{"href":"https:\/\/old-vianden.digitalvision.lu\/index.php?rest_route=\/wp\/v2\/types\/page"}],"author":[{"embeddable":true,"href":"https:\/\/old-vianden.digitalvision.lu\/index.php?rest_route=\/wp\/v2\/users\/3"}],"replies":[{"embeddable":true,"href":"https:\/\/old-vianden.digitalvision.lu\/index.php?rest_route=%2Fwp%2Fv2%2Fcomments&post=15566"}],"version-history":[{"count":58,"href":"https:\/\/old-vianden.digitalvision.lu\/index.php?rest_route=\/wp\/v2\/pages\/15566\/revisions"}],"predecessor-version":[{"id":21231,"href":"https:\/\/old-vianden.digitalvision.lu\/index.php?rest_route=\/wp\/v2\/pages\/15566\/revisions\/21231"}],"wp:attachment":[{"href":"https:\/\/old-vianden.digitalvision.lu\/index.php?rest_route=%2Fwp%2Fv2%2Fmedia&parent=15566"}],"curies":[{"name":"wp","href":"https:\/\/api.w.org\/{rel}","templated":true}]}}