{"id":15487,"date":"2017-12-26T11:27:46","date_gmt":"2017-12-26T10:27:46","guid":{"rendered":"https:\/\/old-vianden.digitalvision.lu\/?page_id=15487"},"modified":"2024-02-08T13:27:11","modified_gmt":"2024-02-08T12:27:11","slug":"grundschule","status":"publish","type":"page","link":"https:\/\/old-vianden.digitalvision.lu\/?page_id=15487","title":{"rendered":"Grundschule"},"content":{"rendered":"<div class=\"wpb-content-wrapper\"><p>[vc_row][vc_column][vc_column_text]<\/p>\n<h4>Plus de 220 enfants fr\u00e9quentent l\u2019\u00e9cole fondamentale de Vianden (cycle 1-4).<\/h4>\n<p>______________________<\/p>\n<h4>Grundschule &#8211; Ecole fondamentale<br \/>\n5 A Rue Victor Hugo<br \/>\nL-9414 Vianden (Veinen)<br \/>\nPr\u00e9sident: Philippe Herman<br \/>\nT\u00e9l.: 26 87 58 -1<\/h4>\n<p><a href=\"https:\/\/veinerschull.lu\" target=\"_blank\" rel=\"noopener\">www.veinerschull.lu<\/a><\/p>\n<p>_______________________<\/p>\n<p><strong>Pr\u00e9coce t\u00e9l.: 26 87 58 &#8211; 31<\/strong><br \/>\n<strong>Pr\u00e9scolaire t\u00e9l.: 26 87 58 &#8211; 0<\/strong><\/p>\n<p>_______________________[\/vc_column_text][\/vc_column][\/vc_row][vc_row][vc_column width=&#8221;2\/3&#8243;][vc_single_image image=&#8221;21807&#8243; img_size=&#8221;full&#8221; style=&#8221;vc_box_shadow&#8221; onclick=&#8221;custom_link&#8221; img_link_target=&#8221;_blank&#8221; link=&#8221;https:\/\/veinerschull.lu&#8221;][\/vc_column][vc_column width=&#8221;1\/3&#8243;][vc_gmaps link=&#8221;#E-8_JTNDaWZyYW1lJTIwc3JjJTNEJTIyaHR0cHMlM0ElMkYlMkZ3d3cuZ29vZ2xlLmNvbSUyRm1hcHMlMkZlbWJlZCUzRnBiJTNEJTIxMW0xOCUyMTFtMTIlMjExbTMlMjExZDI1NjguMDkyNTE0MTU2MzQlMjEyZDYuMjA0NDIwODUxNjQ2ODQlMjEzZDQ5LjkzNDYwNTMzMjE3ODE2NSUyMTJtMyUyMTFmMCUyMTJmMCUyMTNmMCUyMTNtMiUyMTFpMTAyNCUyMTJpNzY4JTIxNGYxMy4xJTIxM20zJTIxMW0yJTIxMXMweDQ3YmZmYzlkNTI0ZmQxOTclMjUzQTB4YzQ3NGU3MmZlZDk1MGNhMSUyMTJzNSUyQlJ1ZSUyQlZpY3RvciUyQkh1Z28lMjUyQyUyQjk0MTQlMkJWaWFuZGVuJTIxNWUwJTIxM20yJTIxMXNkZSUyMTJzbHUlMjE0djE1MTQyODAyMDk4MTklMjIlMjB3aWR0aCUzRCUyMjYwMCUyMiUyMGhlaWdodCUzRCUyMjQ1MCUyMiUyMGZyYW1lYm9yZGVyJTNEJTIyMCUyMiUyMHN0eWxlJTNEJTIyYm9yZGVyJTNBMCUyMiUyMGFsbG93ZnVsbHNjcmVlbiUzRSUzQyUyRmlmcmFtZSUzRQ==&#8221; size=&#8221;380 px&#8221;][\/vc_column][\/vc_row][vc_row][vc_column][vc_empty_space][\/vc_column][\/vc_row][vc_row][vc_column][vc_separator color=&#8221;turquoise&#8221; el_width=&#8221;70&#8243;][\/vc_column][\/vc_row][vc_row][vc_column][vc_empty_space][vc_empty_space][\/vc_column][\/vc_row][vc_row][vc_column][vc_separator color=&#8221;turquoise&#8221; el_width=&#8221;70&#8243;][\/vc_column][\/vc_row]<\/p>\n<\/div>","protected":false},"excerpt":{"rendered":"<p>[vc_row][vc_column][vc_column_text] Plus de 220 enfants fr\u00e9quentent l\u2019\u00e9cole fondamentale de Vianden (cycle 1-4). ______________________ Grundschule &#8211; Ecole fondamentale 5 A Rue Victor Hugo L-9414 Vianden (Veinen) Pr\u00e9sident: Philippe Herman T\u00e9l.: 26 87 58 -1 www.veinerschull.lu _______________________ Pr\u00e9coce t\u00e9l.: 26 87 58 &#8211; 31 Pr\u00e9scolaire t\u00e9l.: 26 87 58 &#8211; 0 _______________________[\/vc_column_text][\/vc_column][\/vc_row][vc_row][vc_column width=&#8221;2\/3&#8243;][vc_single_image image=&#8221;21807&#8243; img_size=&#8221;full&#8221; style=&#8221;vc_box_shadow&#8221; onclick=&#8221;custom_link&#8221;&hellip;<\/p>\n","protected":false},"author":3,"featured_media":0,"parent":0,"menu_order":0,"comment_status":"closed","ping_status":"closed","template":"","meta":[],"class_list":["post-15487","page","type-page","status-publish","hentry","description-off"],"translation":{"provider":"WPGlobus","version":"2.12.2","language":"de","enabled_languages":["de","fr"],"languages":{"de":{"title":true,"content":true,"excerpt":false},"fr":{"title":true,"content":false,"excerpt":false}}},"publishpress_future_action":{"enabled":false,"date":"2026-04-14 22:45:38","action":"change-status","newStatus":"draft","terms":[],"taxonomy":""},"_links":{"self":[{"href":"https:\/\/old-vianden.digitalvision.lu\/index.php?rest_route=\/wp\/v2\/pages\/15487","targetHints":{"allow":["GET"]}}],"collection":[{"href":"https:\/\/old-vianden.digitalvision.lu\/index.php?rest_route=\/wp\/v2\/pages"}],"about":[{"href":"https:\/\/old-vianden.digitalvision.lu\/index.php?rest_route=\/wp\/v2\/types\/page"}],"author":[{"embeddable":true,"href":"https:\/\/old-vianden.digitalvision.lu\/index.php?rest_route=\/wp\/v2\/users\/3"}],"replies":[{"embeddable":true,"href":"https:\/\/old-vianden.digitalvision.lu\/index.php?rest_route=%2Fwp%2Fv2%2Fcomments&post=15487"}],"version-history":[{"count":41,"href":"https:\/\/old-vianden.digitalvision.lu\/index.php?rest_route=\/wp\/v2\/pages\/15487\/revisions"}],"predecessor-version":[{"id":24237,"href":"https:\/\/old-vianden.digitalvision.lu\/index.php?rest_route=\/wp\/v2\/pages\/15487\/revisions\/24237"}],"wp:attachment":[{"href":"https:\/\/old-vianden.digitalvision.lu\/index.php?rest_route=%2Fwp%2Fv2%2Fmedia&parent=15487"}],"curies":[{"name":"wp","href":"https:\/\/api.w.org\/{rel}","templated":true}]}}