{"id":15465,"date":"2017-12-22T18:55:20","date_gmt":"2017-12-22T17:55:20","guid":{"rendered":"https:\/\/old-vianden.digitalvision.lu\/?page_id=15465"},"modified":"2021-07-21T12:20:12","modified_gmt":"2021-07-21T10:20:12","slug":"technischer-dienst-2","status":"publish","type":"page","link":"https:\/\/old-vianden.digitalvision.lu\/?page_id=15465","title":{"rendered":"Technischer Dienst"},"content":{"rendered":"<p>Behandlung von Baugenehmigungen, Anfragen f\u00fcr spezielle Entwicklungspl\u00e4ne (PAP)\u00a0plan d\u2019am\u00e9nagement particulier<\/p>\n<h3>Kontakt<\/h3>\n<p><strong>Jos Coremans<br \/>\n<\/strong>R\u00e9dacteur<br \/>\nT\u00e9l. : <span id=\"ColonneDroite_Contacts_Label7_0\">83 48 21 25<\/span><br \/>\nFax : <span id=\"ColonneDroite_Contacts_Label9_0\">83 48 26<br \/>\n<\/span>Place Victor Abens\u00a0 L-9410 Vianden<\/p>\n<p>Email: <a href=\"mailto:Jos.Coremans@old-vianden.digitalvision.lu\" target=\"_blank\" rel=\"noopener noreferrer\">Jos.Coremans@old-vianden.digitalvision.lu<\/a><\/p>\n<p><a href=\"https:\/\/old-vianden.digitalvision.lu\/wp-content\/uploads\/2021\/07\/reglement-des-batisses.pdf\" target=\"_blank\" rel=\"noopener noreferrer\"><strong>R\u00e8glement des b\u00e2tisses<\/strong><\/a><\/p>\n<div>\n<p><strong>Baugenehmigung Formular hier Downloaden<\/strong><\/p>\n<h3><div id=\"wppdfemb-frame-container-2\"><iframe id=\"wppdf-emb-iframe-2\" scrolling=\"no\" data-pdf-index=\"2\" class=\"pdfembed-iframe nonfullscreen\" style=\"border: none; width:100%; max-width: 100%; min-height: 1000px;\" src=\"https:\/\/old-vianden.digitalvision.lu?url=https%3A%2F%2Fold-vianden.digitalvision.lu%2Fwp-content%2Fuploads%2F2020%2F10%2Fdemande_de_construire-1.pdf&title=demande_de_construire&pdfID=2&index=2\" ><\/iframe><\/div><\/h3>\n<h3>\u2013 \u2013 \u2013 \u2013 \u2013 \u2013 \u2013 \u2013 \u2013 \u2013 \u2013 \u2013 \u2013 \u2013 \u2013 \u2013 \u2013 \u2013 \u2013 \u2013 \u2013 \u2013 \u2013 \u2013 \u2013 \u2013 \u2013 \u2013 \u2013 \u2013 \u2013 \u2013 \u2013 \u2013 \u2013 \u2013 \u2013 \u2013 \u2013<\/h3>\n<h3>Service des r\u00e9gies<\/h3>\n<ul>\n<li>Trinkwasser-Netzwerk<\/li>\n<li>Kanal<\/li>\n<li>Gemeinschaftsantenne<\/li>\n<li>Abfallwirtschaft<\/li>\n<li>Friedhof<\/li>\n<li>Stra\u00dfenbeleuchtung<\/li>\n<li>Strassenbeschilderung<\/li>\n<li>Strassenunterhalt<\/li>\n<\/ul>\n<\/div>\n<div>\n<h3>Kontakt<\/h3>\n<p><strong>Guy Hartmann<br \/>\n<\/strong>Vorarbeiter<br \/>\nTel.: <span id=\"ColonneDroite_Contacts_Label11_1\">+<b><span lang=\"DE\">352 834821-51<\/span><\/b><br \/>\n<\/span>30, rue Neugarten\u00a0 L-9422 Vianden<\/p>\n<p>Email: <a href=\"mailto:Guy.Hartmann@old-vianden.digitalvision.lu\" target=\"_blank\" rel=\"noopener noreferrer\">Guy.Hartmann@old-vianden.digitalvision.lu<\/a><\/p>\n<h3>\u2013 \u2013 \u2013 \u2013 \u2013 \u2013 \u2013 \u2013 \u2013 \u2013 \u2013 \u2013 \u2013 \u2013 \u2013 \u2013 \u2013 \u2013 \u2013 \u2013 \u2013 \u2013 \u2013 \u2013 \u2013 \u2013 \u2013 \u2013 \u2013 \u2013 \u2013 \u2013 \u2013 \u2013 \u2013 \u2013 \u2013 \u2013 \u2013<\/h3>\n<div>Abfallsammlung<\/div>\n<div>\n<p><b>Containerpark<\/b><\/p>\n<p>Der Park befindet sich \u00a0hinter der neuen Halle des technischen Dienstes (alte Electrolux Halle), auf <strong>30 rue Neugarten<\/strong> \u00a0; Zufahrt gegen\u00fcber Haus Theis E.<\/p>\n<p>Aufgestellte Container f\u00fcr\u00a0:<\/p>\n<ul>\n<li><b>Altglas max 15cm Durchmesser<\/b><\/li>\n<li><b>alte Kleider und Schuhe<\/b><\/li>\n<li><b>Eisenschrott<\/b><\/li>\n<li><b>Gr\u00fcnschnitt und Laub<\/b><\/li>\n<li><b>Strauch- und Heckenschnitt max 10cm stark \u00a0max 2m lang<\/b><\/li>\n<\/ul>\n<p><strong>Ge\u00f6ffnet ist der Containerpark f\u00fcr die Einwohner der Gemeinde<\/strong> von<\/p>\n<p><b>Montags bis Freitags <\/b>von <b>8:00 bis 17:00\u00a0<\/b>und<\/p>\n<p><b>Samstags <\/b>von <b>10:00 bis 12:00<\/b><\/p>\n<p>Es werden nur die oben aufgef\u00fchrten Abf\u00e4lle in haushalts\u00fcblichen Mengen angenommen.<\/p>\n<p>Es stehen <strong>keine<\/strong> Container mehr f\u00fcr Altpapier zur Verf\u00fcgung.<\/p>\n<h3>\u2013 \u2013 \u2013 \u2013 \u2013 \u2013 \u2013 \u2013 \u2013 \u2013 \u2013 \u2013 \u2013 \u2013 \u2013 \u2013 \u2013 \u2013 \u2013 \u2013 \u2013 \u2013 \u2013 \u2013 \u2013 \u2013 \u2013 \u2013 \u2013 \u2013 \u2013 \u2013 \u2013 \u2013 \u2013 \u2013 \u2013 \u2013 \u2013<\/h3>\n<div>\n<p><strong>Antennes collectives<\/strong><\/p>\n<div>\n<table style=\"width: 71.3999%;\" border=\"1\" cellspacing=\"0\" cellpadding=\"0\">\n<tbody>\n<tr>\n<td style=\"width: 189.62%;\" colspan=\"3\" valign=\"top\">Co\u00fbts du service<\/td>\n<\/tr>\n<tr>\n<td style=\"width: 81%;\" valign=\"top\">Raccordement au r\u00e9seau<\/td>\n<td style=\"width: 99.6204%;\" valign=\"top\">900 \u20ac<\/td>\n<\/tr>\n<tr>\n<td style=\"width: 81%;\" valign=\"top\">Redevance mensuelle pour le raccordement<\/td>\n<td style=\"width: 99.6204%;\" valign=\"top\">10 \u20ac<\/td>\n<\/tr>\n<tr>\n<td style=\"width: 81%;\" valign=\"top\">Redevance mensuelle pour les droits d\u2019auteur<\/td>\n<td style=\"width: 99.6204%;\" valign=\"top\">6,47 \u20ac<\/td>\n<\/tr>\n<\/tbody>\n<\/table>\n<\/div>\n<\/div>\n<\/div>\n<\/div>\n<p>___________________________________________________________________<\/p>\n<div id=\"wppdfemb-frame-container-3\"><iframe id=\"wppdf-emb-iframe-3\" scrolling=\"no\" data-pdf-index=\"3\" class=\"pdfembed-iframe nonfullscreen\" style=\"border: none; width:100%; max-width: 100%; min-height: 1000px;\" src=\"https:\/\/old-vianden.digitalvision.lu?url=https%3A%2F%2Fold-vianden.digitalvision.lu%2Fwp-content%2Fuploads%2F2020%2F11%2FReglement_Com_subventions.pdf&pdfID=3&index=3\" ><\/iframe><\/div>\n","protected":false},"excerpt":{"rendered":"<p>Behandlung von Baugenehmigungen, Anfragen f\u00fcr spezielle Entwicklungspl\u00e4ne (PAP)\u00a0plan d\u2019am\u00e9nagement particulier Kontakt Jos Coremans R\u00e9dacteur T\u00e9l. : 83 48 21 25 Fax : 83 48 26 Place Victor Abens\u00a0 L-9410 Vianden Email: Jos.Coremans@old-vianden.digitalvision.lu R\u00e8glement des b\u00e2tisses Baugenehmigung Formular hier Downloaden \u2013 \u2013 \u2013 \u2013 \u2013 \u2013 \u2013 \u2013 \u2013 \u2013 \u2013 \u2013 \u2013 \u2013 \u2013 \u2013&hellip;<\/p>\n","protected":false},"author":3,"featured_media":0,"parent":0,"menu_order":0,"comment_status":"closed","ping_status":"closed","template":"","meta":[],"class_list":["post-15465","page","type-page","status-publish","hentry","description-off"],"translation":{"provider":"WPGlobus","version":"2.12.2","language":"de","enabled_languages":["de","fr"],"languages":{"de":{"title":true,"content":true,"excerpt":false},"fr":{"title":true,"content":true,"excerpt":false}}},"publishpress_future_action":{"enabled":false,"date":"2026-04-14 22:45:33","action":"change-status","newStatus":"draft","terms":[],"taxonomy":""},"_links":{"self":[{"href":"https:\/\/old-vianden.digitalvision.lu\/index.php?rest_route=\/wp\/v2\/pages\/15465","targetHints":{"allow":["GET"]}}],"collection":[{"href":"https:\/\/old-vianden.digitalvision.lu\/index.php?rest_route=\/wp\/v2\/pages"}],"about":[{"href":"https:\/\/old-vianden.digitalvision.lu\/index.php?rest_route=\/wp\/v2\/types\/page"}],"author":[{"embeddable":true,"href":"https:\/\/old-vianden.digitalvision.lu\/index.php?rest_route=\/wp\/v2\/users\/3"}],"replies":[{"embeddable":true,"href":"https:\/\/old-vianden.digitalvision.lu\/index.php?rest_route=%2Fwp%2Fv2%2Fcomments&post=15465"}],"version-history":[{"count":23,"href":"https:\/\/old-vianden.digitalvision.lu\/index.php?rest_route=\/wp\/v2\/pages\/15465\/revisions"}],"predecessor-version":[{"id":19775,"href":"https:\/\/old-vianden.digitalvision.lu\/index.php?rest_route=\/wp\/v2\/pages\/15465\/revisions\/19775"}],"wp:attachment":[{"href":"https:\/\/old-vianden.digitalvision.lu\/index.php?rest_route=%2Fwp%2Fv2%2Fmedia&parent=15465"}],"curies":[{"name":"wp","href":"https:\/\/api.w.org\/{rel}","templated":true}]}}