{"id":15407,"date":"2017-12-22T13:10:45","date_gmt":"2017-12-22T12:10:45","guid":{"rendered":"https:\/\/old-vianden.digitalvision.lu\/?page_id=15407"},"modified":"2023-06-14T10:23:12","modified_gmt":"2023-06-14T08:23:12","slug":"standesamt","status":"publish","type":"page","link":"https:\/\/old-vianden.digitalvision.lu\/?page_id=15407","title":{"rendered":"Standesamt"},"content":{"rendered":"<div class=\"wpb-content-wrapper\"><p>[vc_row][vc_column][vc_column_text]<\/p>\n<div>\n<h3>Standesamt<\/h3>\n<table border=\"0\" width=\"100%\" cellspacing=\"2\" cellpadding=\"1\">\n<tbody>\n<tr>\n<td valign=\"top\">\n<ul>\n<li><a href=\"https:\/\/guichet.public.lu\/de\/citoyens\/citoyennete\/papiers-identite\/carte-identite\/nouv-carte-identite-adulte.html\" target=\"_blank\" rel=\"noopener noreferrer\">Personalausweis<\/a><\/li>\n<li><a href=\"https:\/\/guichet.public.lu\/de\/actualites\/2019\/avril\/11-demande-passeport-visa.html\" target=\"_blank\" rel=\"noopener noreferrer\">Reisep\u00e4sse<\/a><\/li>\n<li><a href=\"https:\/\/guichet.public.lu\/de\/citoyens\/famille\/parents\/obligation-naissance\/declarer-naissance.html\" target=\"_blank\" rel=\"noopener noreferrer\">Geburten<\/a><\/li>\n<li><a href=\"https:\/\/guichet.public.lu\/de\/citoyens\/famille\/vie-maritale\/mariage\/preparation-mariage.html\" target=\"_blank\" rel=\"noopener noreferrer\">Trauung<\/a><\/li>\n<li><a href=\"https:\/\/guichet.public.lu\/de\/citoyens\/famille\/vie-maritale\/partenariat-pacs\/declaration-partenariat.html\" target=\"_blank\" rel=\"noopener noreferrer\">PACS (partenariat)<\/a><\/li>\n<li><a href=\"https:\/\/guichet.public.lu\/de\/citoyens\/citoyennete\/nationalite-luxembourgeoise\/acquisition-recouvrement\/naturalisation.html\" target=\"_blank\" rel=\"noopener noreferrer\">Einb\u00fcrgerung<\/a><\/li>\n<li><a href=\"https:\/\/guichet.public.lu\/de\/citoyens\/famille\/vie-maritale\/certificats\/certificat-autorisation-parentale.html\" target=\"_blank\" rel=\"noopener noreferrer\">Einverst\u00e4ndniserkl\u00e4rung<\/a><\/li>\n<li><a href=\"https:\/\/guichet.public.lu\/de\/citoyens\/famille\/parents\/garde-enfants\/cheque-service.html\" target=\"_blank\" rel=\"noopener noreferrer\">Kinderbetreuung (<i>ch\u00e8ques-services<\/i>)<\/a><\/li>\n<li><a href=\"https:\/\/guichet.public.lu\/dam-assets\/catalogue-formulaires\/immigration-docs-communs\/engagement-prise-charge-financiere\/engagement-prise-charge-en.pdf\" target=\"_blank\" rel=\"noopener noreferrer\">ENGAGEMENT DE PRISE EN CHARGE \/ FORMAL OBLIGATION<\/a><\/li>\n<li><a href=\"https:\/\/guichet.public.lu\/de\/citoyens\/citoyennete\/certificat-casier-judiciaire\/certificat-copie\/acte-deces.html\" target=\"_blank\" rel=\"noopener noreferrer\">Totenschein<\/a><\/li>\n<li><a href=\"https:\/\/guichet.public.lu\/dam-assets\/catalogue-formulaires\/vehicule-motorise\/prime-mobilite-durable\/subside-velo-pedelec25.pdf\" target=\"_blank\" rel=\"noopener noreferrer\">Pr\u00e4mie f\u00fcr den Kauf eines Pedelec25<\/a><\/li>\n<\/ul>\n<\/td>\n<td valign=\"top\">\n<ul>\n<li>\n<div class=\"page\" title=\"Page 1\">\n<div class=\"section\">\n<div class=\"layoutArea\">\n<div class=\"column\">\n<p><span style=\"font-family: inherit; font-size: inherit;\">Wohnsitz\u00e4nderungen<\/span><\/p>\n<\/div>\n<\/div>\n<\/div>\n<\/div>\n<\/li>\n<\/ul>\n<ul>\n<li>Aufenthaltsgenehmigung<\/li>\n<li>Beglaubigung von Unterschriften und Kopien<\/li>\n<li>Lotterien und Verlosungen<\/li>\n<li>Sterbef\u00e4lle \u2013 Friedhof<\/li>\n<li>Angel Lizenz<\/li>\n<li>Geburtsurkunde<\/li>\n<\/ul>\n<\/td>\n<\/tr>\n<\/tbody>\n<\/table>\n<p>&#8211; &#8211; &#8211; &#8211; &#8211; &#8211; &#8211; &#8211; &#8211; &#8211; &#8211; &#8211; &#8211; &#8211; &#8211; &#8211; &#8211; &#8211; &#8211; &#8211; &#8211; &#8211; &#8211; &#8211; &#8211; &#8211; &#8211; &#8211; &#8211; &#8211; &#8211; &#8211; &#8211; &#8211; &#8211; &#8211; &#8211; &#8211; &#8211; &#8211; &#8211; &#8211; &#8211; &#8211; &#8211; &#8211; &#8211; &#8211; &#8211; &#8211; &#8211; &#8211; &#8211; &#8211; &#8211; &#8211;<\/p>\n<h3>Vorstrafenregister<\/h3>\n<p>Um einen Auszug aus dem Vorstrafenregister zu erhalten:<\/p>\n<p>-Personen mit Luxemburger Nationalit\u00e4t begeben sich mit dem Personalausweis zur<\/p>\n<p>-Personen mit einer anderen Nationalit\u00e4t begeben sich mit Ihrer Aufenthaltsgenehmigung zur<\/p>\n<div class=\"vcard-title\"><strong><a title=\"Abteilung Strafregisterauszug\" href=\"http:\/\/www.guichet.public.lu\/citoyens\/de\/organismes\/parquet-general\/casier-judiciaire\/index.html\" target=\"_blank\" rel=\"noopener noreferrer\">Abteilung Strafregisterauszug<\/a><\/strong><\/div>\n<div>Cit\u00e9 judiciaire &#8211; Plateau du Saint-Esprit<br \/>\nGeb\u00e4ude BC &#8211; 1. Etage<br \/>\nLuxemburg<br \/>\nPostanschrift: L-2080 Luxemburg<br \/>\nGro\u00dfherzogtum Luxemburg<\/div>\n<p>Tel:\u00a0tel:(+352) 47 59 81-346<br \/>\nFax: (+352) 47 59 81-248<br \/>\nE-Mail: <a class=\"newwindow\" title=\"Neues Fenster\" href=\"mailto:casier.judiciaire@justice.etat.lu\" target=\"_blank\" rel=\"noopener noreferrer\">casier.judiciaire@justice.etat.lu<\/a><\/p>\n<p>Internetseite:\u00a0 <a href=\"http:\/\/www.justice.public.lu\/fr\/annuaire\/parquet-general\/index.htm\" target=\"_blank\" rel=\"noopener noreferrer\">http:\/\/www.justice.public.lu\/fr\/annuaire\/parquet-general\/index.htm<\/a><\/p>\n<div>\n<p>\u00d6ffnungszeiten<br \/>\n<b><span id=\"ColonneDroite_Contacts_Label1_0\">Administration Communale de la Ville de Vianden<\/span><\/b><br \/>\n<span id=\"ColonneDroite_Contacts_Label6_0\">B.P. 10<br \/>\nL-9401 Vianden<\/span><strong>Heures d\u2019ouvertures<\/strong><\/p>\n<div class=\"page\" title=\"Page 1\">\n<div class=\"layoutArea\">\n<div class=\"column\">\n<p>BUREAU DE LA POPULATION &#8211; \u00a0ETAT CIVIL<\/p>\n<p>LUNDI, MERCREDI ET VENDREDI , de \u00a009.00 \u00e0 11.30 HRS \u00a0et de 13.30 \u00e0 16.00 HRS<\/p>\n<\/div>\n<\/div>\n<div class=\"section\">\n<div class=\"layoutArea\">\n<div class=\"column\">\n<p>MARDI ET JEUDI de \u00a009.00 \u00e0 11.30 HRS \u00a0 (ou sur rendez-vous)<\/p>\n<p>Tel. : (+352)\u00a0<span id=\"ColonneDroite_Contacts_Label7_0\">83 48 21<\/span><span id=\"ColonneDroite_Contacts_Label8_0\"> &#8211; 1<br \/>\n<\/span>Mail: <a href=\"mailto:secretariat@old-vianden.digitalvision.lu\" target=\"_blank\" rel=\"noopener noreferrer\">secretariat(at)vianden.lu<\/a><\/p>\n<\/div>\n<\/div>\n<\/div>\n<\/div>\n<\/div>\n<div><\/div>\n<p>&#8211; &#8211; &#8211; &#8211; &#8211; &#8211; &#8211; &#8211; &#8211; &#8211; &#8211; &#8211; &#8211; &#8211; &#8211; &#8211; &#8211; &#8211; &#8211; &#8211; &#8211; &#8211; &#8211; &#8211; &#8211; &#8211; &#8211; &#8211; &#8211; &#8211; &#8211; &#8211; &#8211; &#8211; &#8211; &#8211; &#8211; &#8211; &#8211; &#8211; &#8211; &#8211; &#8211; &#8211; &#8211; &#8211; &#8211; &#8211; &#8211; &#8211; &#8211; &#8211; &#8211; &#8211; &#8211; &#8211;<\/p>\n<h3>Zertifikat der Staatsangeh\u00f6rigkeit<\/h3>\n<p>Zertifikate der Staatsb\u00fcrgerschaft werden ausgestellt von:<\/p>\n<div class=\"vcard-title\"><strong>Staatsangeh\u00f6rigkeitsabteilung &#8211; Justizministerium<\/strong><\/div>\n<div class=\"vcard-item\">\n<p>13, rue Erasme<br \/>\nL-2934 Luxemburg<br \/>\nGro\u00dfherzogtum Luxemburg<\/p>\n<\/div>\n<div class=\"vcard-item\">Tel: Staatsangeh\u00f6rigkeitsnachweis &#8211; (+352) 247-84532 \/ 88525<\/div>\n<div class=\"vcard-item\">Fax: (+352) 26 20 27 59<\/div>\n<\/div>\n<div class=\"print\"><\/div>\n<div>&#8211; &#8211; &#8211; &#8211; &#8211; &#8211; &#8211; &#8211; &#8211; &#8211; &#8211; &#8211; &#8211; &#8211; &#8211; &#8211; &#8211; &#8211; &#8211; &#8211; &#8211; &#8211; &#8211; &#8211; &#8211; &#8211; &#8211; &#8211; &#8211; &#8211; &#8211; &#8211; &#8211; &#8211; &#8211; &#8211; &#8211; &#8211; &#8211; &#8211; &#8211; &#8211; &#8211; &#8211; &#8211; &#8211; &#8211; &#8211; &#8211; &#8211; &#8211; &#8211; &#8211; &#8211; &#8211; &#8211;<\/div>\n<div>\n<h2 class=\"features_title\">Kontakte<\/h2>\n<div class=\"features_content\">\n<hr \/>\n<p><b>Sofia Carvalho :\u00a0<\/b>Tel : <span id=\"ColonneDroite_Contacts_Label7_1\">83 48 21<\/span><span id=\"ColonneDroite_Contacts_Label8_1\"> &#8211; 21 \u00a0\/ \u00a0Email: <a href=\"mailto:sofia.carvalho@old-vianden.digitalvision.lu\">sofia.carvalho@old-vianden.digitalvision.lu<\/a><\/span><br \/>\n<span id=\"ColonneDroite_Contacts_Label8_1\"><\/span><\/p>\n<p><strong>Diane Storn:\u00a0<\/strong>Tel : <span id=\"ColonneDroite_Contacts_Label7_0\">83 48 21<\/span><span id=\"ColonneDroite_Contacts_Label8_0\"> &#8211; 22 \u00a0\/ \u00a0Email: <a href=\"mailto:diane.storn@old-vianden.digitalvision.lu\">diane.storn@old-vianden.digitalvision.lu<\/a><\/span><\/p>\n<\/div>\n<\/div>\n<p>[\/vc_column_text][\/vc_column][\/vc_row]<\/p>\n<\/div>","protected":false},"excerpt":{"rendered":"<p>[vc_row][vc_column][vc_column_text] Standesamt Personalausweis Reisep\u00e4sse Geburten Trauung PACS (partenariat) Einb\u00fcrgerung Einverst\u00e4ndniserkl\u00e4rung Kinderbetreuung (ch\u00e8ques-services) ENGAGEMENT DE PRISE EN CHARGE \/ FORMAL OBLIGATION Totenschein Pr\u00e4mie f\u00fcr den Kauf eines Pedelec25 Wohnsitz\u00e4nderungen Aufenthaltsgenehmigung Beglaubigung von Unterschriften und Kopien Lotterien und Verlosungen Sterbef\u00e4lle \u2013 Friedhof Angel Lizenz Geburtsurkunde &#8211; &#8211; &#8211; &#8211; &#8211; &#8211; &#8211; &#8211; &#8211; &#8211; &#8211; &#8211;&hellip;<\/p>\n","protected":false},"author":3,"featured_media":0,"parent":0,"menu_order":0,"comment_status":"closed","ping_status":"closed","template":"","meta":[],"class_list":["post-15407","page","type-page","status-publish","hentry","description-off"],"translation":{"provider":"WPGlobus","version":"2.12.2","language":"de","enabled_languages":["de","fr"],"languages":{"de":{"title":true,"content":true,"excerpt":false},"fr":{"title":true,"content":true,"excerpt":false}}},"publishpress_future_action":{"enabled":false,"date":"2026-04-22 20:44:34","action":"change-status","newStatus":"draft","terms":[],"taxonomy":""},"_links":{"self":[{"href":"https:\/\/old-vianden.digitalvision.lu\/index.php?rest_route=\/wp\/v2\/pages\/15407","targetHints":{"allow":["GET"]}}],"collection":[{"href":"https:\/\/old-vianden.digitalvision.lu\/index.php?rest_route=\/wp\/v2\/pages"}],"about":[{"href":"https:\/\/old-vianden.digitalvision.lu\/index.php?rest_route=\/wp\/v2\/types\/page"}],"author":[{"embeddable":true,"href":"https:\/\/old-vianden.digitalvision.lu\/index.php?rest_route=\/wp\/v2\/users\/3"}],"replies":[{"embeddable":true,"href":"https:\/\/old-vianden.digitalvision.lu\/index.php?rest_route=%2Fwp%2Fv2%2Fcomments&post=15407"}],"version-history":[{"count":44,"href":"https:\/\/old-vianden.digitalvision.lu\/index.php?rest_route=\/wp\/v2\/pages\/15407\/revisions"}],"predecessor-version":[{"id":23012,"href":"https:\/\/old-vianden.digitalvision.lu\/index.php?rest_route=\/wp\/v2\/pages\/15407\/revisions\/23012"}],"wp:attachment":[{"href":"https:\/\/old-vianden.digitalvision.lu\/index.php?rest_route=%2Fwp%2Fv2%2Fmedia&parent=15407"}],"curies":[{"name":"wp","href":"https:\/\/api.w.org\/{rel}","templated":true}]}}