{"id":25331,"date":"2024-10-25T09:49:58","date_gmt":"2024-10-25T07:49:58","guid":{"rendered":"https:\/\/old-vianden.digitalvision.lu\/?page_id=25331"},"modified":"2024-10-25T09:49:58","modified_gmt":"2024-10-25T07:49:58","slug":"reunion-du-conseil-communal-le-mercredi-23-octobre-2024","status":"publish","type":"page","link":"https:\/\/old-vianden.digitalvision.lu\/fr\/?page_id=25331","title":{"rendered":"R\u00e9union du Conseil Communal le mercredi 23 octobre 2024"},"content":{"rendered":"<div class=\"wpb-content-wrapper\"><p>[vc_row][vc_column][vc_column_text]<strong>Pr\u00e9sents:<\/strong> M. Weyrich Fran\u00e7ois Bourgmestre, M. PETRY Paul, MAJERUS Henri, Echevins, M. KLASEN Jean-Marie, MME SCHAEFER Patty, Mme MARQUES CONSTANTINO Adela\u00efde, M. D\u00dcBBERS Andr\u00e9<\/p>\n<p>Excus\u00e9: M. VINANDY Jean-Claude,M. RODRIGUES TEIXEIRA Fernando Jos\u00e9 conseillers communaux<\/p>\n<p>M. Pol Schaus, secr\u00e9taire communal[\/vc_column_text][\/vc_column][\/vc_row][vc_row][vc_column][vc_column_text]Begr\u00e9issung<\/p>\n<!--[if lt IE 9]><script>document.createElement('audio');<\/script><![endif]-->\n<audio class=\"wp-audio-shortcode\" id=\"audio-25331-1\" preload=\"none\" style=\"width: 100%;\" controls=\"controls\"><source type=\"audio\/wav\" src=\"https:\/\/old-vianden.digitalvision.lu\/wp-content\/uploads\/2024\/10\/Begreissung.wav?_=1\" \/><a href=\"https:\/\/old-vianden.digitalvision.lu\/wp-content\/uploads\/2024\/10\/Begreissung.wav\">https:\/\/old-vianden.digitalvision.lu\/wp-content\/uploads\/2024\/10\/Begreissung.wav<\/a><\/audio>\n<p>[\/vc_column_text][\/vc_column][\/vc_row][vc_row][vc_column][vc_column_text]1. Approbation du plan de gestion foresti\u00e8re 2025<\/p>\n<audio class=\"wp-audio-shortcode\" id=\"audio-25331-2\" preload=\"none\" style=\"width: 100%;\" controls=\"controls\"><source type=\"audio\/wav\" src=\"https:\/\/old-vianden.digitalvision.lu\/wp-content\/uploads\/2024\/10\/Punkt-1.wav?_=2\" \/><a href=\"https:\/\/old-vianden.digitalvision.lu\/wp-content\/uploads\/2024\/10\/Punkt-1.wav\">https:\/\/old-vianden.digitalvision.lu\/wp-content\/uploads\/2024\/10\/Punkt-1.wav<\/a><\/audio>\n<p>[\/vc_column_text][\/vc_column][\/vc_row][vc_row][vc_column][vc_column_text]2. Fixation des taux relatifs \u00e0 l\u2019imp\u00f4t foncier pour l\u2019exercice 2025<\/p>\n<audio class=\"wp-audio-shortcode\" id=\"audio-25331-3\" preload=\"none\" style=\"width: 100%;\" controls=\"controls\"><source type=\"audio\/wav\" src=\"https:\/\/old-vianden.digitalvision.lu\/wp-content\/uploads\/2024\/10\/Punkt-2.wav?_=3\" \/><a href=\"https:\/\/old-vianden.digitalvision.lu\/wp-content\/uploads\/2024\/10\/Punkt-2.wav\">https:\/\/old-vianden.digitalvision.lu\/wp-content\/uploads\/2024\/10\/Punkt-2.wav<\/a><\/audio>\n<p>[\/vc_column_text][\/vc_column][\/vc_row][vc_row][vc_column][vc_column_text]3. Fixation des taux relatifs \u00e0 l\u2019imp\u00f4t commercial pour l\u2019exercice 2025<\/p>\n<audio class=\"wp-audio-shortcode\" id=\"audio-25331-4\" preload=\"none\" style=\"width: 100%;\" controls=\"controls\"><source type=\"audio\/wav\" src=\"https:\/\/old-vianden.digitalvision.lu\/wp-content\/uploads\/2024\/10\/Punkt-3.wav?_=4\" \/><a href=\"https:\/\/old-vianden.digitalvision.lu\/wp-content\/uploads\/2024\/10\/Punkt-3.wav\">https:\/\/old-vianden.digitalvision.lu\/wp-content\/uploads\/2024\/10\/Punkt-3.wav<\/a><\/audio>\n<p>[\/vc_column_text][\/vc_column][\/vc_row][vc_row][vc_column][vc_column_text]4. Cr\u00e9ation de poste pour les besoins de la maison relais<\/p>\n<audio class=\"wp-audio-shortcode\" id=\"audio-25331-5\" preload=\"none\" style=\"width: 100%;\" controls=\"controls\"><source type=\"audio\/wav\" src=\"https:\/\/old-vianden.digitalvision.lu\/wp-content\/uploads\/2024\/10\/Punkt-4.wav?_=5\" \/><a href=\"https:\/\/old-vianden.digitalvision.lu\/wp-content\/uploads\/2024\/10\/Punkt-4.wav\">https:\/\/old-vianden.digitalvision.lu\/wp-content\/uploads\/2024\/10\/Punkt-4.wav<\/a><\/audio>\n<p>[\/vc_column_text][\/vc_column][\/vc_row][vc_row][vc_column][vc_column_text]5. Approbation d\u2019un acte d\u2019\u00e9change entre l\u2019Etat luxembourgeois et la commune de Vianden<\/p>\n<audio class=\"wp-audio-shortcode\" id=\"audio-25331-6\" preload=\"none\" style=\"width: 100%;\" controls=\"controls\"><source type=\"audio\/wav\" src=\"https:\/\/old-vianden.digitalvision.lu\/wp-content\/uploads\/2024\/10\/Punkt-5.wav?_=6\" \/><a href=\"https:\/\/old-vianden.digitalvision.lu\/wp-content\/uploads\/2024\/10\/Punkt-5.wav\">https:\/\/old-vianden.digitalvision.lu\/wp-content\/uploads\/2024\/10\/Punkt-5.wav<\/a><\/audio>\n<p>[\/vc_column_text][\/vc_column][\/vc_row][vc_row][vc_column][vc_column_text]6. Approbation de devis\u00a0: Projekt zur Anpflanzung von einheimischen Hecken, Laub- und Hochstammobstb\u00e4umen sowie zur Pflege von Hochstammobstb\u00e4umen und markanten Laubb\u00e4umen sowie zum Arten- und Habitatschutz in der Gemeinde Vianden im Jahr 2025<\/p>\n<audio class=\"wp-audio-shortcode\" id=\"audio-25331-7\" preload=\"none\" style=\"width: 100%;\" controls=\"controls\"><source type=\"audio\/wav\" src=\"https:\/\/old-vianden.digitalvision.lu\/wp-content\/uploads\/2024\/10\/Punkt-6.wav?_=7\" \/><a href=\"https:\/\/old-vianden.digitalvision.lu\/wp-content\/uploads\/2024\/10\/Punkt-6.wav\">https:\/\/old-vianden.digitalvision.lu\/wp-content\/uploads\/2024\/10\/Punkt-6.wav<\/a><\/audio>\n<p>[\/vc_column_text][\/vc_column][\/vc_row][vc_row][vc_column][vc_column_text]7. Approbation du r\u00e8glement d\u2019ordre int\u00e9rieur compl\u00e9mentaire de l\u2019\u00e9cole de Vianden<\/p>\n<p>&nbsp;<\/p>\n<audio class=\"wp-audio-shortcode\" id=\"audio-25331-8\" preload=\"none\" style=\"width: 100%;\" controls=\"controls\"><source type=\"audio\/wav\" src=\"https:\/\/old-vianden.digitalvision.lu\/wp-content\/uploads\/2024\/10\/Punkt-7.wav?_=8\" \/><a href=\"https:\/\/old-vianden.digitalvision.lu\/wp-content\/uploads\/2024\/10\/Punkt-7.wav\">https:\/\/old-vianden.digitalvision.lu\/wp-content\/uploads\/2024\/10\/Punkt-7.wav<\/a><\/audio>\n<p>[\/vc_column_text][\/vc_column][\/vc_row][vc_row][vc_column][vc_column_text]8. Approbation du r\u00e8glement d\u2019occupation des postes de l\u2019\u00e9cole de Vianden<\/p>\n<audio class=\"wp-audio-shortcode\" id=\"audio-25331-9\" preload=\"none\" style=\"width: 100%;\" controls=\"controls\"><source type=\"audio\/wav\" src=\"https:\/\/old-vianden.digitalvision.lu\/wp-content\/uploads\/2024\/10\/Punkt-8.wav?_=9\" \/><a href=\"https:\/\/old-vianden.digitalvision.lu\/wp-content\/uploads\/2024\/10\/Punkt-8.wav\">https:\/\/old-vianden.digitalvision.lu\/wp-content\/uploads\/2024\/10\/Punkt-8.wav<\/a><\/audio>\n<p>[\/vc_column_text][\/vc_column][\/vc_row][vc_row][vc_column][vc_column_text]9. Approbation de contrats et de conventions<\/p>\n<p>a) Approbation de la convention d\u2019adh\u00e9sion Service Repas sur roues<\/p>\n<audio class=\"wp-audio-shortcode\" id=\"audio-25331-10\" preload=\"none\" style=\"width: 100%;\" controls=\"controls\"><source type=\"audio\/wav\" src=\"https:\/\/old-vianden.digitalvision.lu\/wp-content\/uploads\/2024\/10\/Punkt-9a.wav?_=10\" \/><a href=\"https:\/\/old-vianden.digitalvision.lu\/wp-content\/uploads\/2024\/10\/Punkt-9a.wav\">https:\/\/old-vianden.digitalvision.lu\/wp-content\/uploads\/2024\/10\/Punkt-9a.wav<\/a><\/audio>\n<p>[\/vc_column_text][vc_column_text]b) Dispositions g\u00e9n\u00e9rales du contrat de prestation de service Repas sur roues<\/p>\n<audio class=\"wp-audio-shortcode\" id=\"audio-25331-11\" preload=\"none\" style=\"width: 100%;\" controls=\"controls\"><source type=\"audio\/wav\" src=\"https:\/\/old-vianden.digitalvision.lu\/wp-content\/uploads\/2024\/10\/Punkt-9b.wav?_=11\" \/><a href=\"https:\/\/old-vianden.digitalvision.lu\/wp-content\/uploads\/2024\/10\/Punkt-9b.wav\">https:\/\/old-vianden.digitalvision.lu\/wp-content\/uploads\/2024\/10\/Punkt-9b.wav<\/a><\/audio>\n<p>[\/vc_column_text][vc_column_text]c) Contrat de travail pour les besoins de la maison relais<\/p>\n<audio class=\"wp-audio-shortcode\" id=\"audio-25331-12\" preload=\"none\" style=\"width: 100%;\" controls=\"controls\"><source type=\"audio\/wav\" src=\"https:\/\/old-vianden.digitalvision.lu\/wp-content\/uploads\/2024\/10\/Punkt-9c.wav?_=12\" \/><a href=\"https:\/\/old-vianden.digitalvision.lu\/wp-content\/uploads\/2024\/10\/Punkt-9c.wav\">https:\/\/old-vianden.digitalvision.lu\/wp-content\/uploads\/2024\/10\/Punkt-9c.wav<\/a><\/audio>\n<p>[\/vc_column_text][vc_column_text]d) Forum pour l\u2019emploi- Service Bummelbus<\/p>\n<audio class=\"wp-audio-shortcode\" id=\"audio-25331-13\" preload=\"none\" style=\"width: 100%;\" controls=\"controls\"><source type=\"audio\/wav\" src=\"https:\/\/old-vianden.digitalvision.lu\/wp-content\/uploads\/2024\/10\/Punkt-9d.wav?_=13\" \/><a href=\"https:\/\/old-vianden.digitalvision.lu\/wp-content\/uploads\/2024\/10\/Punkt-9d.wav\">https:\/\/old-vianden.digitalvision.lu\/wp-content\/uploads\/2024\/10\/Punkt-9d.wav<\/a><\/audio>\n<p>[\/vc_column_text][\/vc_column][\/vc_row][vc_row][vc_column][vc_column_text]10. Approbation des status\u00a0: Femmes actives Vianden a.s.b.l.<\/p>\n<audio class=\"wp-audio-shortcode\" id=\"audio-25331-14\" preload=\"none\" style=\"width: 100%;\" controls=\"controls\"><source type=\"audio\/wav\" src=\"https:\/\/old-vianden.digitalvision.lu\/wp-content\/uploads\/2024\/10\/Punkt-10.wav?_=14\" \/><a href=\"https:\/\/old-vianden.digitalvision.lu\/wp-content\/uploads\/2024\/10\/Punkt-10.wav\">https:\/\/old-vianden.digitalvision.lu\/wp-content\/uploads\/2024\/10\/Punkt-10.wav<\/a><\/audio>\n<p>[\/vc_column_text][\/vc_column][\/vc_row][vc_row][vc_column][vc_column_text]11. Approbation des r\u00e8glements de circulation d\u2019urgence<\/p>\n<audio class=\"wp-audio-shortcode\" id=\"audio-25331-15\" preload=\"none\" style=\"width: 100%;\" controls=\"controls\"><source type=\"audio\/wav\" src=\"https:\/\/old-vianden.digitalvision.lu\/wp-content\/uploads\/2024\/10\/Punkt-11.wav?_=15\" \/><a href=\"https:\/\/old-vianden.digitalvision.lu\/wp-content\/uploads\/2024\/10\/Punkt-11.wav\">https:\/\/old-vianden.digitalvision.lu\/wp-content\/uploads\/2024\/10\/Punkt-11.wav<\/a><\/audio>\n<p>[\/vc_column_text][\/vc_column][\/vc_row][vc_row][vc_column][vc_column_text]12. Communication du coll\u00e8ge \u00e9chevinal<\/p>\n<audio class=\"wp-audio-shortcode\" id=\"audio-25331-16\" preload=\"none\" style=\"width: 100%;\" controls=\"controls\"><source type=\"audio\/mpeg\" src=\"https:\/\/old-vianden.digitalvision.lu\/wp-content\/uploads\/2024\/10\/Punkt-12.mp3?_=16\" \/><a href=\"https:\/\/old-vianden.digitalvision.lu\/wp-content\/uploads\/2024\/10\/Punkt-12.mp3\">https:\/\/old-vianden.digitalvision.lu\/wp-content\/uploads\/2024\/10\/Punkt-12.mp3<\/a><\/audio>\n<p>[\/vc_column_text][\/vc_column][\/vc_row][vc_row][vc_column][vc_column_text]13. Divers \u2013 Droit d\u2019initiative du conseiller communal, questions \u00e9crites et orales<\/p>\n<audio class=\"wp-audio-shortcode\" id=\"audio-25331-17\" preload=\"none\" style=\"width: 100%;\" controls=\"controls\"><source type=\"audio\/mpeg\" src=\"https:\/\/old-vianden.digitalvision.lu\/wp-content\/uploads\/2024\/10\/Punkt-13.mp3?_=17\" \/><a href=\"https:\/\/old-vianden.digitalvision.lu\/wp-content\/uploads\/2024\/10\/Punkt-13.mp3\">https:\/\/old-vianden.digitalvision.lu\/wp-content\/uploads\/2024\/10\/Punkt-13.mp3<\/a><\/audio>\n<p>[\/vc_column_text][\/vc_column][\/vc_row]<\/p>\n<\/div>","protected":false},"excerpt":{"rendered":"<p>[vc_row][vc_column][vc_column_text]Pr\u00e9sents: M. Weyrich Fran\u00e7ois Bourgmestre, M. PETRY Paul, MAJERUS Henri, Echevins, M. KLASEN Jean-Marie, MME SCHAEFER Patty, Mme MARQUES CONSTANTINO Adela\u00efde, M. D\u00dcBBERS Andr\u00e9 Excus\u00e9: M. VINANDY Jean-Claude,M. RODRIGUES TEIXEIRA Fernando Jos\u00e9 conseillers communaux M. Pol Schaus, secr\u00e9taire communal[\/vc_column_text][\/vc_column][\/vc_row][vc_row][vc_column][vc_column_text]Begr\u00e9issung [\/vc_column_text][\/vc_column][\/vc_row][vc_row][vc_column][vc_column_text]1. Approbation du plan de gestion foresti\u00e8re 2025 [\/vc_column_text][\/vc_column][\/vc_row][vc_row][vc_column][vc_column_text]2. Fixation des taux relatifs \u00e0 l\u2019imp\u00f4t foncier&hellip;<\/p>\n","protected":false},"author":8,"featured_media":0,"parent":0,"menu_order":0,"comment_status":"closed","ping_status":"closed","template":"","meta":[],"class_list":["post-25331","page","type-page","status-publish","hentry","description-off"],"translation":{"provider":"WPGlobus","version":"2.12.2","language":"fr","enabled_languages":["de","fr"],"languages":{"de":{"title":true,"content":true,"excerpt":false},"fr":{"title":false,"content":false,"excerpt":false}}},"publishpress_future_action":{"enabled":false,"date":"2026-04-14 23:04:33","action":"change-status","newStatus":"draft","terms":[],"taxonomy":""},"_links":{"self":[{"href":"https:\/\/old-vianden.digitalvision.lu\/fr\/index.php?rest_route=\/wp\/v2\/pages\/25331","targetHints":{"allow":["GET"]}}],"collection":[{"href":"https:\/\/old-vianden.digitalvision.lu\/fr\/index.php?rest_route=\/wp\/v2\/pages"}],"about":[{"href":"https:\/\/old-vianden.digitalvision.lu\/fr\/index.php?rest_route=\/wp\/v2\/types\/page"}],"author":[{"embeddable":true,"href":"https:\/\/old-vianden.digitalvision.lu\/fr\/index.php?rest_route=\/wp\/v2\/users\/8"}],"replies":[{"embeddable":true,"href":"https:\/\/old-vianden.digitalvision.lu\/fr\/index.php?rest_route=%2Fwp%2Fv2%2Fcomments&post=25331"}],"version-history":[{"count":2,"href":"https:\/\/old-vianden.digitalvision.lu\/fr\/index.php?rest_route=\/wp\/v2\/pages\/25331\/revisions"}],"predecessor-version":[{"id":25352,"href":"https:\/\/old-vianden.digitalvision.lu\/fr\/index.php?rest_route=\/wp\/v2\/pages\/25331\/revisions\/25352"}],"wp:attachment":[{"href":"https:\/\/old-vianden.digitalvision.lu\/fr\/index.php?rest_route=%2Fwp%2Fv2%2Fmedia&parent=25331"}],"curies":[{"name":"wp","href":"https:\/\/api.w.org\/{rel}","templated":true}]}}