{"id":25104,"date":"2024-09-19T15:25:35","date_gmt":"2024-09-19T13:25:35","guid":{"rendered":"https:\/\/old-vianden.digitalvision.lu\/?page_id=25104"},"modified":"2024-09-19T15:25:35","modified_gmt":"2024-09-19T13:25:35","slug":"reunion-du-conseil-communal-le-mercredi-18-septembre-2024","status":"publish","type":"page","link":"https:\/\/old-vianden.digitalvision.lu\/fr\/?page_id=25104","title":{"rendered":"R\u00e9union du Conseil Communal le mercredi 18 septembre 2024"},"content":{"rendered":"<div class=\"wpb-content-wrapper\"><p>[vc_row][vc_column][vc_row_inner][vc_column_inner][vc_column_text]<strong>Pr\u00e9sents:<\/strong> M. Weyrich Fran\u00e7ois Bourgmestre, M. PETRY Paul, MAJERUS Henri, Echevins, M. KLASEN Jean-Marie, MME SCHAEFER Patty, Mme MARQUES CONSTANTINO Adela\u00efde, M. D\u00dcBBERS Andr\u00e9,<\/p>\n<p>Excus\u00e9: M. VINANDY Jean-Claude,M. RODRIGUES TEIXEIRA Fernando Jos\u00e9 conseillers communaux<\/p>\n<p>M. Pol Schaus, secr\u00e9taire communal[\/vc_column_text][\/vc_column_inner][\/vc_row_inner][\/vc_column][\/vc_row][vc_row][vc_column][vc_row_inner][vc_column_inner][vc_column_text]<strong>Begr\u00e9issung<\/strong><\/p>\n<!--[if lt IE 9]><script>document.createElement('audio');<\/script><![endif]-->\n<audio class=\"wp-audio-shortcode\" id=\"audio-25104-1\" preload=\"none\" style=\"width: 100%;\" controls=\"controls\"><source type=\"audio\/wav\" src=\"https:\/\/old-vianden.digitalvision.lu\/wp-content\/uploads\/2024\/09\/Begreissung.wav?_=1\" \/><a href=\"https:\/\/old-vianden.digitalvision.lu\/wp-content\/uploads\/2024\/09\/Begreissung.wav\">https:\/\/old-vianden.digitalvision.lu\/wp-content\/uploads\/2024\/09\/Begreissung.wav<\/a><\/audio>\n<p>[\/vc_column_text][\/vc_column_inner][\/vc_row_inner][\/vc_column][\/vc_row][vc_row][vc_column][vc_row_inner][vc_column_inner][vc_column_text]<strong>1.Etat des restants 2023<\/strong><\/p>\n<audio class=\"wp-audio-shortcode\" id=\"audio-25104-2\" preload=\"none\" style=\"width: 100%;\" controls=\"controls\"><source type=\"audio\/wav\" src=\"https:\/\/old-vianden.digitalvision.lu\/wp-content\/uploads\/2024\/09\/Punkt-1.wav?_=2\" \/><a href=\"https:\/\/old-vianden.digitalvision.lu\/wp-content\/uploads\/2024\/09\/Punkt-1.wav\">https:\/\/old-vianden.digitalvision.lu\/wp-content\/uploads\/2024\/09\/Punkt-1.wav<\/a><\/audio>\n<p>[\/vc_column_text][\/vc_column_inner][\/vc_row_inner][\/vc_column][\/vc_row][vc_row][vc_column][vc_row_inner][vc_column_inner][vc_column_text]2. Approbation du r\u00e8glement communal relatif \u00e0 la gestion des d\u00e9chets assur\u00e9e par le Syndicat intercommunal pour la gestion des d\u00e9chets m\u00e9nagers du nord et du centre, en abr\u00e9g\u00e9 SIDEC<\/p>\n<audio class=\"wp-audio-shortcode\" id=\"audio-25104-3\" preload=\"none\" style=\"width: 100%;\" controls=\"controls\"><source type=\"audio\/mpeg\" src=\"https:\/\/old-vianden.digitalvision.lu\/wp-content\/uploads\/2024\/09\/Punkt-2-1.mp3?_=3\" \/><a href=\"https:\/\/old-vianden.digitalvision.lu\/wp-content\/uploads\/2024\/09\/Punkt-2-1.mp3\">https:\/\/old-vianden.digitalvision.lu\/wp-content\/uploads\/2024\/09\/Punkt-2-1.mp3<\/a><\/audio>\n<p>[\/vc_column_text][\/vc_column_inner][\/vc_row_inner][\/vc_column][\/vc_row][vc_row][vc_column][vc_row_inner][vc_column_inner][vc_column_text]3. Approbation du r\u00e8glement communal taxe relatif \u00e0 la gestion des d\u00e9chets assur\u00e9e par le Syndicat intercommunal pour la gestion des d\u00e9chets m\u00e9nagers du nord et du centre, en abr\u00e9g\u00e9 SIDEC<\/p>\n<audio class=\"wp-audio-shortcode\" id=\"audio-25104-4\" preload=\"none\" style=\"width: 100%;\" controls=\"controls\"><source type=\"audio\/mpeg\" src=\"https:\/\/old-vianden.digitalvision.lu\/wp-content\/uploads\/2024\/09\/Punkt-3-2.mp3?_=4\" \/><a href=\"https:\/\/old-vianden.digitalvision.lu\/wp-content\/uploads\/2024\/09\/Punkt-3-2.mp3\">https:\/\/old-vianden.digitalvision.lu\/wp-content\/uploads\/2024\/09\/Punkt-3-2.mp3<\/a><\/audio>\n<p>[\/vc_column_text][\/vc_column_inner][\/vc_row_inner][\/vc_column][\/vc_row][vc_row][vc_column][vc_row_inner][vc_column_inner][vc_column_text]4. Accord de principe sur les modifications du r\u00e8glement communal instituant un r\u00e9gime d\u2019aides financi\u00e8res aux personnes physiques concernant la promotion de la durabilit\u00e9, de l\u2019utilisation rationnelle de l\u2019\u00e9nergie et des ressources naturelles et de la mise en valeur des \u00e9nergies renouvelables dans le domaine du logement<\/p>\n<audio class=\"wp-audio-shortcode\" id=\"audio-25104-5\" preload=\"none\" style=\"width: 100%;\" controls=\"controls\"><source type=\"audio\/mpeg\" src=\"https:\/\/old-vianden.digitalvision.lu\/wp-content\/uploads\/2024\/09\/Punkt-4-1.mp3?_=5\" \/><a href=\"https:\/\/old-vianden.digitalvision.lu\/wp-content\/uploads\/2024\/09\/Punkt-4-1.mp3\">https:\/\/old-vianden.digitalvision.lu\/wp-content\/uploads\/2024\/09\/Punkt-4-1.mp3<\/a><\/audio>\n<p>[\/vc_column_text][\/vc_column_inner][\/vc_row_inner][\/vc_column][\/vc_row][vc_row][vc_column][vc_row_inner][vc_column_inner][vc_column_text]5. Approbation d\u2019un r\u00e8glement-taxe pour la station de lavage pour v\u00e9los<\/p>\n<audio class=\"wp-audio-shortcode\" id=\"audio-25104-6\" preload=\"none\" style=\"width: 100%;\" controls=\"controls\"><source type=\"audio\/mpeg\" src=\"https:\/\/old-vianden.digitalvision.lu\/wp-content\/uploads\/2024\/09\/Punkt-5-1.mp3?_=6\" \/><a href=\"https:\/\/old-vianden.digitalvision.lu\/wp-content\/uploads\/2024\/09\/Punkt-5-1.mp3\">https:\/\/old-vianden.digitalvision.lu\/wp-content\/uploads\/2024\/09\/Punkt-5-1.mp3<\/a><\/audio>\n<p>[\/vc_column_text][\/vc_column_inner][\/vc_row_inner][\/vc_column][\/vc_row][vc_row][vc_column][vc_row_inner][vc_column_inner][vc_column_text]6. Approbation du r\u00e8glement-taxe pour la location de vaisselle<\/p>\n<audio class=\"wp-audio-shortcode\" id=\"audio-25104-7\" preload=\"none\" style=\"width: 100%;\" controls=\"controls\"><source type=\"audio\/mpeg\" src=\"https:\/\/old-vianden.digitalvision.lu\/wp-content\/uploads\/2024\/09\/Punkt-6-1.mp3?_=7\" \/><a href=\"https:\/\/old-vianden.digitalvision.lu\/wp-content\/uploads\/2024\/09\/Punkt-6-1.mp3\">https:\/\/old-vianden.digitalvision.lu\/wp-content\/uploads\/2024\/09\/Punkt-6-1.mp3<\/a><\/audio>\n<p>[\/vc_column_text][\/vc_column_inner][\/vc_row_inner][\/vc_column][\/vc_row][vc_row][vc_column][vc_row_inner][vc_column_inner][vc_column_text]7.Fixation de l\u2019indemnit\u00e9 pour la distribution des lettres de convocation relatives aux \u00e9lections europ\u00e9ennes du 09 juin 2024<\/p>\n<audio class=\"wp-audio-shortcode\" id=\"audio-25104-8\" preload=\"none\" style=\"width: 100%;\" controls=\"controls\"><source type=\"audio\/mpeg\" src=\"https:\/\/old-vianden.digitalvision.lu\/wp-content\/uploads\/2024\/09\/Punkt-7-1.mp3?_=8\" \/><a href=\"https:\/\/old-vianden.digitalvision.lu\/wp-content\/uploads\/2024\/09\/Punkt-7-1.mp3\">https:\/\/old-vianden.digitalvision.lu\/wp-content\/uploads\/2024\/09\/Punkt-7-1.mp3<\/a><\/audio>\n<p>[\/vc_column_text][\/vc_column_inner][\/vc_row_inner][\/vc_column][\/vc_row][vc_row][vc_column][vc_row_inner][vc_column_inner][vc_column_text]8. Modifications budg\u00e9taires<\/p>\n<audio class=\"wp-audio-shortcode\" id=\"audio-25104-9\" preload=\"none\" style=\"width: 100%;\" controls=\"controls\"><source type=\"audio\/mpeg\" src=\"https:\/\/old-vianden.digitalvision.lu\/wp-content\/uploads\/2024\/09\/Punkt-8-1.mp3?_=9\" \/><a href=\"https:\/\/old-vianden.digitalvision.lu\/wp-content\/uploads\/2024\/09\/Punkt-8-1.mp3\">https:\/\/old-vianden.digitalvision.lu\/wp-content\/uploads\/2024\/09\/Punkt-8-1.mp3<\/a><\/audio>\n<p>.[\/vc_column_text][\/vc_column_inner][\/vc_row_inner][\/vc_column][\/vc_row][vc_row][vc_column][vc_row_inner][vc_column_inner][vc_column_text]9.Approbation de la refacturation de marchandises de la buvette de la piscine<\/p>\n<audio class=\"wp-audio-shortcode\" id=\"audio-25104-10\" preload=\"none\" style=\"width: 100%;\" controls=\"controls\"><source type=\"audio\/mpeg\" src=\"https:\/\/old-vianden.digitalvision.lu\/wp-content\/uploads\/2024\/09\/Punkt-9-1.mp3?_=10\" \/><a href=\"https:\/\/old-vianden.digitalvision.lu\/wp-content\/uploads\/2024\/09\/Punkt-9-1.mp3\">https:\/\/old-vianden.digitalvision.lu\/wp-content\/uploads\/2024\/09\/Punkt-9-1.mp3<\/a><\/audio>\n<p>[\/vc_column_text][\/vc_column_inner][\/vc_row_inner][\/vc_column][\/vc_row][vc_row][vc_column][vc_row_inner][vc_column_inner][vc_column_text]10. Approbation du r\u00e8glement portant sur les recettes de la buvette de la piscine<\/p>\n<audio class=\"wp-audio-shortcode\" id=\"audio-25104-11\" preload=\"none\" style=\"width: 100%;\" controls=\"controls\"><source type=\"audio\/mpeg\" src=\"https:\/\/old-vianden.digitalvision.lu\/wp-content\/uploads\/2024\/09\/Punkt-10-1.mp3?_=11\" \/><a href=\"https:\/\/old-vianden.digitalvision.lu\/wp-content\/uploads\/2024\/09\/Punkt-10-1.mp3\">https:\/\/old-vianden.digitalvision.lu\/wp-content\/uploads\/2024\/09\/Punkt-10-1.mp3<\/a><\/audio>\n<p>[\/vc_column_text][\/vc_column_inner][\/vc_row_inner][\/vc_column][\/vc_row][vc_row][vc_column][vc_row_inner][vc_column_inner][vc_column_text]11. Approbation du transfert de la chapelle du Bildchen du \u00ab Kierchefong \u00bb \u00e0 l\u2019asbl \u00ab\u00a0 Fir d\u2019Restoratiun vuam Veiner Bildchen \u00bb<\/p>\n<audio class=\"wp-audio-shortcode\" id=\"audio-25104-12\" preload=\"none\" style=\"width: 100%;\" controls=\"controls\"><source type=\"audio\/mpeg\" src=\"https:\/\/old-vianden.digitalvision.lu\/wp-content\/uploads\/2024\/09\/Punkt-11-2.mp3?_=12\" \/><a href=\"https:\/\/old-vianden.digitalvision.lu\/wp-content\/uploads\/2024\/09\/Punkt-11-2.mp3\">https:\/\/old-vianden.digitalvision.lu\/wp-content\/uploads\/2024\/09\/Punkt-11-2.mp3<\/a><\/audio>\n<p>[\/vc_column_text][\/vc_column_inner][\/vc_row_inner][\/vc_column][\/vc_row][vc_row][vc_column][vc_row_inner][vc_column_inner][vc_column_text]12. Demande de subside extraordinaire<\/p>\n<p>A. Bluebird Music a.s.b.l<\/p>\n<audio class=\"wp-audio-shortcode\" id=\"audio-25104-13\" preload=\"none\" style=\"width: 100%;\" controls=\"controls\"><source type=\"audio\/mpeg\" src=\"https:\/\/old-vianden.digitalvision.lu\/wp-content\/uploads\/2024\/09\/Punkt-12a.mp3?_=13\" \/><a href=\"https:\/\/old-vianden.digitalvision.lu\/wp-content\/uploads\/2024\/09\/Punkt-12a.mp3\">https:\/\/old-vianden.digitalvision.lu\/wp-content\/uploads\/2024\/09\/Punkt-12a.mp3<\/a><\/audio>\n<p>B. Veiner Spatzminn<\/p>\n<audio class=\"wp-audio-shortcode\" id=\"audio-25104-14\" preload=\"none\" style=\"width: 100%;\" controls=\"controls\"><source type=\"audio\/mpeg\" src=\"https:\/\/old-vianden.digitalvision.lu\/wp-content\/uploads\/2024\/09\/Punkt-12b.mp3?_=14\" \/><a href=\"https:\/\/old-vianden.digitalvision.lu\/wp-content\/uploads\/2024\/09\/Punkt-12b.mp3\">https:\/\/old-vianden.digitalvision.lu\/wp-content\/uploads\/2024\/09\/Punkt-12b.mp3<\/a><\/audio>\n<p>C. Entente Baachefest<\/p>\n<audio class=\"wp-audio-shortcode\" id=\"audio-25104-15\" preload=\"none\" style=\"width: 100%;\" controls=\"controls\"><source type=\"audio\/mpeg\" src=\"https:\/\/old-vianden.digitalvision.lu\/wp-content\/uploads\/2024\/09\/Punkt-12c.mp3?_=15\" \/><a href=\"https:\/\/old-vianden.digitalvision.lu\/wp-content\/uploads\/2024\/09\/Punkt-12c.mp3\">https:\/\/old-vianden.digitalvision.lu\/wp-content\/uploads\/2024\/09\/Punkt-12c.mp3<\/a><\/audio>\n<p>[\/vc_column_text][\/vc_column_inner][\/vc_row_inner][\/vc_column][\/vc_row][vc_row][vc_column][vc_row_inner][vc_column_inner][vc_column_text]13.Approbation de contrats et de conventions<\/p>\n<p>A.Avenant au contrat de bail \u00ab Piscine en plein air \u00bb<\/p>\n<audio class=\"wp-audio-shortcode\" id=\"audio-25104-16\" preload=\"none\" style=\"width: 100%;\" controls=\"controls\"><source type=\"audio\/mpeg\" src=\"https:\/\/old-vianden.digitalvision.lu\/wp-content\/uploads\/2024\/09\/Punkt-13a.mp3?_=16\" \/><a href=\"https:\/\/old-vianden.digitalvision.lu\/wp-content\/uploads\/2024\/09\/Punkt-13a.mp3\">https:\/\/old-vianden.digitalvision.lu\/wp-content\/uploads\/2024\/09\/Punkt-13a.mp3<\/a><\/audio>\n<p>[\/vc_column_text][\/vc_column_inner][\/vc_row_inner][\/vc_column][\/vc_row][vc_row][vc_column][vc_row_inner][vc_column_inner][vc_column_text]14. Accord de principe pour la mise en ench\u00e8re de mat\u00e9riaux communaux<\/p>\n<audio class=\"wp-audio-shortcode\" id=\"audio-25104-17\" preload=\"none\" style=\"width: 100%;\" controls=\"controls\"><source type=\"audio\/mpeg\" src=\"https:\/\/old-vianden.digitalvision.lu\/wp-content\/uploads\/2024\/09\/Punkt-14.mp3?_=17\" \/><a href=\"https:\/\/old-vianden.digitalvision.lu\/wp-content\/uploads\/2024\/09\/Punkt-14.mp3\">https:\/\/old-vianden.digitalvision.lu\/wp-content\/uploads\/2024\/09\/Punkt-14.mp3<\/a><\/audio>\n<p>[\/vc_column_text][\/vc_column_inner][\/vc_row_inner][\/vc_column][\/vc_row][vc_row][vc_column][vc_row_inner][vc_column_inner][vc_column_text]15. Approbation d\u2019un morcellement de parcelles<\/p>\n<audio class=\"wp-audio-shortcode\" id=\"audio-25104-18\" preload=\"none\" style=\"width: 100%;\" controls=\"controls\"><source type=\"audio\/wav\" src=\"https:\/\/old-vianden.digitalvision.lu\/wp-content\/uploads\/2024\/09\/Punkt-15.wav?_=18\" \/><a href=\"https:\/\/old-vianden.digitalvision.lu\/wp-content\/uploads\/2024\/09\/Punkt-15.wav\">https:\/\/old-vianden.digitalvision.lu\/wp-content\/uploads\/2024\/09\/Punkt-15.wav<\/a><\/audio>\n<p>[\/vc_column_text][\/vc_column_inner][\/vc_row_inner][\/vc_column][\/vc_row][vc_row][vc_column][vc_row_inner][vc_column_inner][vc_column_text]16.\u00a0Approbation des r\u00e8glements de circulation d\u2019urgence<\/p>\n<audio class=\"wp-audio-shortcode\" id=\"audio-25104-19\" preload=\"none\" style=\"width: 100%;\" controls=\"controls\"><source type=\"audio\/wav\" src=\"https:\/\/old-vianden.digitalvision.lu\/wp-content\/uploads\/2024\/09\/Punkt-16.wav?_=19\" \/><a href=\"https:\/\/old-vianden.digitalvision.lu\/wp-content\/uploads\/2024\/09\/Punkt-16.wav\">https:\/\/old-vianden.digitalvision.lu\/wp-content\/uploads\/2024\/09\/Punkt-16.wav<\/a><\/audio>\n<p>[\/vc_column_text][\/vc_column_inner][\/vc_row_inner][\/vc_column][\/vc_row][vc_row][vc_column][vc_row_inner][vc_column_inner][vc_column_text]17. Communication du coll\u00e8ge \u00e9chevinal<\/p>\n<audio class=\"wp-audio-shortcode\" id=\"audio-25104-20\" preload=\"none\" style=\"width: 100%;\" controls=\"controls\"><source type=\"audio\/mpeg\" src=\"https:\/\/old-vianden.digitalvision.lu\/wp-content\/uploads\/2024\/09\/Punkt-17-1.mp3?_=20\" \/><a href=\"https:\/\/old-vianden.digitalvision.lu\/wp-content\/uploads\/2024\/09\/Punkt-17-1.mp3\">https:\/\/old-vianden.digitalvision.lu\/wp-content\/uploads\/2024\/09\/Punkt-17-1.mp3<\/a><\/audio>\n<p>[\/vc_column_text][\/vc_column_inner][\/vc_row_inner][\/vc_column][\/vc_row][vc_row][vc_column][vc_row_inner][vc_column_inner][vc_column_text]18.Divers \u2013 Droit d\u2019initiative du conseiller communal, questions \u00e9crites et orales<\/p>\n<audio class=\"wp-audio-shortcode\" id=\"audio-25104-21\" preload=\"none\" style=\"width: 100%;\" controls=\"controls\"><source type=\"audio\/mpeg\" src=\"https:\/\/old-vianden.digitalvision.lu\/wp-content\/uploads\/2024\/09\/Punkt-18.mp3?_=21\" \/><a href=\"https:\/\/old-vianden.digitalvision.lu\/wp-content\/uploads\/2024\/09\/Punkt-18.mp3\">https:\/\/old-vianden.digitalvision.lu\/wp-content\/uploads\/2024\/09\/Punkt-18.mp3<\/a><\/audio>\n<p>[\/vc_column_text][\/vc_column_inner][\/vc_row_inner][\/vc_column][\/vc_row]<\/p>\n<\/div>","protected":false},"excerpt":{"rendered":"<p>[vc_row][vc_column][vc_row_inner][vc_column_inner][vc_column_text]Pr\u00e9sents: M. Weyrich Fran\u00e7ois Bourgmestre, M. PETRY Paul, MAJERUS Henri, Echevins, M. KLASEN Jean-Marie, MME SCHAEFER Patty, Mme MARQUES CONSTANTINO Adela\u00efde, M. D\u00dcBBERS Andr\u00e9, Excus\u00e9: M. VINANDY Jean-Claude,M. RODRIGUES TEIXEIRA Fernando Jos\u00e9 conseillers communaux M. Pol Schaus, secr\u00e9taire communal[\/vc_column_text][\/vc_column_inner][\/vc_row_inner][\/vc_column][\/vc_row][vc_row][vc_column][vc_row_inner][vc_column_inner][vc_column_text]Begr\u00e9issung [\/vc_column_text][\/vc_column_inner][\/vc_row_inner][\/vc_column][\/vc_row][vc_row][vc_column][vc_row_inner][vc_column_inner][vc_column_text]1.Etat des restants 2023 [\/vc_column_text][\/vc_column_inner][\/vc_row_inner][\/vc_column][\/vc_row][vc_row][vc_column][vc_row_inner][vc_column_inner][vc_column_text]2. Approbation du r\u00e8glement communal relatif \u00e0 la gestion des d\u00e9chets assur\u00e9e&hellip;<\/p>\n","protected":false},"author":7,"featured_media":0,"parent":0,"menu_order":0,"comment_status":"closed","ping_status":"closed","template":"","meta":[],"class_list":["post-25104","page","type-page","status-publish","hentry","description-off"],"translation":{"provider":"WPGlobus","version":"2.12.2","language":"fr","enabled_languages":["de","fr"],"languages":{"de":{"title":true,"content":true,"excerpt":false},"fr":{"title":false,"content":false,"excerpt":false}}},"publishpress_future_action":{"enabled":false,"date":"2026-04-15 00:25:12","action":"change-status","newStatus":"draft","terms":[],"taxonomy":""},"_links":{"self":[{"href":"https:\/\/old-vianden.digitalvision.lu\/fr\/index.php?rest_route=\/wp\/v2\/pages\/25104","targetHints":{"allow":["GET"]}}],"collection":[{"href":"https:\/\/old-vianden.digitalvision.lu\/fr\/index.php?rest_route=\/wp\/v2\/pages"}],"about":[{"href":"https:\/\/old-vianden.digitalvision.lu\/fr\/index.php?rest_route=\/wp\/v2\/types\/page"}],"author":[{"embeddable":true,"href":"https:\/\/old-vianden.digitalvision.lu\/fr\/index.php?rest_route=\/wp\/v2\/users\/7"}],"replies":[{"embeddable":true,"href":"https:\/\/old-vianden.digitalvision.lu\/fr\/index.php?rest_route=%2Fwp%2Fv2%2Fcomments&post=25104"}],"version-history":[{"count":1,"href":"https:\/\/old-vianden.digitalvision.lu\/fr\/index.php?rest_route=\/wp\/v2\/pages\/25104\/revisions"}],"predecessor-version":[{"id":25129,"href":"https:\/\/old-vianden.digitalvision.lu\/fr\/index.php?rest_route=\/wp\/v2\/pages\/25104\/revisions\/25129"}],"wp:attachment":[{"href":"https:\/\/old-vianden.digitalvision.lu\/fr\/index.php?rest_route=%2Fwp%2Fv2%2Fmedia&parent=25104"}],"curies":[{"name":"wp","href":"https:\/\/api.w.org\/{rel}","templated":true}]}}