{"id":24576,"date":"2024-05-10T16:12:33","date_gmt":"2024-05-10T14:12:33","guid":{"rendered":"https:\/\/old-vianden.digitalvision.lu\/?page_id=24576"},"modified":"2024-05-10T16:16:24","modified_gmt":"2024-05-10T14:16:24","slug":"reunion-du-conseil-communal-le-mercredi-8-mai-2024","status":"publish","type":"page","link":"https:\/\/old-vianden.digitalvision.lu\/fr\/?page_id=24576","title":{"rendered":"R\u00e9union du Conseil Communal le mercredi, 8 mai 2024"},"content":{"rendered":"<div class=\"wpb-content-wrapper\"><p>[vc_row][vc_column][vc_column_text]<\/p>\n<h4>Conseil Communal du<b> mercredi, 8 mai 2024 \u00e0 14.00 heures \u00e0 la mairie communale<br \/>\n<\/b><\/h4>\n<div class=\"page\" title=\"Page 1\">\n<div class=\"layoutArea\">\n<div class=\"column\">\n<p><strong>Pr\u00e9sents:<\/strong>\u00a0M. Weyrich Fran\u00e7ois Bourgmestre, M. PETRY Paul, MAJERUS Henri, Echevins, M. KLASEN Jean-Marie, Mme MARQUES CONSTANTINO Adela\u00efde, M. D\u00dcBBERS Andr\u00e9, M. RODRIGUES TEIXEIRA Fernando Jos\u00e9,MME SCHAEFER Patty<\/p>\n<p>Excus\u00e9: M. VINANDY Jean-Claude, M. RODRIGUES TEIXEIRA Fernando Jos\u00e9, conseillers communaux<\/p>\n<p>M. Pol Schaus, secr\u00e9taire communal<\/p>\n<\/div>\n<p>&nbsp;<\/p>\n<\/div>\n<\/div>\n<p>[\/vc_column_text][\/vc_column][\/vc_row][vc_row][vc_column][vc_column_text]Begr\u00e9issung<\/p>\n<!--[if lt IE 9]><script>document.createElement('audio');<\/script><![endif]-->\n<audio class=\"wp-audio-shortcode\" id=\"audio-24576-1\" preload=\"none\" style=\"width: 100%;\" controls=\"controls\"><source type=\"audio\/wav\" src=\"https:\/\/old-vianden.digitalvision.lu\/wp-content\/uploads\/2024\/05\/Begreissung.wav?_=1\" \/><a href=\"https:\/\/old-vianden.digitalvision.lu\/wp-content\/uploads\/2024\/05\/Begreissung.wav\">https:\/\/old-vianden.digitalvision.lu\/wp-content\/uploads\/2024\/05\/Begreissung.wav<\/a><\/audio>\n<p>[\/vc_column_text][\/vc_column][\/vc_row][vc_row][vc_column][vc_column_text]<\/p>\n<ol>\n<li>Approbation du projet d\u00e9finitif pour l\u2019am\u00e9nagement d\u2019une surfaces d\u00e9di\u00e9es pour utilisation futur d\u2019une pharmacie<\/li>\n<\/ol>\n<audio class=\"wp-audio-shortcode\" id=\"audio-24576-2\" preload=\"none\" style=\"width: 100%;\" controls=\"controls\"><source type=\"audio\/mpeg\" src=\"https:\/\/old-vianden.digitalvision.lu\/wp-content\/uploads\/2024\/05\/Punkt-1-online-audio-converter.com_.mp3?_=2\" \/><a href=\"https:\/\/old-vianden.digitalvision.lu\/wp-content\/uploads\/2024\/05\/Punkt-1-online-audio-converter.com_.mp3\">https:\/\/old-vianden.digitalvision.lu\/wp-content\/uploads\/2024\/05\/Punkt-1-online-audio-converter.com_.mp3<\/a><\/audio>\n<p>[\/vc_column_text][\/vc_column][\/vc_row][vc_row][vc_column][vc_column_text]2. Pr\u00e9sentation du plan pluriannuel financier<\/p>\n<audio class=\"wp-audio-shortcode\" id=\"audio-24576-3\" preload=\"none\" style=\"width: 100%;\" controls=\"controls\"><source type=\"audio\/mpeg\" src=\"https:\/\/old-vianden.digitalvision.lu\/wp-content\/uploads\/2024\/05\/Punkt-2.mp3?_=3\" \/><a href=\"https:\/\/old-vianden.digitalvision.lu\/wp-content\/uploads\/2024\/05\/Punkt-2.mp3\">https:\/\/old-vianden.digitalvision.lu\/wp-content\/uploads\/2024\/05\/Punkt-2.mp3<\/a><\/audio>\n<p>[\/vc_column_text][\/vc_column][\/vc_row][vc_row][vc_column][vc_column_text]3. Modifications budg\u00e9taires<\/p>\n<audio class=\"wp-audio-shortcode\" id=\"audio-24576-4\" preload=\"none\" style=\"width: 100%;\" controls=\"controls\"><source type=\"audio\/mpeg\" src=\"https:\/\/old-vianden.digitalvision.lu\/wp-content\/uploads\/2024\/05\/Punkt-3.mp3?_=4\" \/><a href=\"https:\/\/old-vianden.digitalvision.lu\/wp-content\/uploads\/2024\/05\/Punkt-3.mp3\">https:\/\/old-vianden.digitalvision.lu\/wp-content\/uploads\/2024\/05\/Punkt-3.mp3<\/a><\/audio>\n<p>[\/vc_column_text][\/vc_column][\/vc_row][vc_row][vc_column][vc_column_text]4. Approbation d\u2019ester en justice en appel<\/p>\n<audio class=\"wp-audio-shortcode\" id=\"audio-24576-5\" preload=\"none\" style=\"width: 100%;\" controls=\"controls\"><source type=\"audio\/mpeg\" src=\"https:\/\/old-vianden.digitalvision.lu\/wp-content\/uploads\/2024\/05\/Punkt-4.mp3?_=5\" \/><a href=\"https:\/\/old-vianden.digitalvision.lu\/wp-content\/uploads\/2024\/05\/Punkt-4.mp3\">https:\/\/old-vianden.digitalvision.lu\/wp-content\/uploads\/2024\/05\/Punkt-4.mp3<\/a><\/audio>\n<p>[\/vc_column_text][\/vc_column][\/vc_row][vc_row][vc_column][vc_column_text]5.\u00a0 Approbation de r\u00e8glements-taxes<\/p>\n<p>a) Camping Moulin<\/p>\n<audio class=\"wp-audio-shortcode\" id=\"audio-24576-6\" preload=\"none\" style=\"width: 100%;\" controls=\"controls\"><source type=\"audio\/mpeg\" src=\"https:\/\/old-vianden.digitalvision.lu\/wp-content\/uploads\/2024\/05\/Punkt-5a.mp3?_=6\" \/><a href=\"https:\/\/old-vianden.digitalvision.lu\/wp-content\/uploads\/2024\/05\/Punkt-5a.mp3\">https:\/\/old-vianden.digitalvision.lu\/wp-content\/uploads\/2024\/05\/Punkt-5a.mp3<\/a><\/audio>\n<p>b) Camping Deich<\/p>\n<audio class=\"wp-audio-shortcode\" id=\"audio-24576-7\" preload=\"none\" style=\"width: 100%;\" controls=\"controls\"><source type=\"audio\/wav\" src=\"https:\/\/old-vianden.digitalvision.lu\/wp-content\/uploads\/2024\/05\/Punkt-5b.wav?_=7\" \/><a href=\"https:\/\/old-vianden.digitalvision.lu\/wp-content\/uploads\/2024\/05\/Punkt-5b.wav\">https:\/\/old-vianden.digitalvision.lu\/wp-content\/uploads\/2024\/05\/Punkt-5b.wav<\/a><\/audio>\n<p>c) Mus\u00e9e de la ville de Vianden<\/p>\n<audio class=\"wp-audio-shortcode\" id=\"audio-24576-8\" preload=\"none\" style=\"width: 100%;\" controls=\"controls\"><source type=\"audio\/mpeg\" src=\"https:\/\/old-vianden.digitalvision.lu\/wp-content\/uploads\/2024\/05\/Punkt-5c.mp3?_=8\" \/><a href=\"https:\/\/old-vianden.digitalvision.lu\/wp-content\/uploads\/2024\/05\/Punkt-5c.mp3\">https:\/\/old-vianden.digitalvision.lu\/wp-content\/uploads\/2024\/05\/Punkt-5c.mp3<\/a><\/audio>\n<p>[\/vc_column_text][\/vc_column][\/vc_row][vc_row][vc_column][vc_column_text]6. Approbation de devis<\/p>\n<p>a) Acc\u00e8s carrossable \u00e9cole primaire pour service incendie<\/p>\n<audio class=\"wp-audio-shortcode\" id=\"audio-24576-9\" preload=\"none\" style=\"width: 100%;\" controls=\"controls\"><source type=\"audio\/mpeg\" src=\"https:\/\/old-vianden.digitalvision.lu\/wp-content\/uploads\/2024\/05\/Punkt-6a.mp3?_=9\" \/><a href=\"https:\/\/old-vianden.digitalvision.lu\/wp-content\/uploads\/2024\/05\/Punkt-6a.mp3\">https:\/\/old-vianden.digitalvision.lu\/wp-content\/uploads\/2024\/05\/Punkt-6a.mp3<\/a><\/audio>\n<p>b)Travaux de r\u00e9novation maison Schammel<\/p>\n<audio class=\"wp-audio-shortcode\" id=\"audio-24576-10\" preload=\"none\" style=\"width: 100%;\" controls=\"controls\"><source type=\"audio\/mpeg\" src=\"https:\/\/old-vianden.digitalvision.lu\/wp-content\/uploads\/2024\/05\/Punkt-6b.mp3?_=10\" \/><a href=\"https:\/\/old-vianden.digitalvision.lu\/wp-content\/uploads\/2024\/05\/Punkt-6b.mp3\">https:\/\/old-vianden.digitalvision.lu\/wp-content\/uploads\/2024\/05\/Punkt-6b.mp3<\/a><\/audio>\n<p>c) R\u00e9seau d\u2019eau potable en la rue du Sanatorium<\/p>\n<audio class=\"wp-audio-shortcode\" id=\"audio-24576-11\" preload=\"none\" style=\"width: 100%;\" controls=\"controls\"><source type=\"audio\/mpeg\" src=\"https:\/\/old-vianden.digitalvision.lu\/wp-content\/uploads\/2024\/05\/Punkt-6c.mp3?_=11\" \/><a href=\"https:\/\/old-vianden.digitalvision.lu\/wp-content\/uploads\/2024\/05\/Punkt-6c.mp3\">https:\/\/old-vianden.digitalvision.lu\/wp-content\/uploads\/2024\/05\/Punkt-6c.mp3<\/a><\/audio>\n<p>d)Devis pour la construction d\u2019un pavillon<\/p>\n<audio class=\"wp-audio-shortcode\" id=\"audio-24576-12\" preload=\"none\" style=\"width: 100%;\" controls=\"controls\"><source type=\"audio\/mpeg\" src=\"https:\/\/old-vianden.digitalvision.lu\/wp-content\/uploads\/2024\/05\/Punkt-6d.mp3?_=12\" \/><a href=\"https:\/\/old-vianden.digitalvision.lu\/wp-content\/uploads\/2024\/05\/Punkt-6d.mp3\">https:\/\/old-vianden.digitalvision.lu\/wp-content\/uploads\/2024\/05\/Punkt-6d.mp3<\/a><\/audio>\n<p>[\/vc_column_text][\/vc_column][\/vc_row][vc_row][vc_column][vc_column_text]7. Approbation de subsides extraordinaires<\/p>\n<p>a) Participation de la ville de Vianden au Festival BD de Contern<\/p>\n<audio class=\"wp-audio-shortcode\" id=\"audio-24576-13\" preload=\"none\" style=\"width: 100%;\" controls=\"controls\"><source type=\"audio\/mpeg\" src=\"https:\/\/old-vianden.digitalvision.lu\/wp-content\/uploads\/2024\/05\/Punkt-7a.mp3?_=13\" \/><a href=\"https:\/\/old-vianden.digitalvision.lu\/wp-content\/uploads\/2024\/05\/Punkt-7a.mp3\">https:\/\/old-vianden.digitalvision.lu\/wp-content\/uploads\/2024\/05\/Punkt-7a.mp3<\/a><\/audio>\n<p>b) Subside extraordinaire pour les KultOureilen<\/p>\n<audio class=\"wp-audio-shortcode\" id=\"audio-24576-14\" preload=\"none\" style=\"width: 100%;\" controls=\"controls\"><source type=\"audio\/mpeg\" src=\"https:\/\/old-vianden.digitalvision.lu\/wp-content\/uploads\/2024\/05\/Punkt-7b.mp3?_=14\" \/><a href=\"https:\/\/old-vianden.digitalvision.lu\/wp-content\/uploads\/2024\/05\/Punkt-7b.mp3\">https:\/\/old-vianden.digitalvision.lu\/wp-content\/uploads\/2024\/05\/Punkt-7b.mp3<\/a><\/audio>\n<p>[\/vc_column_text][\/vc_column][\/vc_row][vc_row][vc_column][vc_column_text]8. Contrats et conventions<\/p>\n<p>a) Contrats Automation Center<\/p>\n<audio class=\"wp-audio-shortcode\" id=\"audio-24576-15\" preload=\"none\" style=\"width: 100%;\" controls=\"controls\"><source type=\"audio\/mpeg\" src=\"https:\/\/old-vianden.digitalvision.lu\/wp-content\/uploads\/2024\/05\/Punkt-8a.mp3?_=15\" \/><a href=\"https:\/\/old-vianden.digitalvision.lu\/wp-content\/uploads\/2024\/05\/Punkt-8a.mp3\">https:\/\/old-vianden.digitalvision.lu\/wp-content\/uploads\/2024\/05\/Punkt-8a.mp3<\/a><\/audio>\n<p>b) Contrat de louage pour la mise \u00e0 disposition du b\u00e2timent pour le CGDIS<\/p>\n<audio class=\"wp-audio-shortcode\" id=\"audio-24576-16\" preload=\"none\" style=\"width: 100%;\" controls=\"controls\"><source type=\"audio\/mpeg\" src=\"https:\/\/old-vianden.digitalvision.lu\/wp-content\/uploads\/2024\/05\/Punkt-8b.mp3?_=16\" \/><a href=\"https:\/\/old-vianden.digitalvision.lu\/wp-content\/uploads\/2024\/05\/Punkt-8b.mp3\">https:\/\/old-vianden.digitalvision.lu\/wp-content\/uploads\/2024\/05\/Punkt-8b.mp3<\/a><\/audio>\n<p>c) Contrat avec Orange pour la mise \u00e0 disposition du Hockelstour<\/p>\n<audio class=\"wp-audio-shortcode\" id=\"audio-24576-17\" preload=\"none\" style=\"width: 100%;\" controls=\"controls\"><source type=\"audio\/mpeg\" src=\"https:\/\/old-vianden.digitalvision.lu\/wp-content\/uploads\/2024\/05\/Punkt-8c.mp3?_=17\" \/><a href=\"https:\/\/old-vianden.digitalvision.lu\/wp-content\/uploads\/2024\/05\/Punkt-8c.mp3\">https:\/\/old-vianden.digitalvision.lu\/wp-content\/uploads\/2024\/05\/Punkt-8c.mp3<\/a><\/audio>\n<p>d) Contrat de travail<\/p>\n<audio class=\"wp-audio-shortcode\" id=\"audio-24576-18\" preload=\"none\" style=\"width: 100%;\" controls=\"controls\"><source type=\"audio\/mpeg\" src=\"https:\/\/old-vianden.digitalvision.lu\/wp-content\/uploads\/2024\/05\/Punkt-8d.mp3?_=18\" \/><a href=\"https:\/\/old-vianden.digitalvision.lu\/wp-content\/uploads\/2024\/05\/Punkt-8d.mp3\">https:\/\/old-vianden.digitalvision.lu\/wp-content\/uploads\/2024\/05\/Punkt-8d.mp3<\/a><\/audio>\n<p>e) Contrat de bail Camping Moulin<\/p>\n<audio class=\"wp-audio-shortcode\" id=\"audio-24576-19\" preload=\"none\" style=\"width: 100%;\" controls=\"controls\"><source type=\"audio\/mpeg\" src=\"https:\/\/old-vianden.digitalvision.lu\/wp-content\/uploads\/2024\/05\/Punkt-8e.mp3?_=19\" \/><a href=\"https:\/\/old-vianden.digitalvision.lu\/wp-content\/uploads\/2024\/05\/Punkt-8e.mp3\">https:\/\/old-vianden.digitalvision.lu\/wp-content\/uploads\/2024\/05\/Punkt-8e.mp3<\/a><\/audio>\n<p>f) Suspension de contrat avec SOGEDEC<\/p>\n<audio class=\"wp-audio-shortcode\" id=\"audio-24576-20\" preload=\"none\" style=\"width: 100%;\" controls=\"controls\"><source type=\"audio\/mpeg\" src=\"https:\/\/old-vianden.digitalvision.lu\/wp-content\/uploads\/2024\/05\/Punkt-8f.mp3?_=20\" \/><a href=\"https:\/\/old-vianden.digitalvision.lu\/wp-content\/uploads\/2024\/05\/Punkt-8f.mp3\">https:\/\/old-vianden.digitalvision.lu\/wp-content\/uploads\/2024\/05\/Punkt-8f.mp3<\/a><\/audio>\n<p>[\/vc_column_text][\/vc_column][\/vc_row][vc_row][vc_column][vc_column_text]9. Approbation des conditions g\u00e9n\u00e9rales et du r\u00e8glement d\u2019utilisation au camping Moulin<\/p>\n<audio class=\"wp-audio-shortcode\" id=\"audio-24576-21\" preload=\"none\" style=\"width: 100%;\" controls=\"controls\"><source type=\"audio\/mpeg\" src=\"https:\/\/old-vianden.digitalvision.lu\/wp-content\/uploads\/2024\/05\/Punkt-9.mp3?_=21\" \/><a href=\"https:\/\/old-vianden.digitalvision.lu\/wp-content\/uploads\/2024\/05\/Punkt-9.mp3\">https:\/\/old-vianden.digitalvision.lu\/wp-content\/uploads\/2024\/05\/Punkt-9.mp3<\/a><\/audio>\n<p>[\/vc_column_text][\/vc_column][\/vc_row][vc_row][vc_column][vc_column_text]10. Concept de r\u00e9duction de la pollution lumineuse (pacte nature)<\/p>\n<audio class=\"wp-audio-shortcode\" id=\"audio-24576-22\" preload=\"none\" style=\"width: 100%;\" controls=\"controls\"><source type=\"audio\/mpeg\" src=\"https:\/\/old-vianden.digitalvision.lu\/wp-content\/uploads\/2024\/05\/Punkt-10.mp3?_=22\" \/><a href=\"https:\/\/old-vianden.digitalvision.lu\/wp-content\/uploads\/2024\/05\/Punkt-10.mp3\">https:\/\/old-vianden.digitalvision.lu\/wp-content\/uploads\/2024\/05\/Punkt-10.mp3<\/a><\/audio>\n<p>[\/vc_column_text][\/vc_column][\/vc_row][vc_row][vc_column][vc_column_text]11. Attribution de nom de la route en la ZAE Bettel<\/p>\n<audio class=\"wp-audio-shortcode\" id=\"audio-24576-23\" preload=\"none\" style=\"width: 100%;\" controls=\"controls\"><source type=\"audio\/mpeg\" src=\"https:\/\/old-vianden.digitalvision.lu\/wp-content\/uploads\/2024\/05\/Punkt-11.mp3?_=23\" \/><a href=\"https:\/\/old-vianden.digitalvision.lu\/wp-content\/uploads\/2024\/05\/Punkt-11.mp3\">https:\/\/old-vianden.digitalvision.lu\/wp-content\/uploads\/2024\/05\/Punkt-11.mp3<\/a><\/audio>\n<p>[\/vc_column_text][\/vc_column][\/vc_row][vc_row][vc_column][vc_column_text]12. Nomination pour la commission du troisi\u00e8me \u00e2ge<\/p>\n<audio class=\"wp-audio-shortcode\" id=\"audio-24576-24\" preload=\"none\" style=\"width: 100%;\" controls=\"controls\"><source type=\"audio\/mpeg\" src=\"https:\/\/old-vianden.digitalvision.lu\/wp-content\/uploads\/2024\/05\/Punkt-12.mp3?_=24\" \/><a href=\"https:\/\/old-vianden.digitalvision.lu\/wp-content\/uploads\/2024\/05\/Punkt-12.mp3\">https:\/\/old-vianden.digitalvision.lu\/wp-content\/uploads\/2024\/05\/Punkt-12.mp3<\/a><\/audio>\n<p>[\/vc_column_text][\/vc_column][\/vc_row][vc_row][vc_column][vc_column_text]13. Approbation des r\u00e8glements de circulation d\u2019urgence<\/p>\n<p>Rue Victor Hugo<\/p>\n<p>Rue Sanatorium<\/p>\n<p>92, Grand-rue<\/p>\n<p>Kermesse \u00e0 Vianden<\/p>\n<p>Parking Neipiertchen<\/p>\n<p>Meefest<\/p>\n<p>Nordic Rock<\/p>\n<audio class=\"wp-audio-shortcode\" id=\"audio-24576-25\" preload=\"none\" style=\"width: 100%;\" controls=\"controls\"><source type=\"audio\/mpeg\" src=\"https:\/\/old-vianden.digitalvision.lu\/wp-content\/uploads\/2024\/05\/Punkt-13a-g.mp3?_=25\" \/><a href=\"https:\/\/old-vianden.digitalvision.lu\/wp-content\/uploads\/2024\/05\/Punkt-13a-g.mp3\">https:\/\/old-vianden.digitalvision.lu\/wp-content\/uploads\/2024\/05\/Punkt-13a-g.mp3<\/a><\/audio>\n<p>[\/vc_column_text][\/vc_column][\/vc_row][vc_row][vc_column][vc_column_text]14. Communication du coll\u00e8ge \u00e9chevinal<\/p>\n<audio class=\"wp-audio-shortcode\" id=\"audio-24576-26\" preload=\"none\" style=\"width: 100%;\" controls=\"controls\"><source type=\"audio\/mpeg\" src=\"https:\/\/old-vianden.digitalvision.lu\/wp-content\/uploads\/2024\/05\/Punkt-14.mp3?_=26\" \/><a href=\"https:\/\/old-vianden.digitalvision.lu\/wp-content\/uploads\/2024\/05\/Punkt-14.mp3\">https:\/\/old-vianden.digitalvision.lu\/wp-content\/uploads\/2024\/05\/Punkt-14.mp3<\/a><\/audio>\n<p>[\/vc_column_text][\/vc_column][\/vc_row][vc_row][vc_column][vc_column_text]15. Divers \u2013 Droit d\u2019initiative du conseiller communal, questions \u00e9crites et orales<\/p>\n<audio class=\"wp-audio-shortcode\" id=\"audio-24576-27\" preload=\"none\" style=\"width: 100%;\" controls=\"controls\"><source type=\"audio\/mpeg\" src=\"https:\/\/old-vianden.digitalvision.lu\/wp-content\/uploads\/2024\/05\/Punkt-15.mp3?_=27\" \/><a href=\"https:\/\/old-vianden.digitalvision.lu\/wp-content\/uploads\/2024\/05\/Punkt-15.mp3\">https:\/\/old-vianden.digitalvision.lu\/wp-content\/uploads\/2024\/05\/Punkt-15.mp3<\/a><\/audio>\n<p>[\/vc_column_text][\/vc_column][\/vc_row]<\/p>\n<\/div>","protected":false},"excerpt":{"rendered":"<p>[vc_row][vc_column][vc_column_text] Conseil Communal du mercredi, 8 mai 2024 \u00e0 14.00 heures \u00e0 la mairie communale Pr\u00e9sents:\u00a0M. Weyrich Fran\u00e7ois Bourgmestre, M. PETRY Paul, MAJERUS Henri, Echevins, M. KLASEN Jean-Marie, Mme MARQUES CONSTANTINO Adela\u00efde, M. D\u00dcBBERS Andr\u00e9, M. RODRIGUES TEIXEIRA Fernando Jos\u00e9,MME SCHAEFER Patty Excus\u00e9: M. VINANDY Jean-Claude, M. RODRIGUES TEIXEIRA Fernando Jos\u00e9, conseillers communaux M. Pol&hellip;<\/p>\n","protected":false},"author":8,"featured_media":0,"parent":24285,"menu_order":0,"comment_status":"closed","ping_status":"closed","template":"","meta":[],"class_list":["post-24576","page","type-page","status-publish","hentry","description-off"],"translation":{"provider":"WPGlobus","version":"2.12.2","language":"fr","enabled_languages":["de","fr"],"languages":{"de":{"title":true,"content":true,"excerpt":false},"fr":{"title":false,"content":false,"excerpt":false}}},"publishpress_future_action":{"enabled":false,"date":"2026-04-14 22:55:01","action":"change-status","newStatus":"draft","terms":[],"taxonomy":""},"_links":{"self":[{"href":"https:\/\/old-vianden.digitalvision.lu\/fr\/index.php?rest_route=\/wp\/v2\/pages\/24576","targetHints":{"allow":["GET"]}}],"collection":[{"href":"https:\/\/old-vianden.digitalvision.lu\/fr\/index.php?rest_route=\/wp\/v2\/pages"}],"about":[{"href":"https:\/\/old-vianden.digitalvision.lu\/fr\/index.php?rest_route=\/wp\/v2\/types\/page"}],"author":[{"embeddable":true,"href":"https:\/\/old-vianden.digitalvision.lu\/fr\/index.php?rest_route=\/wp\/v2\/users\/8"}],"replies":[{"embeddable":true,"href":"https:\/\/old-vianden.digitalvision.lu\/fr\/index.php?rest_route=%2Fwp%2Fv2%2Fcomments&post=24576"}],"version-history":[{"count":2,"href":"https:\/\/old-vianden.digitalvision.lu\/fr\/index.php?rest_route=\/wp\/v2\/pages\/24576\/revisions"}],"predecessor-version":[{"id":24611,"href":"https:\/\/old-vianden.digitalvision.lu\/fr\/index.php?rest_route=\/wp\/v2\/pages\/24576\/revisions\/24611"}],"up":[{"embeddable":true,"href":"https:\/\/old-vianden.digitalvision.lu\/fr\/index.php?rest_route=\/wp\/v2\/pages\/24285"}],"wp:attachment":[{"href":"https:\/\/old-vianden.digitalvision.lu\/fr\/index.php?rest_route=%2Fwp%2Fv2%2Fmedia&parent=24576"}],"curies":[{"name":"wp","href":"https:\/\/api.w.org\/{rel}","templated":true}]}}