{"id":24254,"date":"2024-02-09T08:45:56","date_gmt":"2024-02-09T07:45:56","guid":{"rendered":"https:\/\/old-vianden.digitalvision.lu\/?page_id=24254"},"modified":"2024-02-09T09:58:19","modified_gmt":"2024-02-09T08:58:19","slug":"reunion-du-conseil-communal-le-mercredi-31-janvier-2024","status":"publish","type":"page","link":"https:\/\/old-vianden.digitalvision.lu\/fr\/?page_id=24254","title":{"rendered":"R\u00e9union du Conseil Communal le mercredi, 31 janvier 2024"},"content":{"rendered":"<div class=\"wpb-content-wrapper\"><p>[vc_row][vc_column][vc_column_text]<\/p>\n<h4>Conseil Communal du<b> mercredi, 31 janvier 2024 \u00e0 14.00 heures \u00e0 la mairie communale<br \/>\n<\/b><\/h4>\n<div class=\"page\" title=\"Page 1\">\n<div class=\"layoutArea\">\n<div class=\"column\">\n<p><strong>Pr\u00e9sents:<\/strong> M. Weyrich Fran\u00e7ois Bourgmestre, M. PETRY Paul, MAJERUS Henri, Echevins, M. KLASEN Jean-Marie, Mme MARQUES CONSTANTINO Adela\u00efde, M. D\u00dcBBERS Andr\u00e9, M. RODRIGUES TEIXEIRA Fernando Jos\u00e9,<\/p>\n<p>Excus\u00e9: M. VINANDY Jean-Claude, MME SCHAEFER Patty, conseillers communaux<\/p>\n<p>M. Pol Schaus, secr\u00e9taire communal<\/p>\n<\/div>\n<\/div>\n<\/div>\n<p>[\/vc_column_text][\/vc_column][\/vc_row][vc_row][vc_column][vc_column_text]<strong>Begr\u00e9issung<\/strong><\/p>\n<!--[if lt IE 9]><script>document.createElement('audio');<\/script><![endif]-->\n<audio class=\"wp-audio-shortcode\" id=\"audio-24254-1\" preload=\"none\" style=\"width: 100%;\" controls=\"controls\"><source type=\"audio\/mpeg\" src=\"https:\/\/old-vianden.digitalvision.lu\/wp-content\/uploads\/2024\/02\/Begreissung-1.mp3?_=1\" \/><a href=\"https:\/\/old-vianden.digitalvision.lu\/wp-content\/uploads\/2024\/02\/Begreissung-1.mp3\">https:\/\/old-vianden.digitalvision.lu\/wp-content\/uploads\/2024\/02\/Begreissung-1.mp3<\/a><\/audio>\n<p>[\/vc_column_text][\/vc_column][\/vc_row][vc_row][vc_column][vc_column_text]<strong>Annulatioun Punkt 9<\/strong><\/p>\n<audio class=\"wp-audio-shortcode\" id=\"audio-24254-2\" preload=\"none\" style=\"width: 100%;\" controls=\"controls\"><source type=\"audio\/mpeg\" src=\"https:\/\/old-vianden.digitalvision.lu\/wp-content\/uploads\/2024\/02\/Annulatioun-Punkt-9-ODJ.mp3?_=2\" \/><a href=\"https:\/\/old-vianden.digitalvision.lu\/wp-content\/uploads\/2024\/02\/Annulatioun-Punkt-9-ODJ.mp3\">https:\/\/old-vianden.digitalvision.lu\/wp-content\/uploads\/2024\/02\/Annulatioun-Punkt-9-ODJ.mp3<\/a><\/audio>\n<p>[\/vc_column_text][\/vc_column][\/vc_row][vc_row][vc_column][vc_column_text]<strong>1. Cr\u00e9ation d\u2019un poste de fonctionnaire pour le bureau de la population<\/strong><\/p>\n<audio class=\"wp-audio-shortcode\" id=\"audio-24254-3\" preload=\"none\" style=\"width: 100%;\" controls=\"controls\"><source type=\"audio\/mpeg\" src=\"https:\/\/old-vianden.digitalvision.lu\/wp-content\/uploads\/2024\/02\/Punkt-1-2-1.mp3?_=3\" \/><a href=\"https:\/\/old-vianden.digitalvision.lu\/wp-content\/uploads\/2024\/02\/Punkt-1-2-1.mp3\">https:\/\/old-vianden.digitalvision.lu\/wp-content\/uploads\/2024\/02\/Punkt-1-2-1.mp3<\/a><\/audio>\n<p>[\/vc_column_text][\/vc_column][\/vc_row][vc_row][vc_column][vc_column_text]<strong>2.Modification de la cr\u00e9ation de poste pour les besoins du service technique<\/strong><\/p>\n<audio class=\"wp-audio-shortcode\" id=\"audio-24254-4\" preload=\"none\" style=\"width: 100%;\" controls=\"controls\"><source type=\"audio\/mpeg\" src=\"https:\/\/old-vianden.digitalvision.lu\/wp-content\/uploads\/2024\/02\/Punkt-2-1.mp3?_=4\" \/><a href=\"https:\/\/old-vianden.digitalvision.lu\/wp-content\/uploads\/2024\/02\/Punkt-2-1.mp3\">https:\/\/old-vianden.digitalvision.lu\/wp-content\/uploads\/2024\/02\/Punkt-2-1.mp3<\/a><\/audio>\n<p>[\/vc_column_text][\/vc_column][\/vc_row][vc_row][vc_column][vc_column_text]<strong>3. Approbation de la convention de mise en \u0153uvre Pacte Logement 2.0<\/strong><\/p>\n<audio class=\"wp-audio-shortcode\" id=\"audio-24254-5\" preload=\"none\" style=\"width: 100%;\" controls=\"controls\"><source type=\"audio\/mpeg\" src=\"https:\/\/old-vianden.digitalvision.lu\/wp-content\/uploads\/2024\/02\/Punkt-3-1.mp3?_=5\" \/><a href=\"https:\/\/old-vianden.digitalvision.lu\/wp-content\/uploads\/2024\/02\/Punkt-3-1.mp3\">https:\/\/old-vianden.digitalvision.lu\/wp-content\/uploads\/2024\/02\/Punkt-3-1.mp3<\/a><\/audio>\n<p>[\/vc_column_text][\/vc_column][\/vc_row][vc_row][vc_column][vc_column_text]<strong>4. D\u00e9cision de principe de recourir \u00e0 un cr\u00e9dit-bail pour l\u2019acquisition d\u2019une camionnette avec compacteur \u00e0 d\u00e9chets<\/strong><\/p>\n<audio class=\"wp-audio-shortcode\" id=\"audio-24254-6\" preload=\"none\" style=\"width: 100%;\" controls=\"controls\"><source type=\"audio\/mpeg\" src=\"https:\/\/old-vianden.digitalvision.lu\/wp-content\/uploads\/2024\/02\/Punkt-4-1.mp3?_=6\" \/><a href=\"https:\/\/old-vianden.digitalvision.lu\/wp-content\/uploads\/2024\/02\/Punkt-4-1.mp3\">https:\/\/old-vianden.digitalvision.lu\/wp-content\/uploads\/2024\/02\/Punkt-4-1.mp3<\/a><\/audio>\n<p>[\/vc_column_text][\/vc_column][\/vc_row][vc_row][vc_column][vc_column_text]<strong>5. Fixation de tarifs<\/strong><\/p>\n<p><strong>A. T\u00e9l\u00e9si\u00e8ge<\/strong><\/p>\n<audio class=\"wp-audio-shortcode\" id=\"audio-24254-7\" preload=\"none\" style=\"width: 100%;\" controls=\"controls\"><source type=\"audio\/mpeg\" src=\"https:\/\/old-vianden.digitalvision.lu\/wp-content\/uploads\/2024\/02\/Punkt-5a.mp3?_=7\" \/><a href=\"https:\/\/old-vianden.digitalvision.lu\/wp-content\/uploads\/2024\/02\/Punkt-5a.mp3\">https:\/\/old-vianden.digitalvision.lu\/wp-content\/uploads\/2024\/02\/Punkt-5a.mp3<\/a><\/audio>\n<p><strong>B. Camping Deich<\/strong><\/p>\n<p><strong>C. Camping Moulin<\/strong><\/p>\n<audio class=\"wp-audio-shortcode\" id=\"audio-24254-8\" preload=\"none\" style=\"width: 100%;\" controls=\"controls\"><source type=\"audio\/mpeg\" src=\"https:\/\/old-vianden.digitalvision.lu\/wp-content\/uploads\/2024\/02\/Punkt-5bc.mp3?_=8\" \/><a href=\"https:\/\/old-vianden.digitalvision.lu\/wp-content\/uploads\/2024\/02\/Punkt-5bc.mp3\">https:\/\/old-vianden.digitalvision.lu\/wp-content\/uploads\/2024\/02\/Punkt-5bc.mp3<\/a><\/audio>\n<p><strong>D. Tourist Info<\/strong><\/p>\n<audio class=\"wp-audio-shortcode\" id=\"audio-24254-9\" preload=\"none\" style=\"width: 100%;\" controls=\"controls\"><source type=\"audio\/mpeg\" src=\"https:\/\/old-vianden.digitalvision.lu\/wp-content\/uploads\/2024\/02\/Punkt-5d-1-1.mp3?_=9\" \/><a href=\"https:\/\/old-vianden.digitalvision.lu\/wp-content\/uploads\/2024\/02\/Punkt-5d-1-1.mp3\">https:\/\/old-vianden.digitalvision.lu\/wp-content\/uploads\/2024\/02\/Punkt-5d-1-1.mp3<\/a><\/audio>\n<p>[\/vc_column_text][\/vc_column][\/vc_row][vc_row][vc_column][vc_column_text]<strong>6. Demande de subside extraordinaire<\/strong><\/p>\n<p><strong>A. Elteren fir d\u2019Vakanzekolonie a.s.b.l<\/strong><\/p>\n<audio class=\"wp-audio-shortcode\" id=\"audio-24254-10\" preload=\"none\" style=\"width: 100%;\" controls=\"controls\"><source type=\"audio\/mpeg\" src=\"https:\/\/old-vianden.digitalvision.lu\/wp-content\/uploads\/2024\/02\/Punkt-6a.mp3?_=10\" \/><a href=\"https:\/\/old-vianden.digitalvision.lu\/wp-content\/uploads\/2024\/02\/Punkt-6a.mp3\">https:\/\/old-vianden.digitalvision.lu\/wp-content\/uploads\/2024\/02\/Punkt-6a.mp3<\/a><\/audio>\n<p><strong>B. Ourdaller Nessknacker Vianden<\/strong><\/p>\n<audio class=\"wp-audio-shortcode\" id=\"audio-24254-11\" preload=\"none\" style=\"width: 100%;\" controls=\"controls\"><source type=\"audio\/mpeg\" src=\"https:\/\/old-vianden.digitalvision.lu\/wp-content\/uploads\/2024\/02\/Punkt-6b.mp3?_=11\" \/><a href=\"https:\/\/old-vianden.digitalvision.lu\/wp-content\/uploads\/2024\/02\/Punkt-6b.mp3\">https:\/\/old-vianden.digitalvision.lu\/wp-content\/uploads\/2024\/02\/Punkt-6b.mp3<\/a><\/audio>\n<p>[\/vc_column_text][\/vc_column][\/vc_row][vc_row][vc_column][vc_column_text]<strong>7. Approbation d\u2019une demande de morcellement<\/strong><\/p>\n<audio class=\"wp-audio-shortcode\" id=\"audio-24254-12\" preload=\"none\" style=\"width: 100%;\" controls=\"controls\"><source type=\"audio\/mpeg\" src=\"https:\/\/old-vianden.digitalvision.lu\/wp-content\/uploads\/2024\/02\/Punkt-7-1.mp3?_=12\" \/><a href=\"https:\/\/old-vianden.digitalvision.lu\/wp-content\/uploads\/2024\/02\/Punkt-7-1.mp3\">https:\/\/old-vianden.digitalvision.lu\/wp-content\/uploads\/2024\/02\/Punkt-7-1.mp3<\/a><\/audio>\n<p>[\/vc_column_text][\/vc_column][\/vc_row][vc_row][vc_column][vc_column_text]<strong>8. Approbation de contrats et de conventions<\/strong><\/p>\n<p><strong>A. R\u00e9siliation du contrat de bail pour le b\u00e2timent de la BCEE<\/strong><\/p>\n<audio class=\"wp-audio-shortcode\" id=\"audio-24254-13\" preload=\"none\" style=\"width: 100%;\" controls=\"controls\"><source type=\"audio\/wav\" src=\"https:\/\/old-vianden.digitalvision.lu\/wp-content\/uploads\/2024\/02\/Punkt-8a.wav?_=13\" \/><a href=\"https:\/\/old-vianden.digitalvision.lu\/wp-content\/uploads\/2024\/02\/Punkt-8a.wav\">https:\/\/old-vianden.digitalvision.lu\/wp-content\/uploads\/2024\/02\/Punkt-8a.wav<\/a><\/audio>\n<p><strong>B. Contrat de bail pour la location d\u2019une place de stationnement<\/strong><\/p>\n<audio class=\"wp-audio-shortcode\" id=\"audio-24254-14\" preload=\"none\" style=\"width: 100%;\" controls=\"controls\"><source type=\"audio\/wav\" src=\"https:\/\/old-vianden.digitalvision.lu\/wp-content\/uploads\/2024\/02\/Punkt-8b.wav?_=14\" \/><a href=\"https:\/\/old-vianden.digitalvision.lu\/wp-content\/uploads\/2024\/02\/Punkt-8b.wav\">https:\/\/old-vianden.digitalvision.lu\/wp-content\/uploads\/2024\/02\/Punkt-8b.wav<\/a><\/audio>\n<p><strong>C. Contrat de bail au camping Deich<\/strong><\/p>\n<audio class=\"wp-audio-shortcode\" id=\"audio-24254-15\" preload=\"none\" style=\"width: 100%;\" controls=\"controls\"><source type=\"audio\/mpeg\" src=\"https:\/\/old-vianden.digitalvision.lu\/wp-content\/uploads\/2024\/02\/Punkt-8c.mp3?_=15\" \/><a href=\"https:\/\/old-vianden.digitalvision.lu\/wp-content\/uploads\/2024\/02\/Punkt-8c.mp3\">https:\/\/old-vianden.digitalvision.lu\/wp-content\/uploads\/2024\/02\/Punkt-8c.mp3<\/a><\/audio>\n<p>[\/vc_column_text][\/vc_column][\/vc_row][vc_row][vc_column][vc_column_text]<strong>9. D\u00e9cision de principe pour la construction d\u2019un complexe touristique sur le site de la piscine de Vianden<\/strong><\/p>\n<audio class=\"wp-audio-shortcode\" id=\"audio-24254-16\" preload=\"none\" style=\"width: 100%;\" controls=\"controls\"><source type=\"audio\/mpeg\" src=\"https:\/\/old-vianden.digitalvision.lu\/wp-content\/uploads\/2024\/02\/Punkt-9-1.mp3?_=16\" \/><a href=\"https:\/\/old-vianden.digitalvision.lu\/wp-content\/uploads\/2024\/02\/Punkt-9-1.mp3\">https:\/\/old-vianden.digitalvision.lu\/wp-content\/uploads\/2024\/02\/Punkt-9-1.mp3<\/a><\/audio>\n<p>[\/vc_column_text][\/vc_column][\/vc_row][vc_row][vc_column][vc_column_text]<strong>10. Approbation de modification du r\u00e8glement de circulation<\/strong><\/p>\n<audio class=\"wp-audio-shortcode\" id=\"audio-24254-17\" preload=\"none\" style=\"width: 100%;\" controls=\"controls\"><source type=\"audio\/mpeg\" src=\"https:\/\/old-vianden.digitalvision.lu\/wp-content\/uploads\/2024\/02\/Punkt-10-1.mp3?_=17\" \/><a href=\"https:\/\/old-vianden.digitalvision.lu\/wp-content\/uploads\/2024\/02\/Punkt-10-1.mp3\">https:\/\/old-vianden.digitalvision.lu\/wp-content\/uploads\/2024\/02\/Punkt-10-1.mp3<\/a><\/audio>\n<p>[\/vc_column_text][\/vc_column][\/vc_row][vc_row][vc_column][vc_column_text]<strong>11. Communication du coll\u00e8ge \u00e9chevinal<\/strong><\/p>\n<audio class=\"wp-audio-shortcode\" id=\"audio-24254-18\" preload=\"none\" style=\"width: 100%;\" controls=\"controls\"><source type=\"audio\/mpeg\" src=\"https:\/\/old-vianden.digitalvision.lu\/wp-content\/uploads\/2024\/02\/Punkt-11-1.mp3?_=18\" \/><a href=\"https:\/\/old-vianden.digitalvision.lu\/wp-content\/uploads\/2024\/02\/Punkt-11-1.mp3\">https:\/\/old-vianden.digitalvision.lu\/wp-content\/uploads\/2024\/02\/Punkt-11-1.mp3<\/a><\/audio>\n<p>[\/vc_column_text][\/vc_column][\/vc_row][vc_row][vc_column][vc_column_text]<strong>12. Divers \u2013 Droit d\u2019initiative du conseiller communal, questions \u00e9crites et orales<\/strong><\/p>\n<audio class=\"wp-audio-shortcode\" id=\"audio-24254-19\" preload=\"none\" style=\"width: 100%;\" controls=\"controls\"><source type=\"audio\/mpeg\" src=\"https:\/\/old-vianden.digitalvision.lu\/wp-content\/uploads\/2024\/02\/Punkt-12-1.mp3?_=19\" \/><a href=\"https:\/\/old-vianden.digitalvision.lu\/wp-content\/uploads\/2024\/02\/Punkt-12-1.mp3\">https:\/\/old-vianden.digitalvision.lu\/wp-content\/uploads\/2024\/02\/Punkt-12-1.mp3<\/a><\/audio>\n<p>[\/vc_column_text][\/vc_column][\/vc_row]<\/p>\n<\/div>","protected":false},"excerpt":{"rendered":"<p>[vc_row][vc_column][vc_column_text] Conseil Communal du mercredi, 31 janvier 2024 \u00e0 14.00 heures \u00e0 la mairie communale Pr\u00e9sents: M. Weyrich Fran\u00e7ois Bourgmestre, M. PETRY Paul, MAJERUS Henri, Echevins, M. KLASEN Jean-Marie, Mme MARQUES CONSTANTINO Adela\u00efde, M. D\u00dcBBERS Andr\u00e9, M. RODRIGUES TEIXEIRA Fernando Jos\u00e9, Excus\u00e9: M. VINANDY Jean-Claude, MME SCHAEFER Patty, conseillers communaux M. Pol Schaus, secr\u00e9taire communal&hellip;<\/p>\n","protected":false},"author":7,"featured_media":0,"parent":0,"menu_order":0,"comment_status":"closed","ping_status":"closed","template":"","meta":[],"class_list":["post-24254","page","type-page","status-publish","hentry","description-off"],"translation":{"provider":"WPGlobus","version":"2.12.2","language":"fr","enabled_languages":["de","fr"],"languages":{"de":{"title":true,"content":true,"excerpt":false},"fr":{"title":false,"content":false,"excerpt":false}}},"publishpress_future_action":{"enabled":false,"date":"2026-04-14 22:55:01","action":"change-status","newStatus":"draft","terms":[],"taxonomy":""},"_links":{"self":[{"href":"https:\/\/old-vianden.digitalvision.lu\/fr\/index.php?rest_route=\/wp\/v2\/pages\/24254","targetHints":{"allow":["GET"]}}],"collection":[{"href":"https:\/\/old-vianden.digitalvision.lu\/fr\/index.php?rest_route=\/wp\/v2\/pages"}],"about":[{"href":"https:\/\/old-vianden.digitalvision.lu\/fr\/index.php?rest_route=\/wp\/v2\/types\/page"}],"author":[{"embeddable":true,"href":"https:\/\/old-vianden.digitalvision.lu\/fr\/index.php?rest_route=\/wp\/v2\/users\/7"}],"replies":[{"embeddable":true,"href":"https:\/\/old-vianden.digitalvision.lu\/fr\/index.php?rest_route=%2Fwp%2Fv2%2Fcomments&post=24254"}],"version-history":[{"count":5,"href":"https:\/\/old-vianden.digitalvision.lu\/fr\/index.php?rest_route=\/wp\/v2\/pages\/24254\/revisions"}],"predecessor-version":[{"id":24295,"href":"https:\/\/old-vianden.digitalvision.lu\/fr\/index.php?rest_route=\/wp\/v2\/pages\/24254\/revisions\/24295"}],"wp:attachment":[{"href":"https:\/\/old-vianden.digitalvision.lu\/fr\/index.php?rest_route=%2Fwp%2Fv2%2Fmedia&parent=24254"}],"curies":[{"name":"wp","href":"https:\/\/api.w.org\/{rel}","templated":true}]}}