{"id":23658,"date":"2023-10-24T14:48:45","date_gmt":"2023-10-24T12:48:45","guid":{"rendered":"https:\/\/old-vianden.digitalvision.lu\/?page_id=23658"},"modified":"2023-10-26T12:14:47","modified_gmt":"2023-10-26T10:14:47","slug":"reunion-du-conseil-communal-mercredi-18-octobre-2023","status":"publish","type":"page","link":"https:\/\/old-vianden.digitalvision.lu\/fr\/?page_id=23658","title":{"rendered":"R\u00e9union du Conseil Communal  mercredi, 18 octobre 2023"},"content":{"rendered":"<div class=\"wpb-content-wrapper\"><p>[vc_row][vc_column][vc_column_text]<\/p>\n<h4>Conseil Communal du<b> mercredi, 18 octobre 2023 \u00e0 14.00 heures \u00e0 la mairie communale<br \/>\n<\/b><\/h4>\n<div class=\"page\" title=\"Page 1\">\n<div class=\"layoutArea\">\n<div class=\"column\">\n<p><strong>Pr\u00e9sents:<\/strong> M. Weyrich Fran\u00e7ois Bourgmestre, M. PETRY Paul, MAJERUS Henri, Echevins, M. KLASEN Jean-Marie, M. VINANDY Jean-Claude, MME SCHAEFER Patty, Mme MARQUES CONSTANTINO Adela\u00efde, M. D\u00dcBBERS Andr\u00e9, M. RODRIGUES TEIXEIRA Fernando Jos\u00e9, conseillers communaux et M. Pol Schaus, secr\u00e9taire communal<\/p>\n<p>&nbsp;<\/p>\n<\/div>\n<\/div>\n<\/div>\n<p>[\/vc_column_text][\/vc_column][\/vc_row][vc_row][vc_column][vc_text_separator title=&#8221;Ordre du jour&#8221;][\/vc_column][\/vc_row][vc_row][vc_column][vc_column_text]Begr\u00e9issung<\/p>\n<!--[if lt IE 9]><script>document.createElement('audio');<\/script><![endif]-->\n<audio class=\"wp-audio-shortcode\" id=\"audio-23658-1\" preload=\"none\" style=\"width: 100%;\" controls=\"controls\"><source type=\"audio\/wav\" src=\"https:\/\/old-vianden.digitalvision.lu\/wp-content\/uploads\/2023\/10\/Begreissung.wav?_=1\" \/><a href=\"https:\/\/old-vianden.digitalvision.lu\/wp-content\/uploads\/2023\/10\/Begreissung.wav\">https:\/\/old-vianden.digitalvision.lu\/wp-content\/uploads\/2023\/10\/Begreissung.wav<\/a><\/audio>\n<p>[\/vc_column_text][vc_separator][vc_column_text]<\/p>\n<ol>\n<li>Approbation du plan de gestion foresti\u00e8re 2024<\/li>\n<\/ol>\n<audio class=\"wp-audio-shortcode\" id=\"audio-23658-2\" preload=\"none\" style=\"width: 100%;\" controls=\"controls\"><source type=\"audio\/mpeg\" src=\"https:\/\/old-vianden.digitalvision.lu\/wp-content\/uploads\/2023\/10\/Punkt-1-1.mp3?_=2\" \/><a href=\"https:\/\/old-vianden.digitalvision.lu\/wp-content\/uploads\/2023\/10\/Punkt-1-1.mp3\">https:\/\/old-vianden.digitalvision.lu\/wp-content\/uploads\/2023\/10\/Punkt-1-1.mp3<\/a><\/audio>\n<p>[\/vc_column_text][vc_separator][\/vc_column][\/vc_row][vc_row][vc_column][vc_column_text]2. Fixation de l\u2019indemnit\u00e9 pour la distribution des lettres de convocation relatives aux \u00e9lections l\u00e9gislatives du 08 octobre 2023.<\/p>\n<audio class=\"wp-audio-shortcode\" id=\"audio-23658-3\" preload=\"none\" style=\"width: 100%;\" controls=\"controls\"><source type=\"audio\/mpeg\" src=\"https:\/\/old-vianden.digitalvision.lu\/wp-content\/uploads\/2023\/10\/Punkt-2.mp3?_=3\" \/><a href=\"https:\/\/old-vianden.digitalvision.lu\/wp-content\/uploads\/2023\/10\/Punkt-2.mp3\">https:\/\/old-vianden.digitalvision.lu\/wp-content\/uploads\/2023\/10\/Punkt-2.mp3<\/a><\/audio>\n<p>[\/vc_column_text][vc_separator][\/vc_column][\/vc_row][vc_row][vc_column][vc_column_text]3. Fixation des taux relatifs \u00e0 l\u2019imp\u00f4t foncier pour l\u2019exercice 2023<\/p>\n<p>&nbsp;<\/p>\n<audio class=\"wp-audio-shortcode\" id=\"audio-23658-4\" preload=\"none\" style=\"width: 100%;\" controls=\"controls\"><source type=\"audio\/mpeg\" src=\"https:\/\/old-vianden.digitalvision.lu\/wp-content\/uploads\/2023\/10\/Punkt-3.mp3?_=4\" \/><a href=\"https:\/\/old-vianden.digitalvision.lu\/wp-content\/uploads\/2023\/10\/Punkt-3.mp3\">https:\/\/old-vianden.digitalvision.lu\/wp-content\/uploads\/2023\/10\/Punkt-3.mp3<\/a><\/audio>\n<p>[\/vc_column_text][vc_separator][\/vc_column][\/vc_row][vc_row][vc_column][vc_column_text]4. Fixation des taux relatifs \u00e0 l\u2019imp\u00f4t commercial pour l\u2019exercice 2023<\/p>\n<audio class=\"wp-audio-shortcode\" id=\"audio-23658-5\" preload=\"none\" style=\"width: 100%;\" controls=\"controls\"><source type=\"audio\/mpeg\" src=\"https:\/\/old-vianden.digitalvision.lu\/wp-content\/uploads\/2023\/10\/Punkt-4.mp3?_=5\" \/><a href=\"https:\/\/old-vianden.digitalvision.lu\/wp-content\/uploads\/2023\/10\/Punkt-4.mp3\">https:\/\/old-vianden.digitalvision.lu\/wp-content\/uploads\/2023\/10\/Punkt-4.mp3<\/a><\/audio>\n<p>[\/vc_column_text][vc_separator][\/vc_column][\/vc_row][vc_row][vc_column][vc_column_text]5. Modification du r\u00e8glement d\u2019ordre int\u00e9rieur<\/p>\n<audio class=\"wp-audio-shortcode\" id=\"audio-23658-6\" preload=\"none\" style=\"width: 100%;\" controls=\"controls\"><source type=\"audio\/mpeg\" src=\"https:\/\/old-vianden.digitalvision.lu\/wp-content\/uploads\/2023\/10\/Punkt-5.mp3?_=6\" \/><a href=\"https:\/\/old-vianden.digitalvision.lu\/wp-content\/uploads\/2023\/10\/Punkt-5.mp3\">https:\/\/old-vianden.digitalvision.lu\/wp-content\/uploads\/2023\/10\/Punkt-5.mp3<\/a><\/audio>\n<p>[\/vc_column_text][vc_separator][\/vc_column][\/vc_row][vc_row][vc_column][vc_column_text]6. Nomination des membres de diverses Commission Consultatives<\/p>\n<audio class=\"wp-audio-shortcode\" id=\"audio-23658-7\" preload=\"none\" style=\"width: 100%;\" controls=\"controls\"><source type=\"audio\/mpeg\" src=\"https:\/\/old-vianden.digitalvision.lu\/wp-content\/uploads\/2023\/10\/Punkt-6.mp3?_=7\" \/><a href=\"https:\/\/old-vianden.digitalvision.lu\/wp-content\/uploads\/2023\/10\/Punkt-6.mp3\">https:\/\/old-vianden.digitalvision.lu\/wp-content\/uploads\/2023\/10\/Punkt-6.mp3<\/a><\/audio>\n<p>[\/vc_column_text][vc_separator][\/vc_column][\/vc_row][vc_row][vc_column][vc_column_text]7. Modifications budg\u00e9taires<\/p>\n<audio class=\"wp-audio-shortcode\" id=\"audio-23658-8\" preload=\"none\" style=\"width: 100%;\" controls=\"controls\"><source type=\"audio\/mpeg\" src=\"https:\/\/old-vianden.digitalvision.lu\/wp-content\/uploads\/2023\/10\/Punkt-7-Schwemm.mp3?_=8\" \/><a href=\"https:\/\/old-vianden.digitalvision.lu\/wp-content\/uploads\/2023\/10\/Punkt-7-Schwemm.mp3\">https:\/\/old-vianden.digitalvision.lu\/wp-content\/uploads\/2023\/10\/Punkt-7-Schwemm.mp3<\/a><\/audio>\n<p>[\/vc_column_text][vc_separator][\/vc_column][\/vc_row][vc_row][vc_column][vc_column_text]8. Fixation de la taxe relative au service \u00ab Repas sur Roues \u00bb<\/p>\n<audio class=\"wp-audio-shortcode\" id=\"audio-23658-9\" preload=\"none\" style=\"width: 100%;\" controls=\"controls\"><source type=\"audio\/mpeg\" src=\"https:\/\/old-vianden.digitalvision.lu\/wp-content\/uploads\/2023\/10\/Punkt-8.wav-online-audio-convert.com_.mp3?_=9\" \/><a href=\"https:\/\/old-vianden.digitalvision.lu\/wp-content\/uploads\/2023\/10\/Punkt-8.wav-online-audio-convert.com_.mp3\">https:\/\/old-vianden.digitalvision.lu\/wp-content\/uploads\/2023\/10\/Punkt-8.wav-online-audio-convert.com_.mp3<\/a><\/audio>\n<p>[\/vc_column_text][vc_separator][\/vc_column][\/vc_row][vc_row][vc_column][vc_column_text]9. Approbation du r\u00e8glement et r\u00e8glement-taxe pour la location de vaisselle<\/p>\n<audio class=\"wp-audio-shortcode\" id=\"audio-23658-10\" preload=\"none\" style=\"width: 100%;\" controls=\"controls\"><source type=\"audio\/mpeg\" src=\"https:\/\/old-vianden.digitalvision.lu\/wp-content\/uploads\/2023\/10\/Punkt-9.wav-online-audio-convert.com_.mp3?_=10\" \/><a href=\"https:\/\/old-vianden.digitalvision.lu\/wp-content\/uploads\/2023\/10\/Punkt-9.wav-online-audio-convert.com_.mp3\">https:\/\/old-vianden.digitalvision.lu\/wp-content\/uploads\/2023\/10\/Punkt-9.wav-online-audio-convert.com_.mp3<\/a><\/audio>\n<p>[\/vc_column_text][vc_separator][\/vc_column][\/vc_row][vc_row][vc_column][vc_column_text]10. Approbation du tarif pour les cours de langues<\/p>\n<audio class=\"wp-audio-shortcode\" id=\"audio-23658-11\" preload=\"none\" style=\"width: 100%;\" controls=\"controls\"><source type=\"audio\/mpeg\" src=\"https:\/\/old-vianden.digitalvision.lu\/wp-content\/uploads\/2023\/10\/Punkt-10.wav-online-audio-convert.com_.mp3?_=11\" \/><a href=\"https:\/\/old-vianden.digitalvision.lu\/wp-content\/uploads\/2023\/10\/Punkt-10.wav-online-audio-convert.com_.mp3\">https:\/\/old-vianden.digitalvision.lu\/wp-content\/uploads\/2023\/10\/Punkt-10.wav-online-audio-convert.com_.mp3<\/a><\/audio>\n<p>[\/vc_column_text][vc_separator][\/vc_column][\/vc_row][vc_row][vc_column][vc_column_text]11. Approbation de l\u2019acte notari\u00e9 pour l\u2019acquisition d\u2019une immobili\u00e8re<\/p>\n<audio class=\"wp-audio-shortcode\" id=\"audio-23658-12\" preload=\"none\" style=\"width: 100%;\" controls=\"controls\"><source type=\"audio\/mpeg\" src=\"https:\/\/old-vianden.digitalvision.lu\/wp-content\/uploads\/2023\/10\/Punkt-11.wav-online-audio-convert.com_.mp3?_=12\" \/><a href=\"https:\/\/old-vianden.digitalvision.lu\/wp-content\/uploads\/2023\/10\/Punkt-11.wav-online-audio-convert.com_.mp3\">https:\/\/old-vianden.digitalvision.lu\/wp-content\/uploads\/2023\/10\/Punkt-11.wav-online-audio-convert.com_.mp3<\/a><\/audio>\n<p>[\/vc_column_text][vc_separator][\/vc_column][\/vc_row][vc_row][vc_column][vc_column_text]12. Approbations de devis :<\/p>\n<ol>\n<li>Voirie Vicinale : Remplacement lampadaires par \u00e9tapes<\/li>\n<li>R\u00e9fection de la Mont\u00e9e du ch\u00e2teau<\/li>\n<li>Mesures de stabilisation Mus\u00e9e de l\u2019Histoire de la Ville de Vianden : Enl\u00e8vement d\u2019une chemin\u00e9e existante<\/li>\n<li>Am\u00e9nagement du Tourist Info<\/li>\n<\/ol>\n<audio class=\"wp-audio-shortcode\" id=\"audio-23658-13\" preload=\"none\" style=\"width: 100%;\" controls=\"controls\"><source type=\"audio\/mpeg\" src=\"https:\/\/old-vianden.digitalvision.lu\/wp-content\/uploads\/2023\/10\/Punkt-12.wav-online-audio-convert.com_.mp3?_=13\" \/><a href=\"https:\/\/old-vianden.digitalvision.lu\/wp-content\/uploads\/2023\/10\/Punkt-12.wav-online-audio-convert.com_.mp3\">https:\/\/old-vianden.digitalvision.lu\/wp-content\/uploads\/2023\/10\/Punkt-12.wav-online-audio-convert.com_.mp3<\/a><\/audio>\n<p>[\/vc_column_text][vc_separator][\/vc_column][\/vc_row][vc_row][vc_column][vc_column_text]13. Approbation d\u2019un subside extraordinaire du Mi-Cuit<\/p>\n<audio class=\"wp-audio-shortcode\" id=\"audio-23658-14\" preload=\"none\" style=\"width: 100%;\" controls=\"controls\"><source type=\"audio\/mpeg\" src=\"https:\/\/old-vianden.digitalvision.lu\/wp-content\/uploads\/2023\/10\/Punkt-13.wav-online-audio-convert.com_.mp3?_=14\" \/><a href=\"https:\/\/old-vianden.digitalvision.lu\/wp-content\/uploads\/2023\/10\/Punkt-13.wav-online-audio-convert.com_.mp3\">https:\/\/old-vianden.digitalvision.lu\/wp-content\/uploads\/2023\/10\/Punkt-13.wav-online-audio-convert.com_.mp3<\/a><\/audio>\n<p>[\/vc_column_text][vc_separator][\/vc_column][\/vc_row][vc_row][vc_column][vc_column_text]14. Approbation de contrats et de conventions<\/p>\n<ol>\n<li style=\"list-style-type: none;\">\n<ol>\n<li>Automation Center<\/li>\n<li>Eltrona Interdiffusion SA<\/li>\n<li>Contrat de bail<\/li>\n<\/ol>\n<\/li>\n<\/ol>\n<audio class=\"wp-audio-shortcode\" id=\"audio-23658-15\" preload=\"none\" style=\"width: 100%;\" controls=\"controls\"><source type=\"audio\/mpeg\" src=\"https:\/\/old-vianden.digitalvision.lu\/wp-content\/uploads\/2023\/10\/Punkt-14.wav-online-audio-convert.com_.mp3?_=15\" \/><a href=\"https:\/\/old-vianden.digitalvision.lu\/wp-content\/uploads\/2023\/10\/Punkt-14.wav-online-audio-convert.com_.mp3\">https:\/\/old-vianden.digitalvision.lu\/wp-content\/uploads\/2023\/10\/Punkt-14.wav-online-audio-convert.com_.mp3<\/a><\/audio>\n<p>[\/vc_column_text][vc_separator][\/vc_column][\/vc_row][vc_row][vc_column][vc_column_text]15. Modification du r\u00e8glement de circulation<\/p>\n<ul>\n<li>Veiner N\u00ebssmoort<audio class=\"wp-audio-shortcode\" id=\"audio-23658-16\" preload=\"none\" style=\"width: 100%;\" controls=\"controls\"><source type=\"audio\/mpeg\" src=\"https:\/\/old-vianden.digitalvision.lu\/wp-content\/uploads\/2023\/10\/Punkt-15.wav-online-audio-convert.com_.mp3?_=16\" \/><a href=\"https:\/\/old-vianden.digitalvision.lu\/wp-content\/uploads\/2023\/10\/Punkt-15.wav-online-audio-convert.com_.mp3\">https:\/\/old-vianden.digitalvision.lu\/wp-content\/uploads\/2023\/10\/Punkt-15.wav-online-audio-convert.com_.mp3<\/a><\/audio><\/li>\n<\/ul>\n<p>[\/vc_column_text][vc_separator][\/vc_column][\/vc_row][vc_row][vc_column][vc_column_text]16. Communication du coll\u00e8ge \u00e9chevinal<\/p>\n<p>&nbsp;<\/p>\n<audio class=\"wp-audio-shortcode\" id=\"audio-23658-17\" preload=\"none\" style=\"width: 100%;\" controls=\"controls\"><source type=\"audio\/mpeg\" src=\"https:\/\/old-vianden.digitalvision.lu\/wp-content\/uploads\/2023\/10\/Punkt-16-Divers.wav-online-audio-convert.com_.mp3?_=17\" \/><a href=\"https:\/\/old-vianden.digitalvision.lu\/wp-content\/uploads\/2023\/10\/Punkt-16-Divers.wav-online-audio-convert.com_.mp3\">https:\/\/old-vianden.digitalvision.lu\/wp-content\/uploads\/2023\/10\/Punkt-16-Divers.wav-online-audio-convert.com_.mp3<\/a><\/audio>\n<p>[\/vc_column_text][vc_separator][\/vc_column][\/vc_row][vc_row][vc_column][vc_column_text]17. Divers \u2013 Droit d\u2019initiative du conseiller communal, questions \u00e9crites et orales<\/p>\n<p>&nbsp;<\/p>\n<audio class=\"wp-audio-shortcode\" id=\"audio-23658-18\" preload=\"none\" style=\"width: 100%;\" controls=\"controls\"><source type=\"audio\/mpeg\" src=\"https:\/\/old-vianden.digitalvision.lu\/wp-content\/uploads\/2023\/10\/Punkt-17.wav-online-audio-convert.com_.mp3?_=18\" \/><a href=\"https:\/\/old-vianden.digitalvision.lu\/wp-content\/uploads\/2023\/10\/Punkt-17.wav-online-audio-convert.com_.mp3\">https:\/\/old-vianden.digitalvision.lu\/wp-content\/uploads\/2023\/10\/Punkt-17.wav-online-audio-convert.com_.mp3<\/a><\/audio>\n<p>[\/vc_column_text][\/vc_column][\/vc_row]<\/p>\n<\/div>","protected":false},"excerpt":{"rendered":"<p>[vc_row][vc_column][vc_column_text] Conseil Communal du mercredi, 18 octobre 2023 \u00e0 14.00 heures \u00e0 la mairie communale Pr\u00e9sents: M. Weyrich Fran\u00e7ois Bourgmestre, M. PETRY Paul, MAJERUS Henri, Echevins, M. KLASEN Jean-Marie, M. VINANDY Jean-Claude, MME SCHAEFER Patty, Mme MARQUES CONSTANTINO Adela\u00efde, M. D\u00dcBBERS Andr\u00e9, M. RODRIGUES TEIXEIRA Fernando Jos\u00e9, conseillers communaux et M. Pol Schaus, secr\u00e9taire communal&hellip;<\/p>\n","protected":false},"author":8,"featured_media":0,"parent":22561,"menu_order":0,"comment_status":"closed","ping_status":"closed","template":"","meta":[],"class_list":["post-23658","page","type-page","status-publish","hentry","description-off"],"translation":{"provider":"WPGlobus","version":"2.12.2","language":"fr","enabled_languages":["de","fr"],"languages":{"de":{"title":true,"content":true,"excerpt":false},"fr":{"title":false,"content":false,"excerpt":false}}},"publishpress_future_action":{"enabled":false,"date":"2026-04-14 22:53:16","action":"change-status","newStatus":"draft","terms":[],"taxonomy":""},"_links":{"self":[{"href":"https:\/\/old-vianden.digitalvision.lu\/fr\/index.php?rest_route=\/wp\/v2\/pages\/23658","targetHints":{"allow":["GET"]}}],"collection":[{"href":"https:\/\/old-vianden.digitalvision.lu\/fr\/index.php?rest_route=\/wp\/v2\/pages"}],"about":[{"href":"https:\/\/old-vianden.digitalvision.lu\/fr\/index.php?rest_route=\/wp\/v2\/types\/page"}],"author":[{"embeddable":true,"href":"https:\/\/old-vianden.digitalvision.lu\/fr\/index.php?rest_route=\/wp\/v2\/users\/8"}],"replies":[{"embeddable":true,"href":"https:\/\/old-vianden.digitalvision.lu\/fr\/index.php?rest_route=%2Fwp%2Fv2%2Fcomments&post=23658"}],"version-history":[{"count":10,"href":"https:\/\/old-vianden.digitalvision.lu\/fr\/index.php?rest_route=\/wp\/v2\/pages\/23658\/revisions"}],"predecessor-version":[{"id":23702,"href":"https:\/\/old-vianden.digitalvision.lu\/fr\/index.php?rest_route=\/wp\/v2\/pages\/23658\/revisions\/23702"}],"up":[{"embeddable":true,"href":"https:\/\/old-vianden.digitalvision.lu\/fr\/index.php?rest_route=\/wp\/v2\/pages\/22561"}],"wp:attachment":[{"href":"https:\/\/old-vianden.digitalvision.lu\/fr\/index.php?rest_route=%2Fwp%2Fv2%2Fmedia&parent=23658"}],"curies":[{"name":"wp","href":"https:\/\/api.w.org\/{rel}","templated":true}]}}