{"id":23278,"date":"2023-08-30T11:28:31","date_gmt":"2023-08-30T09:28:31","guid":{"rendered":"https:\/\/old-vianden.digitalvision.lu\/?page_id=23278"},"modified":"2023-10-25T13:58:14","modified_gmt":"2023-10-25T11:58:14","slug":"reunion-du-conseil-communal-mercredi-23-aout-2023","status":"publish","type":"page","link":"https:\/\/old-vianden.digitalvision.lu\/fr\/?page_id=23278","title":{"rendered":"R\u00e9union du Conseil Communal mercredi, 23 ao\u00fbt 2023"},"content":{"rendered":"<div class=\"wpb-content-wrapper\"><p>[vc_row][vc_column][vc_column_text]<\/p>\n<h4>Conseil Communal du<b> mercredi,23 ao\u00fbt 2023 \u00e0 14.00 heures \u00e0 la mairie communale<br \/>\n<\/b><\/h4>\n<div class=\"page\" title=\"Page 1\">\n<div class=\"layoutArea\">\n<div class=\"column\">\n<p><strong>Pr\u00e9sents:<\/strong> MM. PETRY Paul, MAJERUS Henri, Echevins, M. KLASEN Jean-Marie, M. VINANDY Jean-Claude, MME SCHAEFER Patty, Mme MARQUES CONSTANTINO Adela\u00efde, M. D\u00dcBBERS Andr\u00e9,\u00a0 ; conseillers communaux, M. Pol Schaus, secr\u00e9taire communal<\/p>\n<p>Absences: M. Weyrich Fran\u00e7ois Bourgmestre, M. RODRIGUES TEIXEIRA Fernando Jos\u00e9, conseiller communal<\/p>\n<\/div>\n<\/div>\n<\/div>\n<p>[\/vc_column_text][\/vc_column][\/vc_row][vc_row][vc_column][vc_text_separator title=&#8221;Ordre du jour&#8221;][\/vc_column][\/vc_row][vc_row][vc_column][vc_column_text]Mot de bienvenue<\/p>\n<!--[if lt IE 9]><script>document.createElement('audio');<\/script><![endif]-->\n<audio class=\"wp-audio-shortcode\" id=\"audio-23278-1\" preload=\"none\" style=\"width: 100%;\" controls=\"controls\"><source type=\"audio\/wav\" src=\"https:\/\/old-vianden.digitalvision.lu\/wp-content\/uploads\/2023\/08\/Begreissung.wav?_=1\" \/><a href=\"https:\/\/old-vianden.digitalvision.lu\/wp-content\/uploads\/2023\/08\/Begreissung.wav\">https:\/\/old-vianden.digitalvision.lu\/wp-content\/uploads\/2023\/08\/Begreissung.wav<\/a><\/audio>\n<p>[\/vc_column_text][\/vc_column][\/vc_row][vc_row][vc_column][vc_separator][\/vc_column][\/vc_row][vc_row][vc_column][vc_column_text]Communication des d\u00e9cisions \u00e0 huis clos<\/p>\n<audio class=\"wp-audio-shortcode\" id=\"audio-23278-2\" preload=\"none\" style=\"width: 100%;\" controls=\"controls\"><source type=\"audio\/wav\" src=\"https:\/\/old-vianden.digitalvision.lu\/wp-content\/uploads\/2023\/08\/Punkt-0.wav?_=2\" \/><a href=\"https:\/\/old-vianden.digitalvision.lu\/wp-content\/uploads\/2023\/08\/Punkt-0.wav\">https:\/\/old-vianden.digitalvision.lu\/wp-content\/uploads\/2023\/08\/Punkt-0.wav<\/a><\/audio>\n<p>[\/vc_column_text][\/vc_column][\/vc_row][vc_row][vc_column][vc_separator][\/vc_column][\/vc_row][vc_row][vc_column][vc_column_text]<\/p>\n<ol>\n<li>Etat des restants 2022<\/li>\n<\/ol>\n<p>&nbsp;<\/p>\n<audio class=\"wp-audio-shortcode\" id=\"audio-23278-3\" preload=\"none\" style=\"width: 100%;\" controls=\"controls\"><source type=\"audio\/wav\" src=\"https:\/\/old-vianden.digitalvision.lu\/wp-content\/uploads\/2023\/08\/Punkt-1def-3.wav?_=3\" \/><a href=\"https:\/\/old-vianden.digitalvision.lu\/wp-content\/uploads\/2023\/08\/Punkt-1def-3.wav\">https:\/\/old-vianden.digitalvision.lu\/wp-content\/uploads\/2023\/08\/Punkt-1def-3.wav<\/a><\/audio>\n<p>[\/vc_column_text][\/vc_column][\/vc_row][vc_row][vc_column][vc_separator][\/vc_column][\/vc_row][vc_row][vc_column][vc_column_text]2. Renonciation au droit de pr\u00e9emption pour l\u2019acquisition d\u2019un bien immobilier<\/p>\n<audio class=\"wp-audio-shortcode\" id=\"audio-23278-4\" preload=\"none\" style=\"width: 100%;\" controls=\"controls\"><source type=\"audio\/wav\" src=\"https:\/\/old-vianden.digitalvision.lu\/wp-content\/uploads\/2023\/08\/Punkt-2intervention-majerus.wav?_=4\" \/><a href=\"https:\/\/old-vianden.digitalvision.lu\/wp-content\/uploads\/2023\/08\/Punkt-2intervention-majerus.wav\">https:\/\/old-vianden.digitalvision.lu\/wp-content\/uploads\/2023\/08\/Punkt-2intervention-majerus.wav<\/a><\/audio>\n<audio class=\"wp-audio-shortcode\" id=\"audio-23278-5\" preload=\"none\" style=\"width: 100%;\" controls=\"controls\"><source type=\"audio\/mpeg\" src=\"https:\/\/old-vianden.digitalvision.lu\/wp-content\/uploads\/2023\/08\/Punkt-2-viandny.mp3?_=5\" \/><a href=\"https:\/\/old-vianden.digitalvision.lu\/wp-content\/uploads\/2023\/08\/Punkt-2-viandny.mp3\">https:\/\/old-vianden.digitalvision.lu\/wp-content\/uploads\/2023\/08\/Punkt-2-viandny.mp3<\/a><\/audio>\n<audio class=\"wp-audio-shortcode\" id=\"audio-23278-6\" preload=\"none\" style=\"width: 100%;\" controls=\"controls\"><source type=\"audio\/mpeg\" src=\"https:\/\/old-vianden.digitalvision.lu\/wp-content\/uploads\/2023\/08\/Punkt-2-klasen-vote.mp3?_=6\" \/><a href=\"https:\/\/old-vianden.digitalvision.lu\/wp-content\/uploads\/2023\/08\/Punkt-2-klasen-vote.mp3\">https:\/\/old-vianden.digitalvision.lu\/wp-content\/uploads\/2023\/08\/Punkt-2-klasen-vote.mp3<\/a><\/audio>\n<p>[\/vc_column_text][\/vc_column][\/vc_row][vc_row][vc_column][vc_separator][\/vc_column][\/vc_row][vc_row][vc_column][vc_column_text]3. Cr\u00e9ation d\u2019une commission consultative \u00ab R\u00e9fection de la piscine \u00bb<\/p>\n<audio class=\"wp-audio-shortcode\" id=\"audio-23278-7\" preload=\"none\" style=\"width: 100%;\" controls=\"controls\"><source type=\"audio\/mpeg\" src=\"https:\/\/old-vianden.digitalvision.lu\/wp-content\/uploads\/2023\/08\/Punkt-3.mp3?_=7\" \/><a href=\"https:\/\/old-vianden.digitalvision.lu\/wp-content\/uploads\/2023\/08\/Punkt-3.mp3\">https:\/\/old-vianden.digitalvision.lu\/wp-content\/uploads\/2023\/08\/Punkt-3.mp3<\/a><\/audio>\n<p>[\/vc_column_text][\/vc_column][\/vc_row][vc_row][vc_column][vc_separator][\/vc_column][\/vc_row][vc_row][vc_column][vc_column_text]4.Divers \u2013 Droit d\u2019initiative du conseiller communal, questions \u00e9crites et orales<\/p>\n<audio class=\"wp-audio-shortcode\" id=\"audio-23278-8\" preload=\"none\" style=\"width: 100%;\" controls=\"controls\"><source type=\"audio\/mpeg\" src=\"https:\/\/old-vianden.digitalvision.lu\/wp-content\/uploads\/2023\/08\/Punkt-4mp3.mp3?_=8\" \/><a href=\"https:\/\/old-vianden.digitalvision.lu\/wp-content\/uploads\/2023\/08\/Punkt-4mp3.mp3\">https:\/\/old-vianden.digitalvision.lu\/wp-content\/uploads\/2023\/08\/Punkt-4mp3.mp3<\/a><\/audio>\n<p>[\/vc_column_text][\/vc_column][\/vc_row]<\/p>\n<\/div>","protected":false},"excerpt":{"rendered":"<p>[vc_row][vc_column][vc_column_text] Conseil Communal du mercredi,23 ao\u00fbt 2023 \u00e0 14.00 heures \u00e0 la mairie communale Pr\u00e9sents: MM. PETRY Paul, MAJERUS Henri, Echevins, M. KLASEN Jean-Marie, M. VINANDY Jean-Claude, MME SCHAEFER Patty, Mme MARQUES CONSTANTINO Adela\u00efde, M. D\u00dcBBERS Andr\u00e9,\u00a0 ; conseillers communaux, M. Pol Schaus, secr\u00e9taire communal Absences: M. Weyrich Fran\u00e7ois Bourgmestre, M. RODRIGUES TEIXEIRA Fernando Jos\u00e9,&hellip;<\/p>\n","protected":false},"author":3,"featured_media":0,"parent":22561,"menu_order":0,"comment_status":"closed","ping_status":"closed","template":"","meta":[],"class_list":["post-23278","page","type-page","status-publish","hentry","description-off"],"translation":{"provider":"WPGlobus","version":"2.12.2","language":"fr","enabled_languages":["de","fr"],"languages":{"de":{"title":true,"content":true,"excerpt":false},"fr":{"title":false,"content":false,"excerpt":false}}},"publishpress_future_action":{"enabled":false,"date":"2026-04-15 00:27:49","action":"change-status","newStatus":"draft","terms":[],"taxonomy":""},"_links":{"self":[{"href":"https:\/\/old-vianden.digitalvision.lu\/fr\/index.php?rest_route=\/wp\/v2\/pages\/23278","targetHints":{"allow":["GET"]}}],"collection":[{"href":"https:\/\/old-vianden.digitalvision.lu\/fr\/index.php?rest_route=\/wp\/v2\/pages"}],"about":[{"href":"https:\/\/old-vianden.digitalvision.lu\/fr\/index.php?rest_route=\/wp\/v2\/types\/page"}],"author":[{"embeddable":true,"href":"https:\/\/old-vianden.digitalvision.lu\/fr\/index.php?rest_route=\/wp\/v2\/users\/3"}],"replies":[{"embeddable":true,"href":"https:\/\/old-vianden.digitalvision.lu\/fr\/index.php?rest_route=%2Fwp%2Fv2%2Fcomments&post=23278"}],"version-history":[{"count":1,"href":"https:\/\/old-vianden.digitalvision.lu\/fr\/index.php?rest_route=\/wp\/v2\/pages\/23278\/revisions"}],"predecessor-version":[{"id":23307,"href":"https:\/\/old-vianden.digitalvision.lu\/fr\/index.php?rest_route=\/wp\/v2\/pages\/23278\/revisions\/23307"}],"up":[{"embeddable":true,"href":"https:\/\/old-vianden.digitalvision.lu\/fr\/index.php?rest_route=\/wp\/v2\/pages\/22561"}],"wp:attachment":[{"href":"https:\/\/old-vianden.digitalvision.lu\/fr\/index.php?rest_route=%2Fwp%2Fv2%2Fmedia&parent=23278"}],"curies":[{"name":"wp","href":"https:\/\/api.w.org\/{rel}","templated":true}]}}