{"id":23130,"date":"2023-07-24T11:58:25","date_gmt":"2023-07-24T09:58:25","guid":{"rendered":"https:\/\/old-vianden.digitalvision.lu\/?page_id=23130"},"modified":"2023-07-24T14:21:55","modified_gmt":"2023-07-24T12:21:55","slug":"reunion-du-conseil-communal-mercredi-19-juillet-2023","status":"publish","type":"page","link":"https:\/\/old-vianden.digitalvision.lu\/fr\/?page_id=23130","title":{"rendered":"R\u00e9union du Conseil Communal mercredi, 19 juillet 2023"},"content":{"rendered":"<div class=\"wpb-content-wrapper\"><p>[vc_row][vc_column][vc_column_text]<\/p>\n<h4>Conseil Communal du<b> mercredi,19 juillet 2023 \u00e0 14.00 heures en la salle Bessling du Centre Culturel Larei<\/b><\/h4>\n<div class=\"page\" title=\"Page 1\">\n<div class=\"layoutArea\">\n<div class=\"column\">\n<p><strong>Pr\u00e9sents:<\/strong> M. WEYRICH Fran\u00e7ois, Bourgmestre, MM. PETRY Paul, MAJERUS Henri, Echevins, M. KLASEN Jean-Marie, M. VINANDY Jean-Claude, MME SCHAEFER Patty, Mme MARQUES CONSTANTINO Adela\u00efde, M. D\u00dcBBERS Andr\u00e9, M. RODRIGUES TEIXEIRA Fernando Jos\u00e9\u00a0; conseillers communaux, M. Pol Schaus, secr\u00e9taire communal<\/p>\n<\/div>\n<\/div>\n<\/div>\n<p>[\/vc_column_text][\/vc_column][\/vc_row][vc_row][vc_column][vc_text_separator title=&#8221;Ordre du jour&#8221;][\/vc_column][\/vc_row][vc_row][vc_column][vc_column_text]Mot de bienvenue<\/p>\n<!--[if lt IE 9]><script>document.createElement('audio');<\/script><![endif]-->\n<audio class=\"wp-audio-shortcode\" id=\"audio-23130-1\" preload=\"none\" style=\"width: 100%;\" controls=\"controls\"><source type=\"audio\/wav\" src=\"https:\/\/old-vianden.digitalvision.lu\/wp-content\/uploads\/2023\/07\/P-Begreissung.wav?_=1\" \/><a href=\"https:\/\/old-vianden.digitalvision.lu\/wp-content\/uploads\/2023\/07\/P-Begreissung.wav\">https:\/\/old-vianden.digitalvision.lu\/wp-content\/uploads\/2023\/07\/P-Begreissung.wav<\/a><\/audio>\n<p>[\/vc_column_text][\/vc_column][\/vc_row][vc_row][vc_column][vc_text_separator title=&#8221;&#8221;][\/vc_column][\/vc_row][vc_row][vc_column][vc_column_text]<\/p>\n<ol>\n<li>D\u00e9signation d\u2019un local pour les conseils communaux et modification de l&#8217;ordre du jour<\/li>\n<\/ol>\n<audio class=\"wp-audio-shortcode\" id=\"audio-23130-2\" preload=\"none\" style=\"width: 100%;\" controls=\"controls\"><source type=\"audio\/wav\" src=\"https:\/\/old-vianden.digitalvision.lu\/wp-content\/uploads\/2023\/07\/Punkt-1-def.wav?_=2\" \/><a href=\"https:\/\/old-vianden.digitalvision.lu\/wp-content\/uploads\/2023\/07\/Punkt-1-def.wav\">https:\/\/old-vianden.digitalvision.lu\/wp-content\/uploads\/2023\/07\/Punkt-1-def.wav<\/a><\/audio>\n<p>[\/vc_column_text][\/vc_column][\/vc_row][vc_row][vc_column][vc_column_text]2.Communications du coll\u00e8ge \u00e9chevinal<\/p>\n<audio class=\"wp-audio-shortcode\" id=\"audio-23130-3\" preload=\"none\" style=\"width: 100%;\" controls=\"controls\"><source type=\"audio\/wav\" src=\"https:\/\/old-vianden.digitalvision.lu\/wp-content\/uploads\/2023\/07\/Punkt-2.wav?_=3\" \/><a href=\"https:\/\/old-vianden.digitalvision.lu\/wp-content\/uploads\/2023\/07\/Punkt-2.wav\">https:\/\/old-vianden.digitalvision.lu\/wp-content\/uploads\/2023\/07\/Punkt-2.wav<\/a><\/audio>\n<p>[\/vc_column_text][\/vc_column][\/vc_row][vc_row][vc_column][vc_separator][\/vc_column][\/vc_row][vc_row][vc_column][vc_column_text]3.Nomination des repr\u00e9sentants dans diverses associations (partie A)<\/p>\n<audio class=\"wp-audio-shortcode\" id=\"audio-23130-4\" preload=\"none\" style=\"width: 100%;\" controls=\"controls\"><source type=\"audio\/wav\" src=\"https:\/\/old-vianden.digitalvision.lu\/wp-content\/uploads\/2023\/07\/Punkt-3-def-partie-A1b.wav?_=4\" \/><a href=\"https:\/\/old-vianden.digitalvision.lu\/wp-content\/uploads\/2023\/07\/Punkt-3-def-partie-A1b.wav\">https:\/\/old-vianden.digitalvision.lu\/wp-content\/uploads\/2023\/07\/Punkt-3-def-partie-A1b.wav<\/a><\/audio>\n<audio class=\"wp-audio-shortcode\" id=\"audio-23130-5\" preload=\"none\" style=\"width: 100%;\" controls=\"controls\"><source type=\"audio\/wav\" src=\"https:\/\/old-vianden.digitalvision.lu\/wp-content\/uploads\/2023\/07\/Punkt-3-def-partie-A2.wav?_=5\" \/><a href=\"https:\/\/old-vianden.digitalvision.lu\/wp-content\/uploads\/2023\/07\/Punkt-3-def-partie-A2.wav\">https:\/\/old-vianden.digitalvision.lu\/wp-content\/uploads\/2023\/07\/Punkt-3-def-partie-A2.wav<\/a><\/audio>\n<p>[\/vc_column_text][\/vc_column][\/vc_row][vc_row][vc_column][vc_column_text]3.Nomination des repr\u00e9sentants dans diverses associations (partie B)<\/p>\n<audio class=\"wp-audio-shortcode\" id=\"audio-23130-6\" preload=\"none\" style=\"width: 100%;\" controls=\"controls\"><source type=\"audio\/wav\" src=\"https:\/\/old-vianden.digitalvision.lu\/wp-content\/uploads\/2023\/07\/Punkt-3-def-partie-Adef.wav?_=6\" \/><a href=\"https:\/\/old-vianden.digitalvision.lu\/wp-content\/uploads\/2023\/07\/Punkt-3-def-partie-Adef.wav\">https:\/\/old-vianden.digitalvision.lu\/wp-content\/uploads\/2023\/07\/Punkt-3-def-partie-Adef.wav<\/a><\/audio>\n<p>[\/vc_column_text][\/vc_column][\/vc_row][vc_row][vc_column][vc_separator][\/vc_column][\/vc_row][vc_row][vc_column][vc_column_text]4.Formation du tableau de pr\u00e9s\u00e9ance du conseil communal<\/p>\n<audio class=\"wp-audio-shortcode\" id=\"audio-23130-7\" preload=\"none\" style=\"width: 100%;\" controls=\"controls\"><source type=\"audio\/wav\" src=\"https:\/\/old-vianden.digitalvision.lu\/wp-content\/uploads\/2023\/07\/Punkt-4.wav?_=7\" \/><a href=\"https:\/\/old-vianden.digitalvision.lu\/wp-content\/uploads\/2023\/07\/Punkt-4.wav\">https:\/\/old-vianden.digitalvision.lu\/wp-content\/uploads\/2023\/07\/Punkt-4.wav<\/a><\/audio>\n<p>[\/vc_column_text][\/vc_column][\/vc_row][vc_row][vc_column][vc_separator][\/vc_column][\/vc_row][vc_row][vc_column][vc_column_text]5.R\u00e9partition du cong\u00e9 politique<\/p>\n<audio class=\"wp-audio-shortcode\" id=\"audio-23130-8\" preload=\"none\" style=\"width: 100%;\" controls=\"controls\"><source type=\"audio\/wav\" src=\"https:\/\/old-vianden.digitalvision.lu\/wp-content\/uploads\/2023\/07\/Punkt-5.wav?_=8\" \/><a href=\"https:\/\/old-vianden.digitalvision.lu\/wp-content\/uploads\/2023\/07\/Punkt-5.wav\">https:\/\/old-vianden.digitalvision.lu\/wp-content\/uploads\/2023\/07\/Punkt-5.wav<\/a><\/audio>\n<p>[\/vc_column_text][\/vc_column][\/vc_row][vc_row][vc_column][vc_separator][\/vc_column][\/vc_row][vc_row][vc_column][vc_column_text]6.Exercice d\u2019un droit de pr\u00e9emption pour l\u2019acquisition d\u2019un bien immobilier<\/p>\n<audio class=\"wp-audio-shortcode\" id=\"audio-23130-9\" preload=\"none\" style=\"width: 100%;\" controls=\"controls\"><source type=\"audio\/wav\" src=\"https:\/\/old-vianden.digitalvision.lu\/wp-content\/uploads\/2023\/07\/Punkt-6.wav?_=9\" \/><a href=\"https:\/\/old-vianden.digitalvision.lu\/wp-content\/uploads\/2023\/07\/Punkt-6.wav\">https:\/\/old-vianden.digitalvision.lu\/wp-content\/uploads\/2023\/07\/Punkt-6.wav<\/a><\/audio>\n<p>[\/vc_column_text][\/vc_column][\/vc_row][vc_row][vc_column][vc_separator][\/vc_column][\/vc_row][vc_row][vc_column][vc_column_text]7.Approbation de conventions<\/p>\n<p>a. Convention relative \u00e0 la constitution du Groupe D\u2019Action Locale Leader \u00c9islek 2023-2029<\/p>\n<audio class=\"wp-audio-shortcode\" id=\"audio-23130-10\" preload=\"none\" style=\"width: 100%;\" controls=\"controls\"><source type=\"audio\/wav\" src=\"https:\/\/old-vianden.digitalvision.lu\/wp-content\/uploads\/2023\/07\/Punkt-7.wav?_=10\" \/><a href=\"https:\/\/old-vianden.digitalvision.lu\/wp-content\/uploads\/2023\/07\/Punkt-7.wav\">https:\/\/old-vianden.digitalvision.lu\/wp-content\/uploads\/2023\/07\/Punkt-7.wav<\/a><\/audio>\n<p>[\/vc_column_text][\/vc_column][\/vc_row][vc_row][vc_column][vc_separator][\/vc_column][\/vc_row][vc_row][vc_column][vc_column_text]8.Dons et subsides<\/p>\n<p>a. Participation aux frais par les \u00ab Amis du ch\u00e2teau de Vianden a.s.b.l \u00bb<\/p>\n<audio class=\"wp-audio-shortcode\" id=\"audio-23130-11\" preload=\"none\" style=\"width: 100%;\" controls=\"controls\"><source type=\"audio\/wav\" src=\"https:\/\/old-vianden.digitalvision.lu\/wp-content\/uploads\/2023\/07\/Punkt-8-def.wav?_=11\" \/><a href=\"https:\/\/old-vianden.digitalvision.lu\/wp-content\/uploads\/2023\/07\/Punkt-8-def.wav\">https:\/\/old-vianden.digitalvision.lu\/wp-content\/uploads\/2023\/07\/Punkt-8-def.wav<\/a><\/audio>\n<p>[\/vc_column_text][\/vc_column][\/vc_row][vc_row][vc_column][vc_separator][\/vc_column][\/vc_row][vc_row][vc_column][vc_column_text]9. Approbation de contrats<\/p>\n<p>a) Automation Center<\/p>\n<audio class=\"wp-audio-shortcode\" id=\"audio-23130-12\" preload=\"none\" style=\"width: 100%;\" controls=\"controls\"><source type=\"audio\/wav\" src=\"https:\/\/old-vianden.digitalvision.lu\/wp-content\/uploads\/2023\/07\/Punkt-9.wav?_=12\" \/><a href=\"https:\/\/old-vianden.digitalvision.lu\/wp-content\/uploads\/2023\/07\/Punkt-9.wav\">https:\/\/old-vianden.digitalvision.lu\/wp-content\/uploads\/2023\/07\/Punkt-9.wav<\/a><\/audio>\n<p>[\/vc_column_text][\/vc_column][\/vc_row][vc_row][vc_column][vc_separator][\/vc_column][\/vc_row][vc_row][vc_column][vc_column_text]10. Approbation des r\u00e8glements de circulation<\/p>\n<audio class=\"wp-audio-shortcode\" id=\"audio-23130-13\" preload=\"none\" style=\"width: 100%;\" controls=\"controls\"><source type=\"audio\/wav\" src=\"https:\/\/old-vianden.digitalvision.lu\/wp-content\/uploads\/2023\/07\/Punkt-10.wav?_=13\" \/><a href=\"https:\/\/old-vianden.digitalvision.lu\/wp-content\/uploads\/2023\/07\/Punkt-10.wav\">https:\/\/old-vianden.digitalvision.lu\/wp-content\/uploads\/2023\/07\/Punkt-10.wav<\/a><\/audio>\n<p>[\/vc_column_text][\/vc_column][\/vc_row][vc_row][vc_column][vc_separator][\/vc_column][\/vc_row][vc_row][vc_column][vc_column_text]11. Approbation des statuts de la nouvelle soci\u00e9t\u00e9 locale \u00ab Spuerver\u00e4in Mir Jongen a.s.b.l \u00bb<\/p>\n<audio class=\"wp-audio-shortcode\" id=\"audio-23130-14\" preload=\"none\" style=\"width: 100%;\" controls=\"controls\"><source type=\"audio\/wav\" src=\"https:\/\/old-vianden.digitalvision.lu\/wp-content\/uploads\/2023\/07\/Punkt-11.wav?_=14\" \/><a href=\"https:\/\/old-vianden.digitalvision.lu\/wp-content\/uploads\/2023\/07\/Punkt-11.wav\">https:\/\/old-vianden.digitalvision.lu\/wp-content\/uploads\/2023\/07\/Punkt-11.wav<\/a><\/audio>\n<p>[\/vc_column_text][\/vc_column][\/vc_row][vc_row][vc_column][vc_separator][\/vc_column][\/vc_row][vc_row][vc_column][vc_column_text]12. Divers \u2013 Droit d\u2019initiative du conseiller communal, questions \u00e9crites et orales<\/p>\n<audio class=\"wp-audio-shortcode\" id=\"audio-23130-15\" preload=\"none\" style=\"width: 100%;\" controls=\"controls\"><source type=\"audio\/wav\" src=\"https:\/\/old-vianden.digitalvision.lu\/wp-content\/uploads\/2023\/07\/Punkt-12.wav?_=15\" \/><a href=\"https:\/\/old-vianden.digitalvision.lu\/wp-content\/uploads\/2023\/07\/Punkt-12.wav\">https:\/\/old-vianden.digitalvision.lu\/wp-content\/uploads\/2023\/07\/Punkt-12.wav<\/a><\/audio>\n<p>[\/vc_column_text][\/vc_column][\/vc_row]<\/p>\n<\/div>","protected":false},"excerpt":{"rendered":"<p>[vc_row][vc_column][vc_column_text] Conseil Communal du mercredi,19 juillet 2023 \u00e0 14.00 heures en la salle Bessling du Centre Culturel Larei Pr\u00e9sents: M. WEYRICH Fran\u00e7ois, Bourgmestre, MM. PETRY Paul, MAJERUS Henri, Echevins, M. KLASEN Jean-Marie, M. VINANDY Jean-Claude, MME SCHAEFER Patty, Mme MARQUES CONSTANTINO Adela\u00efde, M. D\u00dcBBERS Andr\u00e9, M. RODRIGUES TEIXEIRA Fernando Jos\u00e9\u00a0; conseillers communaux, M. Pol Schaus,&hellip;<\/p>\n","protected":false},"author":3,"featured_media":0,"parent":0,"menu_order":0,"comment_status":"closed","ping_status":"closed","template":"","meta":[],"class_list":["post-23130","page","type-page","status-publish","hentry","description-off"],"translation":{"provider":"WPGlobus","version":"2.12.2","language":"fr","enabled_languages":["de","fr"],"languages":{"de":{"title":true,"content":true,"excerpt":false},"fr":{"title":false,"content":false,"excerpt":false}}},"publishpress_future_action":{"enabled":false,"date":"2026-04-15 00:25:12","action":"change-status","newStatus":"draft","terms":[],"taxonomy":""},"_links":{"self":[{"href":"https:\/\/old-vianden.digitalvision.lu\/fr\/index.php?rest_route=\/wp\/v2\/pages\/23130","targetHints":{"allow":["GET"]}}],"collection":[{"href":"https:\/\/old-vianden.digitalvision.lu\/fr\/index.php?rest_route=\/wp\/v2\/pages"}],"about":[{"href":"https:\/\/old-vianden.digitalvision.lu\/fr\/index.php?rest_route=\/wp\/v2\/types\/page"}],"author":[{"embeddable":true,"href":"https:\/\/old-vianden.digitalvision.lu\/fr\/index.php?rest_route=\/wp\/v2\/users\/3"}],"replies":[{"embeddable":true,"href":"https:\/\/old-vianden.digitalvision.lu\/fr\/index.php?rest_route=%2Fwp%2Fv2%2Fcomments&post=23130"}],"version-history":[{"count":6,"href":"https:\/\/old-vianden.digitalvision.lu\/fr\/index.php?rest_route=\/wp\/v2\/pages\/23130\/revisions"}],"predecessor-version":[{"id":23157,"href":"https:\/\/old-vianden.digitalvision.lu\/fr\/index.php?rest_route=\/wp\/v2\/pages\/23130\/revisions\/23157"}],"wp:attachment":[{"href":"https:\/\/old-vianden.digitalvision.lu\/fr\/index.php?rest_route=%2Fwp%2Fv2%2Fmedia&parent=23130"}],"curies":[{"name":"wp","href":"https:\/\/api.w.org\/{rel}","templated":true}]}}