{"id":22572,"date":"2023-01-29T23:45:07","date_gmt":"2023-01-29T22:45:07","guid":{"rendered":"https:\/\/old-vianden.digitalvision.lu\/?page_id=22572"},"modified":"2023-02-06T17:55:32","modified_gmt":"2023-02-06T16:55:32","slug":"reunion-du-conseil-communal-le-vendredi-27-janvier-2023","status":"publish","type":"page","link":"https:\/\/old-vianden.digitalvision.lu\/fr\/?page_id=22572","title":{"rendered":"R\u00e9union du Conseil Communal le vendredi 27 janvier 2023"},"content":{"rendered":"<div class=\"wpb-content-wrapper\"><p>[vc_row][vc_column][vc_column_text]<strong>Conseil Communal \u00a0le vendredi 27 janvier 2023 \u00e0 14h00 heures<span class=\"Apple-converted-space\"> Centre Culturel Larei en la salle Bessling<\/span><\/strong><\/p>\n<p>Pr\u00e9sents: TONINO Claude, bourgmestre, ESTEVES Kevin, \u00e9chevin \u2013 \u00a0KLASEN Jengel, \u00e9chevin \u2013 \u00a0 MAJERUS Henri, DINIS ANDRADE C\u00e9sar, LEONARDY Frank, \u00a0conseillers<\/p>\n<p>Excus\u00e9s: \u00a0Joe HEINTZEN, MALERBA Paolo, conseillers<\/p>\n<p>Pol SCHAUS, secr\u00e9taire[\/vc_column_text][vc_empty_space][\/vc_column][\/vc_row][vc_row][vc_column][vc_text_separator title=&#8221;Odre du jour&#8221;][vc_empty_space][\/vc_column][\/vc_row][vc_row][vc_column][vc_column_text]<strong>1. Communication du coll\u00e8ge \u00e9chevinal<\/strong><\/p>\n<p><strong>2. Approbation de l&#8217;avis du Plan Directeur de l&#8217;Am\u00e9nagement du Territoire<\/strong><\/p>\n<!--[if lt IE 9]><script>document.createElement('audio');<\/script><![endif]-->\n<audio class=\"wp-audio-shortcode\" id=\"audio-22572-1\" preload=\"none\" style=\"width: 100%;\" controls=\"controls\"><source type=\"audio\/mpeg\" src=\"https:\/\/old-vianden.digitalvision.lu\/wp-content\/uploads\/2023\/01\/reunion27_1_2023.mp3?_=1\" \/><a href=\"https:\/\/old-vianden.digitalvision.lu\/wp-content\/uploads\/2023\/01\/reunion27_1_2023.mp3\">https:\/\/old-vianden.digitalvision.lu\/wp-content\/uploads\/2023\/01\/reunion27_1_2023.mp3<\/a><\/audio>\n<p>[\/vc_column_text][\/vc_column][\/vc_row][vc_row][vc_column][vc_column_text]<div id=\"wppdfemb-frame-container-2\"><iframe id=\"wppdf-emb-iframe-2\" scrolling=\"no\" data-pdf-index=\"2\" class=\"pdfembed-iframe nonfullscreen\" style=\"border: none; width:100%; max-width: 100%; min-height: 1000px;\" src=\"https:\/\/old-vianden.digitalvision.lu\/fr?url=https%3A%2F%2Fold-vianden.digitalvision.lu%2Fwp-content%2Fuploads%2F2023%2F01%2F221159_2023-01-27_ANALYSE-PDAT-VIANDEN-HOSINGEN_DELIBERATION-CC.pdf&title=221159_2023-01-27_ANALYSE+PDAT+VIANDEN-HOSINGEN_DELIBERATION+CC&pdfID=2&index=2\" ><\/iframe><\/div>[\/vc_column_text][vc_empty_space][vc_column_text]<div id=\"wppdfemb-frame-container-3\"><iframe id=\"wppdf-emb-iframe-3\" scrolling=\"no\" data-pdf-index=\"3\" class=\"pdfembed-iframe nonfullscreen\" style=\"border: none; width:100%; max-width: 100%; min-height: 1000px;\" src=\"https:\/\/old-vianden.digitalvision.lu\/fr?url=https%3A%2F%2Fold-vianden.digitalvision.lu%2Fwp-content%2Fuploads%2F2023%2F01%2FAvis__PDAT_Vianden-Hosingen_CC.pdf&pdfID=3&index=3\" ><\/iframe><\/div>[\/vc_column_text][vc_empty_space][\/vc_column][\/vc_row][vc_row][vc_column][vc_column_text]<\/p>\n<div class=\"page\" title=\"Page 2\">\n<div class=\"section\">\n<div class=\"layoutArea\">\n<div class=\"column\">\n<h3>Communique\u0301 de presse<\/h3>\n<\/div>\n<\/div>\n<\/div>\n<div class=\"layoutArea\">\n<div class=\"column\">\n<p>Dans le cadre de la consultation des communes sur le projet du nouveau \u00ab Programme directeur d\u2019ame\u0301nagement du territoire \u00bb (PDAT) \u2013 le guide principal de l\u2019ame\u0301nagement pour l\u2019ame\u0301nagement du territoire au niveau national a\u0300 long terme sollicite\u0301 par le Ministe\u0300re de l\u2019ame\u0301nagement du territoire \u2013, les communes de Vianden et de Parc Hosingen ont adopte\u0301 vendredi, lors de re\u0301unions se\u0301pare\u0301es, mais simultane\u0301es des deux conseils communaux, un avis concordant dans lequel elles se prononcent ensemble pour l\u2019inte\u0301gration de Hosingen dans le \u00ab Centre de de\u0301veloppement et d\u2019attraction \u00bb (CDA) Vianden de\u0301ja\u0300 existant, afin de cre\u0301er un CDA bipolaire Vianden-Hosingen d\u2019autant plus performant, dans l\u2019inte\u0301re\u0302t de toute la re\u0301gion.<\/p>\n<p>Une telle de\u0301marche devrait permettre aux deux communes d\u2019exploiter leurs compe\u0301tences et leurs potentiels de de\u0301veloppement diverses mais souvent compatibles d\u2019une manie\u0300re vigoureuse et coordonne\u0301e afin d\u2019ame\u0301liorer et d\u2019assurer a\u0300 long terme une offre solide en services et une qualite\u0301 de vie ade\u0301quate pour les citoyens du nord-est du pays en soutenant leurs objectifs e\u0301conomiques, sociaux et e\u0301cologiques \u2013 un des objectifs fondamentaux du PDAT.<\/p>\n<p>Or, lors d\u2019une re\u0301union d\u2019information au sujet du PDAT le 18 novembre 2022 a\u0300 Clervaux, Claude Turmes, en tant que ministre compe\u0301tent, avait de\u0301ja\u0300 e\u0301voque\u0301 l\u2019ide\u0301e d\u2019une revalorisation du CDA Vianden a\u0300 travers la cre\u0301ation d\u2019un CDA bipolaire Vianden-Hosingen.<\/p>\n<p>&nbsp;<\/p>\n<p style=\"text-align: left;\">Les colle\u0300ges e\u0301chevinaux et les conseils communaux des communes de Vianden et Parc Hosingen<\/p>\n<\/div>\n<\/div>\n<\/div>\n<p>[\/vc_column_text][\/vc_column][\/vc_row][vc_row][vc_column][vc_single_image image=&#8221;22604&#8243; img_size=&#8221;full&#8221; alignment=&#8221;center&#8221; style=&#8221;vc_box_outline&#8221; border_color=&#8221;juicy_pink&#8221;][vc_column_text]<\/p>\n<p style=\"text-align: right;\">Photo: John Lamberty<\/p>\n<p>[\/vc_column_text][vc_empty_space][\/vc_column][\/vc_row]<\/p>\n<\/div>","protected":false},"excerpt":{"rendered":"<p>[vc_row][vc_column][vc_column_text]Conseil Communal \u00a0le vendredi 27 janvier 2023 \u00e0 14h00 heures Centre Culturel Larei en la salle Bessling Pr\u00e9sents: TONINO Claude, bourgmestre, ESTEVES Kevin, \u00e9chevin \u2013 \u00a0KLASEN Jengel, \u00e9chevin \u2013 \u00a0 MAJERUS Henri, DINIS ANDRADE C\u00e9sar, LEONARDY Frank, \u00a0conseillers Excus\u00e9s: \u00a0Joe HEINTZEN, MALERBA Paolo, conseillers Pol SCHAUS, secr\u00e9taire[\/vc_column_text][vc_empty_space][\/vc_column][\/vc_row][vc_row][vc_column][vc_text_separator title=&#8221;Odre du jour&#8221;][vc_empty_space][\/vc_column][\/vc_row][vc_row][vc_column][vc_column_text]1. Communication du coll\u00e8ge \u00e9chevinal 2.&hellip;<\/p>\n","protected":false},"author":2,"featured_media":0,"parent":0,"menu_order":0,"comment_status":"closed","ping_status":"closed","template":"","meta":[],"class_list":["post-22572","page","type-page","status-publish","hentry","description-off"],"translation":{"provider":"WPGlobus","version":"2.12.2","language":"fr","enabled_languages":["de","fr"],"languages":{"de":{"title":true,"content":true,"excerpt":false},"fr":{"title":false,"content":false,"excerpt":false}}},"publishpress_future_action":{"enabled":false,"date":"2026-04-14 22:54:16","action":"change-status","newStatus":"draft","terms":[],"taxonomy":""},"_links":{"self":[{"href":"https:\/\/old-vianden.digitalvision.lu\/fr\/index.php?rest_route=\/wp\/v2\/pages\/22572","targetHints":{"allow":["GET"]}}],"collection":[{"href":"https:\/\/old-vianden.digitalvision.lu\/fr\/index.php?rest_route=\/wp\/v2\/pages"}],"about":[{"href":"https:\/\/old-vianden.digitalvision.lu\/fr\/index.php?rest_route=\/wp\/v2\/types\/page"}],"author":[{"embeddable":true,"href":"https:\/\/old-vianden.digitalvision.lu\/fr\/index.php?rest_route=\/wp\/v2\/users\/2"}],"replies":[{"embeddable":true,"href":"https:\/\/old-vianden.digitalvision.lu\/fr\/index.php?rest_route=%2Fwp%2Fv2%2Fcomments&post=22572"}],"version-history":[{"count":5,"href":"https:\/\/old-vianden.digitalvision.lu\/fr\/index.php?rest_route=\/wp\/v2\/pages\/22572\/revisions"}],"predecessor-version":[{"id":22649,"href":"https:\/\/old-vianden.digitalvision.lu\/fr\/index.php?rest_route=\/wp\/v2\/pages\/22572\/revisions\/22649"}],"wp:attachment":[{"href":"https:\/\/old-vianden.digitalvision.lu\/fr\/index.php?rest_route=%2Fwp%2Fv2%2Fmedia&parent=22572"}],"curies":[{"name":"wp","href":"https:\/\/api.w.org\/{rel}","templated":true}]}}