{"id":22547,"date":"2023-01-26T11:26:48","date_gmt":"2023-01-26T10:26:48","guid":{"rendered":"https:\/\/old-vianden.digitalvision.lu\/?page_id=22547"},"modified":"2023-01-26T11:26:48","modified_gmt":"2023-01-26T10:26:48","slug":"reunion-du-conseil-communal-le-mercredi-25-janvier-2023","status":"publish","type":"page","link":"https:\/\/old-vianden.digitalvision.lu\/fr\/?page_id=22547","title":{"rendered":"R\u00e9union du Conseil Communal le mercredi 25 janvier 2023"},"content":{"rendered":"<div class=\"wpb-content-wrapper\"><p>[vc_row][vc_column][vc_column_text]<strong>Conseil Communal \u00a0le mercredi 25 janvier 2023 \u00e0 14h00 heures<span class=\"Apple-converted-space\"> Centre Culturel Larei en la salle Bessling<\/span><\/strong><\/p>\n<p>Pr\u00e9sents: TONINO Claude, bourgmestre, ESTEVES Kevin, \u00e9chevin \u2013 \u00a0KLASEN Jengel, \u00e9chevin \u2013 \u00a0 MAJERUS Henri, DINIS ANDRADE C\u00e9sar, LEONARDY Frank, \u00a0conseillers<\/p>\n<p>Excus\u00e9s: \u00a0Joe HEINTZEN, MALERBA Paolo, conseillers<\/p>\n<p>Pol SCHAUS, secr\u00e9taire[\/vc_column_text][vc_empty_space][\/vc_column][\/vc_row][vc_row][vc_column][vc_text_separator title=&#8221;ORDRE DU JOUR&#8221;][vc_empty_space][\/vc_column][\/vc_row][vc_row][vc_column][vc_column_text]Mot de bienvenue par Monsieur le bourgmestre Claude TONINO<\/p>\n<!--[if lt IE 9]><script>document.createElement('audio');<\/script><![endif]-->\n<audio class=\"wp-audio-shortcode\" id=\"audio-22547-1\" preload=\"none\" style=\"width: 100%;\" controls=\"controls\"><source type=\"audio\/mpeg\" src=\"https:\/\/old-vianden.digitalvision.lu\/wp-content\/uploads\/2023\/01\/Bienvenue_CC25_1_2023.mp3?_=1\" \/><a href=\"https:\/\/old-vianden.digitalvision.lu\/wp-content\/uploads\/2023\/01\/Bienvenue_CC25_1_2023.mp3\">https:\/\/old-vianden.digitalvision.lu\/wp-content\/uploads\/2023\/01\/Bienvenue_CC25_1_2023.mp3<\/a><\/audio>\n<p>[\/vc_column_text][vc_empty_space][\/vc_column][\/vc_row][vc_row][vc_column][vc_column_text]<strong>1. Communication du coll\u00e8ge \u00e9chevinal<\/strong><\/p>\n<audio class=\"wp-audio-shortcode\" id=\"audio-22547-2\" preload=\"none\" style=\"width: 100%;\" controls=\"controls\"><source type=\"audio\/mpeg\" src=\"https:\/\/old-vianden.digitalvision.lu\/wp-content\/uploads\/2023\/01\/communiquationCE.mp3?_=2\" \/><a href=\"https:\/\/old-vianden.digitalvision.lu\/wp-content\/uploads\/2023\/01\/communiquationCE.mp3\">https:\/\/old-vianden.digitalvision.lu\/wp-content\/uploads\/2023\/01\/communiquationCE.mp3<\/a><\/audio>\n<p>[\/vc_column_text][vc_empty_space][\/vc_column][\/vc_row][vc_row][vc_column][vc_column_text]<strong>2. Plan d&#8217;am\u00e9nagement g\u00e9n\u00e9ral<\/strong><\/p>\n<p>a) Refonte du PAG<\/p>\n<p>b) PAP Quartier existant<\/p>\n<audio class=\"wp-audio-shortcode\" id=\"audio-22547-3\" preload=\"none\" style=\"width: 100%;\" controls=\"controls\"><source type=\"audio\/mpeg\" src=\"https:\/\/old-vianden.digitalvision.lu\/wp-content\/uploads\/2023\/01\/P2-PAG.mp3?_=3\" \/><a href=\"https:\/\/old-vianden.digitalvision.lu\/wp-content\/uploads\/2023\/01\/P2-PAG.mp3\">https:\/\/old-vianden.digitalvision.lu\/wp-content\/uploads\/2023\/01\/P2-PAG.mp3<\/a><\/audio>\n<p>[\/vc_column_text][vc_empty_space][\/vc_column][\/vc_row][vc_row][vc_column][vc_column_text]<strong>3. Modifications budg\u00e9taires<\/strong><\/p>\n<audio class=\"wp-audio-shortcode\" id=\"audio-22547-4\" preload=\"none\" style=\"width: 100%;\" controls=\"controls\"><source type=\"audio\/mpeg\" src=\"https:\/\/old-vianden.digitalvision.lu\/wp-content\/uploads\/2023\/01\/P3-Modif-Budget.mp3?_=4\" \/><a href=\"https:\/\/old-vianden.digitalvision.lu\/wp-content\/uploads\/2023\/01\/P3-Modif-Budget.mp3\">https:\/\/old-vianden.digitalvision.lu\/wp-content\/uploads\/2023\/01\/P3-Modif-Budget.mp3<\/a><\/audio>\n<p>[\/vc_column_text][vc_empty_space][\/vc_column][\/vc_row][vc_row][vc_column][vc_column_text]<strong>4. Cr\u00e9ation d&#8217;un poste pour les besoins de l&#8217;office de tourisme<\/strong><\/p>\n<audio class=\"wp-audio-shortcode\" id=\"audio-22547-5\" preload=\"none\" style=\"width: 100%;\" controls=\"controls\"><source type=\"audio\/mpeg\" src=\"https:\/\/old-vianden.digitalvision.lu\/wp-content\/uploads\/2023\/01\/P4-Creation-de-poste.mp3?_=5\" \/><a href=\"https:\/\/old-vianden.digitalvision.lu\/wp-content\/uploads\/2023\/01\/P4-Creation-de-poste.mp3\">https:\/\/old-vianden.digitalvision.lu\/wp-content\/uploads\/2023\/01\/P4-Creation-de-poste.mp3<\/a><\/audio>\n<p>[\/vc_column_text][vc_empty_space][\/vc_column][\/vc_row][vc_row][vc_column][vc_column_text]<strong>5. Approbation de la strat\u00e9gie pour la protection de l&#8217;environnement (Pacte Nature)<\/strong><\/p>\n<audio class=\"wp-audio-shortcode\" id=\"audio-22547-6\" preload=\"none\" style=\"width: 100%;\" controls=\"controls\"><source type=\"audio\/mpeg\" src=\"https:\/\/old-vianden.digitalvision.lu\/wp-content\/uploads\/2023\/01\/P5_strategie_PacteNature.mp3?_=6\" \/><a href=\"https:\/\/old-vianden.digitalvision.lu\/wp-content\/uploads\/2023\/01\/P5_strategie_PacteNature.mp3\">https:\/\/old-vianden.digitalvision.lu\/wp-content\/uploads\/2023\/01\/P5_strategie_PacteNature.mp3<\/a><\/audio>\n<p>[\/vc_column_text][vc_empty_space][\/vc_column][\/vc_row][vc_row][vc_column][vc_column_text]<strong>6. Approbation du concept de gestion en faveur de la biodiversit\u00e9 des surfaces en milieu des paysages ouvertes (Pacte Nature)<\/strong><\/p>\n<audio class=\"wp-audio-shortcode\" id=\"audio-22547-7\" preload=\"none\" style=\"width: 100%;\" controls=\"controls\"><source type=\"audio\/mpeg\" src=\"https:\/\/old-vianden.digitalvision.lu\/wp-content\/uploads\/2023\/01\/P6_Concept-gestion-biodiversite.mp3?_=7\" \/><a href=\"https:\/\/old-vianden.digitalvision.lu\/wp-content\/uploads\/2023\/01\/P6_Concept-gestion-biodiversite.mp3\">https:\/\/old-vianden.digitalvision.lu\/wp-content\/uploads\/2023\/01\/P6_Concept-gestion-biodiversite.mp3<\/a><\/audio>\n<p>[\/vc_column_text][vc_empty_space][\/vc_column][\/vc_row][vc_row][vc_column][vc_column_text]<strong>7. Demande de subside extraordinaire de la ViArt a.s.b.l<\/strong><\/p>\n<audio class=\"wp-audio-shortcode\" id=\"audio-22547-8\" preload=\"none\" style=\"width: 100%;\" controls=\"controls\"><source type=\"audio\/mpeg\" src=\"https:\/\/old-vianden.digitalvision.lu\/wp-content\/uploads\/2023\/01\/P7_SubExtra_ViArt.mp3?_=8\" \/><a href=\"https:\/\/old-vianden.digitalvision.lu\/wp-content\/uploads\/2023\/01\/P7_SubExtra_ViArt.mp3\">https:\/\/old-vianden.digitalvision.lu\/wp-content\/uploads\/2023\/01\/P7_SubExtra_ViArt.mp3<\/a><\/audio>\n<p>[\/vc_column_text][vc_empty_space][\/vc_column][\/vc_row][vc_row][vc_column][vc_column_text]<strong>8. Divers \u2013 Droit d\u2019initiative du conseiller communal, questions e\u0301crites et orales<\/strong><\/p>\n<audio class=\"wp-audio-shortcode\" id=\"audio-22547-9\" preload=\"none\" style=\"width: 100%;\" controls=\"controls\"><source type=\"audio\/mpeg\" src=\"https:\/\/old-vianden.digitalvision.lu\/wp-content\/uploads\/2023\/01\/P8_Questions.mp3?_=9\" \/><a href=\"https:\/\/old-vianden.digitalvision.lu\/wp-content\/uploads\/2023\/01\/P8_Questions.mp3\">https:\/\/old-vianden.digitalvision.lu\/wp-content\/uploads\/2023\/01\/P8_Questions.mp3<\/a><\/audio>\n<p>[\/vc_column_text][vc_empty_space][\/vc_column][\/vc_row][vc_row][vc_column][vc_column_text]<strong>9. S\u00e9ance \u00e0 huis clos<\/strong><br \/>\nAffaires du personnel[\/vc_column_text][\/vc_column][\/vc_row]<\/p>\n<\/div>","protected":false},"excerpt":{"rendered":"<p>[vc_row][vc_column][vc_column_text]Conseil Communal \u00a0le mercredi 25 janvier 2023 \u00e0 14h00 heures Centre Culturel Larei en la salle Bessling Pr\u00e9sents: TONINO Claude, bourgmestre, ESTEVES Kevin, \u00e9chevin \u2013 \u00a0KLASEN Jengel, \u00e9chevin \u2013 \u00a0 MAJERUS Henri, DINIS ANDRADE C\u00e9sar, LEONARDY Frank, \u00a0conseillers Excus\u00e9s: \u00a0Joe HEINTZEN, MALERBA Paolo, conseillers Pol SCHAUS, secr\u00e9taire[\/vc_column_text][vc_empty_space][\/vc_column][\/vc_row][vc_row][vc_column][vc_text_separator title=&#8221;ORDRE DU JOUR&#8221;][vc_empty_space][\/vc_column][\/vc_row][vc_row][vc_column][vc_column_text]Mot de bienvenue par Monsieur le&hellip;<\/p>\n","protected":false},"author":2,"featured_media":0,"parent":0,"menu_order":0,"comment_status":"closed","ping_status":"closed","template":"","meta":[],"class_list":["post-22547","page","type-page","status-publish","hentry","description-off"],"translation":{"provider":"WPGlobus","version":"2.12.2","language":"fr","enabled_languages":["de","fr"],"languages":{"de":{"title":true,"content":true,"excerpt":false},"fr":{"title":false,"content":false,"excerpt":false}}},"publishpress_future_action":{"enabled":false,"date":"2026-04-14 22:56:21","action":"change-status","newStatus":"draft","terms":[],"taxonomy":""},"_links":{"self":[{"href":"https:\/\/old-vianden.digitalvision.lu\/fr\/index.php?rest_route=\/wp\/v2\/pages\/22547","targetHints":{"allow":["GET"]}}],"collection":[{"href":"https:\/\/old-vianden.digitalvision.lu\/fr\/index.php?rest_route=\/wp\/v2\/pages"}],"about":[{"href":"https:\/\/old-vianden.digitalvision.lu\/fr\/index.php?rest_route=\/wp\/v2\/types\/page"}],"author":[{"embeddable":true,"href":"https:\/\/old-vianden.digitalvision.lu\/fr\/index.php?rest_route=\/wp\/v2\/users\/2"}],"replies":[{"embeddable":true,"href":"https:\/\/old-vianden.digitalvision.lu\/fr\/index.php?rest_route=%2Fwp%2Fv2%2Fcomments&post=22547"}],"version-history":[{"count":2,"href":"https:\/\/old-vianden.digitalvision.lu\/fr\/index.php?rest_route=\/wp\/v2\/pages\/22547\/revisions"}],"predecessor-version":[{"id":22558,"href":"https:\/\/old-vianden.digitalvision.lu\/fr\/index.php?rest_route=\/wp\/v2\/pages\/22547\/revisions\/22558"}],"wp:attachment":[{"href":"https:\/\/old-vianden.digitalvision.lu\/fr\/index.php?rest_route=%2Fwp%2Fv2%2Fmedia&parent=22547"}],"curies":[{"name":"wp","href":"https:\/\/api.w.org\/{rel}","templated":true}]}}