{"id":22257,"date":"2022-12-21T09:31:35","date_gmt":"2022-12-21T08:31:35","guid":{"rendered":"https:\/\/old-vianden.digitalvision.lu\/?page_id=22257"},"modified":"2023-01-29T23:58:33","modified_gmt":"2023-01-29T22:58:33","slug":"pag-commune-de-vianden","status":"publish","type":"page","link":"https:\/\/old-vianden.digitalvision.lu\/fr\/?page_id=22257","title":{"rendered":"PAG &#8211; Commune de Vianden"},"content":{"rendered":"<div class=\"wpb-content-wrapper\"><p>[vc_row][vc_column][vc_column_text]<\/p>\n<h3><strong>PAG en vigueur <\/strong><strong>et <\/strong><strong>Refonte du PAG 2023<\/strong><\/h3>\n<p>Le plan d\u2019am\u00e9nagement g\u00e9n\u00e9ral (PAG) est un ensemble de prescriptions graphiques et \u00e9crites \u00e0 caract\u00e8re r\u00e9glementaire qui se compl\u00e8tent r\u00e9ciproquement et qui couvrent l\u2019ensemble du territoire communal qu\u2019elles divisent en diverses zones dont elles arr\u00eatent l\u2019utilisation du sol. Ce plan, tant qu\u2019il n\u2019a pas fait l\u2019objet de l\u2019approbation d\u00e9finitive du ministre, est appel\u00e9 \u00abprojet d\u2019am\u00e9nagement g\u00e9n\u00e9ral\u00bb.<\/p>\n<p>L\u2019objectif du plan d\u2019am\u00e9nagement g\u00e9n\u00e9ral est la r\u00e9partition et l\u2019implantation judicieuse des activit\u00e9s humaines dans les diverses zones qu\u2019il arr\u00eate aux fins de garantir le d\u00e9veloppement durable de la commune sur base des objectifs d\u00e9finis par l\u2019article 2 de la loi modifi\u00e9e du 19 juillet 2004 concernant l\u2019am\u00e9nagement communal et le d\u00e9veloppement urbain.<\/p>\n<p>Chaque commune est tenue d\u2019avoir un plan d\u2019am\u00e9nagement g\u00e9n\u00e9ral couvrant l\u2019ensemble de son territoire. Deux ou plusieurs communes peuvent s\u2019associer pour \u00e9laborer un projet commun, celui-ci tenant lieu pour chacune d\u2019elles de plan d\u2019am\u00e9nagement g\u00e9n\u00e9ral.<\/p>\n<p>Tous les six ans au moins, le conseil communal d\u00e9cide par une d\u00e9lib\u00e9ration d\u00fbment motiv\u00e9e, sur base d\u2019un rapport pr\u00e9sent\u00e9 par le coll\u00e8ge des bourgmestre et \u00e9chevins suite \u00e0 un examen approfondi de la situation existante par une personne qualifi\u00e9e au sens de la loi susmentionn\u00e9e, si le plan d\u2019am\u00e9nagement g\u00e9n\u00e9ral sera soumis ou non \u00e0 une mise \u00e0 jour. Cette d\u00e9lib\u00e9ration est soumise \u00e0 l\u2019approbation du ministre.<\/p>\n<p>Le plan d\u2019am\u00e9nagement g\u00e9n\u00e9ral d\u2019une commune se compose d\u2019une partie \u00e9crite et d\u2019une partie graphique. Le projet d\u2019am\u00e9nagement g\u00e9n\u00e9ral ensemble avec l\u2019\u00e9tude pr\u00e9paratoire, la fiche de pr\u00e9sentation ainsi que le cas \u00e9ch\u00e9ant un rapport sur les incidences environnementales \u00e9labor\u00e9 conform\u00e9ment \u00e0 la loi modifi\u00e9e du 22 mai 2008 relative \u00e0 l\u2019\u00e9valuation de certains plans et programmes sur l\u2019environnement est soumis \u00e0 la d\u00e9lib\u00e9ration du conseil communal.<\/p>\n<p><strong>Avec la saisine par le conseil communal de la ville de Vianden le 25 janvier 2023, la proc\u00e9dure de refonte du PAG sera lanc\u00e9e \u00e0 partir du 30 janvier.<\/strong>[\/vc_column_text][vc_btn title=&#8221;Nouveau PAG de la Commune de Vianden&#8221; style=&#8221;outline-custom&#8221; outline_custom_color=&#8221;#dd3333&#8243; outline_custom_hover_background=&#8221;#ddb1b1&#8243; outline_custom_hover_text=&#8221;#000000&#8243; align=&#8221;center&#8221; i_icon_fontawesome=&#8221;fas fa-link&#8221; button_block=&#8221;true&#8221; add_icon=&#8221;true&#8221; link=&#8221;url:https%3A%2F%2Fvianden.sigidrive.lu%2Findex.php%2Fs%2FxxtKH95rrDNbAZC|title:PAG%202023|target:_blank&#8221;][\/vc_column][\/vc_row][vc_row][vc_column][vc_column_text]Pendant la p\u00e9riode entre la mise en proc\u00e9dure (1er vote) ;\u00a0 2\u00e8me vote et l\u2019approbation d\u00e9finitive par le Minist\u00e8re\u00a0 de l\u2019Int\u00e9rieur, le PAG actuel ou le PAG 2023 mis en proc\u00e9dure s\u2019appliquent \u00e0 la fois c\u2019est-\u00e0-dire que tous les projets immobiliers (PAP et permis de b\u00e2tir) pr\u00e9sent\u00e9s apr\u00e8s le 30 janvier 2023 devront se conformer \u00e0 la fois \u00e0 l\u2019ancien PAG en vigueur et au nouveau projet de refonte du PAG.<strong>\u00a0Le PAG le plus restrictif s\u2019applique<\/strong><\/p>\n<p>&nbsp;<\/p>\n<p><strong>Le Nouveau PAG sera d\u2019application apr\u00e8s:<\/strong><\/p>\n<ul>\n<li>Approbation d\u00e9finitive du Minist\u00e8re de l\u2019Int\u00e9rieur \u2013<\/li>\n<li>La publication (de la d\u00e9cision) du plan PAG (LOI Art. 19.) :<\/li>\n<\/ul>\n<ol>\n<li>par voie d\u2019affiches dans les valves communales (Reider)<\/li>\n<li>dans 2 journaux ou au bulletin communal (cf. L. COM. Art. 82.)<\/li>\n<\/ol>\n<p>ENTR\u00c9E EN VIGUEUR DU PLAN D\u2019AM\u00c9NAGEMENT G\u00c9N\u00c9RAL (18) 3 jours apr\u00e8s sa publication par voie d\u2019affiches dans la commune (19) (LOI Art. 19.)<\/p>\n<p><span style=\"color: #ff0000;\"><strong>! ATTENTION\u00a0 !<br \/>\n<\/strong><strong>Seuls les documents du dossier int\u00e9gral du PAG d\u00e9pos\u00e9 \u00e0 l\u2019Administration communale font foi<\/strong>.<\/span>[\/vc_column_text][vc_empty_space][vc_column_text]<\/p>\n<div class=\"page\" title=\"Page 17\">\n<div class=\"section\">\n<div class=\"layoutArea\">\n<div class=\"column\">\n<h3>Proce\u0301dure PAG : e\u0301tapes de\u0301ja\u0300 re\u0301alise\u0301es et en cours<\/h3>\n<p><strong>Saisine (dit \u00ab premier vote \u00bb ou \u00ab vote provisoire \u00bb) du conseil communal<\/strong><\/p>\n<p>La proce\u0301dure d\u2019adoption d\u2019un PAG commence par la saisine du conseil communal.<br \/>\nCelle-ci a eu lieu le 25.01.2023.<\/p>\n<p>&nbsp;<\/p>\n<p><strong>Publication et enque\u0302te publique<\/strong><\/p>\n<p>A l\u2019issue de la saisine du conseil communal, le de\u0301po\u0302t du projet de refonte du PAG est publie\u0301 en date du 30.01.2023 par voie d\u2019affiche et dans 4 quotidiens nationaux.<br \/>\nLe dossier peut e\u0302tre consulte\u0301 pendant 30 jours a\u0300 la maison communale* ainsi que sur le site internet de la commune, soit du 30.01.2023 au 01.03.2023 inclusivement.<\/p>\n<h4>*Pour mieux vous renseigner, nous vous prions de prendre rendez-vous.<\/h4>\n<p>Une re\u0301union d\u2019information est e\u0301galement organise\u0301e le 01.02.2023 \u00e0 18h00 heures \u00e0 la salle Bessling du centre culturel\u00a0Larei a\u0300 Vianden.<\/p>\n<p>&nbsp;<\/p>\n<p><strong>Re\u0301clamations<\/strong><\/p>\n<p>Toute personne inte\u0301resse\u0301e a 30 jours pour adresser\u00a0ses observations par e\u0301crit au colle\u0300ge des bourgmestre et e\u0301chevins, soit du 30.01.2023 au 01.03.2023. Apre\u0300s ce de\u0301lai, les personnes inte\u0301resse\u0301es perdent leur droit de re\u0301clamation. <strong>Les personnes qui ont re\u0301clame\u0301 ende\u0301ans le de\u0301lai le\u0301gal sont convoque\u0301es par le colle\u0300ge des bourgmestre et e\u0301chevins<\/strong><br \/>\n<strong>en vue de l\u2019aplanissement des diffe\u0301rends.<\/strong> Il est vivement recommande\u0301 d\u2019adresser les re\u0301clamations par lettre recommande\u0301e avec accuse\u0301 de re\u0301ception au colle\u0300ge<br \/>\ndes bourgmestre et e\u0301chevins.<\/p>\n<\/div>\n<\/div>\n<\/div>\n<\/div>\n<p>[\/vc_column_text][vc_empty_space][\/vc_column][\/vc_row][vc_row][vc_column width=&#8221;2\/3&#8243;][vc_single_image image=&#8221;22365&#8243; img_size=&#8221;large&#8221; style=&#8221;vc_box_rounded&#8221; onclick=&#8221;custom_link&#8221; img_link_target=&#8221;_blank&#8221; link=&#8221;https:\/\/old-vianden.digitalvision.lu\/wp-content\/uploads\/2023\/01\/COMMUNE-VIANDEN_BROCHURE-PAG.pdf&#8221;][\/vc_column][vc_column width=&#8221;1\/3&#8243;][vc_column_text]<a href=\"https:\/\/old-vianden.digitalvision.lu\/wp-content\/uploads\/2023\/01\/COMMUNE-VIANDEN_BROCHURE-PAG.pdf\" target=\"_blank\" rel=\"noopener\">t\u00e9l\u00e9charger la brochure<\/a>[\/vc_column_text][\/vc_column][\/vc_row]<\/p>\n<\/div>","protected":false},"excerpt":{"rendered":"<p>[vc_row][vc_column][vc_column_text] PAG en vigueur et Refonte du PAG 2023 Le plan d\u2019am\u00e9nagement g\u00e9n\u00e9ral (PAG) est un ensemble de prescriptions graphiques et \u00e9crites \u00e0 caract\u00e8re r\u00e9glementaire qui se compl\u00e8tent r\u00e9ciproquement et qui couvrent l\u2019ensemble du territoire communal qu\u2019elles divisent en diverses zones dont elles arr\u00eatent l\u2019utilisation du sol. Ce plan, tant qu\u2019il n\u2019a pas fait l\u2019objet&hellip;<\/p>\n","protected":false},"author":2,"featured_media":0,"parent":0,"menu_order":0,"comment_status":"closed","ping_status":"closed","template":"","meta":[],"class_list":["post-22257","page","type-page","status-publish","hentry","description-off"],"translation":{"provider":"WPGlobus","version":"2.12.2","language":"fr","enabled_languages":["de","fr"],"languages":{"de":{"title":true,"content":true,"excerpt":false},"fr":{"title":false,"content":false,"excerpt":false}}},"publishpress_future_action":{"enabled":false,"date":"2026-04-15 00:25:12","action":"change-status","newStatus":"draft","terms":[],"taxonomy":""},"_links":{"self":[{"href":"https:\/\/old-vianden.digitalvision.lu\/fr\/index.php?rest_route=\/wp\/v2\/pages\/22257","targetHints":{"allow":["GET"]}}],"collection":[{"href":"https:\/\/old-vianden.digitalvision.lu\/fr\/index.php?rest_route=\/wp\/v2\/pages"}],"about":[{"href":"https:\/\/old-vianden.digitalvision.lu\/fr\/index.php?rest_route=\/wp\/v2\/types\/page"}],"author":[{"embeddable":true,"href":"https:\/\/old-vianden.digitalvision.lu\/fr\/index.php?rest_route=\/wp\/v2\/users\/2"}],"replies":[{"embeddable":true,"href":"https:\/\/old-vianden.digitalvision.lu\/fr\/index.php?rest_route=%2Fwp%2Fv2%2Fcomments&post=22257"}],"version-history":[{"count":18,"href":"https:\/\/old-vianden.digitalvision.lu\/fr\/index.php?rest_route=\/wp\/v2\/pages\/22257\/revisions"}],"predecessor-version":[{"id":22589,"href":"https:\/\/old-vianden.digitalvision.lu\/fr\/index.php?rest_route=\/wp\/v2\/pages\/22257\/revisions\/22589"}],"wp:attachment":[{"href":"https:\/\/old-vianden.digitalvision.lu\/fr\/index.php?rest_route=%2Fwp%2Fv2%2Fmedia&parent=22257"}],"curies":[{"name":"wp","href":"https:\/\/api.w.org\/{rel}","templated":true}]}}