{"id":22110,"date":"2022-11-29T15:46:51","date_gmt":"2022-11-29T14:46:51","guid":{"rendered":"https:\/\/old-vianden.digitalvision.lu\/?page_id=22110"},"modified":"2022-11-29T16:11:40","modified_gmt":"2022-11-29T15:11:40","slug":"service-ecologique","status":"publish","type":"page","link":"https:\/\/old-vianden.digitalvision.lu\/fr\/?page_id=22110","title":{"rendered":"Service \u00e9cologique"},"content":{"rendered":"<div class=\"wpb-content-wrapper\"><p>[vc_row][vc_column][vc_column_text]<strong>Cellule NEO (Nature Environment Our):<\/strong><\/p>\n<p class=\"post__title\"><a href=\"https:\/\/naturpark-our.lu\/fr\/projects\/biologische-station\/\" target=\"_blank\" rel=\"noopener\">LA STATION BIOLOGIQUE<\/a>\u00a0 (Conseil en protection de la nature et du paysage)<\/p>\n<p class=\"post__title\"><a href=\"https:\/\/naturpark-our.lu\/fr\/projects\/fliessgewaesserpartnerschaft\/\" target=\"_blank\" rel=\"noopener\">PARTENARIAT DE COURS D\u2019EAU<\/a> (conseil en mati\u00e8re de protection de l&#8217;eau et de renaturation des cours d&#8217;eau)<\/p>\n<p><a href=\"https:\/\/naturpark-our.lu\/projects\/dnaturparken-zu-letzebuerg-een-insekteraeich\/\" target=\"_blank\" rel=\"noopener\">Projekt \u00a0\u00bbd\u2019Naturparke zu L\u00ebtzebuerg \u2013 (een) Insekter\u00e4ich\u00a0\u00bb<\/a>\u00a0 Comit\u00e9 de Pilotage \u00c9islek (Natura 2000) (conseil en mati\u00e8re de protection des insectes et de mise en r\u00e9seau des biotopes)<\/p>\n<p><a href=\"https:\/\/naturpark-our.lu\/fr\/projects\/pacte-nature\/\" target=\"_blank\" rel=\"noopener\">PACTE NATURE \u00ab\u202fMa commune s\u2019engage pour la nature\u202f\u00bb<\/a> (conseil aux communes des parcs naturels en mati\u00e8re de protection de la nature et de l&#8217;eau)<\/p>\n<p>&nbsp;<\/p>\n<p><strong>Cellule ECO (Energy Climate Our):<\/strong><\/p>\n<p><a href=\"https:\/\/naturpark-our.lu\/fr\/projects\/lichtberater\/\" target=\"_blank\" rel=\"noopener\">CONSEILLER EN \u00c9CLAIRAGE<\/a> (Conseils pour \u00e9viter la pollution lumineuse)<\/p>\n<p class=\"post__title\"><a href=\"https:\/\/naturpark-our.lu\/fr\/projects\/klimapakt-naturpark-our\/\" target=\"_blank\" rel=\"noopener\">PACTE CLIMAT PARC NATUREL DE L\u2019OUR<\/a> (conseil aux communes des parcs naturels en mati\u00e8re de protection du climat)<\/p>\n<p>[\/vc_column_text][\/vc_column][\/vc_row][vc_row][vc_column][vc_empty_space][\/vc_column][\/vc_row][vc_row][vc_column][vc_single_image image=&#8221;22118&#8243; img_size=&#8221;medium&#8221; alignment=&#8221;center&#8221;][\/vc_column][\/vc_row]<\/p>\n<\/div>","protected":false},"excerpt":{"rendered":"<p>[vc_row][vc_column][vc_column_text]Cellule NEO (Nature Environment Our): LA STATION BIOLOGIQUE\u00a0 (Conseil en protection de la nature et du paysage) PARTENARIAT DE COURS D\u2019EAU (conseil en mati\u00e8re de protection de l&#8217;eau et de renaturation des cours d&#8217;eau) Projekt \u00a0\u00bbd\u2019Naturparke zu L\u00ebtzebuerg \u2013 (een) Insekter\u00e4ich\u00a0\u00bb\u00a0 Comit\u00e9 de Pilotage \u00c9islek (Natura 2000) (conseil en mati\u00e8re de protection des insectes et&hellip;<\/p>\n","protected":false},"author":2,"featured_media":0,"parent":0,"menu_order":0,"comment_status":"closed","ping_status":"closed","template":"","meta":[],"class_list":["post-22110","page","type-page","status-publish","hentry","description-off"],"translation":{"provider":"WPGlobus","version":"2.12.2","language":"fr","enabled_languages":["de","fr"],"languages":{"de":{"title":true,"content":true,"excerpt":false},"fr":{"title":true,"content":true,"excerpt":false}}},"publishpress_future_action":{"enabled":false,"date":"2026-04-14 22:48:37","action":"change-status","newStatus":"draft","terms":[],"taxonomy":""},"_links":{"self":[{"href":"https:\/\/old-vianden.digitalvision.lu\/fr\/index.php?rest_route=\/wp\/v2\/pages\/22110","targetHints":{"allow":["GET"]}}],"collection":[{"href":"https:\/\/old-vianden.digitalvision.lu\/fr\/index.php?rest_route=\/wp\/v2\/pages"}],"about":[{"href":"https:\/\/old-vianden.digitalvision.lu\/fr\/index.php?rest_route=\/wp\/v2\/types\/page"}],"author":[{"embeddable":true,"href":"https:\/\/old-vianden.digitalvision.lu\/fr\/index.php?rest_route=\/wp\/v2\/users\/2"}],"replies":[{"embeddable":true,"href":"https:\/\/old-vianden.digitalvision.lu\/fr\/index.php?rest_route=%2Fwp%2Fv2%2Fcomments&post=22110"}],"version-history":[{"count":11,"href":"https:\/\/old-vianden.digitalvision.lu\/fr\/index.php?rest_route=\/wp\/v2\/pages\/22110\/revisions"}],"predecessor-version":[{"id":22122,"href":"https:\/\/old-vianden.digitalvision.lu\/fr\/index.php?rest_route=\/wp\/v2\/pages\/22110\/revisions\/22122"}],"wp:attachment":[{"href":"https:\/\/old-vianden.digitalvision.lu\/fr\/index.php?rest_route=%2Fwp%2Fv2%2Fmedia&parent=22110"}],"curies":[{"name":"wp","href":"https:\/\/api.w.org\/{rel}","templated":true}]}}