{"id":21780,"date":"2022-09-12T17:27:46","date_gmt":"2022-09-12T15:27:46","guid":{"rendered":"https:\/\/old-vianden.digitalvision.lu\/?page_id=21780"},"modified":"2022-09-14T11:37:03","modified_gmt":"2022-09-14T09:37:03","slug":"reunion-du-conseil-communal-le-jeudi-08-septembre-2022a-1400-heures","status":"publish","type":"page","link":"https:\/\/old-vianden.digitalvision.lu\/fr\/?page_id=21780","title":{"rendered":"R\u00e9union du Conseil Communal le jeudi 08 septembre 2022 \u00e0 14:00 heures"},"content":{"rendered":"<div class=\"wpb-content-wrapper\"><p>[vc_row][vc_column][vc_column_text]<\/p>\n<h4>Conseil Communal du jeudi, 08 septembre 2022 \u00e0 14:00 heures en la salle Bessling du\u00a0Centre Culturel Larei<\/h4>\n<p>Pr\u00e9sents: TONINO Claude, bourgmestre \u2013 \u00a0ESTEVES Kevin, \u00e9chevin &#8211; KLASEN Jengel, \u00e9chevin \u2013 \u00a0 LEONARDY Frank, \u00a0HEINTZEN Joe , conseillers<\/p>\n<p>Excus\u00e9s: MAJERUS Henri,\u00a0MALERBA Paolo, DINIS ANDRADE C\u00e9sar<\/p>\n<p>Mad. Diane STORN, secr\u00e9taire ff[\/vc_column_text][vc_empty_space][\/vc_column][\/vc_row][vc_row][vc_column][vc_text_separator title=&#8221;ORDRE DU JOUR&#8221;][vc_empty_space][\/vc_column][\/vc_row][vc_row][vc_column][vc_column_text]<strong>Modification du ODJ<\/strong><\/p>\n<!--[if lt IE 9]><script>document.createElement('audio');<\/script><![endif]-->\n<audio class=\"wp-audio-shortcode\" id=\"audio-21780-1\" preload=\"none\" style=\"width: 100%;\" controls=\"controls\"><source type=\"audio\/mpeg\" src=\"https:\/\/old-vianden.digitalvision.lu\/wp-content\/uploads\/2022\/09\/bienvenue_modif-odj.mp3?_=1\" \/><a href=\"https:\/\/old-vianden.digitalvision.lu\/wp-content\/uploads\/2022\/09\/bienvenue_modif-odj.mp3\">https:\/\/old-vianden.digitalvision.lu\/wp-content\/uploads\/2022\/09\/bienvenue_modif-odj.mp3<\/a><\/audio>\n<p>[\/vc_column_text][vc_empty_space][\/vc_column][\/vc_row][vc_row][vc_column][vc_column_text]<strong>1. Communications du coll\u00e8ge \u00e9chevinal<\/strong><\/p>\n<audio class=\"wp-audio-shortcode\" id=\"audio-21780-2\" preload=\"none\" style=\"width: 100%;\" controls=\"controls\"><source type=\"audio\/mpeg\" src=\"https:\/\/old-vianden.digitalvision.lu\/wp-content\/uploads\/2022\/09\/P1-communications-du-colech.mp3?_=2\" \/><a href=\"https:\/\/old-vianden.digitalvision.lu\/wp-content\/uploads\/2022\/09\/P1-communications-du-colech.mp3\">https:\/\/old-vianden.digitalvision.lu\/wp-content\/uploads\/2022\/09\/P1-communications-du-colech.mp3<\/a><\/audio>\n<p>[\/vc_column_text][vc_empty_space][\/vc_column][\/vc_row][vc_row][vc_column][vc_column_text]<strong>2. Pr\u00e9sentation du Masterplang Schull<\/strong><\/p>\n<p>Pr\u00e9sentation du &#8220;Masterplang&#8221; par le \u00a0Bureau MC<\/p>\n<audio class=\"wp-audio-shortcode\" id=\"audio-21780-3\" preload=\"none\" style=\"width: 100%;\" controls=\"controls\"><source type=\"audio\/mpeg\" src=\"https:\/\/old-vianden.digitalvision.lu\/wp-content\/uploads\/2022\/09\/P2_MasterplangSchull_Teil1.mp3?_=3\" \/><a href=\"https:\/\/old-vianden.digitalvision.lu\/wp-content\/uploads\/2022\/09\/P2_MasterplangSchull_Teil1.mp3\">https:\/\/old-vianden.digitalvision.lu\/wp-content\/uploads\/2022\/09\/P2_MasterplangSchull_Teil1.mp3<\/a><\/audio>\n<p>Questions et discutions<\/p>\n<audio class=\"wp-audio-shortcode\" id=\"audio-21780-4\" preload=\"none\" style=\"width: 100%;\" controls=\"controls\"><source type=\"audio\/mpeg\" src=\"https:\/\/old-vianden.digitalvision.lu\/wp-content\/uploads\/2022\/09\/P2_MasterplangSchull_Teil2.mp3?_=4\" \/><a href=\"https:\/\/old-vianden.digitalvision.lu\/wp-content\/uploads\/2022\/09\/P2_MasterplangSchull_Teil2.mp3\">https:\/\/old-vianden.digitalvision.lu\/wp-content\/uploads\/2022\/09\/P2_MasterplangSchull_Teil2.mp3<\/a><\/audio>\n<div id=\"wppdfemb-frame-container-2\"><iframe id=\"wppdf-emb-iframe-2\" scrolling=\"no\" data-pdf-index=\"2\" class=\"pdfembed-iframe nonfullscreen\" style=\"border: none; width:100%; max-width: 100%; min-height: 1000px;\" src=\"https:\/\/old-vianden.digitalvision.lu\/fr?url=https%3A%2F%2Fold-vianden.digitalvision.lu%2Fwp-content%2Fuploads%2F2022%2F09%2F2022_09_08_CC_Masterplan-Bildung-2.pdf&title=2022_09_08_CC_Masterplan+Bildung-2&pdfID=2&index=2\" ><\/iframe><\/div>\n<p>[\/vc_column_text][vc_empty_space][\/vc_column][\/vc_row][vc_row][vc_column][vc_column_text]<strong>3. Approbation de contrats<\/strong><\/p>\n<p>a. Contrat bail<\/p>\n<audio class=\"wp-audio-shortcode\" id=\"audio-21780-5\" preload=\"none\" style=\"width: 100%;\" controls=\"controls\"><source type=\"audio\/mpeg\" src=\"https:\/\/old-vianden.digitalvision.lu\/wp-content\/uploads\/2022\/09\/P3_1_contrat-de-bail.mp3?_=5\" \/><a href=\"https:\/\/old-vianden.digitalvision.lu\/wp-content\/uploads\/2022\/09\/P3_1_contrat-de-bail.mp3\">https:\/\/old-vianden.digitalvision.lu\/wp-content\/uploads\/2022\/09\/P3_1_contrat-de-bail.mp3<\/a><\/audio>\n<p>b.Contrat de travail<\/p>\n<audio class=\"wp-audio-shortcode\" id=\"audio-21780-6\" preload=\"none\" style=\"width: 100%;\" controls=\"controls\"><source type=\"audio\/mpeg\" src=\"https:\/\/old-vianden.digitalvision.lu\/wp-content\/uploads\/2022\/09\/P3_2_contrat-de-travail.mp3?_=6\" \/><a href=\"https:\/\/old-vianden.digitalvision.lu\/wp-content\/uploads\/2022\/09\/P3_2_contrat-de-travail.mp3\">https:\/\/old-vianden.digitalvision.lu\/wp-content\/uploads\/2022\/09\/P3_2_contrat-de-travail.mp3<\/a><\/audio>\n<p>c. Contrat de service Dussmann<\/p>\n<audio class=\"wp-audio-shortcode\" id=\"audio-21780-7\" preload=\"none\" style=\"width: 100%;\" controls=\"controls\"><source type=\"audio\/mpeg\" src=\"https:\/\/old-vianden.digitalvision.lu\/wp-content\/uploads\/2022\/09\/P3_3_contrat-de-service-dussmann-1.mp3?_=7\" \/><a href=\"https:\/\/old-vianden.digitalvision.lu\/wp-content\/uploads\/2022\/09\/P3_3_contrat-de-service-dussmann-1.mp3\">https:\/\/old-vianden.digitalvision.lu\/wp-content\/uploads\/2022\/09\/P3_3_contrat-de-service-dussmann-1.mp3<\/a><\/audio>\n<p>d. Contrat relatif \u00e0 l&#8217;\u00e9tude de faisabilit\u00e9 pour le r\u00e9am\u00e9nagement du campus scolaire<\/p>\n<audio class=\"wp-audio-shortcode\" id=\"audio-21780-8\" preload=\"none\" style=\"width: 100%;\" controls=\"controls\"><source type=\"audio\/mpeg\" src=\"https:\/\/old-vianden.digitalvision.lu\/wp-content\/uploads\/2022\/09\/P3_4_contrat-MC.mp3?_=8\" \/><a href=\"https:\/\/old-vianden.digitalvision.lu\/wp-content\/uploads\/2022\/09\/P3_4_contrat-MC.mp3\">https:\/\/old-vianden.digitalvision.lu\/wp-content\/uploads\/2022\/09\/P3_4_contrat-MC.mp3<\/a><\/audio>\n<p>[\/vc_column_text][vc_empty_space][\/vc_column][\/vc_row][vc_row][vc_column][vc_column_text]<strong>4. Modifications budg\u00e9taires<\/strong><\/p>\n<audio class=\"wp-audio-shortcode\" id=\"audio-21780-9\" preload=\"none\" style=\"width: 100%;\" controls=\"controls\"><source type=\"audio\/mpeg\" src=\"https:\/\/old-vianden.digitalvision.lu\/wp-content\/uploads\/2022\/09\/P4_modif_budget.mp3?_=9\" \/><a href=\"https:\/\/old-vianden.digitalvision.lu\/wp-content\/uploads\/2022\/09\/P4_modif_budget.mp3\">https:\/\/old-vianden.digitalvision.lu\/wp-content\/uploads\/2022\/09\/P4_modif_budget.mp3<\/a><\/audio>\n<p>[\/vc_column_text][vc_empty_space][\/vc_column][\/vc_row][vc_row][vc_column][vc_column_text]<strong>5. Modification du r\u00e8glement de circulation<\/strong><\/p>\n<audio class=\"wp-audio-shortcode\" id=\"audio-21780-10\" preload=\"none\" style=\"width: 100%;\" controls=\"controls\"><source type=\"audio\/mpeg\" src=\"https:\/\/old-vianden.digitalvision.lu\/wp-content\/uploads\/2022\/09\/P5_reglementde-circulations.mp3?_=10\" \/><a href=\"https:\/\/old-vianden.digitalvision.lu\/wp-content\/uploads\/2022\/09\/P5_reglementde-circulations.mp3\">https:\/\/old-vianden.digitalvision.lu\/wp-content\/uploads\/2022\/09\/P5_reglementde-circulations.mp3<\/a><\/audio>\n<p>[\/vc_column_text][vc_empty_space][\/vc_column][\/vc_row][vc_row][vc_column][vc_column_text]<strong>6. Divers \u00a0Droit d\u2019initiative du conseiller communal, questions \u00e9crites et orales<\/strong><\/p>\n<audio class=\"wp-audio-shortcode\" id=\"audio-21780-11\" preload=\"none\" style=\"width: 100%;\" controls=\"controls\"><source type=\"audio\/mpeg\" src=\"https:\/\/old-vianden.digitalvision.lu\/wp-content\/uploads\/2022\/09\/P6_Questions.mp3?_=11\" \/><a href=\"https:\/\/old-vianden.digitalvision.lu\/wp-content\/uploads\/2022\/09\/P6_Questions.mp3\">https:\/\/old-vianden.digitalvision.lu\/wp-content\/uploads\/2022\/09\/P6_Questions.mp3<\/a><\/audio>\n<p>[\/vc_column_text][\/vc_column][\/vc_row]<\/p>\n<\/div>","protected":false},"excerpt":{"rendered":"<p>[vc_row][vc_column][vc_column_text] Conseil Communal du jeudi, 08 septembre 2022 \u00e0 14:00 heures en la salle Bessling du\u00a0Centre Culturel Larei Pr\u00e9sents: TONINO Claude, bourgmestre \u2013 \u00a0ESTEVES Kevin, \u00e9chevin &#8211; KLASEN Jengel, \u00e9chevin \u2013 \u00a0 LEONARDY Frank, \u00a0HEINTZEN Joe , conseillers Excus\u00e9s: MAJERUS Henri,\u00a0MALERBA Paolo, DINIS ANDRADE C\u00e9sar Mad. Diane STORN, secr\u00e9taire ff[\/vc_column_text][vc_empty_space][\/vc_column][\/vc_row][vc_row][vc_column][vc_text_separator title=&#8221;ORDRE DU JOUR&#8221;][vc_empty_space][\/vc_column][\/vc_row][vc_row][vc_column][vc_column_text]Modification du ODJ&hellip;<\/p>\n","protected":false},"author":2,"featured_media":16953,"parent":0,"menu_order":0,"comment_status":"closed","ping_status":"closed","template":"","meta":[],"class_list":["post-21780","page","type-page","status-publish","has-post-thumbnail","hentry","description-off"],"translation":{"provider":"WPGlobus","version":"2.12.2","language":"fr","enabled_languages":["de","fr"],"languages":{"de":{"title":true,"content":true,"excerpt":false},"fr":{"title":false,"content":false,"excerpt":false}}},"publishpress_future_action":{"enabled":false,"date":"2026-04-14 22:53:16","action":"change-status","newStatus":"draft","terms":[],"taxonomy":""},"_links":{"self":[{"href":"https:\/\/old-vianden.digitalvision.lu\/fr\/index.php?rest_route=\/wp\/v2\/pages\/21780","targetHints":{"allow":["GET"]}}],"collection":[{"href":"https:\/\/old-vianden.digitalvision.lu\/fr\/index.php?rest_route=\/wp\/v2\/pages"}],"about":[{"href":"https:\/\/old-vianden.digitalvision.lu\/fr\/index.php?rest_route=\/wp\/v2\/types\/page"}],"author":[{"embeddable":true,"href":"https:\/\/old-vianden.digitalvision.lu\/fr\/index.php?rest_route=\/wp\/v2\/users\/2"}],"replies":[{"embeddable":true,"href":"https:\/\/old-vianden.digitalvision.lu\/fr\/index.php?rest_route=%2Fwp%2Fv2%2Fcomments&post=21780"}],"version-history":[{"count":9,"href":"https:\/\/old-vianden.digitalvision.lu\/fr\/index.php?rest_route=\/wp\/v2\/pages\/21780\/revisions"}],"predecessor-version":[{"id":21814,"href":"https:\/\/old-vianden.digitalvision.lu\/fr\/index.php?rest_route=\/wp\/v2\/pages\/21780\/revisions\/21814"}],"wp:featuredmedia":[{"embeddable":true,"href":"https:\/\/old-vianden.digitalvision.lu\/fr\/index.php?rest_route=\/wp\/v2\/media\/16953"}],"wp:attachment":[{"href":"https:\/\/old-vianden.digitalvision.lu\/fr\/index.php?rest_route=%2Fwp%2Fv2%2Fmedia&parent=21780"}],"curies":[{"name":"wp","href":"https:\/\/api.w.org\/{rel}","templated":true}]}}