{"id":21477,"date":"2022-06-25T20:36:49","date_gmt":"2022-06-25T18:36:49","guid":{"rendered":"https:\/\/old-vianden.digitalvision.lu\/?page_id=21477"},"modified":"2022-06-25T20:56:01","modified_gmt":"2022-06-25T18:56:01","slug":"sozialamt-resonord","status":"publish","type":"page","link":"https:\/\/old-vianden.digitalvision.lu\/fr\/?page_id=21477","title":{"rendered":"Office social Resonord"},"content":{"rendered":"<div class=\"wpb-content-wrapper\"><p>[vc_row][vc_column][vc_column_text]<b>Office social Resonord<\/b><\/p>\n<p>L\u2019office social Resonord peut \u00eatre sollicit\u00e9 en cas de questions et\/ou probl\u00e8mes de natures diverses. Les assistants sociaux peuvent aider dans les domaines suivants\u00a0:<\/p>\n<ul>\n<li>Logement<\/li>\n<li>Travail et formation<\/li>\n<li>Sant\u00e9<\/li>\n<li>Famille et enfants<\/li>\n<li>\u2026<\/li>\n<\/ul>\n<p>La loi du 18 d\u00e9cembre 2009 organisant l\u2019aide sociale fixe le cadre l\u00e9gal des 30 offices sociaux pr\u00e9sents dans le pays. De par la m\u00eame, le recours \u00e0 l\u2019aide sociale est devenu un droit. En contrepartie, les b\u00e9n\u00e9ficiaires d\u2019aide sociale s\u2019engagent \u00e0 participer activement \u00e0 l\u2019am\u00e9lioration de leur situation et de la restitution de leur autonomie.<\/p>\n<p>Parmi les aides accord\u00e9es par un office social se retrouvent:<\/p>\n<ul>\n<li>Information, conseil et orientation<\/li>\n<li>Accompagnement sociop\u00e9dagogique\/psychosocial<\/li>\n<li>Aides administratives<\/li>\n<li>Aides mat\u00e9rielles<\/li>\n<li>Aides financi\u00e8res<\/li>\n<\/ul>\n<p>L\u2019objectif de l\u2019aide sociale est de permettre aux personnes menac\u00e9es de pauvret\u00e9 et d\u2019exclusion de vivre dans la dignit\u00e9. L\u2019office social Resonord est comp\u00e9tent pour les habitants des 9 communes du Nord suivantes\u00a0:<\/p>\n<ul>\n<li>Clervaux<\/li>\n<li>Kiischpelt<\/li>\n<li>Parc Hosingen<\/li>\n<li>Putscheid<\/li>\n<li>Tandel<\/li>\n<li>Troisvierges<\/li>\n<li>Vianden<\/li>\n<li>Weiswampach<\/li>\n<li>Wincrange<\/li>\n<\/ul>\n<p>Si vous votre domicile principal se trouve dans l\u2019une de ces 9 communes, vous pouvez vous adresser au Resonord avec vos questions et inqui\u00e9tudes. Nos assistants sociaux diplom\u00e9s vous aideront volonti\u00e8rement. Vos demandes seront trait\u00e9es \u00e9videmment de fa\u00e7on confidentielle.<\/p>\n<p>L\u2019office social intercommunal Resonord collabore \u00e9troitement avec d\u2019autres services \u2013 surtout du secteur social. Ainsi, les mesures d\u2019aide seront coordonn\u00e9es et compl\u00e9mentaires. Le contact avec l\u2019office social se fait sur une base volontaire. <span class=\"Apple-converted-space\">\u00a0<\/span><\/p>\n<p>Le si\u00e8ge principal du Resonord se trouve \u00e0 Hosingen; des antennes ont \u00e9t\u00e9 instaur\u00e9es \u00e0 Wincrange et \u00e0 Vianden. De plus, la maison de rencontre \u00ab\u00a0Cli\u00e4rrwer Haus\u00a0\u00bb \u00e0 Clervaux fait partie du Resonord. Plusieurs services (\u00e9picerie sociale, coiffeur, buanderie,\u2026) y sont offerts \u00e0 des prix sociaux.<\/p>\n<p>Si vous avez des questions, prenez contact avec l\u2019assistant social comp\u00e9tent pour votre commune.<\/p>\n<p><a href=\"http:\/\/www.resonord.lu\" target=\"_blank\" rel=\"noopener\">www.resonord.lu<\/a><span class=\"Apple-converted-space\">\u00a0<\/span><\/p>\n<p>[\/vc_column_text][\/vc_column][\/vc_row][vc_row][vc_column][vc_single_image image=&#8221;21493&#8243; img_size=&#8221;large&#8221; alignment=&#8221;center&#8221; style=&#8221;vc_box_outline&#8221;][\/vc_column][\/vc_row]<\/p>\n<\/div>","protected":false},"excerpt":{"rendered":"<p>[vc_row][vc_column][vc_column_text]Office social Resonord L\u2019office social Resonord peut \u00eatre sollicit\u00e9 en cas de questions et\/ou probl\u00e8mes de natures diverses. Les assistants sociaux peuvent aider dans les domaines suivants\u00a0: Logement Travail et formation Sant\u00e9 Famille et enfants \u2026 La loi du 18 d\u00e9cembre 2009 organisant l\u2019aide sociale fixe le cadre l\u00e9gal des 30 offices sociaux pr\u00e9sents dans&hellip;<\/p>\n","protected":false},"author":2,"featured_media":0,"parent":0,"menu_order":0,"comment_status":"closed","ping_status":"closed","template":"","meta":[],"class_list":["post-21477","page","type-page","status-publish","hentry","description-off"],"translation":{"provider":"WPGlobus","version":"2.12.2","language":"fr","enabled_languages":["de","fr"],"languages":{"de":{"title":true,"content":true,"excerpt":false},"fr":{"title":true,"content":true,"excerpt":false}}},"publishpress_future_action":{"enabled":false,"date":"2026-04-14 22:55:02","action":"change-status","newStatus":"draft","terms":[],"taxonomy":""},"_links":{"self":[{"href":"https:\/\/old-vianden.digitalvision.lu\/fr\/index.php?rest_route=\/wp\/v2\/pages\/21477","targetHints":{"allow":["GET"]}}],"collection":[{"href":"https:\/\/old-vianden.digitalvision.lu\/fr\/index.php?rest_route=\/wp\/v2\/pages"}],"about":[{"href":"https:\/\/old-vianden.digitalvision.lu\/fr\/index.php?rest_route=\/wp\/v2\/types\/page"}],"author":[{"embeddable":true,"href":"https:\/\/old-vianden.digitalvision.lu\/fr\/index.php?rest_route=\/wp\/v2\/users\/2"}],"replies":[{"embeddable":true,"href":"https:\/\/old-vianden.digitalvision.lu\/fr\/index.php?rest_route=%2Fwp%2Fv2%2Fcomments&post=21477"}],"version-history":[{"count":12,"href":"https:\/\/old-vianden.digitalvision.lu\/fr\/index.php?rest_route=\/wp\/v2\/pages\/21477\/revisions"}],"predecessor-version":[{"id":21497,"href":"https:\/\/old-vianden.digitalvision.lu\/fr\/index.php?rest_route=\/wp\/v2\/pages\/21477\/revisions\/21497"}],"wp:attachment":[{"href":"https:\/\/old-vianden.digitalvision.lu\/fr\/index.php?rest_route=%2Fwp%2Fv2%2Fmedia&parent=21477"}],"curies":[{"name":"wp","href":"https:\/\/api.w.org\/{rel}","templated":true}]}}