{"id":21373,"date":"2022-05-27T14:20:39","date_gmt":"2022-05-27T12:20:39","guid":{"rendered":"https:\/\/old-vianden.digitalvision.lu\/?page_id=21373"},"modified":"2023-09-29T14:19:57","modified_gmt":"2023-09-29T12:19:57","slug":"raider","status":"publish","type":"page","link":"https:\/\/old-vianden.digitalvision.lu\/fr\/?page_id=21373","title":{"rendered":"Raider"},"content":{"rendered":"<div class=\"wpb-content-wrapper\"><p>[vc_row][vc_column][vc_column_text]Le <strong>e-Raider<\/strong> r\u00e9pertorie les avis officiels de la commune de Vianden, tels qu\u2019ils sont affich\u00e9s dans le <strong>raider classique <\/strong>devant la mairie.<\/p>\n<p>Ceci constitue un service suppl\u00e9mentaire offert aux citoyens sans pour autant se baser sur une base l\u00e9gale. Par cons\u00e9quent, uniquement le raider classique fait foi (sauf disposition l\u00e9gale contraire).<\/p>\n<p>Les autorisations de b\u00e2tir d\u00e9livr\u00e9es par le bourgmestre sont publi\u00e9es sur notre site internet conform\u00e9ment \u00e0 la loi modifi\u00e9e du 19 juillet 2004 concernant l\u2019am\u00e9nagement communal et le d\u00e9veloppement urbain.[\/vc_column_text][vc_empty_space height=&#8221;42px&#8221;][\/vc_column][\/vc_row][vc_row][vc_column width=&#8221;1\/2&#8243;][vc_btn title=&#8221;Autorisation de construire&#8221; style=&#8221;outline&#8221; color=&#8221;danger&#8221; align=&#8221;center&#8221; button_block=&#8221;true&#8221; link=&#8221;url:https%3A%2F%2Fold-vianden.digitalvision.lu%2Fe-raider%2F|title:e-Raider&#8221;][\/vc_column][vc_column width=&#8221;1\/2&#8243;][vc_btn title=&#8221;Avis &#8211; R\u00e8glement de circulation&#8221; style=&#8221;outline&#8221; color=&#8221;danger&#8221; align=&#8221;center&#8221; button_block=&#8221;true&#8221; link=&#8221;url:https%3A%2F%2Fold-vianden.digitalvision.lu%2Favis-reglement-de-circulation%2F%3Fexternal%3D1|title:e-Raider&#8221;][\/vc_column][\/vc_row][vc_row][vc_column][vc_btn title=&#8221;R\u00e9sultats analyses d&#8217;eau potable&#8221; style=&#8221;outline&#8221; color=&#8221;danger&#8221; align=&#8221;center&#8221; button_block=&#8221;true&#8221; link=&#8221;url:https%3A%2F%2Fold-vianden.digitalvision.lu%2Fraider%2Fresultats-analyses-deau-potable%2F|title:e-Raider&#8221;][\/vc_column][\/vc_row]<\/p>\n<\/div>","protected":false},"excerpt":{"rendered":"<p>[vc_row][vc_column][vc_column_text]Le e-Raider r\u00e9pertorie les avis officiels de la commune de Vianden, tels qu\u2019ils sont affich\u00e9s dans le raider classique devant la mairie. Ceci constitue un service suppl\u00e9mentaire offert aux citoyens sans pour autant se baser sur une base l\u00e9gale. Par cons\u00e9quent, uniquement le raider classique fait foi (sauf disposition l\u00e9gale contraire). Les autorisations de b\u00e2tir&hellip;<\/p>\n","protected":false},"author":2,"featured_media":0,"parent":0,"menu_order":0,"comment_status":"closed","ping_status":"closed","template":"","meta":[],"class_list":["post-21373","page","type-page","status-publish","hentry","description-off"],"translation":{"provider":"WPGlobus","version":"2.12.2","language":"fr","enabled_languages":["de","fr"],"languages":{"de":{"title":true,"content":true,"excerpt":false},"fr":{"title":false,"content":false,"excerpt":false}}},"publishpress_future_action":{"enabled":false,"date":"2026-04-14 22:54:16","action":"change-status","newStatus":"draft","terms":[],"taxonomy":""},"_links":{"self":[{"href":"https:\/\/old-vianden.digitalvision.lu\/fr\/index.php?rest_route=\/wp\/v2\/pages\/21373","targetHints":{"allow":["GET"]}}],"collection":[{"href":"https:\/\/old-vianden.digitalvision.lu\/fr\/index.php?rest_route=\/wp\/v2\/pages"}],"about":[{"href":"https:\/\/old-vianden.digitalvision.lu\/fr\/index.php?rest_route=\/wp\/v2\/types\/page"}],"author":[{"embeddable":true,"href":"https:\/\/old-vianden.digitalvision.lu\/fr\/index.php?rest_route=\/wp\/v2\/users\/2"}],"replies":[{"embeddable":true,"href":"https:\/\/old-vianden.digitalvision.lu\/fr\/index.php?rest_route=%2Fwp%2Fv2%2Fcomments&post=21373"}],"version-history":[{"count":12,"href":"https:\/\/old-vianden.digitalvision.lu\/fr\/index.php?rest_route=\/wp\/v2\/pages\/21373\/revisions"}],"predecessor-version":[{"id":23422,"href":"https:\/\/old-vianden.digitalvision.lu\/fr\/index.php?rest_route=\/wp\/v2\/pages\/21373\/revisions\/23422"}],"wp:attachment":[{"href":"https:\/\/old-vianden.digitalvision.lu\/fr\/index.php?rest_route=%2Fwp%2Fv2%2Fmedia&parent=21373"}],"curies":[{"name":"wp","href":"https:\/\/api.w.org\/{rel}","templated":true}]}}