{"id":20996,"date":"2022-03-28T14:36:12","date_gmt":"2022-03-28T12:36:12","guid":{"rendered":"https:\/\/old-vianden.digitalvision.lu\/?page_id=20996"},"modified":"2022-04-20T16:08:38","modified_gmt":"2022-04-20T14:08:38","slug":"reunion-du-conseil-communal-le-vendredi-25-mars-2022","status":"publish","type":"page","link":"https:\/\/old-vianden.digitalvision.lu\/fr\/?page_id=20996","title":{"rendered":"R\u00e9union du Conseil Communal le vendredi 25 mars 2022"},"content":{"rendered":"<div class=\"wpb-content-wrapper\"><p>[vc_row][vc_column][vc_column_text]<\/p>\n<h4>Conseil Communal du vendredi, 25 mars 2022 \u00e0 14:00 heures en la salle Bessling du\u00a0Centre Culturel Larei<\/h4>\n<p>Pr\u00e9sents: TONINO Claude, bourgmestre \u2013 \u00a0Esteves Kevin &#8211; KLASEN Jengel, \u00e9chevins \u2013 \u00a0MAJERUS Henri, MALERBA Paolo, LEONARDY Frank, DINIS ANDRADE C\u00e9sar, HEINTZEN Joe, conseillers<\/p>\n<p>Storn Diane, secr\u00e9taire ff[\/vc_column_text][vc_empty_space][\/vc_column][\/vc_row][vc_row][vc_column][vc_text_separator title=&#8221;Ordre du jour&#8221;][\/vc_column][\/vc_row][vc_row][vc_column][vc_column_text]<\/p>\n<h4><strong>S\u00e9ance \u00e0 huis clos<\/strong><\/h4>\n<ol>\n<li><strong>Affaires du personnel<\/strong><\/li>\n<\/ol>\n<p>[\/vc_column_text][vc_empty_space][\/vc_column][\/vc_row][vc_row][vc_column][vc_column_text]<strong>Modification ODJ<\/strong><\/p>\n<!--[if lt IE 9]><script>document.createElement('audio');<\/script><![endif]-->\n<audio class=\"wp-audio-shortcode\" id=\"audio-20996-1\" preload=\"none\" style=\"width: 100%;\" controls=\"controls\"><source type=\"audio\/mpeg\" src=\"https:\/\/old-vianden.digitalvision.lu\/wp-content\/uploads\/2022\/03\/Bienvenue_ajout_ODJ.mp3?_=1\" \/><a href=\"https:\/\/old-vianden.digitalvision.lu\/wp-content\/uploads\/2022\/03\/Bienvenue_ajout_ODJ.mp3\">https:\/\/old-vianden.digitalvision.lu\/wp-content\/uploads\/2022\/03\/Bienvenue_ajout_ODJ.mp3<\/a><\/audio>\n<p>[\/vc_column_text][vc_empty_space][\/vc_column][\/vc_row][vc_row][vc_column][vc_column_text]<strong>2. Information du public des d\u00e9cisions de personnel prises en huis clos<\/strong><\/p>\n<audio class=\"wp-audio-shortcode\" id=\"audio-20996-2\" preload=\"none\" style=\"width: 100%;\" controls=\"controls\"><source type=\"audio\/mpeg\" src=\"https:\/\/old-vianden.digitalvision.lu\/wp-content\/uploads\/2022\/03\/2_Infos-huis_clos.mp3?_=2\" \/><a href=\"https:\/\/old-vianden.digitalvision.lu\/wp-content\/uploads\/2022\/03\/2_Infos-huis_clos.mp3\">https:\/\/old-vianden.digitalvision.lu\/wp-content\/uploads\/2022\/03\/2_Infos-huis_clos.mp3<\/a><\/audio>\n<p>[\/vc_column_text][vc_empty_space][\/vc_column][\/vc_row][vc_row][vc_column][vc_column_text]<strong>3. Communications du Coll\u00e8ge des bourgmestre et \u00e9chevins<\/strong><\/p>\n<audio class=\"wp-audio-shortcode\" id=\"audio-20996-3\" preload=\"none\" style=\"width: 100%;\" controls=\"controls\"><source type=\"audio\/mpeg\" src=\"https:\/\/old-vianden.digitalvision.lu\/wp-content\/uploads\/2022\/03\/3_Com_du_CE.mp3?_=3\" \/><a href=\"https:\/\/old-vianden.digitalvision.lu\/wp-content\/uploads\/2022\/03\/3_Com_du_CE.mp3\">https:\/\/old-vianden.digitalvision.lu\/wp-content\/uploads\/2022\/03\/3_Com_du_CE.mp3<\/a><\/audio>\n<p>[\/vc_column_text][vc_empty_space][\/vc_column][\/vc_row][vc_row][vc_column][vc_column_text]<strong>4. Mise en place d&#8217;une d\u00e9l\u00e9gation du personnel des fonctionnaires communaux<\/strong><\/p>\n<audio class=\"wp-audio-shortcode\" id=\"audio-20996-4\" preload=\"none\" style=\"width: 100%;\" controls=\"controls\"><source type=\"audio\/mpeg\" src=\"https:\/\/old-vianden.digitalvision.lu\/wp-content\/uploads\/2022\/03\/4_mise_en_place_delegation.mp3?_=4\" \/><a href=\"https:\/\/old-vianden.digitalvision.lu\/wp-content\/uploads\/2022\/03\/4_mise_en_place_delegation.mp3\">https:\/\/old-vianden.digitalvision.lu\/wp-content\/uploads\/2022\/03\/4_mise_en_place_delegation.mp3<\/a><\/audio>\n<p>[\/vc_column_text][vc_empty_space][\/vc_column][\/vc_row][vc_row][vc_column][vc_column_text]<strong>5. Cr\u00e9ation de poste pour les besoins du service technique<\/strong><\/p>\n<audio class=\"wp-audio-shortcode\" id=\"audio-20996-5\" preload=\"none\" style=\"width: 100%;\" controls=\"controls\"><source type=\"audio\/mpeg\" src=\"https:\/\/old-vianden.digitalvision.lu\/wp-content\/uploads\/2022\/03\/5_Creation_de_Poste_service_Tec.mp3?_=5\" \/><a href=\"https:\/\/old-vianden.digitalvision.lu\/wp-content\/uploads\/2022\/03\/5_Creation_de_Poste_service_Tec.mp3\">https:\/\/old-vianden.digitalvision.lu\/wp-content\/uploads\/2022\/03\/5_Creation_de_Poste_service_Tec.mp3<\/a><\/audio>\n<p>[\/vc_column_text][vc_empty_space][\/vc_column][\/vc_row][vc_row][vc_column][vc_column_text]<strong>6. Pr\u00e9sentation du PPF (plan pluriannuel financier)<\/strong><\/p>\n<audio class=\"wp-audio-shortcode\" id=\"audio-20996-6\" preload=\"none\" style=\"width: 100%;\" controls=\"controls\"><source type=\"audio\/mpeg\" src=\"https:\/\/old-vianden.digitalvision.lu\/wp-content\/uploads\/2022\/03\/6_PPF.mp3?_=6\" \/><a href=\"https:\/\/old-vianden.digitalvision.lu\/wp-content\/uploads\/2022\/03\/6_PPF.mp3\">https:\/\/old-vianden.digitalvision.lu\/wp-content\/uploads\/2022\/03\/6_PPF.mp3<\/a><\/audio>\n<p>&nbsp;<\/p>\n<p>___<\/p>\n<div id=\"wppdfemb-frame-container-2\"><iframe id=\"wppdf-emb-iframe-2\" scrolling=\"no\" data-pdf-index=\"2\" class=\"pdfembed-iframe nonfullscreen\" style=\"border: none; width:100%; max-width: 100%; min-height: 1000px;\" src=\"https:\/\/old-vianden.digitalvision.lu\/fr?url=https%3A%2F%2Fold-vianden.digitalvision.lu%2Fwp-content%2Fuploads%2F2022%2F04%2FPPF-2022-initial-Vianden-2022-02-11-3.pdf&title=PPF+2022+initial+Vianden+2022+02+11+3&pdfID=2&index=2\" ><\/iframe><\/div>[\/vc_column_text][vc_empty_space][\/vc_column][\/vc_row][vc_row][vc_column][vc_empty_space][vc_column_text]<strong>7. Approbation des tarifs du t\u00e9l\u00e9si\u00e8ge<\/strong><\/p>\n<audio class=\"wp-audio-shortcode\" id=\"audio-20996-7\" preload=\"none\" style=\"width: 100%;\" controls=\"controls\"><source type=\"audio\/mpeg\" src=\"https:\/\/old-vianden.digitalvision.lu\/wp-content\/uploads\/2022\/03\/7_Tarifs_Telesiege2022.mp3?_=7\" \/><a href=\"https:\/\/old-vianden.digitalvision.lu\/wp-content\/uploads\/2022\/03\/7_Tarifs_Telesiege2022.mp3\">https:\/\/old-vianden.digitalvision.lu\/wp-content\/uploads\/2022\/03\/7_Tarifs_Telesiege2022.mp3<\/a><\/audio>\n<p>[\/vc_column_text][\/vc_column][\/vc_row][vc_row][vc_column][vc_column_text]<strong>8. Approbation du r\u00e8glement-taxe du Camping Moulin<\/strong><\/p>\n<audio class=\"wp-audio-shortcode\" id=\"audio-20996-8\" preload=\"none\" style=\"width: 100%;\" controls=\"controls\"><source type=\"audio\/mpeg\" src=\"https:\/\/old-vianden.digitalvision.lu\/wp-content\/uploads\/2022\/03\/8_Taxes_Camping_Moulin.mp3?_=8\" \/><a href=\"https:\/\/old-vianden.digitalvision.lu\/wp-content\/uploads\/2022\/03\/8_Taxes_Camping_Moulin.mp3\">https:\/\/old-vianden.digitalvision.lu\/wp-content\/uploads\/2022\/03\/8_Taxes_Camping_Moulin.mp3<\/a><\/audio>\n<p>[\/vc_column_text][vc_empty_space][\/vc_column][\/vc_row][vc_row][vc_column][vc_column_text]<strong>9. Approbation du r\u00e8glement-taxe du Camping Deich<\/strong><\/p>\n<audio class=\"wp-audio-shortcode\" id=\"audio-20996-9\" preload=\"none\" style=\"width: 100%;\" controls=\"controls\"><source type=\"audio\/mpeg\" src=\"https:\/\/old-vianden.digitalvision.lu\/wp-content\/uploads\/2022\/03\/9_Tarifs_Camping_Deich.mp3?_=9\" \/><a href=\"https:\/\/old-vianden.digitalvision.lu\/wp-content\/uploads\/2022\/03\/9_Tarifs_Camping_Deich.mp3\">https:\/\/old-vianden.digitalvision.lu\/wp-content\/uploads\/2022\/03\/9_Tarifs_Camping_Deich.mp3<\/a><\/audio>\n<p>[\/vc_column_text][vc_empty_space][\/vc_column][\/vc_row][vc_row][vc_column][vc_column_text]<strong>10. Indemnit\u00e9 \u00e0 accorder aux agents charg\u00e9s du recensement g\u00e9n\u00e9ral de la population 2021<\/strong><\/p>\n<audio class=\"wp-audio-shortcode\" id=\"audio-20996-10\" preload=\"none\" style=\"width: 100%;\" controls=\"controls\"><source type=\"audio\/mpeg\" src=\"https:\/\/old-vianden.digitalvision.lu\/wp-content\/uploads\/2022\/03\/10_Indem_recesement2021.mp3?_=10\" \/><a href=\"https:\/\/old-vianden.digitalvision.lu\/wp-content\/uploads\/2022\/03\/10_Indem_recesement2021.mp3\">https:\/\/old-vianden.digitalvision.lu\/wp-content\/uploads\/2022\/03\/10_Indem_recesement2021.mp3<\/a><\/audio>\n<p>[\/vc_column_text][vc_empty_space][\/vc_column][\/vc_row][vc_row][vc_column][vc_column_text]<strong>11. Approbation de l&#8217;avant-projet d\u00e9finitif de la nouvelle maison des jeunes<\/strong><\/p>\n<audio class=\"wp-audio-shortcode\" id=\"audio-20996-11\" preload=\"none\" style=\"width: 100%;\" controls=\"controls\"><source type=\"audio\/mpeg\" src=\"https:\/\/old-vianden.digitalvision.lu\/wp-content\/uploads\/2022\/03\/11_Maison_des_Jeunes.mp3?_=11\" \/><a href=\"https:\/\/old-vianden.digitalvision.lu\/wp-content\/uploads\/2022\/03\/11_Maison_des_Jeunes.mp3\">https:\/\/old-vianden.digitalvision.lu\/wp-content\/uploads\/2022\/03\/11_Maison_des_Jeunes.mp3<\/a><\/audio>\n<p>[\/vc_column_text][vc_empty_space][\/vc_column][\/vc_row][vc_row][vc_column][vc_column_text]<strong>12. Approbation de devis<\/strong><\/p>\n<p><em>a. Parking Neigoort<\/em><\/p>\n<audio class=\"wp-audio-shortcode\" id=\"audio-20996-12\" preload=\"none\" style=\"width: 100%;\" controls=\"controls\"><source type=\"audio\/mpeg\" src=\"https:\/\/old-vianden.digitalvision.lu\/wp-content\/uploads\/2022\/03\/12_a_Parking_Neigoort.mp3?_=12\" \/><a href=\"https:\/\/old-vianden.digitalvision.lu\/wp-content\/uploads\/2022\/03\/12_a_Parking_Neigoort.mp3\">https:\/\/old-vianden.digitalvision.lu\/wp-content\/uploads\/2022\/03\/12_a_Parking_Neigoort.mp3<\/a><\/audio>\n<p><em>b. Syst\u00e8me d&#8217;incendie Auberge de Jeunesse<\/em><\/p>\n<audio class=\"wp-audio-shortcode\" id=\"audio-20996-13\" preload=\"none\" style=\"width: 100%;\" controls=\"controls\"><source type=\"audio\/mpeg\" src=\"https:\/\/old-vianden.digitalvision.lu\/wp-content\/uploads\/2022\/03\/12_b_Incendie_Auberge_de_Jeunesse.mp3?_=13\" \/><a href=\"https:\/\/old-vianden.digitalvision.lu\/wp-content\/uploads\/2022\/03\/12_b_Incendie_Auberge_de_Jeunesse.mp3\">https:\/\/old-vianden.digitalvision.lu\/wp-content\/uploads\/2022\/03\/12_b_Incendie_Auberge_de_Jeunesse.mp3<\/a><\/audio>\n<p><em>c. Mise en conformit\u00e9 du b\u00e2timent communal Eglise St. Roch<\/em><\/p>\n<audio class=\"wp-audio-shortcode\" id=\"audio-20996-14\" preload=\"none\" style=\"width: 100%;\" controls=\"controls\"><source type=\"audio\/mpeg\" src=\"https:\/\/old-vianden.digitalvision.lu\/wp-content\/uploads\/2022\/03\/12_c_Misen_en_conformite_eglise_St_Roch.mp3?_=14\" \/><a href=\"https:\/\/old-vianden.digitalvision.lu\/wp-content\/uploads\/2022\/03\/12_c_Misen_en_conformite_eglise_St_Roch.mp3\">https:\/\/old-vianden.digitalvision.lu\/wp-content\/uploads\/2022\/03\/12_c_Misen_en_conformite_eglise_St_Roch.mp3<\/a><\/audio>\n<p><em>d. Remplacement lampadaires par \u00e9tapes: Moenchkelterhous\/Neugarten<\/em><\/p>\n<audio class=\"wp-audio-shortcode\" id=\"audio-20996-15\" preload=\"none\" style=\"width: 100%;\" controls=\"controls\"><source type=\"audio\/mpeg\" src=\"https:\/\/old-vianden.digitalvision.lu\/wp-content\/uploads\/2022\/03\/12_d_remplacement_lampes_neigoort.mp3?_=15\" \/><a href=\"https:\/\/old-vianden.digitalvision.lu\/wp-content\/uploads\/2022\/03\/12_d_remplacement_lampes_neigoort.mp3\">https:\/\/old-vianden.digitalvision.lu\/wp-content\/uploads\/2022\/03\/12_d_remplacement_lampes_neigoort.mp3<\/a><\/audio>\n<p><em>e. Cl\u00f4ture pare-ballon terrain des sports am Komp<\/em><\/p>\n<audio class=\"wp-audio-shortcode\" id=\"audio-20996-16\" preload=\"none\" style=\"width: 100%;\" controls=\"controls\"><source type=\"audio\/mpeg\" src=\"https:\/\/old-vianden.digitalvision.lu\/wp-content\/uploads\/2022\/03\/12_e_Cloture_Terrain_fout.mp3?_=16\" \/><a href=\"https:\/\/old-vianden.digitalvision.lu\/wp-content\/uploads\/2022\/03\/12_e_Cloture_Terrain_fout.mp3\">https:\/\/old-vianden.digitalvision.lu\/wp-content\/uploads\/2022\/03\/12_e_Cloture_Terrain_fout.mp3<\/a><\/audio>\n<p><em>f. Travaux de confortement compartiment rocheux rue du Vieux March\u00e9<\/em><\/p>\n<audio class=\"wp-audio-shortcode\" id=\"audio-20996-17\" preload=\"none\" style=\"width: 100%;\" controls=\"controls\"><source type=\"audio\/mpeg\" src=\"https:\/\/old-vianden.digitalvision.lu\/wp-content\/uploads\/2022\/03\/12_f-travaux_confortement_vieux_marche.mp3?_=17\" \/><a href=\"https:\/\/old-vianden.digitalvision.lu\/wp-content\/uploads\/2022\/03\/12_f-travaux_confortement_vieux_marche.mp3\">https:\/\/old-vianden.digitalvision.lu\/wp-content\/uploads\/2022\/03\/12_f-travaux_confortement_vieux_marche.mp3<\/a><\/audio>\n<p>[\/vc_column_text][vc_empty_space][\/vc_column][\/vc_row][vc_row][vc_column][vc_column_text]<strong>13. D\u00e9signation d&#8217;un suppl\u00e9ant Guichet unique PME<\/strong><\/p>\n<audio class=\"wp-audio-shortcode\" id=\"audio-20996-18\" preload=\"none\" style=\"width: 100%;\" controls=\"controls\"><source type=\"audio\/mpeg\" src=\"https:\/\/old-vianden.digitalvision.lu\/wp-content\/uploads\/2022\/03\/13_suppleant_PME.mp3?_=18\" \/><a href=\"https:\/\/old-vianden.digitalvision.lu\/wp-content\/uploads\/2022\/03\/13_suppleant_PME.mp3\">https:\/\/old-vianden.digitalvision.lu\/wp-content\/uploads\/2022\/03\/13_suppleant_PME.mp3<\/a><\/audio>\n<p>[\/vc_column_text][vc_empty_space][\/vc_column][\/vc_row][vc_row][vc_column][vc_column_text]<strong>14. Modifications du r\u00e8glement de circulation<\/strong><\/p>\n<audio class=\"wp-audio-shortcode\" id=\"audio-20996-19\" preload=\"none\" style=\"width: 100%;\" controls=\"controls\"><source type=\"audio\/mpeg\" src=\"https:\/\/old-vianden.digitalvision.lu\/wp-content\/uploads\/2022\/03\/14_reglement_circulations.mp3?_=19\" \/><a href=\"https:\/\/old-vianden.digitalvision.lu\/wp-content\/uploads\/2022\/03\/14_reglement_circulations.mp3\">https:\/\/old-vianden.digitalvision.lu\/wp-content\/uploads\/2022\/03\/14_reglement_circulations.mp3<\/a><\/audio>\n<p>[\/vc_column_text][vc_empty_space][\/vc_column][\/vc_row][vc_row][vc_column][vc_column_text]<strong>15. &#8220;Backpack buddy&#8221; la Ville de Vianden aide les enfants d&#8217;Ukraine<\/strong><\/p>\n<audio class=\"wp-audio-shortcode\" id=\"audio-20996-20\" preload=\"none\" style=\"width: 100%;\" controls=\"controls\"><source type=\"audio\/mpeg\" src=\"https:\/\/old-vianden.digitalvision.lu\/wp-content\/uploads\/2022\/03\/15_Hellef_fir_Ukraine.mp3?_=20\" \/><a href=\"https:\/\/old-vianden.digitalvision.lu\/wp-content\/uploads\/2022\/03\/15_Hellef_fir_Ukraine.mp3\">https:\/\/old-vianden.digitalvision.lu\/wp-content\/uploads\/2022\/03\/15_Hellef_fir_Ukraine.mp3<\/a><\/audio>\n<p>[\/vc_column_text][vc_empty_space][\/vc_column][\/vc_row][vc_row][vc_column][vc_column_text]<strong>16. Divers- Droit d&#8217;initiative du conseiller communal, question \u00e9crites et orales<\/strong><\/p>\n<audio class=\"wp-audio-shortcode\" id=\"audio-20996-21\" preload=\"none\" style=\"width: 100%;\" controls=\"controls\"><source type=\"audio\/mpeg\" src=\"https:\/\/old-vianden.digitalvision.lu\/wp-content\/uploads\/2022\/03\/15_Divers_.mp3?_=21\" \/><a href=\"https:\/\/old-vianden.digitalvision.lu\/wp-content\/uploads\/2022\/03\/15_Divers_.mp3\">https:\/\/old-vianden.digitalvision.lu\/wp-content\/uploads\/2022\/03\/15_Divers_.mp3<\/a><\/audio>\n<p>[\/vc_column_text][\/vc_column][\/vc_row]<\/p>\n<\/div>","protected":false},"excerpt":{"rendered":"<p>[vc_row][vc_column][vc_column_text] Conseil Communal du vendredi, 25 mars 2022 \u00e0 14:00 heures en la salle Bessling du\u00a0Centre Culturel Larei Pr\u00e9sents: TONINO Claude, bourgmestre \u2013 \u00a0Esteves Kevin &#8211; KLASEN Jengel, \u00e9chevins \u2013 \u00a0MAJERUS Henri, MALERBA Paolo, LEONARDY Frank, DINIS ANDRADE C\u00e9sar, HEINTZEN Joe, conseillers Storn Diane, secr\u00e9taire ff[\/vc_column_text][vc_empty_space][\/vc_column][\/vc_row][vc_row][vc_column][vc_text_separator title=&#8221;Ordre du jour&#8221;][\/vc_column][\/vc_row][vc_row][vc_column][vc_column_text] S\u00e9ance \u00e0 huis clos Affaires du&hellip;<\/p>\n","protected":false},"author":2,"featured_media":0,"parent":0,"menu_order":0,"comment_status":"closed","ping_status":"closed","template":"","meta":[],"class_list":["post-20996","page","type-page","status-publish","hentry","description-off"],"translation":{"provider":"WPGlobus","version":"2.12.2","language":"fr","enabled_languages":["de","fr"],"languages":{"de":{"title":true,"content":true,"excerpt":false},"fr":{"title":false,"content":false,"excerpt":false}}},"publishpress_future_action":{"enabled":false,"date":"2026-04-15 00:27:52","action":"change-status","newStatus":"draft","terms":[],"taxonomy":""},"_links":{"self":[{"href":"https:\/\/old-vianden.digitalvision.lu\/fr\/index.php?rest_route=\/wp\/v2\/pages\/20996","targetHints":{"allow":["GET"]}}],"collection":[{"href":"https:\/\/old-vianden.digitalvision.lu\/fr\/index.php?rest_route=\/wp\/v2\/pages"}],"about":[{"href":"https:\/\/old-vianden.digitalvision.lu\/fr\/index.php?rest_route=\/wp\/v2\/types\/page"}],"author":[{"embeddable":true,"href":"https:\/\/old-vianden.digitalvision.lu\/fr\/index.php?rest_route=\/wp\/v2\/users\/2"}],"replies":[{"embeddable":true,"href":"https:\/\/old-vianden.digitalvision.lu\/fr\/index.php?rest_route=%2Fwp%2Fv2%2Fcomments&post=20996"}],"version-history":[{"count":11,"href":"https:\/\/old-vianden.digitalvision.lu\/fr\/index.php?rest_route=\/wp\/v2\/pages\/20996\/revisions"}],"predecessor-version":[{"id":21257,"href":"https:\/\/old-vianden.digitalvision.lu\/fr\/index.php?rest_route=\/wp\/v2\/pages\/20996\/revisions\/21257"}],"wp:attachment":[{"href":"https:\/\/old-vianden.digitalvision.lu\/fr\/index.php?rest_route=%2Fwp%2Fv2%2Fmedia&parent=20996"}],"curies":[{"name":"wp","href":"https:\/\/api.w.org\/{rel}","templated":true}]}}