{"id":20509,"date":"2022-01-30T20:02:28","date_gmt":"2022-01-30T19:02:28","guid":{"rendered":"https:\/\/old-vianden.digitalvision.lu\/?page_id=20509"},"modified":"2022-01-30T22:07:00","modified_gmt":"2022-01-30T21:07:00","slug":"reunion-du-conseil-communal-le-vendredi-28-janvier-2022","status":"publish","type":"page","link":"https:\/\/old-vianden.digitalvision.lu\/fr\/?page_id=20509","title":{"rendered":"R\u00e9union du Conseil Communal le vendredi 28 janvier 2022"},"content":{"rendered":"<div class=\"wpb-content-wrapper\"><p>[vc_row][vc_column][vc_column_text]<\/p>\n<h4>Conseil Communal du vendredi, 28 janvier 2022 \u00e0 14:00 heures en la salle Bessling du\u00a0Centre Culturel Larei<\/h4>\n<p>Pr\u00e9sents: TONINO Claude, bourgmestre \u2013 \u00a0KLASEN Jengel, \u00e9chevin \u2013 \u00a0MAJERUS Henri, MALERBA Paolo, LEONARDY Frank, DINIS ANDRADE C\u00e9sar, HEINTZEN Joe, conseillers<\/p>\n<p>SCHAUS Pol, secr\u00e9taire<\/p>\n<p>Excus\u00e9: ESTEVES Kevin, \u00e9chevin[\/vc_column_text][vc_empty_space][\/vc_column][\/vc_row][vc_row][vc_column][vc_text_separator title=&#8221;Ordre du jour&#8221;][vc_empty_space][\/vc_column][\/vc_row][vc_row][vc_column][vc_column_text]<\/p>\n<h5>S\u00e9ance \u00e0 huis clos<\/h5>\n<ol>\n<li>Affaires du personnel<\/li>\n<\/ol>\n<p>[\/vc_column_text][vc_empty_space][\/vc_column][\/vc_row][vc_row][vc_column][vc_column_text]<strong>2.<\/strong> <strong>Mot de bienvenue et modification de l\u2019ordre du jour<\/strong><\/p>\n<!--[if lt IE 9]><script>document.createElement('audio');<\/script><![endif]-->\n<audio class=\"wp-audio-shortcode\" id=\"audio-20509-1\" preload=\"none\" style=\"width: 100%;\" controls=\"controls\"><source type=\"audio\/mpeg\" src=\"https:\/\/old-vianden.digitalvision.lu\/wp-content\/uploads\/2022\/01\/Mot-de-Bienvenue_Modif_ODJ.mp3?_=1\" \/><a href=\"https:\/\/old-vianden.digitalvision.lu\/wp-content\/uploads\/2022\/01\/Mot-de-Bienvenue_Modif_ODJ.mp3\">https:\/\/old-vianden.digitalvision.lu\/wp-content\/uploads\/2022\/01\/Mot-de-Bienvenue_Modif_ODJ.mp3<\/a><\/audio>\n<p>[\/vc_column_text][vc_empty_space][\/vc_column][\/vc_row][vc_row][vc_column][vc_column_text]<strong>3. Communications du Coll\u00e8ge des bourgmestre et \u00e9chevins<\/strong><\/p>\n<audio class=\"wp-audio-shortcode\" id=\"audio-20509-2\" preload=\"none\" style=\"width: 100%;\" controls=\"controls\"><source type=\"audio\/mpeg\" src=\"https:\/\/old-vianden.digitalvision.lu\/wp-content\/uploads\/2022\/01\/3Com_CE28_1_2022.mp3?_=2\" \/><a href=\"https:\/\/old-vianden.digitalvision.lu\/wp-content\/uploads\/2022\/01\/3Com_CE28_1_2022.mp3\">https:\/\/old-vianden.digitalvision.lu\/wp-content\/uploads\/2022\/01\/3Com_CE28_1_2022.mp3<\/a><\/audio>\n<p>[\/vc_column_text][vc_empty_space][\/vc_column][\/vc_row][vc_row][vc_column][vc_column_text]<strong>4. Approbation du budget 2022 du Resonord<\/strong><\/p>\n<audio class=\"wp-audio-shortcode\" id=\"audio-20509-3\" preload=\"none\" style=\"width: 100%;\" controls=\"controls\"><source type=\"audio\/mpeg\" src=\"https:\/\/old-vianden.digitalvision.lu\/wp-content\/uploads\/2022\/01\/4Resonord.mp3?_=3\" \/><a href=\"https:\/\/old-vianden.digitalvision.lu\/wp-content\/uploads\/2022\/01\/4Resonord.mp3\">https:\/\/old-vianden.digitalvision.lu\/wp-content\/uploads\/2022\/01\/4Resonord.mp3<\/a><\/audio>\n<p>[\/vc_column_text][vc_empty_space][\/vc_column][\/vc_row][vc_row][vc_column][vc_column_text]<strong>5. Fixation des taxes relatives aux caveaux pour urnes<\/strong><\/p>\n<audio class=\"wp-audio-shortcode\" id=\"audio-20509-4\" preload=\"none\" style=\"width: 100%;\" controls=\"controls\"><source type=\"audio\/mpeg\" src=\"https:\/\/old-vianden.digitalvision.lu\/wp-content\/uploads\/2022\/01\/5Caveaux.mp3?_=4\" \/><a href=\"https:\/\/old-vianden.digitalvision.lu\/wp-content\/uploads\/2022\/01\/5Caveaux.mp3\">https:\/\/old-vianden.digitalvision.lu\/wp-content\/uploads\/2022\/01\/5Caveaux.mp3<\/a><\/audio>\n<p>[\/vc_column_text][vc_empty_space][\/vc_column][\/vc_row][vc_row][vc_column][vc_column_text]<strong>6. Approbation de la convention relative au fonctionnement du service r\u00e9gional conseil Pacte Nature du Parc naturel de l&#8217;Our<\/strong><\/p>\n<audio class=\"wp-audio-shortcode\" id=\"audio-20509-5\" preload=\"none\" style=\"width: 100%;\" controls=\"controls\"><source type=\"audio\/mpeg\" src=\"https:\/\/old-vianden.digitalvision.lu\/wp-content\/uploads\/2022\/01\/6ConventionPacteNature.mp3?_=5\" \/><a href=\"https:\/\/old-vianden.digitalvision.lu\/wp-content\/uploads\/2022\/01\/6ConventionPacteNature.mp3\">https:\/\/old-vianden.digitalvision.lu\/wp-content\/uploads\/2022\/01\/6ConventionPacteNature.mp3<\/a><\/audio>\n<p>[\/vc_column_text][vc_empty_space][\/vc_column][\/vc_row][vc_row][vc_column][vc_column_text]<strong>7. Approbation d&#8217;un subside extraordinaire de la Kannervilla &#8220;Gep\u00ebppelte M\u00ebmmel&#8221;<\/strong><\/p>\n<audio class=\"wp-audio-shortcode\" id=\"audio-20509-6\" preload=\"none\" style=\"width: 100%;\" controls=\"controls\"><source type=\"audio\/mpeg\" src=\"https:\/\/old-vianden.digitalvision.lu\/wp-content\/uploads\/2022\/01\/7SubsideExtraOrd_Kannervilla.mp3?_=6\" \/><a href=\"https:\/\/old-vianden.digitalvision.lu\/wp-content\/uploads\/2022\/01\/7SubsideExtraOrd_Kannervilla.mp3\">https:\/\/old-vianden.digitalvision.lu\/wp-content\/uploads\/2022\/01\/7SubsideExtraOrd_Kannervilla.mp3<\/a><\/audio>\n<p>[\/vc_column_text][vc_empty_space][\/vc_column][\/vc_row][vc_row][vc_column][vc_column_text]<strong>8. Approbation des tarif du Tourist Info<\/strong><\/p>\n<audio class=\"wp-audio-shortcode\" id=\"audio-20509-7\" preload=\"none\" style=\"width: 100%;\" controls=\"controls\"><source type=\"audio\/mpeg\" src=\"https:\/\/old-vianden.digitalvision.lu\/wp-content\/uploads\/2022\/01\/8_Tarif_Touri_info.mp3?_=7\" \/><a href=\"https:\/\/old-vianden.digitalvision.lu\/wp-content\/uploads\/2022\/01\/8_Tarif_Touri_info.mp3\">https:\/\/old-vianden.digitalvision.lu\/wp-content\/uploads\/2022\/01\/8_Tarif_Touri_info.mp3<\/a><\/audio>\n<p>[\/vc_column_text][vc_empty_space][\/vc_column][\/vc_row][vc_row][vc_column][vc_column_text]<strong>9. Approbation de contrats<\/strong><\/p>\n<p>Contrat maintenance Bartholet<\/p>\n<audio class=\"wp-audio-shortcode\" id=\"audio-20509-8\" preload=\"none\" style=\"width: 100%;\" controls=\"controls\"><source type=\"audio\/mpeg\" src=\"https:\/\/old-vianden.digitalvision.lu\/wp-content\/uploads\/2022\/01\/9A_contrat-Bartholet.mp3?_=8\" \/><a href=\"https:\/\/old-vianden.digitalvision.lu\/wp-content\/uploads\/2022\/01\/9A_contrat-Bartholet.mp3\">https:\/\/old-vianden.digitalvision.lu\/wp-content\/uploads\/2022\/01\/9A_contrat-Bartholet.mp3<\/a><\/audio>\n<p>Contrat de travail<\/p>\n<audio class=\"wp-audio-shortcode\" id=\"audio-20509-9\" preload=\"none\" style=\"width: 100%;\" controls=\"controls\"><source type=\"audio\/mpeg\" src=\"https:\/\/old-vianden.digitalvision.lu\/wp-content\/uploads\/2022\/01\/9B_Contrat_Travail.mp3?_=9\" \/><a href=\"https:\/\/old-vianden.digitalvision.lu\/wp-content\/uploads\/2022\/01\/9B_Contrat_Travail.mp3\">https:\/\/old-vianden.digitalvision.lu\/wp-content\/uploads\/2022\/01\/9B_Contrat_Travail.mp3<\/a><\/audio>\n<p>Contrat location ordinateurs<\/p>\n<audio class=\"wp-audio-shortcode\" id=\"audio-20509-10\" preload=\"none\" style=\"width: 100%;\" controls=\"controls\"><source type=\"audio\/mpeg\" src=\"https:\/\/old-vianden.digitalvision.lu\/wp-content\/uploads\/2022\/01\/9C-contrat-AutomCenter.mp3?_=10\" \/><a href=\"https:\/\/old-vianden.digitalvision.lu\/wp-content\/uploads\/2022\/01\/9C-contrat-AutomCenter.mp3\">https:\/\/old-vianden.digitalvision.lu\/wp-content\/uploads\/2022\/01\/9C-contrat-AutomCenter.mp3<\/a><\/audio>\n<p>[\/vc_column_text][vc_empty_space][\/vc_column][\/vc_row][vc_row][vc_column][vc_column_text]<strong>10. Approbation Avant-projet d\u00e9taill\u00e9 passerelle PC3<\/strong><\/p>\n<audio class=\"wp-audio-shortcode\" id=\"audio-20509-11\" preload=\"none\" style=\"width: 100%;\" controls=\"controls\"><source type=\"audio\/mpeg\" src=\"https:\/\/old-vianden.digitalvision.lu\/wp-content\/uploads\/2022\/01\/10_Avant_pro_paserelle.mp3?_=11\" \/><a href=\"https:\/\/old-vianden.digitalvision.lu\/wp-content\/uploads\/2022\/01\/10_Avant_pro_paserelle.mp3\">https:\/\/old-vianden.digitalvision.lu\/wp-content\/uploads\/2022\/01\/10_Avant_pro_paserelle.mp3<\/a><\/audio>\n<p>[\/vc_column_text][vc_empty_space][\/vc_column][\/vc_row][vc_row][vc_column][vc_column_text]<strong>11. Divers \u00a0Droit d\u2019initiative du conseiller communal, questions \u00e9crites et orales<\/strong><\/p>\n<audio class=\"wp-audio-shortcode\" id=\"audio-20509-12\" preload=\"none\" style=\"width: 100%;\" controls=\"controls\"><source type=\"audio\/mpeg\" src=\"https:\/\/old-vianden.digitalvision.lu\/wp-content\/uploads\/2022\/01\/11Divers.mp3?_=12\" \/><a href=\"https:\/\/old-vianden.digitalvision.lu\/wp-content\/uploads\/2022\/01\/11Divers.mp3\">https:\/\/old-vianden.digitalvision.lu\/wp-content\/uploads\/2022\/01\/11Divers.mp3<\/a><\/audio>\n<p>[\/vc_column_text][\/vc_column][\/vc_row]<\/p>\n<\/div>","protected":false},"excerpt":{"rendered":"<p>[vc_row][vc_column][vc_column_text] Conseil Communal du vendredi, 28 janvier 2022 \u00e0 14:00 heures en la salle Bessling du\u00a0Centre Culturel Larei Pr\u00e9sents: TONINO Claude, bourgmestre \u2013 \u00a0KLASEN Jengel, \u00e9chevin \u2013 \u00a0MAJERUS Henri, MALERBA Paolo, LEONARDY Frank, DINIS ANDRADE C\u00e9sar, HEINTZEN Joe, conseillers SCHAUS Pol, secr\u00e9taire Excus\u00e9: ESTEVES Kevin, \u00e9chevin[\/vc_column_text][vc_empty_space][\/vc_column][\/vc_row][vc_row][vc_column][vc_text_separator title=&#8221;Ordre du jour&#8221;][vc_empty_space][\/vc_column][\/vc_row][vc_row][vc_column][vc_column_text] S\u00e9ance \u00e0 huis clos Affaires du&hellip;<\/p>\n","protected":false},"author":2,"featured_media":0,"parent":0,"menu_order":0,"comment_status":"closed","ping_status":"closed","template":"","meta":[],"class_list":["post-20509","page","type-page","status-publish","hentry","description-off"],"translation":{"provider":"WPGlobus","version":"2.12.2","language":"fr","enabled_languages":["de","fr"],"languages":{"de":{"title":true,"content":true,"excerpt":false},"fr":{"title":false,"content":false,"excerpt":false}}},"publishpress_future_action":{"enabled":false,"date":"2026-04-15 00:27:51","action":"change-status","newStatus":"draft","terms":[],"taxonomy":""},"_links":{"self":[{"href":"https:\/\/old-vianden.digitalvision.lu\/fr\/index.php?rest_route=\/wp\/v2\/pages\/20509","targetHints":{"allow":["GET"]}}],"collection":[{"href":"https:\/\/old-vianden.digitalvision.lu\/fr\/index.php?rest_route=\/wp\/v2\/pages"}],"about":[{"href":"https:\/\/old-vianden.digitalvision.lu\/fr\/index.php?rest_route=\/wp\/v2\/types\/page"}],"author":[{"embeddable":true,"href":"https:\/\/old-vianden.digitalvision.lu\/fr\/index.php?rest_route=\/wp\/v2\/users\/2"}],"replies":[{"embeddable":true,"href":"https:\/\/old-vianden.digitalvision.lu\/fr\/index.php?rest_route=%2Fwp%2Fv2%2Fcomments&post=20509"}],"version-history":[{"count":7,"href":"https:\/\/old-vianden.digitalvision.lu\/fr\/index.php?rest_route=\/wp\/v2\/pages\/20509\/revisions"}],"predecessor-version":[{"id":20995,"href":"https:\/\/old-vianden.digitalvision.lu\/fr\/index.php?rest_route=\/wp\/v2\/pages\/20509\/revisions\/20995"}],"wp:attachment":[{"href":"https:\/\/old-vianden.digitalvision.lu\/fr\/index.php?rest_route=%2Fwp%2Fv2%2Fmedia&parent=20509"}],"curies":[{"name":"wp","href":"https:\/\/api.w.org\/{rel}","templated":true}]}}