{"id":20150,"date":"2021-12-22T18:55:29","date_gmt":"2021-12-22T17:55:29","guid":{"rendered":"https:\/\/old-vianden.digitalvision.lu\/?page_id=20150"},"modified":"2021-12-22T18:55:29","modified_gmt":"2021-12-22T17:55:29","slug":"reunion-du-conseil-communal-le-mercredi-15-decembre-2021","status":"publish","type":"page","link":"https:\/\/old-vianden.digitalvision.lu\/fr\/?page_id=20150","title":{"rendered":"R\u00e9union du Conseil Communal le mercredi 15 d\u00e9cembre 2021"},"content":{"rendered":"<div class=\"wpb-content-wrapper\"><p>[vc_row][vc_column][vc_column_text]<\/p>\n<h4>Conseil Communal du mercredi, 15 d\u00e9cembre 2021 \u00e0 14:00 heures en la salle Bessling du\u00a0Centre Culturel Larei<\/h4>\n<p>Pr\u00e9sents: TONINO Claude, bourgmestre \u2013 \u00a0ESTEVES Kevin, KLASEN Jengel, \u00e9chevins \u2013 \u00a0MAJERUS Henri, \u00a0LEONARDY Frank, DINIS ANDRADE C\u00e9sar, HEINTZEN Joe, conseillers<\/p>\n<p>SCHAUS Pol, secr\u00e9taire<\/p>\n<p>Excus\u00e9: \u00a0MALERBA Paolo, conseiller<\/p>\n<p>[\/vc_column_text][vc_text_separator title=&#8221;Ordre du Jour&#8221;][\/vc_column][\/vc_row][vc_row][vc_column][vc_column_text]<strong>Mot de bienvenue et modification de l&#8217;ordre du jour<\/strong><\/p>\n<!--[if lt IE 9]><script>document.createElement('audio');<\/script><![endif]-->\n<audio class=\"wp-audio-shortcode\" id=\"audio-20150-1\" preload=\"none\" style=\"width: 100%;\" controls=\"controls\"><source type=\"audio\/mpeg\" src=\"https:\/\/old-vianden.digitalvision.lu\/wp-content\/uploads\/2021\/12\/Bonjour_ajout_point_odj.mp3?_=1\" \/><a href=\"https:\/\/old-vianden.digitalvision.lu\/wp-content\/uploads\/2021\/12\/Bonjour_ajout_point_odj.mp3\">https:\/\/old-vianden.digitalvision.lu\/wp-content\/uploads\/2021\/12\/Bonjour_ajout_point_odj.mp3<\/a><\/audio>\n<p>[\/vc_column_text][vc_empty_space height=&#8221;50px&#8221;][vc_separator el_width=&#8221;70&#8243;][\/vc_column][\/vc_row][vc_row][vc_column][vc_column_text]<\/p>\n<ol>\n<li><strong>Approbation du Plan de gestion forestier<\/strong><\/li>\n<\/ol>\n<audio class=\"wp-audio-shortcode\" id=\"audio-20150-2\" preload=\"none\" style=\"width: 100%;\" controls=\"controls\"><source type=\"audio\/mpeg\" src=\"https:\/\/old-vianden.digitalvision.lu\/wp-content\/uploads\/2021\/12\/Approbation-du-plan-de-gestion-forestier.mp3?_=2\" \/><a href=\"https:\/\/old-vianden.digitalvision.lu\/wp-content\/uploads\/2021\/12\/Approbation-du-plan-de-gestion-forestier.mp3\">https:\/\/old-vianden.digitalvision.lu\/wp-content\/uploads\/2021\/12\/Approbation-du-plan-de-gestion-forestier.mp3<\/a><\/audio>\n<p>[\/vc_column_text][vc_empty_space height=&#8221;50px&#8221;][vc_separator el_width=&#8221;70&#8243;][\/vc_column][\/vc_row][vc_row][vc_column][vc_column_text]<strong>2. Communications du Coll\u00e8ge des bourgmestre et \u00e9chevins<\/strong><\/p>\n<audio class=\"wp-audio-shortcode\" id=\"audio-20150-3\" preload=\"none\" style=\"width: 100%;\" controls=\"controls\"><source type=\"audio\/mpeg\" src=\"https:\/\/old-vianden.digitalvision.lu\/wp-content\/uploads\/2021\/12\/communications-du-college-des-bourgmestre-et-chevins.mp3?_=3\" \/><a href=\"https:\/\/old-vianden.digitalvision.lu\/wp-content\/uploads\/2021\/12\/communications-du-college-des-bourgmestre-et-chevins.mp3\">https:\/\/old-vianden.digitalvision.lu\/wp-content\/uploads\/2021\/12\/communications-du-college-des-bourgmestre-et-chevins.mp3<\/a><\/audio>\n<p>[\/vc_column_text][vc_empty_space height=&#8221;50px&#8221;][vc_separator el_width=&#8221;70&#8243;][\/vc_column][\/vc_row][vc_row][vc_column][vc_column_text]<strong>3. Apport en capital de la DEA<\/strong><\/p>\n<audio class=\"wp-audio-shortcode\" id=\"audio-20150-4\" preload=\"none\" style=\"width: 100%;\" controls=\"controls\"><source type=\"audio\/mpeg\" src=\"https:\/\/old-vianden.digitalvision.lu\/wp-content\/uploads\/2021\/12\/3_Apport-en-capital-DEA.mp3?_=4\" \/><a href=\"https:\/\/old-vianden.digitalvision.lu\/wp-content\/uploads\/2021\/12\/3_Apport-en-capital-DEA.mp3\">https:\/\/old-vianden.digitalvision.lu\/wp-content\/uploads\/2021\/12\/3_Apport-en-capital-DEA.mp3<\/a><\/audio>\n<p>[\/vc_column_text][vc_empty_space height=&#8221;50px&#8221;][vc_separator el_width=&#8221;70&#8243;][\/vc_column][\/vc_row][vc_row][vc_column][vc_column_text]<strong>4. Suspension du r\u00e8glement-taxe pour les terrasses pour 2021<\/strong><\/p>\n<audio class=\"wp-audio-shortcode\" id=\"audio-20150-5\" preload=\"none\" style=\"width: 100%;\" controls=\"controls\"><source type=\"audio\/mpeg\" src=\"https:\/\/old-vianden.digitalvision.lu\/wp-content\/uploads\/2021\/12\/4-suspension-du-reglement-taxe-pour-les-terrasses-2021.mp3?_=5\" \/><a href=\"https:\/\/old-vianden.digitalvision.lu\/wp-content\/uploads\/2021\/12\/4-suspension-du-reglement-taxe-pour-les-terrasses-2021.mp3\">https:\/\/old-vianden.digitalvision.lu\/wp-content\/uploads\/2021\/12\/4-suspension-du-reglement-taxe-pour-les-terrasses-2021.mp3<\/a><\/audio>\n<p>[\/vc_column_text][vc_empty_space height=&#8221;50px&#8221;][vc_separator el_width=&#8221;70&#8243;][\/vc_column][\/vc_row][vc_row][vc_column][vc_column_text]<strong>5. Approbation du prix du repas sur roues<\/strong><\/p>\n<audio class=\"wp-audio-shortcode\" id=\"audio-20150-6\" preload=\"none\" style=\"width: 100%;\" controls=\"controls\"><source type=\"audio\/mpeg\" src=\"https:\/\/old-vianden.digitalvision.lu\/wp-content\/uploads\/2021\/12\/5-approbation-du-prix-du-repas-sur-roues.mp3?_=6\" \/><a href=\"https:\/\/old-vianden.digitalvision.lu\/wp-content\/uploads\/2021\/12\/5-approbation-du-prix-du-repas-sur-roues.mp3\">https:\/\/old-vianden.digitalvision.lu\/wp-content\/uploads\/2021\/12\/5-approbation-du-prix-du-repas-sur-roues.mp3<\/a><\/audio>\n<p>[\/vc_column_text][vc_empty_space height=&#8221;50px&#8221;][vc_separator el_width=&#8221;70&#8243;][\/vc_column][\/vc_row][vc_row][vc_column][vc_column_text]<strong>6. Cr\u00e9ation de poste de fonctionnaire pour le bureau de la population<\/strong><\/p>\n<audio class=\"wp-audio-shortcode\" id=\"audio-20150-7\" preload=\"none\" style=\"width: 100%;\" controls=\"controls\"><source type=\"audio\/mpeg\" src=\"https:\/\/old-vianden.digitalvision.lu\/wp-content\/uploads\/2021\/12\/6-creation-de-poste-de-fonctionnaire-pour-le-bureau-de-la-population.mp3?_=7\" \/><a href=\"https:\/\/old-vianden.digitalvision.lu\/wp-content\/uploads\/2021\/12\/6-creation-de-poste-de-fonctionnaire-pour-le-bureau-de-la-population.mp3\">https:\/\/old-vianden.digitalvision.lu\/wp-content\/uploads\/2021\/12\/6-creation-de-poste-de-fonctionnaire-pour-le-bureau-de-la-population.mp3<\/a><\/audio>\n<p>[\/vc_column_text][vc_empty_space height=&#8221;50px&#8221;][vc_separator el_width=&#8221;70&#8243;][\/vc_column][\/vc_row][vc_row][vc_column][vc_column_text]<strong>7. Nouveaux horaires d&#8217;ouvertures du bureau de la population<\/strong><\/p>\n<audio class=\"wp-audio-shortcode\" id=\"audio-20150-8\" preload=\"none\" style=\"width: 100%;\" controls=\"controls\"><source type=\"audio\/mpeg\" src=\"https:\/\/old-vianden.digitalvision.lu\/wp-content\/uploads\/2021\/12\/7-Nouveaux-horaires-ouvertures-du-bureau-de-la-population.mp3?_=8\" \/><a href=\"https:\/\/old-vianden.digitalvision.lu\/wp-content\/uploads\/2021\/12\/7-Nouveaux-horaires-ouvertures-du-bureau-de-la-population.mp3\">https:\/\/old-vianden.digitalvision.lu\/wp-content\/uploads\/2021\/12\/7-Nouveaux-horaires-ouvertures-du-bureau-de-la-population.mp3<\/a><\/audio>\n<p>[\/vc_column_text][vc_empty_space height=&#8221;50px&#8221;][vc_separator el_width=&#8221;70&#8243;][\/vc_column][\/vc_row][vc_row][vc_column][vc_column_text]<strong>8. Approbation du budget rectifi\u00e9<\/strong><\/p>\n<audio class=\"wp-audio-shortcode\" id=\"audio-20150-9\" preload=\"none\" style=\"width: 100%;\" controls=\"controls\"><source type=\"audio\/mpeg\" src=\"https:\/\/old-vianden.digitalvision.lu\/wp-content\/uploads\/2021\/12\/8-approbation-du-budget-rectifie-2021.mp3?_=9\" \/><a href=\"https:\/\/old-vianden.digitalvision.lu\/wp-content\/uploads\/2021\/12\/8-approbation-du-budget-rectifie-2021.mp3\">https:\/\/old-vianden.digitalvision.lu\/wp-content\/uploads\/2021\/12\/8-approbation-du-budget-rectifie-2021.mp3<\/a><\/audio>\n<p>[\/vc_column_text][vc_empty_space height=&#8221;50px&#8221;][vc_separator el_width=&#8221;70&#8243;][\/vc_column][\/vc_row][vc_row][vc_column][vc_column_text]<strong>9. Approbation du budget 2022<\/strong><\/p>\n<audio class=\"wp-audio-shortcode\" id=\"audio-20150-10\" preload=\"none\" style=\"width: 100%;\" controls=\"controls\"><source type=\"audio\/mpeg\" src=\"https:\/\/old-vianden.digitalvision.lu\/wp-content\/uploads\/2021\/12\/9-Approbation-budget-2022.mp3?_=10\" \/><a href=\"https:\/\/old-vianden.digitalvision.lu\/wp-content\/uploads\/2021\/12\/9-Approbation-budget-2022.mp3\">https:\/\/old-vianden.digitalvision.lu\/wp-content\/uploads\/2021\/12\/9-Approbation-budget-2022.mp3<\/a><\/audio>\n<div class=\"_3d-flip-book  fb3d-fullscreen-mode full-size\" data-id=\"0\" data-mode=\"fullscreen\" data-title=\"false\" data-template=\"short-white-book-view\" data-lightbox=\"dark-shadow\" data-urlparam=\"fb3d-page\" data-page-n=\"0\" data-pdf=\"https:\/\/old-vianden.digitalvision.lu\/wp-content\/uploads\/2021\/12\/Budget-definitif-2022.pdf\" data-tax=\"null\" data-thumbnail=\"\" data-cols=\"3\" data-book-template=\"default\"><\/div>[\/vc_column_text][vc_empty_space height=&#8221;50px&#8221;][vc_separator el_width=&#8221;70&#8243;][\/vc_column][\/vc_row][vc_row][vc_column][vc_column_text]<strong>10. Dons et subsides<\/strong><\/p>\n<ol>\n<li>\u00a0Demande d&#8217;un subside extraordinaire de la Veiner Hiichwasserh\u00ebllef a.s.b.l.<\/li>\n<li>\u00a0Demande d&#8217;un subside extraordinaires des &#8220;Fraen a Mammen&#8221; Vianden<\/li>\n<li>\u00a0Subsides aux associations et clubs de Vianden<\/li>\n<li>\u00a0Autres dons<\/li>\n<\/ol>\n<audio class=\"wp-audio-shortcode\" id=\"audio-20150-11\" preload=\"none\" style=\"width: 100%;\" controls=\"controls\"><source type=\"audio\/mpeg\" src=\"https:\/\/old-vianden.digitalvision.lu\/wp-content\/uploads\/2021\/12\/10-Dons-et-subsides.mp3?_=11\" \/><a href=\"https:\/\/old-vianden.digitalvision.lu\/wp-content\/uploads\/2021\/12\/10-Dons-et-subsides.mp3\">https:\/\/old-vianden.digitalvision.lu\/wp-content\/uploads\/2021\/12\/10-Dons-et-subsides.mp3<\/a><\/audio>\n<p>[\/vc_column_text][vc_empty_space height=&#8221;50px&#8221;][vc_separator el_width=&#8221;70&#8243;][\/vc_column][\/vc_row][vc_row][vc_column][vc_column_text]<strong>11. Approbation du devis portant sur les travaux de r\u00e9am\u00e9nagement du &#8220;Tourist-Info Vianden&#8221;<\/strong><\/p>\n<audio class=\"wp-audio-shortcode\" id=\"audio-20150-12\" preload=\"none\" style=\"width: 100%;\" controls=\"controls\"><source type=\"audio\/mpeg\" src=\"https:\/\/old-vianden.digitalvision.lu\/wp-content\/uploads\/2021\/12\/11-Devis-Tourist-info.mp3?_=12\" \/><a href=\"https:\/\/old-vianden.digitalvision.lu\/wp-content\/uploads\/2021\/12\/11-Devis-Tourist-info.mp3\">https:\/\/old-vianden.digitalvision.lu\/wp-content\/uploads\/2021\/12\/11-Devis-Tourist-info.mp3<\/a><\/audio>\n<div class=\"_3d-flip-book  fb3d-fullscreen-mode full-size\" data-id=\"0\" data-mode=\"fullscreen\" data-title=\"false\" data-template=\"short-white-book-view\" data-lightbox=\"dark-shadow\" data-urlparam=\"fb3d-page\" data-page-n=\"0\" data-pdf=\"https:\/\/old-vianden.digitalvision.lu\/wp-content\/uploads\/2021\/12\/Tourist_office-1.pdf\" data-tax=\"null\" data-thumbnail=\"\" data-cols=\"3\" data-book-template=\"default\"><\/div>[\/vc_column_text][vc_empty_space height=&#8221;50px&#8221;][vc_separator el_width=&#8221;70&#8243;][\/vc_column][\/vc_row][vc_row][vc_column][vc_column_text]<strong>12. Approbation du devis portant sur la r\u00e9fection &#8220;Kohnerloch&#8221; et du devis suppl\u00e9mentaire pour le renouvellement de la conduite d&#8217;eau<\/strong><\/p>\n<audio class=\"wp-audio-shortcode\" id=\"audio-20150-13\" preload=\"none\" style=\"width: 100%;\" controls=\"controls\"><source type=\"audio\/mpeg\" src=\"https:\/\/old-vianden.digitalvision.lu\/wp-content\/uploads\/2021\/12\/12.-rue-Kohnerloch.mp3?_=13\" \/><a href=\"https:\/\/old-vianden.digitalvision.lu\/wp-content\/uploads\/2021\/12\/12.-rue-Kohnerloch.mp3\">https:\/\/old-vianden.digitalvision.lu\/wp-content\/uploads\/2021\/12\/12.-rue-Kohnerloch.mp3<\/a><\/audio>\n<p>[\/vc_column_text][vc_empty_space height=&#8221;50px&#8221;][vc_separator el_width=&#8221;70&#8243;][\/vc_column][\/vc_row][vc_row][vc_column][vc_column_text]<strong>13. Approbation de l&#8217;Avant-projet sommaire de la r\u00e9fection de la mont\u00e9e du Ch\u00e2teau<\/strong><\/p>\n<audio class=\"wp-audio-shortcode\" id=\"audio-20150-14\" preload=\"none\" style=\"width: 100%;\" controls=\"controls\"><source type=\"audio\/mpeg\" src=\"https:\/\/old-vianden.digitalvision.lu\/wp-content\/uploads\/2021\/12\/13-Montee-du-chateau.mp3?_=14\" \/><a href=\"https:\/\/old-vianden.digitalvision.lu\/wp-content\/uploads\/2021\/12\/13-Montee-du-chateau.mp3\">https:\/\/old-vianden.digitalvision.lu\/wp-content\/uploads\/2021\/12\/13-Montee-du-chateau.mp3<\/a><\/audio>\n<p>[\/vc_column_text][vc_empty_space height=&#8221;50px&#8221;][vc_separator el_width=&#8221;70&#8243;][\/vc_column][\/vc_row][vc_row][vc_column][vc_column_text]<strong>14. Approbation de contrats<\/strong><\/p>\n<ol>\n<li>Contrat Pacte Nature<\/li>\n<li>Contrat de bail de l&#8217;agence BCEE<\/li>\n<li>Contrat d&#8217;assistance en mati\u00e8re de s\u00e9curit\u00e9 et sant\u00e9<\/li>\n<\/ol>\n<audio class=\"wp-audio-shortcode\" id=\"audio-20150-15\" preload=\"none\" style=\"width: 100%;\" controls=\"controls\"><source type=\"audio\/mpeg\" src=\"https:\/\/old-vianden.digitalvision.lu\/wp-content\/uploads\/2021\/12\/14-Approbation-de-contracts.mp3?_=15\" \/><a href=\"https:\/\/old-vianden.digitalvision.lu\/wp-content\/uploads\/2021\/12\/14-Approbation-de-contracts.mp3\">https:\/\/old-vianden.digitalvision.lu\/wp-content\/uploads\/2021\/12\/14-Approbation-de-contracts.mp3<\/a><\/audio>\n<p>[\/vc_column_text][vc_empty_space height=&#8221;50px&#8221;][vc_separator el_width=&#8221;70&#8243;][\/vc_column][\/vc_row][vc_row][vc_column][vc_column_text]<strong>15. Divers \u00a0Droit d\u2019initiative du conseiller communal, questions \u00e9crites et orales<\/strong><\/p>\n<audio class=\"wp-audio-shortcode\" id=\"audio-20150-16\" preload=\"none\" style=\"width: 100%;\" controls=\"controls\"><source type=\"audio\/mpeg\" src=\"https:\/\/old-vianden.digitalvision.lu\/wp-content\/uploads\/2021\/12\/15-Questions.mp3?_=16\" \/><a href=\"https:\/\/old-vianden.digitalvision.lu\/wp-content\/uploads\/2021\/12\/15-Questions.mp3\">https:\/\/old-vianden.digitalvision.lu\/wp-content\/uploads\/2021\/12\/15-Questions.mp3<\/a><\/audio>\n<p>[\/vc_column_text][\/vc_column][\/vc_row]<\/p>\n<\/div>","protected":false},"excerpt":{"rendered":"<p>[vc_row][vc_column][vc_column_text] Conseil Communal du mercredi, 15 d\u00e9cembre 2021 \u00e0 14:00 heures en la salle Bessling du\u00a0Centre Culturel Larei Pr\u00e9sents: TONINO Claude, bourgmestre \u2013 \u00a0ESTEVES Kevin, KLASEN Jengel, \u00e9chevins \u2013 \u00a0MAJERUS Henri, \u00a0LEONARDY Frank, DINIS ANDRADE C\u00e9sar, HEINTZEN Joe, conseillers SCHAUS Pol, secr\u00e9taire Excus\u00e9: \u00a0MALERBA Paolo, conseiller [\/vc_column_text][vc_text_separator title=&#8221;Ordre du Jour&#8221;][\/vc_column][\/vc_row][vc_row][vc_column][vc_column_text]Mot de bienvenue et modification de&hellip;<\/p>\n","protected":false},"author":2,"featured_media":16953,"parent":0,"menu_order":0,"comment_status":"closed","ping_status":"closed","template":"","meta":[],"class_list":["post-20150","page","type-page","status-publish","has-post-thumbnail","hentry","description-off"],"translation":{"provider":"WPGlobus","version":"2.12.2","language":"fr","enabled_languages":["de","fr"],"languages":{"de":{"title":true,"content":true,"excerpt":false},"fr":{"title":false,"content":false,"excerpt":false}}},"publishpress_future_action":{"enabled":false,"date":"2026-04-15 00:24:34","action":"change-status","newStatus":"draft","terms":[],"taxonomy":""},"_links":{"self":[{"href":"https:\/\/old-vianden.digitalvision.lu\/fr\/index.php?rest_route=\/wp\/v2\/pages\/20150","targetHints":{"allow":["GET"]}}],"collection":[{"href":"https:\/\/old-vianden.digitalvision.lu\/fr\/index.php?rest_route=\/wp\/v2\/pages"}],"about":[{"href":"https:\/\/old-vianden.digitalvision.lu\/fr\/index.php?rest_route=\/wp\/v2\/types\/page"}],"author":[{"embeddable":true,"href":"https:\/\/old-vianden.digitalvision.lu\/fr\/index.php?rest_route=\/wp\/v2\/users\/2"}],"replies":[{"embeddable":true,"href":"https:\/\/old-vianden.digitalvision.lu\/fr\/index.php?rest_route=%2Fwp%2Fv2%2Fcomments&post=20150"}],"version-history":[{"count":9,"href":"https:\/\/old-vianden.digitalvision.lu\/fr\/index.php?rest_route=\/wp\/v2\/pages\/20150\/revisions"}],"predecessor-version":[{"id":20181,"href":"https:\/\/old-vianden.digitalvision.lu\/fr\/index.php?rest_route=\/wp\/v2\/pages\/20150\/revisions\/20181"}],"wp:featuredmedia":[{"embeddable":true,"href":"https:\/\/old-vianden.digitalvision.lu\/fr\/index.php?rest_route=\/wp\/v2\/media\/16953"}],"wp:attachment":[{"href":"https:\/\/old-vianden.digitalvision.lu\/fr\/index.php?rest_route=%2Fwp%2Fv2%2Fmedia&parent=20150"}],"curies":[{"name":"wp","href":"https:\/\/api.w.org\/{rel}","templated":true}]}}